{"id":4293,"date":"2025-03-24T21:08:06","date_gmt":"2025-03-24T20:08:06","guid":{"rendered":"https:\/\/borgodelluccellaia.it\/logements\/last-minute\/"},"modified":"2025-08-30T16:23:10","modified_gmt":"2025-08-30T14:23:10","slug":"last-minute","status":"publish","type":"page","link":"https:\/\/borgodelluccellaia.it\/fr\/logements\/last-minute\/","title":{"rendered":"Last Minute"},"content":{"rendered":"<section class=\"wpb-content-wrapper\"><p>[vc_row row_remove_top_margin=\u00a0\u00bbtrue\u00a0\u00bb row_remove_bottom_margin=\u00a0\u00bbtrue\u00a0\u00bb row_stretch=\u00a0\u00bbuk-container-expand uk-padding-remove-horizontal\u00a0\u00bb row_custom_media_type=\u00a0\u00bbimage\u00a0\u00bb row_background_image_size=\u00a0\u00bbuk-background-cover\u00a0\u00bb row_background_image_repeat=\u00a0\u00bbuk-background-norepeat\u00a0\u00bb row_background_image_position=\u00a0\u00bbuk-background-top-center\u00a0\u00bb row_bottom_shape_divider=\u00a0\u00bbmountains\u00a0\u00bb dahz_id=\u00a0\u00bb1543569849406-45d20337-98f8&Prime; row_background_image=\u00a0\u00bb955&Prime; row_bottom_shape_divider_color=\u00a0\u00bb#ffffff\u00a0\u00bb][vc_column dahz_id=\u00a0\u00bb1543569849411-3bfa66d9-8f52&Prime; css=\u00a0\u00bb.vc_custom_1543574748057{padding-top: 0px !important;}\u00a0\u00bb][vc_empty_space height=\u00a0\u00bb700px\u00a0\u00bb el_class=\u00a0\u00bbheadresp\u00a0\u00bb][\/vc_column][\/vc_row][vc_row row_remove_top_margin=\u00a0\u00bbtrue\u00a0\u00bb row_remove_bottom_margin=\u00a0\u00bbtrue\u00a0\u00bb dahz_id=\u00a0\u00bb1543571495470-ab3ef60f-7cd8&Prime; el_class=\u00a0\u00bbbread\u00a0\u00bb][vc_column dahz_id=\u00a0\u00bb1543571495478-9b6fdd06-3d02&Prime;][vc_column_text css=\u00a0\u00bb.vc_custom_1543586328980{margin-bottom: 0px !important;}\u00a0\u00bb]<span><span><a href=\"https:\/\/borgodelluccellaia.it\/fr\/\">Home<\/a><\/span><\/span>[\/vc_column_text][\/vc_column][\/vc_row][vc_row row_margin=\u00a0\u00bbuk-margin-large\u00a0\u00bb row_stretch=\u00a0\u00bbuk-container-large\u00a0\u00bb row_enable_full_height=\u00a0\u00bbtrue\u00a0\u00bb row_height=\u00a0\u00bbexpand: true\u00a0\u00bb row_column_enable_equal_height=\u00a0\u00bbtrue\u00a0\u00bb row_column_content_position=\u00a0\u00bbuk-flex-top\u00a0\u00bb row_custom_media_type=\u00a0\u00bbimage\u00a0\u00bb row_background_image_position=\u00a0\u00bbuk-background-center-center\u00a0\u00bb row_background_image_effect=\u00a0\u00bbuk-background-fixed\u00a0\u00bb dahz_id=\u00a0\u00bb1543576554481-4fd3ff22-10a7&Prime; row_background_image=\u00a0\u00bb4021&Prime;][vc_column dahz_id=\u00a0\u00bb1543576554491-f3ce1922-d15b\u00a0\u00bb]<div class=\"uk-position-relative de-shortcode__wrapper de-shortcode__wrapper--animated_text uk-margin\" data-uk-scrollspy=\"cls: uk-animation-slide-left-medium; repeat: true;\" data-dahz-shortcode-key=\"1742837781516-d40c3923-8eab\" style=\"\">\r\n\t\r\n<div class=\"uk-overflow-hidden de-sc-animated-text\" data-animate-style=\"default\">\r\n\t<div class=\"de-sc-animated-text__box\" style=\"max-width: 1240px;\">\r\n\t\t\t\t\t<span class=\"de-sc-animated-text__text inner\" style=\"font-family:Abril Fatface; font-weight:400; font-style:normal; font-size:40px; animation-duration:64s; color:rgba(255,255,255,0.79);\">\r\n\t\t\t\t<span>Last Minute --- Dimora Ambra --- Last Minute --- Dimora Ambra --- Last Minute --- Dimora Ambra --- Last Minute --- Dimora Ambra --- <\/span>\r\n\t\t\t\t<span>Last Minute --- Dimora Ambra --- Last Minute --- Dimora Ambra --- Last Minute --- Dimora Ambra --- Last Minute --- Dimora Ambra --- <\/span>\r\n\t\t\t<\/span>\r\n\t\t\t\t\t<\/div>\r\n\t<\/div>\r\n<\/div>\r\n[vc_custom_heading text=\u00a0\u00bbDimora Ambra &#8211; Septembre -12% \u00a0\u00bb font_container=\u00a0\u00bbtag:h2|text_align:left|color:%23ffffff\u00a0\u00bb use_theme_fonts=\u00a0\u00bbyes\u00a0\u00bb css_animation=\u00a0\u00bbuk-animation-slide-top\u00a0\u00bb dahz_id=\u00a0\u00bb1543576554500-a76558d7-37f4&Prime; margin_top=\u00a0\u00bb20&Prime; button_link=\u00a0\u00bbhttps:\/\/borgodelluccellaia.it\/fr\/logements\/ambra\/\u00a0\u00bb][vc_column_text]<span style=\"color: #ffffff;\"><strong>70 m\u00b2 &#8211; 2 chambres &#8211; 2 salles de bains &#8211; Salon spacieux &#8211; Cuisine avec four et lave-vaisselle &#8211; Porche avec salon &#8211; Parking &#8211; Jardin priv\u00e9 clos &#8211; Terrasse ensoleill\u00e9e avec chaises longues, vue sur la mer &#8211; Piscine d&rsquo;eau de mer et bain \u00e0 remous<\/strong><\/span>[\/vc_column_text][\/vc_column][\/vc_row][vc_row row_margin=\u00a0\u00bbuk-margin-large\u00a0\u00bb row_stretch=\u00a0\u00bbuk-container-large\u00a0\u00bb row_column_gap=\u00a0\u00bbuk-grid-medium\u00a0\u00bb row_custom_media_type=\u00a0\u00bbimage\u00a0\u00bb row_background_image_size=\u00a0\u00bbuk-background-cover\u00a0\u00bb row_background_image_position=\u00a0\u00bbuk-background-top-center\u00a0\u00bb row_background_image_effect=\u00a0\u00bbuk-background-fixed\u00a0\u00bb dahz_id=\u00a0\u00bb1746868527414-c1b216da-d5de\u00a0\u00bb row_background_image=\u00a0\u00bb4422&Prime;][vc_column dahz_id=\u00a0\u00bb1746868527445-60cf9b5b-bcb0&Prime;]<div class=\"uk-position-relative de-shortcode__wrapper de-shortcode__wrapper--animated_text uk-margin\" data-uk-scrollspy=\"cls: uk-animation-slide-left; repeat: true;\" data-dahz-shortcode-key=\"1746868527457-fb9ee261-9038\" style=\"\">\r\n\t\r\n<div class=\"uk-overflow-hidden de-sc-animated-text\" data-animate-style=\"default\">\r\n\t<div class=\"de-sc-animated-text__box\" style=\"max-width: 1240px;\">\r\n\t\t\t\t\t<span class=\"de-sc-animated-text__text inner\" style=\"font-family:Abril Fatface; font-weight:400; font-style:normal; font-size:40px; animation-duration:66s; color:rgba(255,255,255,0.79);\">\r\n\t\t\t\t<span>Last Minute --- Dimora Quarzo --- Last Minute --- Dimora Quarzo --- Last Minute --- Dimora Quarzo --- Last Minute --- Dimora Quarzo --- <\/span>\r\n\t\t\t\t<span>Last Minute --- Dimora Quarzo --- Last Minute --- Dimora Quarzo --- Last Minute --- Dimora Quarzo --- Last Minute --- Dimora Quarzo --- <\/span>\r\n\t\t\t<\/span>\r\n\t\t\t\t\t<\/div>\r\n\t<\/div>\r\n<\/div>\r\n[vc_custom_heading text=\u00a0\u00bbDimora Quarzo &#8211; Septembre -12%\u00a0\u00bb font_container=\u00a0\u00bbtag:h2|text_align:left|color:%23ffffff\u00a0\u00bb use_theme_fonts=\u00a0\u00bbyes\u00a0\u00bb custom_responsive_size=\u00a0\u00bbyes\u00a0\u00bb css_animation=\u00a0\u00bbuk-animation-slide-top\u00a0\u00bb dahz_id=\u00a0\u00bb1746868527472-89c1612f-7356&Prime; button_link=\u00a0\u00bbhttps:\/\/borgodelluccellaia.it\/fr\/logements\/quarzo\/\u00a0\u00bb margin_right=\u00a0\u00bb0&Prime; margin_left=\u00a0\u00bb0&Prime;][vc_column_text]<span style=\"color: #ffffff;\">70 m\u00b2 &#8211; 2 chambres &#8211; 2 salles de bains &#8211; Salon spacieux &#8211; Cuisine avec four et lave-vaisselle &#8211; Porche avec salon &#8211; Parking &#8211; Jardin priv\u00e9 clos &#8211; Terrasse ensoleill\u00e9e avec chaises longues, vue sur la mer &#8211; Piscine d&rsquo;eau de mer et bain \u00e0 remous<\/span>[\/vc_column_text][\/vc_column][\/vc_row][vc_section section_custom_media_type=\u00a0\u00bbimage\u00a0\u00bb section_background_image_size=\u00a0\u00bbuk-background-cover\u00a0\u00bb section_background_image_position=\u00a0\u00bbuk-background-center-center\u00a0\u00bb section_background_image_effect=\u00a0\u00bbuk-background-fixed\u00a0\u00bb section_bottom_shape_divider=\u00a0\u00bb\u00a0\u00bb dahz_id=\u00a0\u00bb1547823730927-43b9d13b-7b05&Prime; css=\u00a0\u00bb.vc_custom_1752652338079{margin-top: px !important;margin-bottom: px !important;padding-top: px !important;padding-bottom: px !important;background-color: #e5e5e5 !important;}\u00a0\u00bb section_background_image=\u00a0\u00bb4026&Prime;][vc_row row_margin=\u00a0\u00bbuk-margin-large\u00a0\u00bb row_stretch=\u00a0\u00bbuk-container-large\u00a0\u00bb dahz_id=\u00a0\u00bb1547823741387-2957ad4a-02d4&Prime;][vc_column dahz_id=\u00a0\u00bb1547823741390-2396c8eb-4370&Prime;]<div class=\"uk-position-relative de-shortcode__wrapper de-shortcode__wrapper--animated_text uk-margin\" data-uk-scrollspy=\"cls: uk-animation-slide-bottom; repeat: true; delay: 500;\" data-dahz-shortcode-key=\"1745598421027-579328b8-f9c8\" style=\"\">\r\n\t\r\n<div class=\"uk-overflow-hidden de-sc-animated-text\" data-animate-style=\"default\">\r\n\t<div class=\"de-sc-animated-text__box\" style=\"max-width: 1240px;\">\r\n\t\t\t\t\t<span class=\"de-sc-animated-text__text inner\" style=\"font-family:Abril Fatface; font-weight:400; font-style:normal; font-size:40px; animation-duration:64s; color:#26f2eb;\">\r\n\t\t\t\t<span>Last Minute --- Dimora Giada --- Last Minute --- Dimora Giada --- Last Minute --- Dimora Giada --- Last Minute --- Dimora Giada --- <\/span>\r\n\t\t\t\t<span>Last Minute --- Dimora Giada --- Last Minute --- Dimora Giada --- Last Minute --- Dimora Giada --- Last Minute --- Dimora Giada --- <\/span>\r\n\t\t\t<\/span>\r\n\t\t\t\t\t<\/div>\r\n\t<\/div>\r\n<\/div>\r\n[vc_custom_heading text=\u00a0\u00bbDimora Giada &#8211; Septembre -12% \u00a0\u00bb font_container=\u00a0\u00bbtag:h2|text_align:left|color:%23ffffff\u00a0\u00bb use_theme_fonts=\u00a0\u00bbyes\u00a0\u00bb css_animation=\u00a0\u00bbuk-animation-slide-top\u00a0\u00bb delay_animation=\u00a0\u00bb500&Prime; dahz_id=\u00a0\u00bb1745598431673-c996dd25-4e5a\u00a0\u00bb button_link=\u00a0\u00bbhttps:\/\/borgodelluccellaia.it\/fr\/logements\/giada\/\u00a0\u00bb margin_right=\u00a0\u00bb20&Prime;][vc_column_text]<span style=\"color: #ffffff;\"><strong>60 m2 \u2013 S\u00e9jour \u2013 Cuisine avec four et lave-vaisselle \u2013 Salle de bain \u2013 Chambre double avec salle de bain priv\u00e9e \u2013 Terrasse avec vue mer \u2013 Jardin priv\u00e9 cl\u00f4tur\u00e9 avec parking \u2013 Piscine d\u2019eau de mer et hydromassage.<\/strong><\/span>[\/vc_column_text][\/vc_column][\/vc_row][\/vc_section][vc_section section_custom_media_type=\u00a0\u00bbimage\u00a0\u00bb section_background_image_size=\u00a0\u00bbuk-background-cover\u00a0\u00bb section_background_image_position=\u00a0\u00bbuk-background-center-center\u00a0\u00bb section_background_image_effect=\u00a0\u00bbuk-background-fixed\u00a0\u00bb section_bottom_shape_divider=\u00a0\u00bb\u00a0\u00bb dahz_id=\u00a0\u00bb1756563723156-80ef9632-6d57&Prime; css=\u00a0\u00bb.vc_custom_1756563778206{margin-top: px !important;margin-bottom: px !important;padding-top: px !important;padding-bottom: px !important;background-color: #e5e5e5 !important;}\u00a0\u00bb section_background_image=\u00a0\u00bb4165&Prime;][vc_row row_margin=\u00a0\u00bbuk-margin-large\u00a0\u00bb row_stretch=\u00a0\u00bbuk-container-large\u00a0\u00bb dahz_id=\u00a0\u00bb1756563723192-e464ddc9-6f4f\u00a0\u00bb][vc_column dahz_id=\u00a0\u00bb1756563723206-5a67c335-2b14&Prime;]<div class=\"uk-position-relative de-shortcode__wrapper de-shortcode__wrapper--animated_text uk-margin\" data-uk-scrollspy=\"cls: uk-animation-slide-bottom; repeat: true; delay: 500;\" data-dahz-shortcode-key=\"1756563723222-0ebdcd79-d837\" style=\"\">\r\n\t\r\n<div class=\"uk-overflow-hidden de-sc-animated-text\" data-animate-style=\"default\">\r\n\t<div class=\"de-sc-animated-text__box\" style=\"max-width: 1240px;\">\r\n\t\t\t\t\t<span class=\"de-sc-animated-text__text inner\" style=\"font-family:Abril Fatface; font-weight:400; font-style:normal; font-size:40px; animation-duration:64s; color:#26f2eb;\">\r\n\t\t\t\t<span>Last Minute --- Dimora Giada --- Last Minute --- Dimora Giada --- Last Minute --- Dimora Giada --- Last Minute --- Dimora Giada --- <\/span>\r\n\t\t\t\t<span>Last Minute --- Dimora Giada --- Last Minute --- Dimora Giada --- Last Minute --- Dimora Giada --- Last Minute --- Dimora Giada --- <\/span>\r\n\t\t\t<\/span>\r\n\t\t\t\t\t<\/div>\r\n\t<\/div>\r\n<\/div>\r\n[vc_custom_heading text=\u00a0\u00bbDimora Turchese &#8211; Septembre -12% \u00a0\u00bb font_container=\u00a0\u00bbtag:h2|text_align:left|color:%23ffffff\u00a0\u00bb use_theme_fonts=\u00a0\u00bbyes\u00a0\u00bb css_animation=\u00a0\u00bbuk-animation-slide-top\u00a0\u00bb delay_animation=\u00a0\u00bb500&Prime; dahz_id=\u00a0\u00bb1756563723240-fea19e39-7b4a\u00a0\u00bb button_link=\u00a0\u00bbhttps:\/\/borgodelluccellaia.it\/fr\/logements\/turchese\/\u00a0\u00bb margin_right=\u00a0\u00bb20&Prime;][vc_column_text]<span style=\"color: #ffffff;\"><strong>60 m2 \u2013 S\u00e9jour \u2013 Cuisine avec four et lave-vaisselle \u2013 Salle de bain \u2013 Chambre double avec salle de bain priv\u00e9e \u2013 Terrasse avec vue mer \u2013 Jardin priv\u00e9 cl\u00f4tur\u00e9 avec parking \u2013 Piscine d\u2019eau de mer et hydromassage.<\/strong><\/span>[\/vc_column_text][\/vc_column][\/vc_row][\/vc_section]<\/p>\n<\/section>","protected":false},"excerpt":{"rendered":"<p>[vc_row row_remove_top_margin=\u00a0\u00bbtrue\u00a0\u00bb row_remove_bottom_margin=\u00a0\u00bbtrue\u00a0\u00bb row_stretch=\u00a0\u00bbuk-container-expand uk-padding-remove-horizontal\u00a0\u00bb row_custom_media_type=\u00a0\u00bbimage\u00a0\u00bb row_background_image_size=\u00a0\u00bbuk-background-cover\u00a0\u00bb row_background_image_repeat=\u00a0\u00bbuk-background-norepeat\u00a0\u00bb row_background_image_position=\u00a0\u00bbuk-background-top-center\u00a0\u00bb row_bottom_shape_divider=\u00a0\u00bbmountains\u00a0\u00bb dahz_id=\u00a0\u00bb1543569849406-45d20337-98f8&Prime; row_background_image=\u00a0\u00bb955&Prime; row_bottom_shape_divider_color=\u00a0\u00bb#ffffff\u00a0\u00bb][vc_column dahz_id=\u00a0\u00bb1543569849411-3bfa66d9-8f52&Prime; css=\u00a0\u00bb.vc_custom_1543574748057{padding-top: 0px !important;}\u00a0\u00bb][vc_empty_space height=\u00a0\u00bb700px\u00a0\u00bb el_class=\u00a0\u00bbheadresp\u00a0\u00bb][\/vc_column][\/vc_row][vc_row row_remove_top_margin=\u00a0\u00bbtrue\u00a0\u00bb row_remove_bottom_margin=\u00a0\u00bbtrue\u00a0\u00bb dahz_id=\u00a0\u00bb1543571495470-ab3ef60f-7cd8&Prime; el_class=\u00a0\u00bbbread\u00a0\u00bb][vc_column dahz_id=\u00a0\u00bb1543571495478-9b6fdd06-3d02&Prime;][vc_column_text css=\u00a0\u00bb.vc_custom_1543586328980{margin-bottom: 0px !important;}\u00a0\u00bb][\/vc_column_text][\/vc_column][\/vc_row][vc_row row_margin=\u00a0\u00bbuk-margin-large\u00a0\u00bb row_stretch=\u00a0\u00bbuk-container-large\u00a0\u00bb row_enable_full_height=\u00a0\u00bbtrue\u00a0\u00bb row_height=\u00a0\u00bbexpand: true\u00a0\u00bb row_column_enable_equal_height=\u00a0\u00bbtrue\u00a0\u00bb row_column_content_position=\u00a0\u00bbuk-flex-top\u00a0\u00bb row_custom_media_type=\u00a0\u00bbimage\u00a0\u00bb row_background_image_position=\u00a0\u00bbuk-background-center-center\u00a0\u00bb row_background_image_effect=\u00a0\u00bbuk-background-fixed\u00a0\u00bb dahz_id=\u00a0\u00bb1543576554481-4fd3ff22-10a7&Prime; row_background_image=\u00a0\u00bb4021&Prime;][vc_column dahz_id=\u00a0\u00bb1543576554491-f3ce1922-d15b\u00a0\u00bb][vc_custom_heading text=\u00a0\u00bbDimora Ambra &#8211; Septembre -12% \u00a0\u00bb font_container=\u00a0\u00bbtag:h2|text_align:left|color:%23ffffff\u00a0\u00bb use_theme_fonts=\u00a0\u00bbyes\u00a0\u00bb css_animation=\u00a0\u00bbuk-animation-slide-top\u00a0\u00bb dahz_id=\u00a0\u00bb1543576554500-a76558d7-37f4&Prime; margin_top=\u00a0\u00bb20&Prime; button_link=\u00a0\u00bbhttps:\/\/borgodelluccellaia.it\/fr\/logements\/ambra\/\u00a0\u00bb][vc_column_text]70 m\u00b2 &#8211; 2 &hellip;<\/p>\n","protected":false},"author":5,"featured_media":4040,"parent":4176,"menu_order":2,"comment_status":"closed","ping_status":"closed","template":"","meta":{"footnotes":""},"class_list":["post-4293","page","type-page","status-publish","has-post-thumbnail","hentry"],"yoast_head":"<!-- This site is optimized with the Yoast SEO plugin v27.4 - https:\/\/yoast.com\/product\/yoast-seo-wordpress\/ -->\n<title>Last Minute - Borgo dell&#039;Uccellaia, Marciana Marina, Isola d&#039;Elba<\/title>\n<meta name=\"description\" content=\"La dimora ha accesso privato con giardino, \u00e8 composta da 2 camere da letto di cui una camera matrimoniale dotata di bagno indipendente e una camera doppia o matrimoniale, cucina completa di lavastoviglie e soggiorno con smart tv e divano 3 posti\" \/>\n<meta name=\"robots\" content=\"index, follow, max-snippet:-1, max-image-preview:large, max-video-preview:-1\" \/>\n<link rel=\"canonical\" href=\"https:\/\/borgodelluccellaia.it\/fr\/logements\/last-minute\/\" \/>\n<meta property=\"og:locale\" content=\"fr_FR\" \/>\n<meta property=\"og:type\" content=\"article\" \/>\n<meta property=\"og:title\" content=\"Last Minute - Borgo dell&#039;Uccellaia, Marciana Marina, Isola d&#039;Elba\" \/>\n<meta property=\"og:description\" content=\"La dimora ha accesso privato con giardino, \u00e8 composta da 2 camere da letto di cui una camera matrimoniale dotata di bagno indipendente e una camera doppia o matrimoniale, cucina completa di lavastoviglie e soggiorno con smart tv e divano 3 posti\" \/>\n<meta property=\"og:url\" content=\"https:\/\/borgodelluccellaia.it\/fr\/logements\/last-minute\/\" \/>\n<meta property=\"og:site_name\" content=\"Borgo dell&#039;Uccellaia\" \/>\n<meta property=\"article:publisher\" content=\"https:\/\/www.facebook.com\/BorgoDelluccellaia\/\" \/>\n<meta property=\"article:modified_time\" content=\"2025-08-30T14:23:10+00:00\" \/>\n<meta property=\"og:image\" content=\"https:\/\/borgodelluccellaia.it\/wp-content\/uploads\/MAX_4419-1024x683.jpg\" \/>\n\t<meta property=\"og:image:width\" content=\"1024\" \/>\n\t<meta property=\"og:image:height\" content=\"683\" \/>\n\t<meta property=\"og:image:type\" content=\"image\/jpeg\" \/>\n<meta name=\"twitter:card\" content=\"summary_large_image\" \/>\n<meta name=\"twitter:label1\" content=\"Dur\u00e9e de lecture estim\u00e9e\" \/>\n\t<meta name=\"twitter:data1\" content=\"3 minutes\" \/>\n<script type=\"application\/ld+json\" class=\"yoast-schema-graph\">{\"@context\":\"https:\\\/\\\/schema.org\",\"@graph\":[{\"@type\":\"WebPage\",\"@id\":\"https:\\\/\\\/borgodelluccellaia.it\\\/fr\\\/logements\\\/last-minute\\\/\",\"url\":\"https:\\\/\\\/borgodelluccellaia.it\\\/fr\\\/logements\\\/last-minute\\\/\",\"name\":\"Last Minute - Borgo dell&#039;Uccellaia, Marciana Marina, Isola d'Elba\",\"isPartOf\":{\"@id\":\"https:\\\/\\\/borgodelluccellaia.it\\\/#website\"},\"primaryImageOfPage\":{\"@id\":\"https:\\\/\\\/borgodelluccellaia.it\\\/fr\\\/logements\\\/last-minute\\\/#primaryimage\"},\"image\":{\"@id\":\"https:\\\/\\\/borgodelluccellaia.it\\\/fr\\\/logements\\\/last-minute\\\/#primaryimage\"},\"thumbnailUrl\":\"https:\\\/\\\/borgodelluccellaia.it\\\/wp-content\\\/uploads\\\/MAX_4419.jpg\",\"datePublished\":\"2025-03-24T20:08:06+00:00\",\"dateModified\":\"2025-08-30T14:23:10+00:00\",\"description\":\"La dimora ha accesso privato con giardino, \u00e8 composta da 2 camere da letto di cui una camera matrimoniale dotata di bagno indipendente e una camera doppia o matrimoniale, cucina completa di lavastoviglie e soggiorno con smart tv e divano 3 posti\",\"breadcrumb\":{\"@id\":\"https:\\\/\\\/borgodelluccellaia.it\\\/fr\\\/logements\\\/last-minute\\\/#breadcrumb\"},\"inLanguage\":\"fr-FR\",\"potentialAction\":[{\"@type\":\"ReadAction\",\"target\":[\"https:\\\/\\\/borgodelluccellaia.it\\\/fr\\\/logements\\\/last-minute\\\/\"]}]},{\"@type\":\"ImageObject\",\"inLanguage\":\"fr-FR\",\"@id\":\"https:\\\/\\\/borgodelluccellaia.it\\\/fr\\\/logements\\\/last-minute\\\/#primaryimage\",\"url\":\"https:\\\/\\\/borgodelluccellaia.it\\\/wp-content\\\/uploads\\\/MAX_4419.jpg\",\"contentUrl\":\"https:\\\/\\\/borgodelluccellaia.it\\\/wp-content\\\/uploads\\\/MAX_4419.jpg\",\"width\":1920,\"height\":1280},{\"@type\":\"BreadcrumbList\",\"@id\":\"https:\\\/\\\/borgodelluccellaia.it\\\/fr\\\/logements\\\/last-minute\\\/#breadcrumb\",\"itemListElement\":[{\"@type\":\"ListItem\",\"position\":1,\"name\":\"Home\",\"item\":\"https:\\\/\\\/borgodelluccellaia.it\\\/fr\\\/\"},{\"@type\":\"ListItem\",\"position\":2,\"name\":\"Logements\",\"item\":\"https:\\\/\\\/borgodelluccellaia.it\\\/fr\\\/logements\\\/\"},{\"@type\":\"ListItem\",\"position\":3,\"name\":\"Last Minute\"}]},{\"@type\":\"WebSite\",\"@id\":\"https:\\\/\\\/borgodelluccellaia.it\\\/#website\",\"url\":\"https:\\\/\\\/borgodelluccellaia.it\\\/\",\"name\":\"Borgo dell'Uccellaia\",\"description\":\"Marciana Marina\",\"publisher\":{\"@id\":\"https:\\\/\\\/borgodelluccellaia.it\\\/#organization\"},\"potentialAction\":[{\"@type\":\"SearchAction\",\"target\":{\"@type\":\"EntryPoint\",\"urlTemplate\":\"https:\\\/\\\/borgodelluccellaia.it\\\/?s={search_term_string}\"},\"query-input\":{\"@type\":\"PropertyValueSpecification\",\"valueRequired\":true,\"valueName\":\"search_term_string\"}}],\"inLanguage\":\"fr-FR\"},{\"@type\":\"Organization\",\"@id\":\"https:\\\/\\\/borgodelluccellaia.it\\\/#organization\",\"name\":\"Borgo dell'Uccellaia\",\"url\":\"https:\\\/\\\/borgodelluccellaia.it\\\/\",\"logo\":{\"@type\":\"ImageObject\",\"inLanguage\":\"fr-FR\",\"@id\":\"https:\\\/\\\/borgodelluccellaia.it\\\/#\\\/schema\\\/logo\\\/image\\\/\",\"url\":\"https:\\\/\\\/borgodelluccellaia.it\\\/wp-content\\\/uploads\\\/icon_borgo_dell_uccellaia.png\",\"contentUrl\":\"https:\\\/\\\/borgodelluccellaia.it\\\/wp-content\\\/uploads\\\/icon_borgo_dell_uccellaia.png\",\"width\":512,\"height\":512,\"caption\":\"Borgo dell'Uccellaia\"},\"image\":{\"@id\":\"https:\\\/\\\/borgodelluccellaia.it\\\/#\\\/schema\\\/logo\\\/image\\\/\"},\"sameAs\":[\"https:\\\/\\\/www.facebook.com\\\/BorgoDelluccellaia\\\/\"]}]}<\/script>\n<!-- \/ Yoast SEO plugin. -->","yoast_head_json":{"title":"Last Minute - Borgo dell&#039;Uccellaia, Marciana Marina, Isola d'Elba","description":"La dimora ha accesso privato con giardino, \u00e8 composta da 2 camere da letto di cui una camera matrimoniale dotata di bagno indipendente e una camera doppia o matrimoniale, cucina completa di lavastoviglie e soggiorno con smart tv e divano 3 posti","robots":{"index":"index","follow":"follow","max-snippet":"max-snippet:-1","max-image-preview":"max-image-preview:large","max-video-preview":"max-video-preview:-1"},"canonical":"https:\/\/borgodelluccellaia.it\/fr\/logements\/last-minute\/","og_locale":"fr_FR","og_type":"article","og_title":"Last Minute - Borgo dell&#039;Uccellaia, Marciana Marina, Isola d'Elba","og_description":"La dimora ha accesso privato con giardino, \u00e8 composta da 2 camere da letto di cui una camera matrimoniale dotata di bagno indipendente e una camera doppia o matrimoniale, cucina completa di lavastoviglie e soggiorno con smart tv e divano 3 posti","og_url":"https:\/\/borgodelluccellaia.it\/fr\/logements\/last-minute\/","og_site_name":"Borgo dell&#039;Uccellaia","article_publisher":"https:\/\/www.facebook.com\/BorgoDelluccellaia\/","article_modified_time":"2025-08-30T14:23:10+00:00","og_image":[{"width":1024,"height":683,"url":"https:\/\/borgodelluccellaia.it\/wp-content\/uploads\/MAX_4419-1024x683.jpg","type":"image\/jpeg"}],"twitter_card":"summary_large_image","twitter_misc":{"Dur\u00e9e de lecture estim\u00e9e":"3 minutes"},"schema":{"@context":"https:\/\/schema.org","@graph":[{"@type":"WebPage","@id":"https:\/\/borgodelluccellaia.it\/fr\/logements\/last-minute\/","url":"https:\/\/borgodelluccellaia.it\/fr\/logements\/last-minute\/","name":"Last Minute - Borgo dell&#039;Uccellaia, Marciana Marina, Isola d'Elba","isPartOf":{"@id":"https:\/\/borgodelluccellaia.it\/#website"},"primaryImageOfPage":{"@id":"https:\/\/borgodelluccellaia.it\/fr\/logements\/last-minute\/#primaryimage"},"image":{"@id":"https:\/\/borgodelluccellaia.it\/fr\/logements\/last-minute\/#primaryimage"},"thumbnailUrl":"https:\/\/borgodelluccellaia.it\/wp-content\/uploads\/MAX_4419.jpg","datePublished":"2025-03-24T20:08:06+00:00","dateModified":"2025-08-30T14:23:10+00:00","description":"La dimora ha accesso privato con giardino, \u00e8 composta da 2 camere da letto di cui una camera matrimoniale dotata di bagno indipendente e una camera doppia o matrimoniale, cucina completa di lavastoviglie e soggiorno con smart tv e divano 3 posti","breadcrumb":{"@id":"https:\/\/borgodelluccellaia.it\/fr\/logements\/last-minute\/#breadcrumb"},"inLanguage":"fr-FR","potentialAction":[{"@type":"ReadAction","target":["https:\/\/borgodelluccellaia.it\/fr\/logements\/last-minute\/"]}]},{"@type":"ImageObject","inLanguage":"fr-FR","@id":"https:\/\/borgodelluccellaia.it\/fr\/logements\/last-minute\/#primaryimage","url":"https:\/\/borgodelluccellaia.it\/wp-content\/uploads\/MAX_4419.jpg","contentUrl":"https:\/\/borgodelluccellaia.it\/wp-content\/uploads\/MAX_4419.jpg","width":1920,"height":1280},{"@type":"BreadcrumbList","@id":"https:\/\/borgodelluccellaia.it\/fr\/logements\/last-minute\/#breadcrumb","itemListElement":[{"@type":"ListItem","position":1,"name":"Home","item":"https:\/\/borgodelluccellaia.it\/fr\/"},{"@type":"ListItem","position":2,"name":"Logements","item":"https:\/\/borgodelluccellaia.it\/fr\/logements\/"},{"@type":"ListItem","position":3,"name":"Last Minute"}]},{"@type":"WebSite","@id":"https:\/\/borgodelluccellaia.it\/#website","url":"https:\/\/borgodelluccellaia.it\/","name":"Borgo dell'Uccellaia","description":"Marciana Marina","publisher":{"@id":"https:\/\/borgodelluccellaia.it\/#organization"},"potentialAction":[{"@type":"SearchAction","target":{"@type":"EntryPoint","urlTemplate":"https:\/\/borgodelluccellaia.it\/?s={search_term_string}"},"query-input":{"@type":"PropertyValueSpecification","valueRequired":true,"valueName":"search_term_string"}}],"inLanguage":"fr-FR"},{"@type":"Organization","@id":"https:\/\/borgodelluccellaia.it\/#organization","name":"Borgo dell'Uccellaia","url":"https:\/\/borgodelluccellaia.it\/","logo":{"@type":"ImageObject","inLanguage":"fr-FR","@id":"https:\/\/borgodelluccellaia.it\/#\/schema\/logo\/image\/","url":"https:\/\/borgodelluccellaia.it\/wp-content\/uploads\/icon_borgo_dell_uccellaia.png","contentUrl":"https:\/\/borgodelluccellaia.it\/wp-content\/uploads\/icon_borgo_dell_uccellaia.png","width":512,"height":512,"caption":"Borgo dell'Uccellaia"},"image":{"@id":"https:\/\/borgodelluccellaia.it\/#\/schema\/logo\/image\/"},"sameAs":["https:\/\/www.facebook.com\/BorgoDelluccellaia\/"]}]}},"_links":{"self":[{"href":"https:\/\/borgodelluccellaia.it\/fr\/wp-json\/wp\/v2\/pages\/4293","targetHints":{"allow":["GET"]}}],"collection":[{"href":"https:\/\/borgodelluccellaia.it\/fr\/wp-json\/wp\/v2\/pages"}],"about":[{"href":"https:\/\/borgodelluccellaia.it\/fr\/wp-json\/wp\/v2\/types\/page"}],"author":[{"embeddable":true,"href":"https:\/\/borgodelluccellaia.it\/fr\/wp-json\/wp\/v2\/users\/5"}],"replies":[{"embeddable":true,"href":"https:\/\/borgodelluccellaia.it\/fr\/wp-json\/wp\/v2\/comments?post=4293"}],"version-history":[{"count":20,"href":"https:\/\/borgodelluccellaia.it\/fr\/wp-json\/wp\/v2\/pages\/4293\/revisions"}],"predecessor-version":[{"id":4749,"href":"https:\/\/borgodelluccellaia.it\/fr\/wp-json\/wp\/v2\/pages\/4293\/revisions\/4749"}],"up":[{"embeddable":true,"href":"https:\/\/borgodelluccellaia.it\/fr\/wp-json\/wp\/v2\/pages\/4176"}],"wp:featuredmedia":[{"embeddable":true,"href":"https:\/\/borgodelluccellaia.it\/fr\/wp-json\/wp\/v2\/media\/4040"}],"wp:attachment":[{"href":"https:\/\/borgodelluccellaia.it\/fr\/wp-json\/wp\/v2\/media?parent=4293"}],"curies":[{"name":"wp","href":"https:\/\/api.w.org\/{rel}","templated":true}]}}