{"id":4263,"date":"2018-11-30T17:06:22","date_gmt":"2018-11-30T16:06:22","guid":{"rendered":"https:\/\/borgodelluccellaia.it\/dove-siamo\/"},"modified":"2026-01-23T16:00:24","modified_gmt":"2026-01-23T15:00:24","slug":"ou-nous-sommes","status":"publish","type":"page","link":"https:\/\/borgodelluccellaia.it\/fr\/ou-nous-sommes\/","title":{"rendered":"O\u00f9 nous sommes"},"content":{"rendered":"<section class=\"wpb-content-wrapper\"><p>[vc_row row_remove_top_margin=\u00a0\u00bbtrue\u00a0\u00bb row_remove_bottom_margin=\u00a0\u00bbtrue\u00a0\u00bb row_stretch=\u00a0\u00bbuk-container-expand uk-padding-remove-horizontal\u00a0\u00bb row_custom_media_type=\u00a0\u00bbimage\u00a0\u00bb row_background_image_size=\u00a0\u00bbuk-background-cover\u00a0\u00bb row_background_image_repeat=\u00a0\u00bbuk-background-norepeat\u00a0\u00bb row_background_image_position=\u00a0\u00bbuk-background-top-center\u00a0\u00bb row_bottom_shape_divider=\u00a0\u00bbmountains\u00a0\u00bb dahz_id=\u00a0\u00bb1543569849406-45d20337-98f8&Prime; row_background_image=\u00a0\u00bb1167&Prime; row_bottom_shape_divider_color=\u00a0\u00bb#ffffff\u00a0\u00bb][vc_column dahz_id=\u00a0\u00bb1543569849411-3bfa66d9-8f52&Prime; css=\u00a0\u00bb.vc_custom_1543574748057{padding-top: 0px !important;}\u00a0\u00bb][vc_empty_space height=\u00a0\u00bb500px\u00a0\u00bb el_class=\u00a0\u00bbheadresp\u00a0\u00bb][\/vc_column][\/vc_row][vc_row row_remove_top_margin=\u00a0\u00bbtrue\u00a0\u00bb row_remove_bottom_margin=\u00a0\u00bbtrue\u00a0\u00bb dahz_id=\u00a0\u00bb1543571495470-ab3ef60f-7cd8&Prime; el_class=\u00a0\u00bbbread\u00a0\u00bb][vc_column dahz_id=\u00a0\u00bb1543571495478-9b6fdd06-3d02&Prime;][vc_column_text css=\u00a0\u00bb.vc_custom_1543586328980{margin-bottom: 0px !important;}\u00a0\u00bb]<span><span><a href=\"https:\/\/borgodelluccellaia.it\/fr\/\">Home<\/a><\/span><\/span>[\/vc_column_text][\/vc_column][\/vc_row][vc_row dahz_id=\u00a0\u00bb1543576554481-4fd3ff22-10a7&Prime;][vc_column dahz_id=\u00a0\u00bb1543576554491-f3ce1922-d15b\u00a0\u00bb][vc_custom_heading text=\u00a0\u00bbo\u00f9 nous sommes\u00a0\u00bb font_container=\u00a0\u00bbtag:h3|text_align:left\u00a0\u00bb use_theme_fonts=\u00a0\u00bbyes\u00a0\u00bb dahz_id=\u00a0\u00bb1543576554500-a76558d7-37f4&Prime; margin_top=\u00a0\u00bb20&Prime;][\/vc_column][\/vc_row][vc_row row_column_enable_equal_height=\u00a0\u00bbtrue\u00a0\u00bb dahz_id=\u00a0\u00bb1543826394787-cb5ba3f3-172e\u00a0\u00bb][vc_column width=\u00a0\u00bb2\/3&Prime; dahz_id=\u00a0\u00bb1543826394818-3f09e8c2-89f5&Prime;][vc_raw_js]JTNDc2NyaXB0JTIwdHlwZSUzRCUyMnRleHQlMkZqYXZhc2NyaXB0JTIyJTIwY2hhcnNldCUzRCUyMnV0Zi04JTIyJTIwYXN5bmMlMjBzcmMlM0QlMjJodHRwcyUzQSUyRiUyRmFwaS1tYXBzLnlhbmRleC5ydSUyRnNlcnZpY2VzJTJGY29uc3RydWN0b3IlMkYxLjAlMkZqcyUyRiUzRnVtJTNEY29uc3RydWN0b3IlMjUzQWUwMWJiZTZiYTliY2JlOWZmMDhhOGUyMTY4OTUzMDU2ODNjMDAyODhmZTQ5Njg2YWQ3YjEzYTQ1OGJlNzQ1YjElMjZhbXAlM0J3aWR0aCUzRDc5MSUyNmFtcCUzQmhlaWdodCUzRDM5OSUyNmFtcCUzQmxhbmclM0Rlbl9GUiUyNmFtcCUzQnNjcm9sbCUzRHRydWUlMjIlM0UlM0MlMkZzY3JpcHQlM0U=[\/vc_raw_js][vc_widget_sidebar sidebar_id=\u00a0\u00bbde-footer-area-4&Prime;][\/vc_column][vc_column width=\u00a0\u00bb1\/3&Prime; dahz_id=\u00a0\u00bb1543826446582-03293e02-2775&Prime; css=\u00a0\u00bb.vc_custom_1543827826388{padding-top: 20px !important;padding-right: 20px !important;padding-bottom: 0px !important;padding-left: 20px !important;background-color: #f5f5f5 !important;}\u00a0\u00bb el_class=\u00a0\u00bbbbbox\u00a0\u00bb][vc_column_text]<strong>Adresse<\/strong><br \/>\nLocalit\u00e0 Uccellaia,<br \/>\n57033 Marciana Marina (LI)<\/p>\n<p style=\"margin-bottom: 5px;\"><strong>Coordonn\u00e9es g\u00e9ographiques<\/strong><\/p>\n<ul style=\"margin-top: 0;\">\n<li style=\"margin-bottom: 15px;\">GD (degr\u00e9s d\u00e9cimaux)<br \/>\nLatitude : 42.802336<br \/>\nLongitude : 10.188575<\/li>\n<li>GMS (degr\u00e9s, minutes, secondes)<br \/>\nLatitude : N &#8211; 42\u00b048&rsquo;8.41\u00a0\u00bb<br \/>\nLongitude : E &#8211; 10\u00b0 11&prime; 18.869\u00a0\u00bb<\/li>\n<\/ul>\n<p>[\/vc_column_text][\/vc_column][\/vc_row][vc_row dahz_id=\u00a0\u00bb1543826415137-0191febc-24e7&Prime; css=\u00a0\u00bb.vc_custom_1543827999285{padding-top: 10px !important;}\u00a0\u00bb][vc_column dahz_id=\u00a0\u00bb1543826415166-0a7a9eb6-7dae\u00a0\u00bb][vc_column_text]Pour rejoindre <strong>Borgo dell&rsquo;Uccellaia<\/strong>, apr\u00e8s avoir d\u00e9barqu\u00e9 du ferry \u00e0 Portoferraio, il faut suivre les indications pour <strong>Marciana Marina<\/strong>, situ\u00e9e \u00e0 environ 16 km. La premi\u00e8re station touristique que vous traverserez apr\u00e8s environ 9 km en voiture est Procchio, o\u00f9 vous devrez continuer sur la route provinciale en direction de Marciana Marina. La route continue le long de la c\u00f4te dans une succession de virages jusqu&rsquo;\u00e0 ce que vous aperceviez le charmant petit port et le village de Marciana Marina. \u00c0 l&rsquo;entr\u00e9e du village, continuer tout droit jusqu&rsquo;\u00e0 l&rsquo;\u00e9cole primaire et suivre les indications pour <strong>Borgo dell&rsquo;Uccellaia<\/strong>.<\/p>\n<p><strong>La localit\u00e9 d&rsquo;Uccellaia<\/strong> est accessible par une route asphalt\u00e9e et \u00e9clair\u00e9e qui se termine au sommet de la colline. La zone est tranquille, entour\u00e9e de bois et offre une vue sur le golfe de Marciana Marina. La plage de Fenicia, situ\u00e9e \u00e0 gauche du village de Marciana Marina, \u00e0 c\u00f4t\u00e9 de la tour Appiani, se trouve \u00e0 moins de 10 minutes \u00e0 pied du village et de la mer.<\/p>\n<p>\u00c0 une courte distance se trouvent des courts de tennis, une piscine municipale, des restaurants et des magasins. C&rsquo;est un endroit id\u00e9al pour les amoureux de la nature : il est possible de se promener sur des sentiers balis\u00e9s \u00e0 travers les bois vers des sites spectaculaires de l&rsquo;\u00eele.<\/p>\n<p>Il se trouve \u00e0 2,6 km du tr\u00e8s visit\u00e9 t\u00e9l\u00e9ph\u00e9rique du Monte Capanne, dont le sommet, qui culmine \u00e0 1019 m\u00e8tres, permet d&rsquo;admirer la silhouette morphologique de l&rsquo;\u00eele d&rsquo;Elbe et de jouir d&rsquo;un panorama grandiose sur l&rsquo;ensemble de l&rsquo;archipel toscan et, par temps particuli\u00e8rement clair, sur une bonne partie de la c\u00f4te italienne et de la Corse.[\/vc_column_text][\/vc_column][\/vc_row]<\/p>\n<\/section>","protected":false},"excerpt":{"rendered":"<p>[vc_row row_remove_top_margin=\u00a0\u00bbtrue\u00a0\u00bb row_remove_bottom_margin=\u00a0\u00bbtrue\u00a0\u00bb row_stretch=\u00a0\u00bbuk-container-expand uk-padding-remove-horizontal\u00a0\u00bb row_custom_media_type=\u00a0\u00bbimage\u00a0\u00bb row_background_image_size=\u00a0\u00bbuk-background-cover\u00a0\u00bb row_background_image_repeat=\u00a0\u00bbuk-background-norepeat\u00a0\u00bb row_background_image_position=\u00a0\u00bbuk-background-top-center\u00a0\u00bb row_bottom_shape_divider=\u00a0\u00bbmountains\u00a0\u00bb dahz_id=\u00a0\u00bb1543569849406-45d20337-98f8&Prime; row_background_image=\u00a0\u00bb1167&Prime; row_bottom_shape_divider_color=\u00a0\u00bb#ffffff\u00a0\u00bb][vc_column dahz_id=\u00a0\u00bb1543569849411-3bfa66d9-8f52&Prime; css=\u00a0\u00bb.vc_custom_1543574748057{padding-top: 0px !important;}\u00a0\u00bb][vc_empty_space height=\u00a0\u00bb500px\u00a0\u00bb el_class=\u00a0\u00bbheadresp\u00a0\u00bb][\/vc_column][\/vc_row][vc_row row_remove_top_margin=\u00a0\u00bbtrue\u00a0\u00bb row_remove_bottom_margin=\u00a0\u00bbtrue\u00a0\u00bb dahz_id=\u00a0\u00bb1543571495470-ab3ef60f-7cd8&Prime; el_class=\u00a0\u00bbbread\u00a0\u00bb][vc_column dahz_id=\u00a0\u00bb1543571495478-9b6fdd06-3d02&Prime;][vc_column_text css=\u00a0\u00bb.vc_custom_1543586328980{margin-bottom: 0px !important;}\u00a0\u00bb][\/vc_column_text][\/vc_column][\/vc_row][vc_row dahz_id=\u00a0\u00bb1543576554481-4fd3ff22-10a7&Prime;][vc_column dahz_id=\u00a0\u00bb1543576554491-f3ce1922-d15b\u00a0\u00bb][vc_custom_heading text=\u00a0\u00bbo\u00f9 nous sommes\u00a0\u00bb font_container=\u00a0\u00bbtag:h3|text_align:left\u00a0\u00bb use_theme_fonts=\u00a0\u00bbyes\u00a0\u00bb dahz_id=\u00a0\u00bb1543576554500-a76558d7-37f4&Prime; margin_top=\u00a0\u00bb20&Prime;][\/vc_column][\/vc_row][vc_row row_column_enable_equal_height=\u00a0\u00bbtrue\u00a0\u00bb dahz_id=\u00a0\u00bb1543826394787-cb5ba3f3-172e\u00a0\u00bb][vc_column width=\u00a0\u00bb2\/3&Prime; dahz_id=\u00a0\u00bb1543826394818-3f09e8c2-89f5&Prime;][vc_raw_js]JTNDc2NyaXB0JTIwdHlwZSUzRCUyMnRleHQlMkZqYXZhc2NyaXB0JTIyJTIwY2hhcnNldCUzRCUyMnV0Zi04JTIyJTIwYXN5bmMlMjBzcmMlM0QlMjJodHRwcyUzQSUyRiUyRmFwaS1tYXBzLnlhbmRleC5ydSUyRnNlcnZpY2VzJTJGY29uc3RydWN0b3IlMkYxLjAlMkZqcyUyRiUzRnVtJTNEY29uc3RydWN0b3IlMjUzQWUwMWJiZTZiYTliY2JlOWZmMDhhOGUyMTY4OTUzMDU2ODNjMDAyODhmZTQ5Njg2YWQ3YjEzYTQ1OGJlNzQ1YjElMjZhbXAlM0J3aWR0aCUzRDc5MSUyNmFtcCUzQmhlaWdodCUzRDM5OSUyNmFtcCUzQmxhbmclM0Rlbl9GUiUyNmFtcCUzQnNjcm9sbCUzRHRydWUlMjIlM0UlM0MlMkZzY3JpcHQlM0U=[\/vc_raw_js][vc_widget_sidebar sidebar_id=\u00a0\u00bbde-footer-area-4&Prime;][\/vc_column][vc_column width=\u00a0\u00bb1\/3&Prime; dahz_id=\u00a0\u00bb1543826446582-03293e02-2775&Prime; css=\u00a0\u00bb.vc_custom_1543827826388{padding-top: 20px !important;padding-right: 20px !important;padding-bottom: 0px !important;padding-left: 20px !important;background-color: #f5f5f5 !important;}\u00a0\u00bb el_class=\u00a0\u00bbbbbox\u00a0\u00bb][vc_column_text]Adresse &hellip;<\/p>\n","protected":false},"author":5,"featured_media":4265,"parent":0,"menu_order":3,"comment_status":"closed","ping_status":"closed","template":"","meta":{"footnotes":""},"class_list":["post-4263","page","type-page","status-publish","has-post-thumbnail","hentry"],"yoast_head":"<!-- This site is optimized with the Yoast SEO plugin v27.4 - https:\/\/yoast.com\/product\/yoast-seo-wordpress\/ -->\n<title>O\u00f9 nous sommes - Borgo dell&#039;Uccellaia, Marciana Marina, Isola d&#039;Elba<\/title>\n<meta name=\"description\" content=\"Per raggiungere il Borgo dell\u2019Uccellaia, una volta sbarcati dal traghetto a Portoferraio \u00e8 necessario seguire le indicazioni per Marciana Marina.\" \/>\n<meta name=\"robots\" content=\"index, follow, max-snippet:-1, max-image-preview:large, max-video-preview:-1\" \/>\n<link rel=\"canonical\" href=\"https:\/\/borgodelluccellaia.it\/fr\/ou-nous-sommes\/\" \/>\n<meta property=\"og:locale\" content=\"fr_FR\" \/>\n<meta property=\"og:type\" content=\"article\" \/>\n<meta property=\"og:title\" content=\"O\u00f9 nous sommes - Borgo dell&#039;Uccellaia, Marciana Marina, Isola d&#039;Elba\" \/>\n<meta property=\"og:description\" content=\"Per raggiungere il Borgo dell\u2019Uccellaia, una volta sbarcati dal traghetto a Portoferraio \u00e8 necessario seguire le indicazioni per Marciana Marina.\" \/>\n<meta property=\"og:url\" content=\"https:\/\/borgodelluccellaia.it\/fr\/ou-nous-sommes\/\" \/>\n<meta property=\"og:site_name\" content=\"Borgo dell&#039;Uccellaia\" \/>\n<meta property=\"article:publisher\" content=\"https:\/\/www.facebook.com\/BorgoDelluccellaia\/\" \/>\n<meta property=\"article:modified_time\" content=\"2026-01-23T15:00:24+00:00\" \/>\n<meta property=\"og:image\" content=\"https:\/\/borgodelluccellaia.it\/wp-content\/uploads\/header_pag_dove_siamo_new.jpg\" \/>\n\t<meta property=\"og:image:width\" content=\"1920\" \/>\n\t<meta property=\"og:image:height\" content=\"1080\" \/>\n\t<meta property=\"og:image:type\" content=\"image\/jpeg\" \/>\n<meta name=\"twitter:card\" content=\"summary_large_image\" \/>\n<meta name=\"twitter:label1\" content=\"Dur\u00e9e de lecture estim\u00e9e\" \/>\n\t<meta name=\"twitter:data1\" content=\"3 minutes\" \/>\n<script type=\"application\/ld+json\" class=\"yoast-schema-graph\">{\"@context\":\"https:\\\/\\\/schema.org\",\"@graph\":[{\"@type\":\"WebPage\",\"@id\":\"https:\\\/\\\/borgodelluccellaia.it\\\/fr\\\/ou-nous-sommes\\\/\",\"url\":\"https:\\\/\\\/borgodelluccellaia.it\\\/fr\\\/ou-nous-sommes\\\/\",\"name\":\"O\u00f9 nous sommes - Borgo dell&#039;Uccellaia, Marciana Marina, Isola d'Elba\",\"isPartOf\":{\"@id\":\"https:\\\/\\\/borgodelluccellaia.it\\\/#website\"},\"primaryImageOfPage\":{\"@id\":\"https:\\\/\\\/borgodelluccellaia.it\\\/fr\\\/ou-nous-sommes\\\/#primaryimage\"},\"image\":{\"@id\":\"https:\\\/\\\/borgodelluccellaia.it\\\/fr\\\/ou-nous-sommes\\\/#primaryimage\"},\"thumbnailUrl\":\"https:\\\/\\\/borgodelluccellaia.it\\\/wp-content\\\/uploads\\\/header_pag_dove_siamo_new.jpg\",\"datePublished\":\"2018-11-30T16:06:22+00:00\",\"dateModified\":\"2026-01-23T15:00:24+00:00\",\"description\":\"Per raggiungere il Borgo dell\u2019Uccellaia, una volta sbarcati dal traghetto a Portoferraio \u00e8 necessario seguire le indicazioni per Marciana Marina.\",\"breadcrumb\":{\"@id\":\"https:\\\/\\\/borgodelluccellaia.it\\\/fr\\\/ou-nous-sommes\\\/#breadcrumb\"},\"inLanguage\":\"fr-FR\",\"potentialAction\":[{\"@type\":\"ReadAction\",\"target\":[\"https:\\\/\\\/borgodelluccellaia.it\\\/fr\\\/ou-nous-sommes\\\/\"]}]},{\"@type\":\"ImageObject\",\"inLanguage\":\"fr-FR\",\"@id\":\"https:\\\/\\\/borgodelluccellaia.it\\\/fr\\\/ou-nous-sommes\\\/#primaryimage\",\"url\":\"https:\\\/\\\/borgodelluccellaia.it\\\/wp-content\\\/uploads\\\/header_pag_dove_siamo_new.jpg\",\"contentUrl\":\"https:\\\/\\\/borgodelluccellaia.it\\\/wp-content\\\/uploads\\\/header_pag_dove_siamo_new.jpg\",\"width\":1920,\"height\":1080},{\"@type\":\"BreadcrumbList\",\"@id\":\"https:\\\/\\\/borgodelluccellaia.it\\\/fr\\\/ou-nous-sommes\\\/#breadcrumb\",\"itemListElement\":[{\"@type\":\"ListItem\",\"position\":1,\"name\":\"Home\",\"item\":\"https:\\\/\\\/borgodelluccellaia.it\\\/fr\\\/\"},{\"@type\":\"ListItem\",\"position\":2,\"name\":\"O\u00f9 nous sommes\"}]},{\"@type\":\"WebSite\",\"@id\":\"https:\\\/\\\/borgodelluccellaia.it\\\/#website\",\"url\":\"https:\\\/\\\/borgodelluccellaia.it\\\/\",\"name\":\"Borgo dell'Uccellaia\",\"description\":\"Marciana Marina\",\"publisher\":{\"@id\":\"https:\\\/\\\/borgodelluccellaia.it\\\/#organization\"},\"potentialAction\":[{\"@type\":\"SearchAction\",\"target\":{\"@type\":\"EntryPoint\",\"urlTemplate\":\"https:\\\/\\\/borgodelluccellaia.it\\\/?s={search_term_string}\"},\"query-input\":{\"@type\":\"PropertyValueSpecification\",\"valueRequired\":true,\"valueName\":\"search_term_string\"}}],\"inLanguage\":\"fr-FR\"},{\"@type\":\"Organization\",\"@id\":\"https:\\\/\\\/borgodelluccellaia.it\\\/#organization\",\"name\":\"Borgo dell'Uccellaia\",\"url\":\"https:\\\/\\\/borgodelluccellaia.it\\\/\",\"logo\":{\"@type\":\"ImageObject\",\"inLanguage\":\"fr-FR\",\"@id\":\"https:\\\/\\\/borgodelluccellaia.it\\\/#\\\/schema\\\/logo\\\/image\\\/\",\"url\":\"https:\\\/\\\/borgodelluccellaia.it\\\/wp-content\\\/uploads\\\/icon_borgo_dell_uccellaia.png\",\"contentUrl\":\"https:\\\/\\\/borgodelluccellaia.it\\\/wp-content\\\/uploads\\\/icon_borgo_dell_uccellaia.png\",\"width\":512,\"height\":512,\"caption\":\"Borgo dell'Uccellaia\"},\"image\":{\"@id\":\"https:\\\/\\\/borgodelluccellaia.it\\\/#\\\/schema\\\/logo\\\/image\\\/\"},\"sameAs\":[\"https:\\\/\\\/www.facebook.com\\\/BorgoDelluccellaia\\\/\"]}]}<\/script>\n<!-- \/ Yoast SEO plugin. -->","yoast_head_json":{"title":"O\u00f9 nous sommes - Borgo dell&#039;Uccellaia, Marciana Marina, Isola d'Elba","description":"Per raggiungere il Borgo dell\u2019Uccellaia, una volta sbarcati dal traghetto a Portoferraio \u00e8 necessario seguire le indicazioni per Marciana Marina.","robots":{"index":"index","follow":"follow","max-snippet":"max-snippet:-1","max-image-preview":"max-image-preview:large","max-video-preview":"max-video-preview:-1"},"canonical":"https:\/\/borgodelluccellaia.it\/fr\/ou-nous-sommes\/","og_locale":"fr_FR","og_type":"article","og_title":"O\u00f9 nous sommes - Borgo dell&#039;Uccellaia, Marciana Marina, Isola d'Elba","og_description":"Per raggiungere il Borgo dell\u2019Uccellaia, una volta sbarcati dal traghetto a Portoferraio \u00e8 necessario seguire le indicazioni per Marciana Marina.","og_url":"https:\/\/borgodelluccellaia.it\/fr\/ou-nous-sommes\/","og_site_name":"Borgo dell&#039;Uccellaia","article_publisher":"https:\/\/www.facebook.com\/BorgoDelluccellaia\/","article_modified_time":"2026-01-23T15:00:24+00:00","og_image":[{"width":1920,"height":1080,"url":"https:\/\/borgodelluccellaia.it\/wp-content\/uploads\/header_pag_dove_siamo_new.jpg","type":"image\/jpeg"}],"twitter_card":"summary_large_image","twitter_misc":{"Dur\u00e9e de lecture estim\u00e9e":"3 minutes"},"schema":{"@context":"https:\/\/schema.org","@graph":[{"@type":"WebPage","@id":"https:\/\/borgodelluccellaia.it\/fr\/ou-nous-sommes\/","url":"https:\/\/borgodelluccellaia.it\/fr\/ou-nous-sommes\/","name":"O\u00f9 nous sommes - Borgo dell&#039;Uccellaia, Marciana Marina, Isola d'Elba","isPartOf":{"@id":"https:\/\/borgodelluccellaia.it\/#website"},"primaryImageOfPage":{"@id":"https:\/\/borgodelluccellaia.it\/fr\/ou-nous-sommes\/#primaryimage"},"image":{"@id":"https:\/\/borgodelluccellaia.it\/fr\/ou-nous-sommes\/#primaryimage"},"thumbnailUrl":"https:\/\/borgodelluccellaia.it\/wp-content\/uploads\/header_pag_dove_siamo_new.jpg","datePublished":"2018-11-30T16:06:22+00:00","dateModified":"2026-01-23T15:00:24+00:00","description":"Per raggiungere il Borgo dell\u2019Uccellaia, una volta sbarcati dal traghetto a Portoferraio \u00e8 necessario seguire le indicazioni per Marciana Marina.","breadcrumb":{"@id":"https:\/\/borgodelluccellaia.it\/fr\/ou-nous-sommes\/#breadcrumb"},"inLanguage":"fr-FR","potentialAction":[{"@type":"ReadAction","target":["https:\/\/borgodelluccellaia.it\/fr\/ou-nous-sommes\/"]}]},{"@type":"ImageObject","inLanguage":"fr-FR","@id":"https:\/\/borgodelluccellaia.it\/fr\/ou-nous-sommes\/#primaryimage","url":"https:\/\/borgodelluccellaia.it\/wp-content\/uploads\/header_pag_dove_siamo_new.jpg","contentUrl":"https:\/\/borgodelluccellaia.it\/wp-content\/uploads\/header_pag_dove_siamo_new.jpg","width":1920,"height":1080},{"@type":"BreadcrumbList","@id":"https:\/\/borgodelluccellaia.it\/fr\/ou-nous-sommes\/#breadcrumb","itemListElement":[{"@type":"ListItem","position":1,"name":"Home","item":"https:\/\/borgodelluccellaia.it\/fr\/"},{"@type":"ListItem","position":2,"name":"O\u00f9 nous sommes"}]},{"@type":"WebSite","@id":"https:\/\/borgodelluccellaia.it\/#website","url":"https:\/\/borgodelluccellaia.it\/","name":"Borgo dell'Uccellaia","description":"Marciana Marina","publisher":{"@id":"https:\/\/borgodelluccellaia.it\/#organization"},"potentialAction":[{"@type":"SearchAction","target":{"@type":"EntryPoint","urlTemplate":"https:\/\/borgodelluccellaia.it\/?s={search_term_string}"},"query-input":{"@type":"PropertyValueSpecification","valueRequired":true,"valueName":"search_term_string"}}],"inLanguage":"fr-FR"},{"@type":"Organization","@id":"https:\/\/borgodelluccellaia.it\/#organization","name":"Borgo dell'Uccellaia","url":"https:\/\/borgodelluccellaia.it\/","logo":{"@type":"ImageObject","inLanguage":"fr-FR","@id":"https:\/\/borgodelluccellaia.it\/#\/schema\/logo\/image\/","url":"https:\/\/borgodelluccellaia.it\/wp-content\/uploads\/icon_borgo_dell_uccellaia.png","contentUrl":"https:\/\/borgodelluccellaia.it\/wp-content\/uploads\/icon_borgo_dell_uccellaia.png","width":512,"height":512,"caption":"Borgo dell'Uccellaia"},"image":{"@id":"https:\/\/borgodelluccellaia.it\/#\/schema\/logo\/image\/"},"sameAs":["https:\/\/www.facebook.com\/BorgoDelluccellaia\/"]}]}},"_links":{"self":[{"href":"https:\/\/borgodelluccellaia.it\/fr\/wp-json\/wp\/v2\/pages\/4263","targetHints":{"allow":["GET"]}}],"collection":[{"href":"https:\/\/borgodelluccellaia.it\/fr\/wp-json\/wp\/v2\/pages"}],"about":[{"href":"https:\/\/borgodelluccellaia.it\/fr\/wp-json\/wp\/v2\/types\/page"}],"author":[{"embeddable":true,"href":"https:\/\/borgodelluccellaia.it\/fr\/wp-json\/wp\/v2\/users\/5"}],"replies":[{"embeddable":true,"href":"https:\/\/borgodelluccellaia.it\/fr\/wp-json\/wp\/v2\/comments?post=4263"}],"version-history":[{"count":6,"href":"https:\/\/borgodelluccellaia.it\/fr\/wp-json\/wp\/v2\/pages\/4263\/revisions"}],"predecessor-version":[{"id":4872,"href":"https:\/\/borgodelluccellaia.it\/fr\/wp-json\/wp\/v2\/pages\/4263\/revisions\/4872"}],"wp:featuredmedia":[{"embeddable":true,"href":"https:\/\/borgodelluccellaia.it\/fr\/wp-json\/wp\/v2\/media\/4265"}],"wp:attachment":[{"href":"https:\/\/borgodelluccellaia.it\/fr\/wp-json\/wp\/v2\/media?parent=4263"}],"curies":[{"name":"wp","href":"https:\/\/api.w.org\/{rel}","templated":true}]}}