{"id":4230,"date":"2022-03-31T11:53:02","date_gmt":"2022-03-31T09:53:02","guid":{"rendered":"https:\/\/borgodelluccellaia.it\/prenotazione-traghetto\/"},"modified":"2025-12-10T18:51:48","modified_gmt":"2025-12-10T17:51:48","slug":"reservation-de-ferry","status":"publish","type":"page","link":"https:\/\/borgodelluccellaia.it\/fr\/reservation-de-ferry\/","title":{"rendered":"R\u00e9servation de ferry"},"content":{"rendered":"<section class=\"wpb-content-wrapper\"><p>[vc_row row_remove_top_margin=\u00a0\u00bbtrue\u00a0\u00bb row_remove_bottom_margin=\u00a0\u00bbtrue\u00a0\u00bb row_stretch=\u00a0\u00bbuk-container-expand uk-padding-remove-horizontal\u00a0\u00bb row_custom_media_type=\u00a0\u00bbimage\u00a0\u00bb row_background_image_size=\u00a0\u00bbuk-background-cover\u00a0\u00bb row_background_image_repeat=\u00a0\u00bbuk-background-norepeat\u00a0\u00bb row_background_image_position=\u00a0\u00bbuk-background-center-center\u00a0\u00bb row_bottom_shape_divider=\u00a0\u00bbmountains\u00a0\u00bb dahz_id=\u00a0\u00bb1543569849406-45d20337-98f8&Prime; row_background_image=\u00a0\u00bb4833&Prime; row_bottom_shape_divider_color=\u00a0\u00bb#ffffff\u00a0\u00bb][vc_column dahz_id=\u00a0\u00bb1543569849411-3bfa66d9-8f52&Prime; css=\u00a0\u00bb.vc_custom_1543574748057{padding-top: 0px !important;}\u00a0\u00bb][vc_empty_space height=\u00a0\u00bb500 px\u00a0\u00bb el_class=\u00a0\u00bbheadresp\u00a0\u00bb][\/vc_column][\/vc_row][vc_row row_remove_top_margin=\u00a0\u00bbtrue\u00a0\u00bb row_remove_bottom_margin=\u00a0\u00bbtrue\u00a0\u00bb dahz_id=\u00a0\u00bb1543571495470-ab3ef60f-7cd8&Prime; el_class=\u00a0\u00bbbread\u00a0\u00bb][vc_column dahz_id=\u00a0\u00bb1543571495478-9b6fdd06-3d02&Prime;][vc_column_text css=\u00a0\u00bb.vc_custom_1543586328980{margin-bottom: 0px !important;}\u00a0\u00bb]<span><span><a href=\"https:\/\/borgodelluccellaia.it\/fr\/\">Home<\/a><\/span><\/span>[\/vc_column_text][\/vc_column][\/vc_row][vc_row dahz_id=\u00a0\u00bb1543576554481-4fd3ff22-10a7&Prime;][vc_column dahz_id=\u00a0\u00bb1543576554491-f3ce1922-d15b\u00a0\u00bb][vc_custom_heading text=\u00a0\u00bbR\u00e9servation de ferry pour l&rsquo;\u00eele d&rsquo;Elbe\u00a0\u00bb font_container=\u00a0\u00bbtag:h3|text_align:center\u00a0\u00bb use_theme_fonts=\u00a0\u00bbyes\u00a0\u00bb dahz_id=\u00a0\u00bb1543576554500-a76558d7-37f4&Prime; margin_top=\u00a0\u00bb20&Prime;][vc_row_inner row_custom_media_type=\u00a0\u00bbnone\u00a0\u00bb dahz_id=\u00a0\u00bb1681375550443-ba84c888-c9de\u00a0\u00bb css=\u00a0\u00bb.vc_custom_1739209451246{border-right-width: 0px !important;border-left-width: 0px !important;padding-top: 0px !important;padding-right: 0px !important;padding-bottom: 0px !important;padding-left: 0px !important;}\u00a0\u00bb][vc_column_inner column_custom_media_type=\u00a0\u00bbimage\u00a0\u00bb dahz_id=\u00a0\u00bb1681375550446-4930cfad-4826&Prime;]<div class=\"uk-position-relative de-shortcode__wrapper de-shortcode__wrapper--animated_text uk-margin\" data-uk-scrollspy=\"cls: uk-animation-slide-bottom;\" data-dahz-shortcode-key=\"1746199572421-419a85d1-f410\" style=\"\">\r\n\t\r\n<div class=\"uk-overflow-hidden de-sc-animated-text\" data-animate-style=\"default\">\r\n\t<div class=\"de-sc-animated-text__box\" style=\"max-width: 1240px;\">\r\n\t\t\t\t\t<span class=\"de-sc-animated-text__text inner\" style=\"font-family:Abril Fatface; font-weight:400; font-style:normal; font-size:45px; animation-duration:196s; line-height:1.05; color:#1e73be;\">\r\n\t\t\t\t<span>Moby-Toremar Ferries 20% Coupon de r\u00e9duction --- Moby-Toremar Ferries 20% Coupon de r\u00e9duction --- Moby-Toremar Ferries 20% Coupon de r\u00e9duction --- Moby-Toremar Ferries 20% Coupon de r\u00e9duction --- <\/span>\r\n\t\t\t\t<span>Moby-Toremar Ferries 20% Coupon de r\u00e9duction --- Moby-Toremar Ferries 20% Coupon de r\u00e9duction --- Moby-Toremar Ferries 20% Coupon de r\u00e9duction --- Moby-Toremar Ferries 20% Coupon de r\u00e9duction --- <\/span>\r\n\t\t\t<\/span>\r\n\t\t\t\t\t<\/div>\r\n\t<\/div>\r\n<\/div>\r\n[vc_empty_space height=\u00a0\u00bb10 px\u00a0\u00bb el_class=\u00a0\u00bbheadresp\u00a0\u00bb][vc_raw_html]JTNDZGl2JTIwc3R5bGUlM0QlMjJtYXJnaW4lM0ElMjAwJTIwYXV0byUzQiUyMiUzRSUzQ2lmcmFtZSUyMHN0eWxlJTNEJTIyYm9yZGVyJTNBJTIwbm9uZSUzQiUyMGZpbHRlciUzQWRyb3Atc2hhZG93JTI4MHB4JTIwM3B4JTIwMTBweCUyMHJnYmElMjgwJTJDMCUyQzAlMkMuMiUyOSUyOSUzQiUyMiUyMHNyYyUzRCUyMmh0dHBzJTNBJTJGJTJGYmx1bmF2eXRyYWdoZXR0aS5jb20lMkZob3RlbCUyRmJvcmdvLWRlbGwtdWNjZWxsYWlhJTJGJTJGJTNGaWZyYW1lJTNEYmFubmVyJTIyJTIwd2lkdGglM0QlMjIxMDAlMjUlMjIlMjBoZWlnaHQlM0QlMjIxMDAlMjUlMjIlMjBhbGxvd3RyYW5zcGFyZW5jeSUzRCUyMnRydWUlMjIlMjBjbGFzcyUzRCUyMmJsdW5hdnllbWJlZCUyMiUzRSUzQyUyRmlmcmFtZSUzRSUzQ3NjcmlwdCUyMHNyYyUzRCUyMmh0dHBzJTNBJTJGJTJGYmx1bmF2eXRyYWdoZXR0aS5jb20lMkZ3cC1jb250ZW50JTJGdGhlbWVzJTJGY29zbW8lMkZhc3NldHMlMkZqcyUyRmlmcmFtZSUyRmVtYmVkLmpzJTIyJTNFJTNDJTJGc2NyaXB0JTNFJTNDc3BhbiUyMHN0eWxlJTNEJTIyJTIwZm9udC1mYW1pbHklM0ElMjBzYW5zLXNlcmlmJTNCJTIwY29sb3IlM0ElMjAlMjMyOTJDN0UlM0IlMjBmb250LXNpemUlM0ElMjAxNHB4JTNCJTIwcGFkZGluZy10b3AlM0ElMjAxMHB4JTNCZGlzcGxheSUzQSUyMGZsZXglM0IlMjBhbGlnbi1pdGVtcyUzQWNlbnRlciUzQiUyMGp1c3RpZnktY29udGVudCUzQWNlbnRlciUzQiUyMGZsZXgtd3JhcCUzQSUyMHdyYXAlM0IlMjBnYXAlM0ElMjAxMHB4JTNCJTIwdmVydGljYWwtZ2FwJTNBJTIwMTBweCUzQiUyMCUyMiUzRVVuJTIwc2Vydml6aW8lMjBkaSUyMHRyYWdoZXR0aSUyMHBlciUyMGwlMjdFbGJhJTIwb2ZmZXJ0byUyMGRhJTIwJTNDYSUyMHN0eWxlJTNEJTIyZm9udC1mYW1pbHklM0ElMjBzYW5zLXNlcmlmJTNCJTIwY29sb3IlM0ElMjAlMjMyOTJDN0UlM0IlMjBmb250LXNpemUlM0ElMjAxNHB4JTNCJTIwdGV4dC1kZWNvcmF0aW9uJTNBJTIwbm9uZSUzQiUyMiUyMGhyZWYlM0QlMjJodHRwcyUzQSUyRiUyRmJsdW5hdnl0cmFnaGV0dGkuY29tJTJGJTNGdXRtX3NvdXJjZSUzRHNuaXBwZXQtZW1iZWQlMjIlM0VCbHVuYXZ5dHJhZ2hldHRpLmNvbSUzQyUyRmElM0UlMjAlM0NhJTIwaHJlZiUzRCUyMmh0dHBzJTNBJTJGJTJGYmx1bmF2eXRyYWdoZXR0aS5jb20lMkYlM0Z1dG1fc291cmNlJTNEc25pcHBldC1lbWJlZCUyMiUzRSUzQ2ltZyUyMHN0eWxlJTNEJTIyd2lkdGglM0ElMjA4MHB4JTNCJTIyJTIwc3JjJTNEJTIyaHR0cHMlM0ElMkYlMkZibHVuYXZ5dHJhZ2hldHRpLmNvbSUyRndwLWNvbnRlbnQlMkZ0aGVtZXMlMkZjb3NtbyUyRmFzc2V0cyUyRmltYWdlcyUyRmxvZ28tYmx1bmF2eS10cmFnaGV0dGkucG5nJTIyJTIwYWx0JTNEJTIyTG9nbyUyMEJsdU5hdnklMjB0cmFnaGV0dGklMjBFbGJhJTIyJTJGJTNFJTNDJTJGYSUzRSUzQyUyRnNwYW4lM0UlM0MlMkZkaXYlM0U=[\/vc_raw_html][\/vc_column_inner][\/vc_row_inner][vc_empty_space height=\u00a0\u00bb\u00a0\u00bb el_class=\u00a0\u00bbheadresp\u00a0\u00bb][vc_column_text]<iframe loading=\"lazy\" id=\"traghettiper\" style=\"padding-bottom: 30px;\" src=\"https:\/\/responsive.traghettiper.it\/?marea=E&amp;portal=720&amp;affiliate=TP1594&amp;locale=it\" width=\"100%\" height=\"1000\" frameborder=\"0\" align=\"center\"><\/iframe><br \/>\n<script src=\"https:\/\/responsive.traghettiper.it\/js\/resizer.js\"><\/script>[\/vc_column_text][vc_column_text visibility=\u00a0\u00bbde-hidden@l de-hidden@m de-hidden@s\u00a0\u00bb]<\/p>\n<div style=\"margin-left: auto; margin-right: auto; max-width: 1240px;\"><iframe id=\"tlines\" class=\"tlines_frame\" style=\"border: 0px; width: 100%;\" src=\"https:\/\/www.traghettilines.it\/it\/traghetti-isola-d-elba.aspx?UAID=588419&amp;bkcolor=FFFFFF&amp;txtcolor=2B2B2B&amp;bkbtncolor=0038BE&amp;txtbtncolor=FFFFFF&amp;bktitolo=3399CC&amp;txttitolo=FFFFFF&amp;language=it&amp;iframe_booking=true&amp;v2=true\" scrolling=\"no\"><\/iframe><br \/>\n<script type=\"text\/javascript\" src=\"https:\/\/www.traghettilines.it\/Ajax\/tlines_resp_v2.js\"><\/script><\/div>\n<p>[\/vc_column_text][\/vc_column][\/vc_row]<\/p>\n<\/section>","protected":false},"excerpt":{"rendered":"<p>[vc_row row_remove_top_margin=\u00a0\u00bbtrue\u00a0\u00bb row_remove_bottom_margin=\u00a0\u00bbtrue\u00a0\u00bb row_stretch=\u00a0\u00bbuk-container-expand uk-padding-remove-horizontal\u00a0\u00bb row_custom_media_type=\u00a0\u00bbimage\u00a0\u00bb row_background_image_size=\u00a0\u00bbuk-background-cover\u00a0\u00bb row_background_image_repeat=\u00a0\u00bbuk-background-norepeat\u00a0\u00bb row_background_image_position=\u00a0\u00bbuk-background-center-center\u00a0\u00bb row_bottom_shape_divider=\u00a0\u00bbmountains\u00a0\u00bb dahz_id=\u00a0\u00bb1543569849406-45d20337-98f8&Prime; row_background_image=\u00a0\u00bb4833&Prime; row_bottom_shape_divider_color=\u00a0\u00bb#ffffff\u00a0\u00bb][vc_column dahz_id=\u00a0\u00bb1543569849411-3bfa66d9-8f52&Prime; css=\u00a0\u00bb.vc_custom_1543574748057{padding-top: 0px !important;}\u00a0\u00bb][vc_empty_space height=\u00a0\u00bb500 px\u00a0\u00bb el_class=\u00a0\u00bbheadresp\u00a0\u00bb][\/vc_column][\/vc_row][vc_row row_remove_top_margin=\u00a0\u00bbtrue\u00a0\u00bb row_remove_bottom_margin=\u00a0\u00bbtrue\u00a0\u00bb dahz_id=\u00a0\u00bb1543571495470-ab3ef60f-7cd8&Prime; el_class=\u00a0\u00bbbread\u00a0\u00bb][vc_column dahz_id=\u00a0\u00bb1543571495478-9b6fdd06-3d02&Prime;][vc_column_text css=\u00a0\u00bb.vc_custom_1543586328980{margin-bottom: 0px !important;}\u00a0\u00bb][\/vc_column_text][\/vc_column][\/vc_row][vc_row dahz_id=\u00a0\u00bb1543576554481-4fd3ff22-10a7&Prime;][vc_column dahz_id=\u00a0\u00bb1543576554491-f3ce1922-d15b\u00a0\u00bb][vc_custom_heading text=\u00a0\u00bbR\u00e9servation de ferry pour l&rsquo;\u00eele d&rsquo;Elbe\u00a0\u00bb font_container=\u00a0\u00bbtag:h3|text_align:center\u00a0\u00bb use_theme_fonts=\u00a0\u00bbyes\u00a0\u00bb dahz_id=\u00a0\u00bb1543576554500-a76558d7-37f4&Prime; margin_top=\u00a0\u00bb20&Prime;][vc_row_inner row_custom_media_type=\u00a0\u00bbnone\u00a0\u00bb dahz_id=\u00a0\u00bb1681375550443-ba84c888-c9de\u00a0\u00bb css=\u00a0\u00bb.vc_custom_1739209451246{border-right-width: 0px !important;border-left-width: 0px !important;padding-top: 0px !important;padding-right: 0px !important;padding-bottom: 0px !important;padding-left: 0px !important;}\u00a0\u00bb][vc_column_inner &hellip;<\/p>\n","protected":false},"author":5,"featured_media":4833,"parent":0,"menu_order":6,"comment_status":"closed","ping_status":"closed","template":"","meta":{"footnotes":""},"class_list":["post-4230","page","type-page","status-publish","has-post-thumbnail","hentry"],"yoast_head":"<!-- This site is optimized with the Yoast SEO plugin v27.4 - https:\/\/yoast.com\/product\/yoast-seo-wordpress\/ -->\n<title>R\u00e9servation de ferry Isola d&#039;Elba - Borgo dell&#039;Uccellaia, Marciana Marina, Isola d&#039;Elba<\/title>\n<meta name=\"description\" content=\"Le Borgo Dell&#039;Uccellaia adh\u00e8re \u00e0 la promotion tarifaire Moby\/Toremar\/Blu Navy pour l&#039;\u00eele d&#039;Elbe : lorsque vous r\u00e9serverez votre s\u00e9jour, demandez-nous comment acc\u00e9der aux tarifs sp\u00e9ciaux des ferries !\" \/>\n<meta name=\"robots\" content=\"index, follow, max-snippet:-1, max-image-preview:large, max-video-preview:-1\" \/>\n<link rel=\"canonical\" href=\"https:\/\/borgodelluccellaia.it\/fr\/reservation-de-ferry\/\" \/>\n<meta property=\"og:locale\" content=\"fr_FR\" \/>\n<meta property=\"og:type\" content=\"article\" \/>\n<meta property=\"og:title\" content=\"R\u00e9servation de ferry Isola d&#039;Elba - Borgo dell&#039;Uccellaia, Marciana Marina, Isola d&#039;Elba\" \/>\n<meta property=\"og:description\" content=\"Le Borgo Dell&#039;Uccellaia adh\u00e8re \u00e0 la promotion tarifaire Moby\/Toremar\/Blu Navy pour l&#039;\u00eele d&#039;Elbe : lorsque vous r\u00e9serverez votre s\u00e9jour, demandez-nous comment acc\u00e9der aux tarifs sp\u00e9ciaux des ferries !\" \/>\n<meta property=\"og:url\" content=\"https:\/\/borgodelluccellaia.it\/fr\/reservation-de-ferry\/\" \/>\n<meta property=\"og:site_name\" content=\"Borgo dell&#039;Uccellaia\" \/>\n<meta property=\"article:publisher\" content=\"https:\/\/www.facebook.com\/BorgoDelluccellaia\/\" \/>\n<meta property=\"article:modified_time\" content=\"2025-12-10T17:51:48+00:00\" \/>\n<meta property=\"og:image\" content=\"https:\/\/borgodelluccellaia.it\/wp-content\/uploads\/Moby.jpg\" \/>\n\t<meta property=\"og:image:width\" content=\"1697\" \/>\n\t<meta property=\"og:image:height\" content=\"1077\" \/>\n\t<meta property=\"og:image:type\" content=\"image\/jpeg\" \/>\n<meta name=\"twitter:card\" content=\"summary_large_image\" \/>\n<meta name=\"twitter:label1\" content=\"Dur\u00e9e de lecture estim\u00e9e\" \/>\n\t<meta name=\"twitter:data1\" content=\"1 minute\" \/>\n<script type=\"application\/ld+json\" class=\"yoast-schema-graph\">{\"@context\":\"https:\\\/\\\/schema.org\",\"@graph\":[{\"@type\":\"WebPage\",\"@id\":\"https:\\\/\\\/borgodelluccellaia.it\\\/fr\\\/reservation-de-ferry\\\/\",\"url\":\"https:\\\/\\\/borgodelluccellaia.it\\\/fr\\\/reservation-de-ferry\\\/\",\"name\":\"R\u00e9servation de ferry Isola d'Elba - Borgo dell&#039;Uccellaia, Marciana Marina, Isola d'Elba\",\"isPartOf\":{\"@id\":\"https:\\\/\\\/borgodelluccellaia.it\\\/#website\"},\"primaryImageOfPage\":{\"@id\":\"https:\\\/\\\/borgodelluccellaia.it\\\/fr\\\/reservation-de-ferry\\\/#primaryimage\"},\"image\":{\"@id\":\"https:\\\/\\\/borgodelluccellaia.it\\\/fr\\\/reservation-de-ferry\\\/#primaryimage\"},\"thumbnailUrl\":\"https:\\\/\\\/borgodelluccellaia.it\\\/wp-content\\\/uploads\\\/Moby.jpg\",\"datePublished\":\"2022-03-31T09:53:02+00:00\",\"dateModified\":\"2025-12-10T17:51:48+00:00\",\"description\":\"Le Borgo Dell'Uccellaia adh\u00e8re \u00e0 la promotion tarifaire Moby\\\/Toremar\\\/Blu Navy pour l'\u00eele d'Elbe : lorsque vous r\u00e9serverez votre s\u00e9jour, demandez-nous comment acc\u00e9der aux tarifs sp\u00e9ciaux des ferries !\",\"breadcrumb\":{\"@id\":\"https:\\\/\\\/borgodelluccellaia.it\\\/fr\\\/reservation-de-ferry\\\/#breadcrumb\"},\"inLanguage\":\"fr-FR\",\"potentialAction\":[{\"@type\":\"ReadAction\",\"target\":[\"https:\\\/\\\/borgodelluccellaia.it\\\/fr\\\/reservation-de-ferry\\\/\"]}]},{\"@type\":\"ImageObject\",\"inLanguage\":\"fr-FR\",\"@id\":\"https:\\\/\\\/borgodelluccellaia.it\\\/fr\\\/reservation-de-ferry\\\/#primaryimage\",\"url\":\"https:\\\/\\\/borgodelluccellaia.it\\\/wp-content\\\/uploads\\\/Moby.jpg\",\"contentUrl\":\"https:\\\/\\\/borgodelluccellaia.it\\\/wp-content\\\/uploads\\\/Moby.jpg\",\"width\":1697,\"height\":1077},{\"@type\":\"BreadcrumbList\",\"@id\":\"https:\\\/\\\/borgodelluccellaia.it\\\/fr\\\/reservation-de-ferry\\\/#breadcrumb\",\"itemListElement\":[{\"@type\":\"ListItem\",\"position\":1,\"name\":\"Home\",\"item\":\"https:\\\/\\\/borgodelluccellaia.it\\\/fr\\\/\"},{\"@type\":\"ListItem\",\"position\":2,\"name\":\"R\u00e9servation de ferry\"}]},{\"@type\":\"WebSite\",\"@id\":\"https:\\\/\\\/borgodelluccellaia.it\\\/#website\",\"url\":\"https:\\\/\\\/borgodelluccellaia.it\\\/\",\"name\":\"Borgo dell'Uccellaia\",\"description\":\"Marciana Marina\",\"publisher\":{\"@id\":\"https:\\\/\\\/borgodelluccellaia.it\\\/#organization\"},\"potentialAction\":[{\"@type\":\"SearchAction\",\"target\":{\"@type\":\"EntryPoint\",\"urlTemplate\":\"https:\\\/\\\/borgodelluccellaia.it\\\/?s={search_term_string}\"},\"query-input\":{\"@type\":\"PropertyValueSpecification\",\"valueRequired\":true,\"valueName\":\"search_term_string\"}}],\"inLanguage\":\"fr-FR\"},{\"@type\":\"Organization\",\"@id\":\"https:\\\/\\\/borgodelluccellaia.it\\\/#organization\",\"name\":\"Borgo dell'Uccellaia\",\"url\":\"https:\\\/\\\/borgodelluccellaia.it\\\/\",\"logo\":{\"@type\":\"ImageObject\",\"inLanguage\":\"fr-FR\",\"@id\":\"https:\\\/\\\/borgodelluccellaia.it\\\/#\\\/schema\\\/logo\\\/image\\\/\",\"url\":\"https:\\\/\\\/borgodelluccellaia.it\\\/wp-content\\\/uploads\\\/icon_borgo_dell_uccellaia.png\",\"contentUrl\":\"https:\\\/\\\/borgodelluccellaia.it\\\/wp-content\\\/uploads\\\/icon_borgo_dell_uccellaia.png\",\"width\":512,\"height\":512,\"caption\":\"Borgo dell'Uccellaia\"},\"image\":{\"@id\":\"https:\\\/\\\/borgodelluccellaia.it\\\/#\\\/schema\\\/logo\\\/image\\\/\"},\"sameAs\":[\"https:\\\/\\\/www.facebook.com\\\/BorgoDelluccellaia\\\/\"]}]}<\/script>\n<!-- \/ Yoast SEO plugin. -->","yoast_head_json":{"title":"R\u00e9servation de ferry Isola d'Elba - Borgo dell&#039;Uccellaia, Marciana Marina, Isola d'Elba","description":"Le Borgo Dell'Uccellaia adh\u00e8re \u00e0 la promotion tarifaire Moby\/Toremar\/Blu Navy pour l'\u00eele d'Elbe : lorsque vous r\u00e9serverez votre s\u00e9jour, demandez-nous comment acc\u00e9der aux tarifs sp\u00e9ciaux des ferries !","robots":{"index":"index","follow":"follow","max-snippet":"max-snippet:-1","max-image-preview":"max-image-preview:large","max-video-preview":"max-video-preview:-1"},"canonical":"https:\/\/borgodelluccellaia.it\/fr\/reservation-de-ferry\/","og_locale":"fr_FR","og_type":"article","og_title":"R\u00e9servation de ferry Isola d'Elba - Borgo dell&#039;Uccellaia, Marciana Marina, Isola d'Elba","og_description":"Le Borgo Dell'Uccellaia adh\u00e8re \u00e0 la promotion tarifaire Moby\/Toremar\/Blu Navy pour l'\u00eele d'Elbe : lorsque vous r\u00e9serverez votre s\u00e9jour, demandez-nous comment acc\u00e9der aux tarifs sp\u00e9ciaux des ferries !","og_url":"https:\/\/borgodelluccellaia.it\/fr\/reservation-de-ferry\/","og_site_name":"Borgo dell&#039;Uccellaia","article_publisher":"https:\/\/www.facebook.com\/BorgoDelluccellaia\/","article_modified_time":"2025-12-10T17:51:48+00:00","og_image":[{"width":1697,"height":1077,"url":"https:\/\/borgodelluccellaia.it\/wp-content\/uploads\/Moby.jpg","type":"image\/jpeg"}],"twitter_card":"summary_large_image","twitter_misc":{"Dur\u00e9e de lecture estim\u00e9e":"1 minute"},"schema":{"@context":"https:\/\/schema.org","@graph":[{"@type":"WebPage","@id":"https:\/\/borgodelluccellaia.it\/fr\/reservation-de-ferry\/","url":"https:\/\/borgodelluccellaia.it\/fr\/reservation-de-ferry\/","name":"R\u00e9servation de ferry Isola d'Elba - Borgo dell&#039;Uccellaia, Marciana Marina, Isola d'Elba","isPartOf":{"@id":"https:\/\/borgodelluccellaia.it\/#website"},"primaryImageOfPage":{"@id":"https:\/\/borgodelluccellaia.it\/fr\/reservation-de-ferry\/#primaryimage"},"image":{"@id":"https:\/\/borgodelluccellaia.it\/fr\/reservation-de-ferry\/#primaryimage"},"thumbnailUrl":"https:\/\/borgodelluccellaia.it\/wp-content\/uploads\/Moby.jpg","datePublished":"2022-03-31T09:53:02+00:00","dateModified":"2025-12-10T17:51:48+00:00","description":"Le Borgo Dell'Uccellaia adh\u00e8re \u00e0 la promotion tarifaire Moby\/Toremar\/Blu Navy pour l'\u00eele d'Elbe : lorsque vous r\u00e9serverez votre s\u00e9jour, demandez-nous comment acc\u00e9der aux tarifs sp\u00e9ciaux des ferries !","breadcrumb":{"@id":"https:\/\/borgodelluccellaia.it\/fr\/reservation-de-ferry\/#breadcrumb"},"inLanguage":"fr-FR","potentialAction":[{"@type":"ReadAction","target":["https:\/\/borgodelluccellaia.it\/fr\/reservation-de-ferry\/"]}]},{"@type":"ImageObject","inLanguage":"fr-FR","@id":"https:\/\/borgodelluccellaia.it\/fr\/reservation-de-ferry\/#primaryimage","url":"https:\/\/borgodelluccellaia.it\/wp-content\/uploads\/Moby.jpg","contentUrl":"https:\/\/borgodelluccellaia.it\/wp-content\/uploads\/Moby.jpg","width":1697,"height":1077},{"@type":"BreadcrumbList","@id":"https:\/\/borgodelluccellaia.it\/fr\/reservation-de-ferry\/#breadcrumb","itemListElement":[{"@type":"ListItem","position":1,"name":"Home","item":"https:\/\/borgodelluccellaia.it\/fr\/"},{"@type":"ListItem","position":2,"name":"R\u00e9servation de ferry"}]},{"@type":"WebSite","@id":"https:\/\/borgodelluccellaia.it\/#website","url":"https:\/\/borgodelluccellaia.it\/","name":"Borgo dell'Uccellaia","description":"Marciana Marina","publisher":{"@id":"https:\/\/borgodelluccellaia.it\/#organization"},"potentialAction":[{"@type":"SearchAction","target":{"@type":"EntryPoint","urlTemplate":"https:\/\/borgodelluccellaia.it\/?s={search_term_string}"},"query-input":{"@type":"PropertyValueSpecification","valueRequired":true,"valueName":"search_term_string"}}],"inLanguage":"fr-FR"},{"@type":"Organization","@id":"https:\/\/borgodelluccellaia.it\/#organization","name":"Borgo dell'Uccellaia","url":"https:\/\/borgodelluccellaia.it\/","logo":{"@type":"ImageObject","inLanguage":"fr-FR","@id":"https:\/\/borgodelluccellaia.it\/#\/schema\/logo\/image\/","url":"https:\/\/borgodelluccellaia.it\/wp-content\/uploads\/icon_borgo_dell_uccellaia.png","contentUrl":"https:\/\/borgodelluccellaia.it\/wp-content\/uploads\/icon_borgo_dell_uccellaia.png","width":512,"height":512,"caption":"Borgo dell'Uccellaia"},"image":{"@id":"https:\/\/borgodelluccellaia.it\/#\/schema\/logo\/image\/"},"sameAs":["https:\/\/www.facebook.com\/BorgoDelluccellaia\/"]}]}},"_links":{"self":[{"href":"https:\/\/borgodelluccellaia.it\/fr\/wp-json\/wp\/v2\/pages\/4230","targetHints":{"allow":["GET"]}}],"collection":[{"href":"https:\/\/borgodelluccellaia.it\/fr\/wp-json\/wp\/v2\/pages"}],"about":[{"href":"https:\/\/borgodelluccellaia.it\/fr\/wp-json\/wp\/v2\/types\/page"}],"author":[{"embeddable":true,"href":"https:\/\/borgodelluccellaia.it\/fr\/wp-json\/wp\/v2\/users\/5"}],"replies":[{"embeddable":true,"href":"https:\/\/borgodelluccellaia.it\/fr\/wp-json\/wp\/v2\/comments?post=4230"}],"version-history":[{"count":5,"href":"https:\/\/borgodelluccellaia.it\/fr\/wp-json\/wp\/v2\/pages\/4230\/revisions"}],"predecessor-version":[{"id":4843,"href":"https:\/\/borgodelluccellaia.it\/fr\/wp-json\/wp\/v2\/pages\/4230\/revisions\/4843"}],"wp:featuredmedia":[{"embeddable":true,"href":"https:\/\/borgodelluccellaia.it\/fr\/wp-json\/wp\/v2\/media\/4833"}],"wp:attachment":[{"href":"https:\/\/borgodelluccellaia.it\/fr\/wp-json\/wp\/v2\/media?parent=4230"}],"curies":[{"name":"wp","href":"https:\/\/api.w.org\/{rel}","templated":true}]}}