{"id":4223,"date":"2018-12-03T10:04:02","date_gmt":"2018-12-03T09:04:02","guid":{"rendered":"https:\/\/borgodelluccellaia.it\/marciana-marina\/"},"modified":"2025-07-24T16:26:23","modified_gmt":"2025-07-24T14:26:23","slug":"marciana-marina","status":"publish","type":"page","link":"https:\/\/borgodelluccellaia.it\/fr\/ou-nous-sommes\/marciana-marina\/","title":{"rendered":"Marciana Marina"},"content":{"rendered":"<section class=\"wpb-content-wrapper\"><p>[vc_row row_remove_top_margin=\u00a0\u00bbtrue\u00a0\u00bb row_remove_bottom_margin=\u00a0\u00bbtrue\u00a0\u00bb row_stretch=\u00a0\u00bbuk-container-expand uk-padding-remove-horizontal\u00a0\u00bb row_custom_media_type=\u00a0\u00bbimage\u00a0\u00bb row_background_image_size=\u00a0\u00bbuk-background-cover\u00a0\u00bb row_background_image_repeat=\u00a0\u00bbuk-background-norepeat\u00a0\u00bb row_background_image_position=\u00a0\u00bbuk-background-top-center\u00a0\u00bb row_bottom_shape_divider=\u00a0\u00bbmountains\u00a0\u00bb dahz_id=\u00a0\u00bb1543569849406-45d20337-98f8&Prime; row_background_image=\u00a0\u00bb730&Prime; row_bottom_shape_divider_color=\u00a0\u00bb#ffffff\u00a0\u00bb][vc_column dahz_id=\u00a0\u00bb1543569849411-3bfa66d9-8f52&Prime; css=\u00a0\u00bb.vc_custom_1543574748057{padding-top: 0px !important;}\u00a0\u00bb]\n\t\t\t<!-- START Home Marciana M FR REVOLUTION SLIDER 6.6.12 --><p class=\"rs-p-wp-fix\"><\/p>\n\t\t\t<rs-module-wrap id=\"rev_slider_9_1_wrapper\" data-source=\"gallery\" style=\"visibility:hidden;background:#ffffff;padding:0;margin:0px auto;margin-top:0;margin-bottom:0;\">\n\t\t\t\t<rs-module id=\"rev_slider_9_1\" style=\"\" data-version=\"6.6.12\">\n\t\t\t\t\t<rs-slides style=\"overflow: hidden; position: absolute;\">\n\t\t\t\t\t\t<rs-slide style=\"position: absolute;\" data-key=\"rs-109\" data-title=\"Slide\" data-thumb=\"\/\/borgodelluccellaia.it\/wp-content\/uploads\/marciana-marina-010-100x50.jpg\" data-duration=\"3600\" data-anim=\"adpr:false;ms:720;\" data-in=\"o:0;\" data-out=\"a:false;\">\n\t\t\t\t\t\t\t<img decoding=\"async\" src=\"\/\/borgodelluccellaia.it\/wp-content\/plugins\/revslider\/public\/assets\/assets\/dummy.png\" alt=\"\" title=\"marciana-marina-010\" width=\"850\" height=\"500\" class=\"rev-slidebg tp-rs-img rs-lazyload\" data-lazyload=\"\/\/borgodelluccellaia.it\/wp-content\/uploads\/marciana-marina-010.jpg\" data-bg=\"p:right top;\" data-parallax=\"10\" data-no-retina>\n<!--\n\t\t\t\t\t\t\t--><rs-layer\n\t\t\t\t\t\t\t\tid=\"slider-9-slide-109-layer-1\" \n\t\t\t\t\t\t\t\tclass=\"rs-pxl-1\"\n\t\t\t\t\t\t\t\tdata-type=\"text\"\n\t\t\t\t\t\t\t\tdata-rsp_ch=\"on\"\n\t\t\t\t\t\t\t\tdata-xy=\"x:c;xo:340px,197px,-12px,-3px;yo:380px,137px,65px,53px;\"\n\t\t\t\t\t\t\t\tdata-text=\"s:80,70,60,50;l:86,76,66,56;a:center;\"\n\t\t\t\t\t\t\t\tdata-frame_0=\"y:100%;\"\n\t\t\t\t\t\t\t\tdata-frame_0_mask=\"u:t;y:100%;\"\n\t\t\t\t\t\t\t\tdata-frame_1=\"e:power2.inOut;st:706;sp:1440;sR:980;\"\n\t\t\t\t\t\t\t\tdata-frame_1_mask=\"u:t;\"\n\t\t\t\t\t\t\t\tdata-frame_999=\"x:100%;st:w;sp:720;sR:2020;\"\n\t\t\t\t\t\t\t\tdata-frame_999_mask=\"u:t;\"\n\t\t\t\t\t\t\t\tstyle=\"z-index:5;font-family:'Abhaya Libre';\"\n\t\t\t\t\t\t\t><span class=\"shadow\">\nMarciana Marina \n\t\t\t\t\t\t\t<\/rs-layer><!--\n-->\t\t\t\t\t\t<\/rs-slide>\n\t\t\t\t\t\t<rs-slide style=\"position: absolute;\" data-key=\"rs-111\" data-title=\"Slide\" data-thumb=\"\/\/borgodelluccellaia.it\/wp-content\/uploads\/marciana-marina-020-100x50.jpg\" data-duration=\"3600\" data-anim=\"ms:583;\" data-in=\"o:0;\" data-out=\"a:false;\">\n\t\t\t\t\t\t\t<img decoding=\"async\" src=\"\/\/borgodelluccellaia.it\/wp-content\/plugins\/revslider\/public\/assets\/assets\/dummy.png\" alt=\"\" title=\"marciana-marina-020\" width=\"850\" height=\"500\" class=\"rev-slidebg tp-rs-img rs-lazyload\" data-lazyload=\"\/\/borgodelluccellaia.it\/wp-content\/uploads\/marciana-marina-020.jpg\" data-parallax=\"off\" data-no-retina>\n<!---->\t\t\t\t\t\t<\/rs-slide>\n\t\t\t\t\t\t<rs-slide style=\"position: absolute;\" data-key=\"rs-108\" data-title=\"Slide\" data-thumb=\"\/\/borgodelluccellaia.it\/wp-content\/uploads\/marciana-marina-08-100x50.jpg\" data-duration=\"3600\" data-anim=\"adpr:false;ms:720;\" data-in=\"o:0;\" data-out=\"a:false;\">\n\t\t\t\t\t\t\t<img decoding=\"async\" src=\"\/\/borgodelluccellaia.it\/wp-content\/plugins\/revslider\/public\/assets\/assets\/dummy.png\" alt=\"\" title=\"marciana-marina-08\" width=\"850\" height=\"500\" class=\"rev-slidebg tp-rs-img rs-lazyload\" data-lazyload=\"\/\/borgodelluccellaia.it\/wp-content\/uploads\/marciana-marina-08.jpg\" data-bg=\"p:left top;\" data-parallax=\"10\" data-no-retina>\n<!--\n\t\t\t\t\t\t\t--><rs-layer\n\t\t\t\t\t\t\t\tid=\"slider-9-slide-108-layer-1\" \n\t\t\t\t\t\t\t\tclass=\"rs-pxl-1\"\n\t\t\t\t\t\t\t\tdata-type=\"text\"\n\t\t\t\t\t\t\t\tdata-rsp_ch=\"on\"\n\t\t\t\t\t\t\t\tdata-xy=\"x:l,l,c,c;xo:656px,71px,-58px,2px;yo:27px,159px,85px,45px;\"\n\t\t\t\t\t\t\t\tdata-text=\"s:80,70,60,50;l:86,76,66,56;a:center;\"\n\t\t\t\t\t\t\t\tdata-dim=\"w:590px,auto,auto,auto;\"\n\t\t\t\t\t\t\t\tdata-frame_0=\"y:100%;\"\n\t\t\t\t\t\t\t\tdata-frame_0_mask=\"u:t;y:100%;\"\n\t\t\t\t\t\t\t\tdata-frame_1=\"e:power2.inOut;st:850;sp:1440;sR:1180;\"\n\t\t\t\t\t\t\t\tdata-frame_1_mask=\"u:t;\"\n\t\t\t\t\t\t\t\tdata-frame_999=\"x:100%;st:w;sp:720;sR:1820;\"\n\t\t\t\t\t\t\t\tdata-frame_999_mask=\"u:t;\"\n\t\t\t\t\t\t\t\tstyle=\"z-index:5;font-family:'Abhaya Libre';\"\n\t\t\t\t\t\t\t><span class=\"shadow\">\nMarciana Marina \n\t\t\t\t\t\t\t<\/rs-layer><!--\n-->\t\t\t\t\t\t<\/rs-slide>\n\t\t\t\t\t\t<rs-slide style=\"position: absolute;\" data-key=\"rs-110\" data-title=\"Slide\" data-thumb=\"\/\/borgodelluccellaia.it\/wp-content\/uploads\/marciana-marina-05-100x50.jpg\" data-duration=\"3600\" data-anim=\"adpr:false;ms:720;\" data-in=\"o:0;\" data-out=\"a:false;\">\n\t\t\t\t\t\t\t<img decoding=\"async\" src=\"\/\/borgodelluccellaia.it\/wp-content\/plugins\/revslider\/public\/assets\/assets\/dummy.png\" alt=\"\" title=\"marciana-marina-05\" width=\"850\" height=\"500\" class=\"rev-slidebg tp-rs-img rs-lazyload\" data-lazyload=\"\/\/borgodelluccellaia.it\/wp-content\/uploads\/marciana-marina-05.jpg\" data-bg=\"p:right top;\" data-parallax=\"10\" data-no-retina>\n<!--\n\t\t\t\t\t\t\t--><rs-layer\n\t\t\t\t\t\t\t\tid=\"slider-9-slide-110-layer-1\" \n\t\t\t\t\t\t\t\tclass=\"rs-pxl-1\"\n\t\t\t\t\t\t\t\tdata-type=\"text\"\n\t\t\t\t\t\t\t\tdata-rsp_ch=\"on\"\n\t\t\t\t\t\t\t\tdata-xy=\"x:c;xo:260px,174px,55px,-1px;yo:22px,101px,52px,56px;\"\n\t\t\t\t\t\t\t\tdata-text=\"s:80,70,60,50;l:86,76,66,56;a:center;\"\n\t\t\t\t\t\t\t\tdata-frame_0=\"y:100%;\"\n\t\t\t\t\t\t\t\tdata-frame_0_mask=\"u:t;y:100%;\"\n\t\t\t\t\t\t\t\tdata-frame_1=\"e:power2.inOut;st:1224;sp:1755;sR:1360;\"\n\t\t\t\t\t\t\t\tdata-frame_1_mask=\"u:t;\"\n\t\t\t\t\t\t\t\tdata-frame_999=\"x:100%;st:w;sp:720;sR:690;\"\n\t\t\t\t\t\t\t\tdata-frame_999_mask=\"u:t;\"\n\t\t\t\t\t\t\t\tstyle=\"z-index:5;font-family:'Abhaya Libre';\"\n\t\t\t\t\t\t\t><span class=\"shadow\"> \n\t\t\t\t\t\t\t<\/rs-layer><!--\n-->\t\t\t\t\t\t<\/rs-slide>\n\t\t\t\t\t\t<rs-slide style=\"position: absolute;\" data-key=\"rs-112\" data-title=\"Slide\" data-thumb=\"\/\/borgodelluccellaia.it\/wp-content\/uploads\/Marciana-Marina_copertina-100x50.jpg\" data-duration=\"3600\" data-anim=\"adpr:false;ms:720;\" data-in=\"o:0;\" data-out=\"a:false;\">\n\t\t\t\t\t\t\t<img decoding=\"async\" src=\"\/\/borgodelluccellaia.it\/wp-content\/plugins\/revslider\/public\/assets\/assets\/dummy.png\" alt=\"\" title=\"Marciana-Marina_copertina\" width=\"1920\" height=\"1079\" class=\"rev-slidebg tp-rs-img rs-lazyload\" data-lazyload=\"\/\/borgodelluccellaia.it\/wp-content\/uploads\/Marciana-Marina_copertina.jpg\" data-bg=\"p:right top;\" data-parallax=\"10\" data-no-retina>\n<!--\n\t\t\t\t\t\t\t--><rs-layer\n\t\t\t\t\t\t\t\tid=\"slider-9-slide-112-layer-1\" \n\t\t\t\t\t\t\t\tclass=\"rs-pxl-1\"\n\t\t\t\t\t\t\t\tdata-type=\"text\"\n\t\t\t\t\t\t\t\tdata-rsp_ch=\"on\"\n\t\t\t\t\t\t\t\tdata-xy=\"x:c;xo:-332px,174px,55px,-1px;yo:46px,101px,52px,56px;\"\n\t\t\t\t\t\t\t\tdata-text=\"s:80,70,60,50;l:86,76,66,56;a:center;\"\n\t\t\t\t\t\t\t\tdata-frame_0=\"y:100%;\"\n\t\t\t\t\t\t\t\tdata-frame_0_mask=\"u:t;y:100%;\"\n\t\t\t\t\t\t\t\tdata-frame_1=\"e:power2.inOut;st:1224;sp:1755;sR:1360;\"\n\t\t\t\t\t\t\t\tdata-frame_1_mask=\"u:t;\"\n\t\t\t\t\t\t\t\tdata-frame_999=\"x:100%;st:w;sp:720;sR:690;\"\n\t\t\t\t\t\t\t\tdata-frame_999_mask=\"u:t;\"\n\t\t\t\t\t\t\t\tstyle=\"z-index:5;font-family:'Abhaya Libre';\"\n\t\t\t\t\t\t\t><span class=\"shadow\"> \n\t\t\t\t\t\t\t<\/rs-layer><!--\n-->\t\t\t\t\t\t<\/rs-slide>\n\t\t\t\t\t\t<rs-slide style=\"position: absolute;\" data-key=\"rs-113\" data-title=\"Slide\" data-thumb=\"\/\/borgodelluccellaia.it\/wp-content\/uploads\/marciana-marina-03-100x50.jpg\" data-duration=\"3600\" data-anim=\"adpr:false;ms:720;\" data-in=\"o:0;\" data-out=\"a:false;\">\n\t\t\t\t\t\t\t<img decoding=\"async\" src=\"\/\/borgodelluccellaia.it\/wp-content\/plugins\/revslider\/public\/assets\/assets\/dummy.png\" alt=\"\" title=\"marciana-marina-03\" width=\"850\" height=\"500\" class=\"rev-slidebg tp-rs-img rs-lazyload\" data-lazyload=\"\/\/borgodelluccellaia.it\/wp-content\/uploads\/marciana-marina-03.jpg\" data-bg=\"p:right top;\" data-parallax=\"10\" data-no-retina>\n<!--\n\t\t\t\t\t\t\t--><rs-layer\n\t\t\t\t\t\t\t\tid=\"slider-9-slide-113-layer-1\" \n\t\t\t\t\t\t\t\tclass=\"rs-pxl-1\"\n\t\t\t\t\t\t\t\tdata-type=\"text\"\n\t\t\t\t\t\t\t\tdata-rsp_ch=\"on\"\n\t\t\t\t\t\t\t\tdata-xy=\"x:c;xo:196px,174px,55px,-1px;yo:123px,101px,52px,56px;\"\n\t\t\t\t\t\t\t\tdata-text=\"s:80,70,60,50;l:86,76,66,56;a:center;\"\n\t\t\t\t\t\t\t\tdata-frame_0=\"y:100%;\"\n\t\t\t\t\t\t\t\tdata-frame_0_mask=\"u:t;y:100%;\"\n\t\t\t\t\t\t\t\tdata-frame_1=\"e:power2.inOut;st:1224;sp:1755;sR:1360;\"\n\t\t\t\t\t\t\t\tdata-frame_1_mask=\"u:t;\"\n\t\t\t\t\t\t\t\tdata-frame_999=\"x:100%;st:w;sp:720;sR:690;\"\n\t\t\t\t\t\t\t\tdata-frame_999_mask=\"u:t;\"\n\t\t\t\t\t\t\t\tstyle=\"z-index:5;font-family:'Abhaya Libre';\"\n\t\t\t\t\t\t\t> \n\t\t\t\t\t\t\t<\/rs-layer><!--\n-->\t\t\t\t\t\t<\/rs-slide>\n\t\t\t\t\t<\/rs-slides>\n\t\t\t\t\t<rs-static-layers><!--\n\t\t\t\t\t--><\/rs-static-layers>\n\t\t\t\t<\/rs-module>\n\t\t\t\t<script>\n\t\t\t\t\tsetREVStartSize({c: 'rev_slider_9_1',rl:[1240,1024,778,480],el:[700,600,500,400],gw:[1240,1024,778,480],gh:[700,600,500,400],type:'standard',justify:'',layout:'fullwidth',mh:\"0\"});if (window.RS_MODULES!==undefined && window.RS_MODULES.modules!==undefined && window.RS_MODULES.modules[\"revslider91\"]!==undefined) {window.RS_MODULES.modules[\"revslider91\"].once = false;window.revapi9 = undefined;if (window.RS_MODULES.checkMinimal!==undefined) window.RS_MODULES.checkMinimal()}\n\t\t\t\t<\/script>\n\t\t\t<\/rs-module-wrap>\n\t\t\t<!-- END REVOLUTION SLIDER -->\n[\/vc_column][\/vc_row][vc_row row_remove_top_margin=\u00a0\u00bbtrue\u00a0\u00bb row_remove_bottom_margin=\u00a0\u00bbtrue\u00a0\u00bb dahz_id=\u00a0\u00bb1543571495470-ab3ef60f-7cd8&Prime; el_class=\u00a0\u00bbbread\u00a0\u00bb][vc_column dahz_id=\u00a0\u00bb1543571495478-9b6fdd06-3d02&Prime;][vc_column_text css=\u00a0\u00bb.vc_custom_1543586328980{margin-bottom: 0px !important;}\u00a0\u00bb]<span><span><a href=\"https:\/\/borgodelluccellaia.it\/fr\/\">Home<\/a><\/span><\/span>[\/vc_column_text][\/vc_column][\/vc_row][vc_row dahz_id=\u00a0\u00bb1543576554481-4fd3ff22-10a7&Prime;][vc_column dahz_id=\u00a0\u00bb1543576554491-f3ce1922-d15b\u00a0\u00bb][vc_custom_heading text=\u00a0\u00bbMarciana Marina\u00a0\u00bb font_container=\u00a0\u00bbtag:h3|text_align:left\u00a0\u00bb use_theme_fonts=\u00a0\u00bbyes\u00a0\u00bb dahz_id=\u00a0\u00bb1543576554500-a76558d7-37f4&Prime; margin_top=\u00a0\u00bb20&Prime;][vc_column_text]<\/p>\n<p id=\"tw-target-text\" class=\"tw-data-text tw-text-large tw-ta\" dir=\"ltr\" data-placeholder=\"Traduzione\" data-ved=\"2ahUKEwjftr2PqMyOAxVxhv0HHS5uIJ8Q3ewLegQICRAV\" aria-label=\"Testo tradotto: Le village pittoresque de Marciana Marina offre une large gamme de services touristiques. Il se trouve derri\u00e8re le romantique Lungomare Regina Margherita, qui s'\u00e9tend de l'ancien Borgo del Cotone \u00e0 la Torre degli Appiani, situ\u00e9e derri\u00e8re le port de plaisance. La promenade du Lungomare est bord\u00e9e de boutiques, de bars et de restaurants. La grande place centrale Vittorio Emanuele, domin\u00e9e par le clocher de l'\u00e9glise paroissiale Santa Chiara (patronne de la ville), dont la f\u00eate est c\u00e9l\u00e9br\u00e9e le 12 ao\u00fbt, m\u00e9rite \u00e9galement une visite. Pour l'occasion, outre la traditionnelle b\u00e9n\u00e9diction de la mer, un feu d'artifice musical d'une rare beaut\u00e9 est offert. Ce merveilleux spectacle peut \u00eatre appr\u00e9ci\u00e9 en toute tranquillit\u00e9 depuis le jardin et les terrasses panoramiques du Borgo dell'Uccellaia.\"><span class=\"Y2IQFc\" lang=\"fr\">Le village pittoresque de <strong>Marciana Marina<\/strong> offre une large gamme de services touristiques. Il se trouve derri\u00e8re le romantique Lungomare Regina Margherita, qui s&rsquo;\u00e9tend de l&rsquo;ancien Borgo del Cotone \u00e0 la Torre degli Appiani, situ\u00e9e derri\u00e8re le port de plaisance. La promenade du Lungomare est bord\u00e9e de boutiques, de bars et de restaurants. La grande place centrale Vittorio Emanuele, domin\u00e9e par le clocher de l&rsquo;\u00e9glise paroissiale <strong>Santa Chiara<\/strong> (patronne de la ville), dont la f\u00eate est c\u00e9l\u00e9br\u00e9e le 12 ao\u00fbt, m\u00e9rite \u00e9galement une visite. Pour l&rsquo;occasion, outre la traditionnelle b\u00e9n\u00e9diction de la mer, un feu d&rsquo;artifice musical d&rsquo;une rare beaut\u00e9 est offert. Ce merveilleux spectacle peut \u00eatre appr\u00e9ci\u00e9 en toute tranquillit\u00e9 depuis le jardin et les terrasses panoramiques du Borgo dell&rsquo;Uccellaia.<\/span><\/p>\n<p>[\/vc_column_text][\/vc_column][\/vc_row]<\/p>\n<\/section>","protected":false},"excerpt":{"rendered":"<p>[vc_row row_remove_top_margin=\u00a0\u00bbtrue\u00a0\u00bb row_remove_bottom_margin=\u00a0\u00bbtrue\u00a0\u00bb row_stretch=\u00a0\u00bbuk-container-expand uk-padding-remove-horizontal\u00a0\u00bb row_custom_media_type=\u00a0\u00bbimage\u00a0\u00bb row_background_image_size=\u00a0\u00bbuk-background-cover\u00a0\u00bb row_background_image_repeat=\u00a0\u00bbuk-background-norepeat\u00a0\u00bb row_background_image_position=\u00a0\u00bbuk-background-top-center\u00a0\u00bb row_bottom_shape_divider=\u00a0\u00bbmountains\u00a0\u00bb dahz_id=\u00a0\u00bb1543569849406-45d20337-98f8&Prime; row_background_image=\u00a0\u00bb730&Prime; row_bottom_shape_divider_color=\u00a0\u00bb#ffffff\u00a0\u00bb][vc_column dahz_id=\u00a0\u00bb1543569849411-3bfa66d9-8f52&Prime; css=\u00a0\u00bb.vc_custom_1543574748057{padding-top: 0px !important;}\u00a0\u00bb][\/vc_column][\/vc_row][vc_row row_remove_top_margin=\u00a0\u00bbtrue\u00a0\u00bb row_remove_bottom_margin=\u00a0\u00bbtrue\u00a0\u00bb dahz_id=\u00a0\u00bb1543571495470-ab3ef60f-7cd8&Prime; el_class=\u00a0\u00bbbread\u00a0\u00bb][vc_column dahz_id=\u00a0\u00bb1543571495478-9b6fdd06-3d02&Prime;][vc_column_text css=\u00a0\u00bb.vc_custom_1543586328980{margin-bottom: 0px !important;}\u00a0\u00bb][\/vc_column_text][\/vc_column][\/vc_row][vc_row dahz_id=\u00a0\u00bb1543576554481-4fd3ff22-10a7&Prime;][vc_column dahz_id=\u00a0\u00bb1543576554491-f3ce1922-d15b\u00a0\u00bb][vc_custom_heading text=\u00a0\u00bbMarciana Marina\u00a0\u00bb font_container=\u00a0\u00bbtag:h3|text_align:left\u00a0\u00bb use_theme_fonts=\u00a0\u00bbyes\u00a0\u00bb dahz_id=\u00a0\u00bb1543576554500-a76558d7-37f4&Prime; margin_top=\u00a0\u00bb20&Prime;][vc_column_text] Le village pittoresque de Marciana Marina offre une large gamme de services touristiques. Il se trouve derri\u00e8re le romantique Lungomare Regina Margherita, &hellip;<\/p>\n","protected":false},"author":5,"featured_media":4224,"parent":4263,"menu_order":1,"comment_status":"closed","ping_status":"closed","template":"","meta":{"footnotes":""},"class_list":["post-4223","page","type-page","status-publish","has-post-thumbnail","hentry"],"yoast_head":"<!-- This site is optimized with the Yoast SEO plugin v27.4 - https:\/\/yoast.com\/product\/yoast-seo-wordpress\/ -->\n<title>Marciana Marina - Borgo dell&#039;Uccellaia, Isola d&#039;Elba<\/title>\n<meta name=\"description\" content=\"Il pittoresco paese di Marciana Marina, offre i maggiori servizi turistici. Si sviluppa alle spalle del romantico lungomare Regina Margherita.\" \/>\n<meta name=\"robots\" content=\"index, follow, max-snippet:-1, max-image-preview:large, max-video-preview:-1\" \/>\n<link rel=\"canonical\" href=\"https:\/\/borgodelluccellaia.it\/fr\/ou-nous-sommes\/marciana-marina\/\" \/>\n<meta property=\"og:locale\" content=\"fr_FR\" \/>\n<meta property=\"og:type\" content=\"article\" \/>\n<meta property=\"og:title\" content=\"Marciana Marina - Borgo dell&#039;Uccellaia, Isola d&#039;Elba\" \/>\n<meta property=\"og:description\" content=\"Il pittoresco paese di Marciana Marina, offre i maggiori servizi turistici. Si sviluppa alle spalle del romantico lungomare Regina Margherita.\" \/>\n<meta property=\"og:url\" content=\"https:\/\/borgodelluccellaia.it\/fr\/ou-nous-sommes\/marciana-marina\/\" \/>\n<meta property=\"og:site_name\" content=\"Borgo dell&#039;Uccellaia\" \/>\n<meta property=\"article:publisher\" content=\"https:\/\/www.facebook.com\/BorgoDelluccellaia\/\" \/>\n<meta property=\"article:modified_time\" content=\"2025-07-24T14:26:23+00:00\" \/>\n<meta property=\"og:image\" content=\"https:\/\/borgodelluccellaia.it\/wp-content\/uploads\/header_pag_07.jpg\" \/>\n\t<meta property=\"og:image:width\" content=\"1920\" \/>\n\t<meta property=\"og:image:height\" content=\"1080\" \/>\n\t<meta property=\"og:image:type\" content=\"image\/jpeg\" \/>\n<meta name=\"twitter:card\" content=\"summary_large_image\" \/>\n<meta name=\"twitter:label1\" content=\"Dur\u00e9e de lecture estim\u00e9e\" \/>\n\t<meta name=\"twitter:data1\" content=\"2 minutes\" \/>\n<script type=\"application\/ld+json\" class=\"yoast-schema-graph\">{\"@context\":\"https:\\\/\\\/schema.org\",\"@graph\":[{\"@type\":\"WebPage\",\"@id\":\"https:\\\/\\\/borgodelluccellaia.it\\\/fr\\\/ou-nous-sommes\\\/marciana-marina\\\/\",\"url\":\"https:\\\/\\\/borgodelluccellaia.it\\\/fr\\\/ou-nous-sommes\\\/marciana-marina\\\/\",\"name\":\"Marciana Marina - Borgo dell&#039;Uccellaia, Isola d'Elba\",\"isPartOf\":{\"@id\":\"https:\\\/\\\/borgodelluccellaia.it\\\/#website\"},\"primaryImageOfPage\":{\"@id\":\"https:\\\/\\\/borgodelluccellaia.it\\\/fr\\\/ou-nous-sommes\\\/marciana-marina\\\/#primaryimage\"},\"image\":{\"@id\":\"https:\\\/\\\/borgodelluccellaia.it\\\/fr\\\/ou-nous-sommes\\\/marciana-marina\\\/#primaryimage\"},\"thumbnailUrl\":\"https:\\\/\\\/borgodelluccellaia.it\\\/wp-content\\\/uploads\\\/header_pag_07.jpg\",\"datePublished\":\"2018-12-03T09:04:02+00:00\",\"dateModified\":\"2025-07-24T14:26:23+00:00\",\"description\":\"Il pittoresco paese di Marciana Marina, offre i maggiori servizi turistici. Si sviluppa alle spalle del romantico lungomare Regina Margherita.\",\"breadcrumb\":{\"@id\":\"https:\\\/\\\/borgodelluccellaia.it\\\/fr\\\/ou-nous-sommes\\\/marciana-marina\\\/#breadcrumb\"},\"inLanguage\":\"fr-FR\",\"potentialAction\":[{\"@type\":\"ReadAction\",\"target\":[\"https:\\\/\\\/borgodelluccellaia.it\\\/fr\\\/ou-nous-sommes\\\/marciana-marina\\\/\"]}]},{\"@type\":\"ImageObject\",\"inLanguage\":\"fr-FR\",\"@id\":\"https:\\\/\\\/borgodelluccellaia.it\\\/fr\\\/ou-nous-sommes\\\/marciana-marina\\\/#primaryimage\",\"url\":\"https:\\\/\\\/borgodelluccellaia.it\\\/wp-content\\\/uploads\\\/header_pag_07.jpg\",\"contentUrl\":\"https:\\\/\\\/borgodelluccellaia.it\\\/wp-content\\\/uploads\\\/header_pag_07.jpg\",\"width\":1920,\"height\":1080},{\"@type\":\"BreadcrumbList\",\"@id\":\"https:\\\/\\\/borgodelluccellaia.it\\\/fr\\\/ou-nous-sommes\\\/marciana-marina\\\/#breadcrumb\",\"itemListElement\":[{\"@type\":\"ListItem\",\"position\":1,\"name\":\"Home\",\"item\":\"https:\\\/\\\/borgodelluccellaia.it\\\/fr\\\/\"},{\"@type\":\"ListItem\",\"position\":2,\"name\":\"O\u00f9 nous sommes\",\"item\":\"https:\\\/\\\/borgodelluccellaia.it\\\/fr\\\/ou-nous-sommes\\\/\"},{\"@type\":\"ListItem\",\"position\":3,\"name\":\"Marciana Marina\"}]},{\"@type\":\"WebSite\",\"@id\":\"https:\\\/\\\/borgodelluccellaia.it\\\/#website\",\"url\":\"https:\\\/\\\/borgodelluccellaia.it\\\/\",\"name\":\"Borgo dell'Uccellaia\",\"description\":\"Marciana Marina\",\"publisher\":{\"@id\":\"https:\\\/\\\/borgodelluccellaia.it\\\/#organization\"},\"potentialAction\":[{\"@type\":\"SearchAction\",\"target\":{\"@type\":\"EntryPoint\",\"urlTemplate\":\"https:\\\/\\\/borgodelluccellaia.it\\\/?s={search_term_string}\"},\"query-input\":{\"@type\":\"PropertyValueSpecification\",\"valueRequired\":true,\"valueName\":\"search_term_string\"}}],\"inLanguage\":\"fr-FR\"},{\"@type\":\"Organization\",\"@id\":\"https:\\\/\\\/borgodelluccellaia.it\\\/#organization\",\"name\":\"Borgo dell'Uccellaia\",\"url\":\"https:\\\/\\\/borgodelluccellaia.it\\\/\",\"logo\":{\"@type\":\"ImageObject\",\"inLanguage\":\"fr-FR\",\"@id\":\"https:\\\/\\\/borgodelluccellaia.it\\\/#\\\/schema\\\/logo\\\/image\\\/\",\"url\":\"https:\\\/\\\/borgodelluccellaia.it\\\/wp-content\\\/uploads\\\/icon_borgo_dell_uccellaia.png\",\"contentUrl\":\"https:\\\/\\\/borgodelluccellaia.it\\\/wp-content\\\/uploads\\\/icon_borgo_dell_uccellaia.png\",\"width\":512,\"height\":512,\"caption\":\"Borgo dell'Uccellaia\"},\"image\":{\"@id\":\"https:\\\/\\\/borgodelluccellaia.it\\\/#\\\/schema\\\/logo\\\/image\\\/\"},\"sameAs\":[\"https:\\\/\\\/www.facebook.com\\\/BorgoDelluccellaia\\\/\"]}]}<\/script>\n<!-- \/ Yoast SEO plugin. -->","yoast_head_json":{"title":"Marciana Marina - Borgo dell&#039;Uccellaia, Isola d'Elba","description":"Il pittoresco paese di Marciana Marina, offre i maggiori servizi turistici. Si sviluppa alle spalle del romantico lungomare Regina Margherita.","robots":{"index":"index","follow":"follow","max-snippet":"max-snippet:-1","max-image-preview":"max-image-preview:large","max-video-preview":"max-video-preview:-1"},"canonical":"https:\/\/borgodelluccellaia.it\/fr\/ou-nous-sommes\/marciana-marina\/","og_locale":"fr_FR","og_type":"article","og_title":"Marciana Marina - Borgo dell&#039;Uccellaia, Isola d'Elba","og_description":"Il pittoresco paese di Marciana Marina, offre i maggiori servizi turistici. Si sviluppa alle spalle del romantico lungomare Regina Margherita.","og_url":"https:\/\/borgodelluccellaia.it\/fr\/ou-nous-sommes\/marciana-marina\/","og_site_name":"Borgo dell&#039;Uccellaia","article_publisher":"https:\/\/www.facebook.com\/BorgoDelluccellaia\/","article_modified_time":"2025-07-24T14:26:23+00:00","og_image":[{"width":1920,"height":1080,"url":"https:\/\/borgodelluccellaia.it\/wp-content\/uploads\/header_pag_07.jpg","type":"image\/jpeg"}],"twitter_card":"summary_large_image","twitter_misc":{"Dur\u00e9e de lecture estim\u00e9e":"2 minutes"},"schema":{"@context":"https:\/\/schema.org","@graph":[{"@type":"WebPage","@id":"https:\/\/borgodelluccellaia.it\/fr\/ou-nous-sommes\/marciana-marina\/","url":"https:\/\/borgodelluccellaia.it\/fr\/ou-nous-sommes\/marciana-marina\/","name":"Marciana Marina - Borgo dell&#039;Uccellaia, Isola d'Elba","isPartOf":{"@id":"https:\/\/borgodelluccellaia.it\/#website"},"primaryImageOfPage":{"@id":"https:\/\/borgodelluccellaia.it\/fr\/ou-nous-sommes\/marciana-marina\/#primaryimage"},"image":{"@id":"https:\/\/borgodelluccellaia.it\/fr\/ou-nous-sommes\/marciana-marina\/#primaryimage"},"thumbnailUrl":"https:\/\/borgodelluccellaia.it\/wp-content\/uploads\/header_pag_07.jpg","datePublished":"2018-12-03T09:04:02+00:00","dateModified":"2025-07-24T14:26:23+00:00","description":"Il pittoresco paese di Marciana Marina, offre i maggiori servizi turistici. Si sviluppa alle spalle del romantico lungomare Regina Margherita.","breadcrumb":{"@id":"https:\/\/borgodelluccellaia.it\/fr\/ou-nous-sommes\/marciana-marina\/#breadcrumb"},"inLanguage":"fr-FR","potentialAction":[{"@type":"ReadAction","target":["https:\/\/borgodelluccellaia.it\/fr\/ou-nous-sommes\/marciana-marina\/"]}]},{"@type":"ImageObject","inLanguage":"fr-FR","@id":"https:\/\/borgodelluccellaia.it\/fr\/ou-nous-sommes\/marciana-marina\/#primaryimage","url":"https:\/\/borgodelluccellaia.it\/wp-content\/uploads\/header_pag_07.jpg","contentUrl":"https:\/\/borgodelluccellaia.it\/wp-content\/uploads\/header_pag_07.jpg","width":1920,"height":1080},{"@type":"BreadcrumbList","@id":"https:\/\/borgodelluccellaia.it\/fr\/ou-nous-sommes\/marciana-marina\/#breadcrumb","itemListElement":[{"@type":"ListItem","position":1,"name":"Home","item":"https:\/\/borgodelluccellaia.it\/fr\/"},{"@type":"ListItem","position":2,"name":"O\u00f9 nous sommes","item":"https:\/\/borgodelluccellaia.it\/fr\/ou-nous-sommes\/"},{"@type":"ListItem","position":3,"name":"Marciana Marina"}]},{"@type":"WebSite","@id":"https:\/\/borgodelluccellaia.it\/#website","url":"https:\/\/borgodelluccellaia.it\/","name":"Borgo dell'Uccellaia","description":"Marciana Marina","publisher":{"@id":"https:\/\/borgodelluccellaia.it\/#organization"},"potentialAction":[{"@type":"SearchAction","target":{"@type":"EntryPoint","urlTemplate":"https:\/\/borgodelluccellaia.it\/?s={search_term_string}"},"query-input":{"@type":"PropertyValueSpecification","valueRequired":true,"valueName":"search_term_string"}}],"inLanguage":"fr-FR"},{"@type":"Organization","@id":"https:\/\/borgodelluccellaia.it\/#organization","name":"Borgo dell'Uccellaia","url":"https:\/\/borgodelluccellaia.it\/","logo":{"@type":"ImageObject","inLanguage":"fr-FR","@id":"https:\/\/borgodelluccellaia.it\/#\/schema\/logo\/image\/","url":"https:\/\/borgodelluccellaia.it\/wp-content\/uploads\/icon_borgo_dell_uccellaia.png","contentUrl":"https:\/\/borgodelluccellaia.it\/wp-content\/uploads\/icon_borgo_dell_uccellaia.png","width":512,"height":512,"caption":"Borgo dell'Uccellaia"},"image":{"@id":"https:\/\/borgodelluccellaia.it\/#\/schema\/logo\/image\/"},"sameAs":["https:\/\/www.facebook.com\/BorgoDelluccellaia\/"]}]}},"_links":{"self":[{"href":"https:\/\/borgodelluccellaia.it\/fr\/wp-json\/wp\/v2\/pages\/4223","targetHints":{"allow":["GET"]}}],"collection":[{"href":"https:\/\/borgodelluccellaia.it\/fr\/wp-json\/wp\/v2\/pages"}],"about":[{"href":"https:\/\/borgodelluccellaia.it\/fr\/wp-json\/wp\/v2\/types\/page"}],"author":[{"embeddable":true,"href":"https:\/\/borgodelluccellaia.it\/fr\/wp-json\/wp\/v2\/users\/5"}],"replies":[{"embeddable":true,"href":"https:\/\/borgodelluccellaia.it\/fr\/wp-json\/wp\/v2\/comments?post=4223"}],"version-history":[{"count":3,"href":"https:\/\/borgodelluccellaia.it\/fr\/wp-json\/wp\/v2\/pages\/4223\/revisions"}],"predecessor-version":[{"id":4609,"href":"https:\/\/borgodelluccellaia.it\/fr\/wp-json\/wp\/v2\/pages\/4223\/revisions\/4609"}],"up":[{"embeddable":true,"href":"https:\/\/borgodelluccellaia.it\/fr\/wp-json\/wp\/v2\/pages\/4263"}],"wp:featuredmedia":[{"embeddable":true,"href":"https:\/\/borgodelluccellaia.it\/fr\/wp-json\/wp\/v2\/media\/4224"}],"wp:attachment":[{"href":"https:\/\/borgodelluccellaia.it\/fr\/wp-json\/wp\/v2\/media?parent=4223"}],"curies":[{"name":"wp","href":"https:\/\/api.w.org\/{rel}","templated":true}]}}