{"id":4176,"date":"2018-12-03T15:41:16","date_gmt":"2018-12-03T14:41:16","guid":{"rendered":"https:\/\/borgodelluccellaia.it\/le-dimore\/"},"modified":"2025-05-14T20:15:00","modified_gmt":"2025-05-14T18:15:00","slug":"logements","status":"publish","type":"page","link":"https:\/\/borgodelluccellaia.it\/fr\/logements\/","title":{"rendered":"Logements"},"content":{"rendered":"<section class=\"wpb-content-wrapper\"><p>[vc_row row_remove_top_margin=\u00a0\u00bbtrue\u00a0\u00bb row_remove_bottom_margin=\u00a0\u00bbtrue\u00a0\u00bb row_stretch=\u00a0\u00bbuk-container-expand uk-padding-remove-horizontal\u00a0\u00bb row_custom_media_type=\u00a0\u00bbimage\u00a0\u00bb row_background_image_size=\u00a0\u00bbuk-background-cover\u00a0\u00bb row_background_image_repeat=\u00a0\u00bbuk-background-norepeat\u00a0\u00bb row_background_image_position=\u00a0\u00bbuk-background-top-center\u00a0\u00bb row_bottom_shape_divider=\u00a0\u00bbmountains\u00a0\u00bb dahz_id=\u00a0\u00bb1543569849406-45d20337-98f8&Prime; row_background_image=\u00a0\u00bb864&Prime; row_bottom_shape_divider_color=\u00a0\u00bb#ffffff\u00a0\u00bb][vc_column dahz_id=\u00a0\u00bb1543569849411-3bfa66d9-8f52&Prime; css=\u00a0\u00bb.vc_custom_1543574748057{padding-top: 0px !important;}\u00a0\u00bb][vc_empty_space height=\u00a0\u00bb500px\u00a0\u00bb el_class=\u00a0\u00bbheadresp\u00a0\u00bb][\/vc_column][\/vc_row][vc_row row_remove_top_margin=\u00a0\u00bbtrue\u00a0\u00bb row_remove_bottom_margin=\u00a0\u00bbtrue\u00a0\u00bb dahz_id=\u00a0\u00bb1543571495470-ab3ef60f-7cd8&Prime; el_class=\u00a0\u00bbbread\u00a0\u00bb][vc_column dahz_id=\u00a0\u00bb1543571495478-9b6fdd06-3d02&Prime;][vc_column_text css=\u00a0\u00bb.vc_custom_1543586328980{margin-bottom: 0px !important;}\u00a0\u00bb]<span><span><a href=\"https:\/\/borgodelluccellaia.it\/fr\/\">Home<\/a><\/span><\/span>[\/vc_column_text][\/vc_column][\/vc_row][vc_row dahz_id=\u00a0\u00bb1543576554481-4fd3ff22-10a7&Prime;][vc_column dahz_id=\u00a0\u00bb1543576554491-f3ce1922-d15b\u00a0\u00bb][vc_custom_heading text=\u00a0\u00bbLe Dimore\u00a0\u00bb font_container=\u00a0\u00bbtag:h3|text_align:left\u00a0\u00bb use_theme_fonts=\u00a0\u00bbyes\u00a0\u00bb dahz_id=\u00a0\u00bb1543576554500-a76558d7-37f4&Prime; margin_top=\u00a0\u00bb20&Prime;][vc_column_text]Les logements du Borgo dell&rsquo;Uccellaia sont des logements touristiques de <strong>construction r\u00e9cente<\/strong> situ\u00e9s sur la colline en face du village de Marciana Marina, dans la localit\u00e9 d&rsquo;Uccellaia.<\/p>\n<p>Elles se trouvent dans une <strong>position panoramique,<\/strong> au milieu de terrasses construites selon l&rsquo;ancienne technique de construction de murs en pierre s\u00e8che, dans un jardin ombrag\u00e9 et bien entretenu.<\/p>\n<p>Chaque r\u00e9sidence offre des <strong>espaces int\u00e9rieurs bien organis\u00e9s<\/strong>, un environnement harmonieux o\u00f9 chaque d\u00e9tail est pris en compte. \u00c0 l&rsquo;ext\u00e9rieur, en plus d&rsquo;une entr\u00e9e ind\u00e9pendante, elles disposent de v\u00e9randas \u00e9quip\u00e9es et de jardins \u00e0 usage exclusif.<\/p>\n<p>Parmi <strong>les services offerts<\/strong> : climatisation, place de parking dans le jardin, connexion WiFi gratuite, barbecue, chauffage ind\u00e9pendant, animaux admis sur demande. De nombreux autres services sont indiqu\u00e9s dans la fiche technique de chaque logement.[\/vc_column_text][\/vc_column][\/vc_row][vc_row dahz_id=\u00a0\u00bb1543848664797-4c3a2e0d-609d\u00a0\u00bb][vc_column width=\u00a0\u00bb1\/3&Prime; dahz_id=\u00a0\u00bb1543848664829-f1c4ef84-9e52&Prime;]<div class=\"uk-position-relative de-shortcode__wrapper de-shortcode__wrapper--dahz_banner_image uk-margin\" data-dahz-shortcode-key=\"1543854981843-26aa5e42-6219\" style=\"\">\r\n\t<div data-hover-effect=\"zoom-glare\" class=\"de-sc-banner-image uk-position-relative uk-box-shadow-hover-small\" style=\"padding-bottom: 62.5%;\">\r\n\t<a href=\"https:\/\/borgodelluccellaia.it\/fr\/logements\/ambra\/\" target=\"_self\">\r\n\t\t\t\t\t<div class=\"de-sc-banner-image__image\" style=\"background-image: url(https:\/\/borgodelluccellaia.it\/wp-content\/uploads\/dimora_ambra_00.jpg);\"><\/div>\r\n\t\t\t\t\t\t<div class=\"de-sc-banner-image__overlay\" style=\"background-color: rgba(0,0,0,0.5)\"><\/div>\r\n\t\t<div class=\"uk-width-1-1 de-sc-banner-image__content-wrap uk-visible-toggle  uk-padding-remove\">\r\n\t\t\t<div class=\"uk-text-center uk-position-center uk-position\">\r\n\t\t\t\t\t\t\t\t\t<h2 class=\"uk-margin-small\" style=\"color: #ffffff;\">AMBRA<\/h2>\r\n\t\t\t\t\t\t\t\t<div class=\"de-sc-banner-image__description uk-width-1-1\" style=\"color: #dddddd;\">\r\n\t\t\t\t\t\t\t\t<\/div>\r\n\t\t\t\t\t\t\t<\/div>\r\n\t\t<\/div>\r\n\t<\/a>\r\n<\/div><\/div>\r\n[\/vc_column][vc_column width=\u00a0\u00bb1\/3&Prime; dahz_id=\u00a0\u00bb1543848671341-5f24b69b-1916&Prime;]<div class=\"uk-position-relative de-shortcode__wrapper de-shortcode__wrapper--dahz_banner_image uk-margin\" data-dahz-shortcode-key=\"1543854981898-c3e4ae5e-d849\" style=\"\">\r\n\t<div data-hover-effect=\"zoom-glare\" class=\"de-sc-banner-image uk-position-relative uk-box-shadow-hover-small\" style=\"padding-bottom: 62.5%;\">\r\n\t<a href=\"https:\/\/borgodelluccellaia.it\/fr\/logements\/ametista\" target=\"_self\">\r\n\t\t\t\t\t<div class=\"de-sc-banner-image__image\" style=\"background-image: url(https:\/\/borgodelluccellaia.it\/wp-content\/uploads\/dimora_ametista_00.jpg);\"><\/div>\r\n\t\t\t\t\t\t<div class=\"de-sc-banner-image__overlay\" style=\"background-color: rgba(0,0,0,0.5)\"><\/div>\r\n\t\t<div class=\"uk-width-1-1 de-sc-banner-image__content-wrap uk-visible-toggle  uk-padding-remove\">\r\n\t\t\t<div class=\"uk-text-center uk-position-center uk-position\">\r\n\t\t\t\t\t\t\t\t\t<h2 class=\"uk-margin-small\" style=\"color: #ffffff;\">AMETISTA<\/h2>\r\n\t\t\t\t\t\t\t\t<div class=\"de-sc-banner-image__description uk-width-1-1\" style=\"color: #dddddd;\">\r\n\t\t\t\t\t\t\t\t<\/div>\r\n\t\t\t\t\t\t\t<\/div>\r\n\t\t<\/div>\r\n\t<\/a>\r\n<\/div><\/div>\r\n[\/vc_column][vc_column width=\u00a0\u00bb1\/3&Prime; dahz_id=\u00a0\u00bb1543848671346-ec9e1514-ef37&Prime;]<div class=\"uk-position-relative de-shortcode__wrapper de-shortcode__wrapper--dahz_banner_image uk-margin\" data-dahz-shortcode-key=\"1543848717329-f1b44f41-291b\" style=\"\">\r\n\t<div data-hover-effect=\"zoom-glare\" class=\"de-sc-banner-image uk-position-relative uk-box-shadow-hover-small\" style=\"padding-bottom: 62.5%;\">\r\n\t<a href=\"https:\/\/borgodelluccellaia.it\/fr\/logements\/giada\" target=\"_self\">\r\n\t\t\t\t\t<div class=\"de-sc-banner-image__image\" style=\"background-image: url(https:\/\/borgodelluccellaia.it\/wp-content\/uploads\/dimora_giada_00.jpg);\"><\/div>\r\n\t\t\t\t\t\t<div class=\"de-sc-banner-image__overlay\" style=\"background-color: rgba(0,0,0,0.5)\"><\/div>\r\n\t\t<div class=\"uk-width-1-1 de-sc-banner-image__content-wrap uk-visible-toggle  uk-padding-remove\">\r\n\t\t\t<div class=\"uk-text-center uk-position-center uk-position\">\r\n\t\t\t\t\t\t\t\t\t<h2 class=\"uk-margin-small\" style=\"color: #ffffff;\">GIADA<\/h2>\r\n\t\t\t\t\t\t\t\t<div class=\"de-sc-banner-image__description uk-width-1-1\">\r\n\t\t\t\t\t\t\t\t<\/div>\r\n\t\t\t\t\t\t\t<\/div>\r\n\t\t<\/div>\r\n\t<\/a>\r\n<\/div><\/div>\r\n[\/vc_column][\/vc_row][vc_row dahz_id=\u00a0\u00bb1543854981785-a1094e49-a7c8&Prime;][vc_column width=\u00a0\u00bb1\/3&Prime; dahz_id=\u00a0\u00bb1543854981820-10136472-3670&Prime;]<div class=\"uk-position-relative de-shortcode__wrapper de-shortcode__wrapper--dahz_banner_image uk-margin\" data-dahz-shortcode-key=\"1543854981943-fa5fa5fa-4867\" style=\"\">\r\n\t<div data-hover-effect=\"zoom-glare\" class=\"de-sc-banner-image uk-position-relative uk-box-shadow-hover-small\" style=\"padding-bottom: 63%;\">\r\n\t<a href=\"https:\/\/borgodelluccellaia.it\/fr\/logements\/quarzo\" target=\"_self\">\r\n\t\t\t\t\t<div class=\"de-sc-banner-image__image\" style=\"background-image: url(https:\/\/borgodelluccellaia.it\/wp-content\/uploads\/photo_2025-04-10_16-54-18-200x126.jpg);\"><\/div>\r\n\t\t\t\t\t\t<div class=\"de-sc-banner-image__overlay\" style=\"background-color: rgba(0,0,0,0.5)\"><\/div>\r\n\t\t<div class=\"uk-width-1-1 de-sc-banner-image__content-wrap uk-visible-toggle  uk-padding-remove\">\r\n\t\t\t<div class=\"uk-text-center uk-position-center uk-position\">\r\n\t\t\t\t\t\t\t\t\t<h2 class=\"uk-margin-small\" style=\"color: #ffffff;\">QUARZO<\/h2>\r\n\t\t\t\t\t\t\t\t<div class=\"de-sc-banner-image__description uk-width-1-1\" style=\"color: #dddddd;\">\r\n\t\t\t\t\t\t\t\t<\/div>\r\n\t\t\t\t\t\t\t<\/div>\r\n\t\t<\/div>\r\n\t<\/a>\r\n<\/div><\/div>\r\n[\/vc_column][vc_column width=\u00a0\u00bb1\/3&Prime; dahz_id=\u00a0\u00bb1543854981868-46199dca-4f25&Prime;]<div class=\"uk-position-relative de-shortcode__wrapper de-shortcode__wrapper--dahz_banner_image uk-margin\" data-dahz-shortcode-key=\"1543851526468-c5eb106e-f74f\" style=\"\">\r\n\t<div data-hover-effect=\"zoom-glare\" class=\"de-sc-banner-image uk-position-relative uk-box-shadow-hover-small\" style=\"padding-bottom: 62.5%;\">\r\n\t<a href=\"https:\/\/borgodelluccellaia.it\/fr\/logements\/smeraldo\" target=\"_self\">\r\n\t\t\t\t\t<div class=\"de-sc-banner-image__image\" style=\"background-image: url(https:\/\/borgodelluccellaia.it\/wp-content\/uploads\/dimora_smeraldo_00.jpg);\"><\/div>\r\n\t\t\t\t\t\t<div class=\"de-sc-banner-image__overlay\" style=\"background-color: rgba(0,0,0,0.5)\"><\/div>\r\n\t\t<div class=\"uk-width-1-1 de-sc-banner-image__content-wrap uk-visible-toggle  uk-padding-remove\">\r\n\t\t\t<div class=\"uk-text-center uk-position-center uk-position\">\r\n\t\t\t\t\t\t\t\t\t<h2 class=\"uk-margin-small\" style=\"color: #ffffff;\">SMERALDO<\/h2>\r\n\t\t\t\t\t\t\t\t<div class=\"de-sc-banner-image__description uk-width-1-1\">\r\n\t\t\t\t\t\t\t\t<\/div>\r\n\t\t\t\t\t\t\t<\/div>\r\n\t\t<\/div>\r\n\t<\/a>\r\n<\/div><\/div>\r\n[\/vc_column][vc_column width=\u00a0\u00bb1\/3&Prime; dahz_id=\u00a0\u00bb1543854981920-36ca032d-5c7c\u00a0\u00bb]<div class=\"uk-position-relative de-shortcode__wrapper de-shortcode__wrapper--dahz_banner_image uk-margin\" data-dahz-shortcode-key=\"1543851530470-88c21548-6131\" style=\"\">\r\n\t<div data-hover-effect=\"zoom-glare\" class=\"de-sc-banner-image uk-position-relative uk-box-shadow-hover-small\" style=\"padding-bottom: 62.5%;\">\r\n\t<a href=\"https:\/\/borgodelluccellaia.it\/fr\/logements\/turchese\" target=\"_self\">\r\n\t\t\t\t\t<div class=\"de-sc-banner-image__image\" style=\"background-image: url(https:\/\/borgodelluccellaia.it\/wp-content\/uploads\/dimora_turchese_00.jpg);\"><\/div>\r\n\t\t\t\t\t\t<div class=\"de-sc-banner-image__overlay\" style=\"background-color: rgba(0,0,0,0.5)\"><\/div>\r\n\t\t<div class=\"uk-width-1-1 de-sc-banner-image__content-wrap uk-visible-toggle  uk-padding-remove\">\r\n\t\t\t<div class=\"uk-text-center uk-position-center uk-position\">\r\n\t\t\t\t\t\t\t\t\t<h2 class=\"uk-margin-small\" style=\"color: #ffffff;\">TURCHESE<\/h2>\r\n\t\t\t\t\t\t\t\t<div class=\"de-sc-banner-image__description uk-width-1-1\">\r\n\t\t\t\t\t\t\t\t<\/div>\r\n\t\t\t\t\t\t\t<\/div>\r\n\t\t<\/div>\r\n\t<\/a>\r\n<\/div><\/div>\r\n[\/vc_column][\/vc_row][vc_row dahz_id=\u00a0\u00bb1717741890801-6e049522-e778&Prime;][vc_column width=\u00a0\u00bb1\/3&Prime; dahz_id=\u00a0\u00bb1717741890901-c51ce24d-9c01&Prime;]<div class=\"uk-position-relative de-shortcode__wrapper de-shortcode__wrapper--dahz_banner_image uk-margin\" data-dahz-shortcode-key=\"1717741890917-7dedf42e-e042\" style=\"\">\r\n\t<div data-hover-effect=\"zoom-glare\" class=\"de-sc-banner-image uk-position-relative uk-box-shadow-hover-small\" style=\"padding-bottom: 62.5%;\">\r\n\t<a href=\"https:\/\/borgodelluccellaia.it\/fr\/logements\/rubino\" target=\"_self\">\r\n\t\t\t\t\t<div class=\"de-sc-banner-image__image\" style=\"background-image: url(https:\/\/borgodelluccellaia.it\/wp-content\/uploads\/dimora_rubino_00.jpg);\"><\/div>\r\n\t\t\t\t\t\t<div class=\"de-sc-banner-image__overlay\" style=\"background-color: rgba(0,0,0,0.5)\"><\/div>\r\n\t\t<div class=\"uk-width-1-1 de-sc-banner-image__content-wrap uk-visible-toggle  uk-padding-remove\">\r\n\t\t\t<div class=\"uk-text-center uk-position-center uk-position\">\r\n\t\t\t\t\t\t\t\t\t<h2 class=\"uk-margin-small\" style=\"color: #ffffff;\">RUBINO<\/h2>\r\n\t\t\t\t\t\t\t\t<div class=\"de-sc-banner-image__description uk-width-1-1\" style=\"color: #dddddd;\">\r\n\t\t\t\t\t\t\t\t\t<p>R\u00e9serv\u00e9 au bien<\/p>\n\t\t\t\t\t\t\t\t<\/div>\r\n\t\t\t\t\t\t\t<\/div>\r\n\t\t<\/div>\r\n\t<\/a>\r\n<\/div><\/div>\r\n[\/vc_column][\/vc_row]<\/p>\n<\/section>","protected":false},"excerpt":{"rendered":"<p>[vc_row row_remove_top_margin=\u00a0\u00bbtrue\u00a0\u00bb row_remove_bottom_margin=\u00a0\u00bbtrue\u00a0\u00bb row_stretch=\u00a0\u00bbuk-container-expand uk-padding-remove-horizontal\u00a0\u00bb row_custom_media_type=\u00a0\u00bbimage\u00a0\u00bb row_background_image_size=\u00a0\u00bbuk-background-cover\u00a0\u00bb row_background_image_repeat=\u00a0\u00bbuk-background-norepeat\u00a0\u00bb row_background_image_position=\u00a0\u00bbuk-background-top-center\u00a0\u00bb row_bottom_shape_divider=\u00a0\u00bbmountains\u00a0\u00bb dahz_id=\u00a0\u00bb1543569849406-45d20337-98f8&Prime; row_background_image=\u00a0\u00bb864&Prime; row_bottom_shape_divider_color=\u00a0\u00bb#ffffff\u00a0\u00bb][vc_column dahz_id=\u00a0\u00bb1543569849411-3bfa66d9-8f52&Prime; css=\u00a0\u00bb.vc_custom_1543574748057{padding-top: 0px !important;}\u00a0\u00bb][vc_empty_space height=\u00a0\u00bb500px\u00a0\u00bb el_class=\u00a0\u00bbheadresp\u00a0\u00bb][\/vc_column][\/vc_row][vc_row row_remove_top_margin=\u00a0\u00bbtrue\u00a0\u00bb row_remove_bottom_margin=\u00a0\u00bbtrue\u00a0\u00bb dahz_id=\u00a0\u00bb1543571495470-ab3ef60f-7cd8&Prime; el_class=\u00a0\u00bbbread\u00a0\u00bb][vc_column dahz_id=\u00a0\u00bb1543571495478-9b6fdd06-3d02&Prime;][vc_column_text css=\u00a0\u00bb.vc_custom_1543586328980{margin-bottom: 0px !important;}\u00a0\u00bb][\/vc_column_text][\/vc_column][\/vc_row][vc_row dahz_id=\u00a0\u00bb1543576554481-4fd3ff22-10a7&Prime;][vc_column dahz_id=\u00a0\u00bb1543576554491-f3ce1922-d15b\u00a0\u00bb][vc_custom_heading text=\u00a0\u00bbLe Dimore\u00a0\u00bb font_container=\u00a0\u00bbtag:h3|text_align:left\u00a0\u00bb use_theme_fonts=\u00a0\u00bbyes\u00a0\u00bb dahz_id=\u00a0\u00bb1543576554500-a76558d7-37f4&Prime; margin_top=\u00a0\u00bb20&Prime;][vc_column_text]Les logements du Borgo dell&rsquo;Uccellaia sont des logements touristiques de construction r\u00e9cente situ\u00e9s sur la colline en face du village de &hellip;<\/p>\n","protected":false},"author":5,"featured_media":4019,"parent":0,"menu_order":2,"comment_status":"closed","ping_status":"closed","template":"","meta":{"footnotes":""},"class_list":["post-4176","page","type-page","status-publish","has-post-thumbnail","hentry"],"yoast_head":"<!-- This site is optimized with the Yoast SEO plugin v27.4 - https:\/\/yoast.com\/product\/yoast-seo-wordpress\/ -->\n<title>Logements - Borgo dell&#039;Uccellaia,Marciana Marina, Isola d&#039;Elba<\/title>\n<meta name=\"description\" content=\"Les logements Borgo dell&#039;Uccellaia sont des logements touristiques r\u00e9cemment construits sur la colline en face du village de Marciana Marina.\" \/>\n<meta name=\"robots\" content=\"index, follow, max-snippet:-1, max-image-preview:large, max-video-preview:-1\" \/>\n<link rel=\"canonical\" href=\"https:\/\/borgodelluccellaia.it\/fr\/logements\/\" \/>\n<meta property=\"og:locale\" content=\"fr_FR\" \/>\n<meta property=\"og:type\" content=\"article\" \/>\n<meta property=\"og:title\" content=\"Logements - Borgo dell&#039;Uccellaia,Marciana Marina, Isola d&#039;Elba\" \/>\n<meta property=\"og:description\" content=\"Les logements Borgo dell&#039;Uccellaia sont des logements touristiques r\u00e9cemment construits sur la colline en face du village de Marciana Marina.\" \/>\n<meta property=\"og:url\" content=\"https:\/\/borgodelluccellaia.it\/fr\/logements\/\" \/>\n<meta property=\"og:site_name\" content=\"Borgo dell&#039;Uccellaia\" \/>\n<meta property=\"article:publisher\" content=\"https:\/\/www.facebook.com\/BorgoDelluccellaia\/\" \/>\n<meta property=\"article:modified_time\" content=\"2025-05-14T18:15:00+00:00\" \/>\n<meta property=\"og:image\" content=\"https:\/\/borgodelluccellaia.it\/wp-content\/uploads\/header_pag_03.jpg\" \/>\n\t<meta property=\"og:image:width\" content=\"1920\" \/>\n\t<meta property=\"og:image:height\" content=\"1080\" \/>\n\t<meta property=\"og:image:type\" content=\"image\/jpeg\" \/>\n<meta name=\"twitter:card\" content=\"summary_large_image\" \/>\n<meta name=\"twitter:label1\" content=\"Dur\u00e9e de lecture estim\u00e9e\" \/>\n\t<meta name=\"twitter:data1\" content=\"4 minutes\" \/>\n<script type=\"application\/ld+json\" class=\"yoast-schema-graph\">{\"@context\":\"https:\\\/\\\/schema.org\",\"@graph\":[{\"@type\":\"WebPage\",\"@id\":\"https:\\\/\\\/borgodelluccellaia.it\\\/fr\\\/logements\\\/\",\"url\":\"https:\\\/\\\/borgodelluccellaia.it\\\/fr\\\/logements\\\/\",\"name\":\"Logements - Borgo dell&#039;Uccellaia,Marciana Marina, Isola d'Elba\",\"isPartOf\":{\"@id\":\"https:\\\/\\\/borgodelluccellaia.it\\\/#website\"},\"primaryImageOfPage\":{\"@id\":\"https:\\\/\\\/borgodelluccellaia.it\\\/fr\\\/logements\\\/#primaryimage\"},\"image\":{\"@id\":\"https:\\\/\\\/borgodelluccellaia.it\\\/fr\\\/logements\\\/#primaryimage\"},\"thumbnailUrl\":\"https:\\\/\\\/borgodelluccellaia.it\\\/wp-content\\\/uploads\\\/header_pag_03.jpg\",\"datePublished\":\"2018-12-03T14:41:16+00:00\",\"dateModified\":\"2025-05-14T18:15:00+00:00\",\"description\":\"Les logements Borgo dell'Uccellaia sont des logements touristiques r\u00e9cemment construits sur la colline en face du village de Marciana Marina.\",\"breadcrumb\":{\"@id\":\"https:\\\/\\\/borgodelluccellaia.it\\\/fr\\\/logements\\\/#breadcrumb\"},\"inLanguage\":\"fr-FR\",\"potentialAction\":[{\"@type\":\"ReadAction\",\"target\":[\"https:\\\/\\\/borgodelluccellaia.it\\\/fr\\\/logements\\\/\"]}]},{\"@type\":\"ImageObject\",\"inLanguage\":\"fr-FR\",\"@id\":\"https:\\\/\\\/borgodelluccellaia.it\\\/fr\\\/logements\\\/#primaryimage\",\"url\":\"https:\\\/\\\/borgodelluccellaia.it\\\/wp-content\\\/uploads\\\/header_pag_03.jpg\",\"contentUrl\":\"https:\\\/\\\/borgodelluccellaia.it\\\/wp-content\\\/uploads\\\/header_pag_03.jpg\",\"width\":1920,\"height\":1080},{\"@type\":\"BreadcrumbList\",\"@id\":\"https:\\\/\\\/borgodelluccellaia.it\\\/fr\\\/logements\\\/#breadcrumb\",\"itemListElement\":[{\"@type\":\"ListItem\",\"position\":1,\"name\":\"Home\",\"item\":\"https:\\\/\\\/borgodelluccellaia.it\\\/fr\\\/\"},{\"@type\":\"ListItem\",\"position\":2,\"name\":\"Logements\"}]},{\"@type\":\"WebSite\",\"@id\":\"https:\\\/\\\/borgodelluccellaia.it\\\/#website\",\"url\":\"https:\\\/\\\/borgodelluccellaia.it\\\/\",\"name\":\"Borgo dell'Uccellaia\",\"description\":\"Marciana Marina\",\"publisher\":{\"@id\":\"https:\\\/\\\/borgodelluccellaia.it\\\/#organization\"},\"potentialAction\":[{\"@type\":\"SearchAction\",\"target\":{\"@type\":\"EntryPoint\",\"urlTemplate\":\"https:\\\/\\\/borgodelluccellaia.it\\\/?s={search_term_string}\"},\"query-input\":{\"@type\":\"PropertyValueSpecification\",\"valueRequired\":true,\"valueName\":\"search_term_string\"}}],\"inLanguage\":\"fr-FR\"},{\"@type\":\"Organization\",\"@id\":\"https:\\\/\\\/borgodelluccellaia.it\\\/#organization\",\"name\":\"Borgo dell'Uccellaia\",\"url\":\"https:\\\/\\\/borgodelluccellaia.it\\\/\",\"logo\":{\"@type\":\"ImageObject\",\"inLanguage\":\"fr-FR\",\"@id\":\"https:\\\/\\\/borgodelluccellaia.it\\\/#\\\/schema\\\/logo\\\/image\\\/\",\"url\":\"https:\\\/\\\/borgodelluccellaia.it\\\/wp-content\\\/uploads\\\/icon_borgo_dell_uccellaia.png\",\"contentUrl\":\"https:\\\/\\\/borgodelluccellaia.it\\\/wp-content\\\/uploads\\\/icon_borgo_dell_uccellaia.png\",\"width\":512,\"height\":512,\"caption\":\"Borgo dell'Uccellaia\"},\"image\":{\"@id\":\"https:\\\/\\\/borgodelluccellaia.it\\\/#\\\/schema\\\/logo\\\/image\\\/\"},\"sameAs\":[\"https:\\\/\\\/www.facebook.com\\\/BorgoDelluccellaia\\\/\"]}]}<\/script>\n<!-- \/ Yoast SEO plugin. -->","yoast_head_json":{"title":"Logements - Borgo dell&#039;Uccellaia,Marciana Marina, Isola d'Elba","description":"Les logements Borgo dell'Uccellaia sont des logements touristiques r\u00e9cemment construits sur la colline en face du village de Marciana Marina.","robots":{"index":"index","follow":"follow","max-snippet":"max-snippet:-1","max-image-preview":"max-image-preview:large","max-video-preview":"max-video-preview:-1"},"canonical":"https:\/\/borgodelluccellaia.it\/fr\/logements\/","og_locale":"fr_FR","og_type":"article","og_title":"Logements - Borgo dell&#039;Uccellaia,Marciana Marina, Isola d'Elba","og_description":"Les logements Borgo dell'Uccellaia sont des logements touristiques r\u00e9cemment construits sur la colline en face du village de Marciana Marina.","og_url":"https:\/\/borgodelluccellaia.it\/fr\/logements\/","og_site_name":"Borgo dell&#039;Uccellaia","article_publisher":"https:\/\/www.facebook.com\/BorgoDelluccellaia\/","article_modified_time":"2025-05-14T18:15:00+00:00","og_image":[{"width":1920,"height":1080,"url":"https:\/\/borgodelluccellaia.it\/wp-content\/uploads\/header_pag_03.jpg","type":"image\/jpeg"}],"twitter_card":"summary_large_image","twitter_misc":{"Dur\u00e9e de lecture estim\u00e9e":"4 minutes"},"schema":{"@context":"https:\/\/schema.org","@graph":[{"@type":"WebPage","@id":"https:\/\/borgodelluccellaia.it\/fr\/logements\/","url":"https:\/\/borgodelluccellaia.it\/fr\/logements\/","name":"Logements - Borgo dell&#039;Uccellaia,Marciana Marina, Isola d'Elba","isPartOf":{"@id":"https:\/\/borgodelluccellaia.it\/#website"},"primaryImageOfPage":{"@id":"https:\/\/borgodelluccellaia.it\/fr\/logements\/#primaryimage"},"image":{"@id":"https:\/\/borgodelluccellaia.it\/fr\/logements\/#primaryimage"},"thumbnailUrl":"https:\/\/borgodelluccellaia.it\/wp-content\/uploads\/header_pag_03.jpg","datePublished":"2018-12-03T14:41:16+00:00","dateModified":"2025-05-14T18:15:00+00:00","description":"Les logements Borgo dell'Uccellaia sont des logements touristiques r\u00e9cemment construits sur la colline en face du village de Marciana Marina.","breadcrumb":{"@id":"https:\/\/borgodelluccellaia.it\/fr\/logements\/#breadcrumb"},"inLanguage":"fr-FR","potentialAction":[{"@type":"ReadAction","target":["https:\/\/borgodelluccellaia.it\/fr\/logements\/"]}]},{"@type":"ImageObject","inLanguage":"fr-FR","@id":"https:\/\/borgodelluccellaia.it\/fr\/logements\/#primaryimage","url":"https:\/\/borgodelluccellaia.it\/wp-content\/uploads\/header_pag_03.jpg","contentUrl":"https:\/\/borgodelluccellaia.it\/wp-content\/uploads\/header_pag_03.jpg","width":1920,"height":1080},{"@type":"BreadcrumbList","@id":"https:\/\/borgodelluccellaia.it\/fr\/logements\/#breadcrumb","itemListElement":[{"@type":"ListItem","position":1,"name":"Home","item":"https:\/\/borgodelluccellaia.it\/fr\/"},{"@type":"ListItem","position":2,"name":"Logements"}]},{"@type":"WebSite","@id":"https:\/\/borgodelluccellaia.it\/#website","url":"https:\/\/borgodelluccellaia.it\/","name":"Borgo dell'Uccellaia","description":"Marciana Marina","publisher":{"@id":"https:\/\/borgodelluccellaia.it\/#organization"},"potentialAction":[{"@type":"SearchAction","target":{"@type":"EntryPoint","urlTemplate":"https:\/\/borgodelluccellaia.it\/?s={search_term_string}"},"query-input":{"@type":"PropertyValueSpecification","valueRequired":true,"valueName":"search_term_string"}}],"inLanguage":"fr-FR"},{"@type":"Organization","@id":"https:\/\/borgodelluccellaia.it\/#organization","name":"Borgo dell'Uccellaia","url":"https:\/\/borgodelluccellaia.it\/","logo":{"@type":"ImageObject","inLanguage":"fr-FR","@id":"https:\/\/borgodelluccellaia.it\/#\/schema\/logo\/image\/","url":"https:\/\/borgodelluccellaia.it\/wp-content\/uploads\/icon_borgo_dell_uccellaia.png","contentUrl":"https:\/\/borgodelluccellaia.it\/wp-content\/uploads\/icon_borgo_dell_uccellaia.png","width":512,"height":512,"caption":"Borgo dell'Uccellaia"},"image":{"@id":"https:\/\/borgodelluccellaia.it\/#\/schema\/logo\/image\/"},"sameAs":["https:\/\/www.facebook.com\/BorgoDelluccellaia\/"]}]}},"_links":{"self":[{"href":"https:\/\/borgodelluccellaia.it\/fr\/wp-json\/wp\/v2\/pages\/4176","targetHints":{"allow":["GET"]}}],"collection":[{"href":"https:\/\/borgodelluccellaia.it\/fr\/wp-json\/wp\/v2\/pages"}],"about":[{"href":"https:\/\/borgodelluccellaia.it\/fr\/wp-json\/wp\/v2\/types\/page"}],"author":[{"embeddable":true,"href":"https:\/\/borgodelluccellaia.it\/fr\/wp-json\/wp\/v2\/users\/5"}],"replies":[{"embeddable":true,"href":"https:\/\/borgodelluccellaia.it\/fr\/wp-json\/wp\/v2\/comments?post=4176"}],"version-history":[{"count":4,"href":"https:\/\/borgodelluccellaia.it\/fr\/wp-json\/wp\/v2\/pages\/4176\/revisions"}],"predecessor-version":[{"id":4297,"href":"https:\/\/borgodelluccellaia.it\/fr\/wp-json\/wp\/v2\/pages\/4176\/revisions\/4297"}],"wp:featuredmedia":[{"embeddable":true,"href":"https:\/\/borgodelluccellaia.it\/fr\/wp-json\/wp\/v2\/media\/4019"}],"wp:attachment":[{"href":"https:\/\/borgodelluccellaia.it\/fr\/wp-json\/wp\/v2\/media?parent=4176"}],"curies":[{"name":"wp","href":"https:\/\/api.w.org\/{rel}","templated":true}]}}