{"id":3993,"date":"2018-11-30T10:19:14","date_gmt":"2018-11-30T09:19:14","guid":{"rendered":"https:\/\/borgodelluccellaia.it\/borgo-dell-uccellaia\/"},"modified":"2025-05-18T10:57:21","modified_gmt":"2025-05-18T08:57:21","slug":"borgo-dell-uccellaia","status":"publish","type":"page","link":"https:\/\/borgodelluccellaia.it\/fr\/borgo-dell-uccellaia\/","title":{"rendered":"Borgo dell&rsquo;Uccellaia"},"content":{"rendered":"<section class=\"wpb-content-wrapper\"><p>[vc_row row_remove_top_margin=\u00a0\u00bbtrue\u00a0\u00bb row_remove_bottom_margin=\u00a0\u00bbtrue\u00a0\u00bb row_stretch=\u00a0\u00bbuk-container-expand uk-padding-remove-horizontal\u00a0\u00bb row_custom_media_type=\u00a0\u00bbimage\u00a0\u00bb row_background_image_size=\u00a0\u00bbuk-background-cover\u00a0\u00bb row_background_image_repeat=\u00a0\u00bbuk-background-norepeat\u00a0\u00bb row_background_image_position=\u00a0\u00bbuk-background-top-center\u00a0\u00bb row_bottom_shape_divider=\u00a0\u00bbmountains\u00a0\u00bb dahz_id=\u00a0\u00bb1543569849406-45d20337-98f8&Prime; row_background_image=\u00a0\u00bb362&Prime; row_bottom_shape_divider_color=\u00a0\u00bb#ffffff\u00a0\u00bb][vc_column dahz_id=\u00a0\u00bb1543569849411-3bfa66d9-8f52&Prime; css=\u00a0\u00bb.vc_custom_1543574748057{padding-top: 0px !important;}\u00a0\u00bb][vc_empty_space height=\u00a0\u00bb500px\u00a0\u00bb el_class=\u00a0\u00bbheadresp\u00a0\u00bb][\/vc_column][\/vc_row][vc_row row_remove_top_margin=\u00a0\u00bbtrue\u00a0\u00bb row_remove_bottom_margin=\u00a0\u00bbtrue\u00a0\u00bb dahz_id=\u00a0\u00bb1543571495470-ab3ef60f-7cd8&Prime; el_class=\u00a0\u00bbbread\u00a0\u00bb][vc_column dahz_id=\u00a0\u00bb1543571495478-9b6fdd06-3d02&Prime;][vc_column_text css=\u00a0\u00bb.vc_custom_1543586328980{margin-bottom: 0px !important;}\u00a0\u00bb]<span><span><a href=\"https:\/\/borgodelluccellaia.it\/fr\/\">Home<\/a><\/span><\/span>[\/vc_column_text][\/vc_column][\/vc_row][vc_row dahz_id=\u00a0\u00bb1543576554481-4fd3ff22-10a7&Prime;][vc_column dahz_id=\u00a0\u00bb1543576554491-f3ce1922-d15b\u00a0\u00bb][vc_custom_heading text=\u00a0\u00bbBorgo dell&rsquo;Uccellaia\u00a0\u00bb font_container=\u00a0\u00bbtag:h3|text_align:left\u00a0\u00bb use_theme_fonts=\u00a0\u00bbyes\u00a0\u00bb dahz_id=\u00a0\u00bb1543576554500-a76558d7-37f4&Prime; margin_top=\u00a0\u00bb20&Prime;][vc_column_text]Les maisons r\u00e9cemment construites, entour\u00e9es de verdure et de tranquillit\u00e9, sont accessibles par une entr\u00e9e priv\u00e9e. En effet, chaque maison poss\u00e8de sa propre <strong>entr\u00e9e ind\u00e9pendante<\/strong> avec propri\u00e9t\u00e9 gard\u00e9e par un portail automatique.<\/p>\n<p>La ville et la mer sont accessibles \u00e0 pied en quelques minutes. Depuis le jardin luxuriant \u00e9quip\u00e9, la terrasse et le grand porche, vous pourrez profiter d&rsquo;une vue <strong>imprenable sur le golfe<\/strong> de Marciana Marina. Les maisons, \u00e0 l&rsquo;int\u00e9rieur, offrent des espaces organis\u00e9s de mani\u00e8re rationnelle, dans un environnement harmonieux et soign\u00e9s dans les moindres d\u00e9tails. Les maisons sont entour\u00e9es d&rsquo;un grand jardin luxuriant et illumin\u00e9, dans lequel vous pourrez admirer les terrasses form\u00e9es de murs et de sentiers construits avec la pierre jaune caract\u00e9ristique de l&rsquo;Elbe. <strong>Borgo dell\u2019Uccellaia est le lieu id\u00e9al pour des vacances de d\u00e9tente totale.<\/strong><\/p>\n<p>Apr\u00e8s de nombreuses ann\u00e9es de travail, en 2016, nous avons r\u00e9ussi \u00e0 r\u00e9aliser notre r\u00eave : d\u00e9m\u00e9nager sur notre \u00eele bien-aim\u00e9e. Un r\u00eave qui a commenc\u00e9 en 2001, lorsque, apr\u00e8s avoir achet\u00e9 un terrain, nous avons commenc\u00e9 \u00e0 r\u00e9parer les anciens murs, construits avec la technique de la pierre s\u00e8che, qui formaient les terrasses sur lesquelles existaient de magnifiques vignobles il y a cent ans.<\/p>\n<p>Au fil des ann\u00e9es, nous avons construit quelques petites maisons, <strong>\u00e9quip\u00e9es de tout le confort<\/strong>, entour\u00e9es de verdure, avec les bois derri\u00e8re nous et la mer devant. En plus des ch\u00eanes verts et des ch\u00eanes-li\u00e8ges, nous avons plant\u00e9 des centaines d&rsquo;arbustes et d&rsquo;arbres, cr\u00e9ant ainsi un petit paradis vert. Ainsi, petit \u00e0 petit, avec tant de passion et d&rsquo;amour, le <strong>\u00ab\u00a0Borgo dell&rsquo;Uccellaia\u00a0\u00bb<\/strong> a pris vie.[\/vc_column_text][vc_row_inner dahz_id=\u00a0\u00bb1599468143508-85c250c9-8db5&Prime; css=\u00a0\u00bb.vc_custom_1599469128686{border-top-width: 2px !important;border-right-width: 2px !important;border-bottom-width: 2px !important;border-left-width: 2px !important;background-color: rgba(161,214,124,0.3) !important;*background-color: rgb(161,214,124) !important;border-left-color: #a1d67c !important;border-left-style: solid !important;border-right-color: #a1d67c !important;border-right-style: solid !important;border-top-color: #a1d67c !important;border-top-style: solid !important;border-bottom-color: #a1d67c !important;border-bottom-style: solid !important;border-radius: 5px !important;}\u00a0\u00bb][vc_column_inner width=\u00a0\u00bb1\/6&Prime; dahz_id=\u00a0\u00bb1599468143511-94d340b2-7dca\u00a0\u00bb css=\u00a0\u00bb.vc_custom_1599468939157{border-top-width: 0px !important;border-bottom-width: 0px !important;padding-top: 15px !important;padding-bottom: 15px !important;}\u00a0\u00bb]<div class=\"uk-position-relative de-shortcode__wrapper de-shortcode__wrapper--dahz_single_image uk-margin-remove\" data-dahz-shortcode-key=\"1599468357049-809b1b38-a499\" style=\"\">\r\n\t<a class=\"de-single-image__wrapper uk-flex uk-flex-center\">\r\n\t<div>\r\n\t\t<img loading=\"lazy\" decoding=\"async\" class=\"   \" src=\"https:\/\/borgodelluccellaia.it\/wp-content\/uploads\/freezanz-70x70.png\" width=\"70\" height=\"70\" alt=\"Freezanz\" title=\"freezanz\" \/>\t<\/div>\r\n<\/a>\r\n<\/div>\r\n[\/vc_column_inner][vc_column_inner width=\u00a0\u00bb2\/3&Prime; dahz_id=\u00a0\u00bb1599468157408-5942ec34-e648&Prime;][vc_column_text css=\u00a0\u00bb.vc_custom_1746950958942{padding-top: 20px !important;padding-right: 20px !important;padding-left: 20px !important;}\u00a0\u00bb]<\/p>\n<p style=\"text-align: center;\">Les jardins du Borgo dell\u2019Uccellaia sont \u00e9quip\u00e9s d\u2019un syst\u00e8me anti-moustiques centralis\u00e9,<br \/>\npour offrir un plus grand confort aux h\u00f4tes qui y s\u00e9journent.<\/p>\n<p>[\/vc_column_text][\/vc_column_inner][vc_column_inner width=\u00a0\u00bb1\/6&Prime; dahz_id=\u00a0\u00bb1599468157410-7e6d8270-431f\u00a0\u00bb css=\u00a0\u00bb.vc_custom_1599468960532{border-top-width: 0px !important;border-bottom-width: 0px !important;padding-top: 15px !important;padding-bottom: 15px !important;}\u00a0\u00bb]<div class=\"uk-position-relative de-shortcode__wrapper de-shortcode__wrapper--dahz_single_image uk-margin-remove\" data-dahz-shortcode-key=\"1599468962194-fec85d3d-43ed\" style=\"\">\r\n\t<a class=\"de-single-image__wrapper uk-flex uk-flex-center\">\r\n\t<div>\r\n\t\t<img loading=\"lazy\" decoding=\"async\" class=\"   \" src=\"https:\/\/borgodelluccellaia.it\/wp-content\/uploads\/freezanz-70x70.png\" width=\"70\" height=\"70\" alt=\"Freezanz\" title=\"freezanz\" \/>\t<\/div>\r\n<\/a>\r\n<\/div>\r\n[\/vc_column_inner][\/vc_row_inner][\/vc_column][\/vc_row]<\/p>\n<\/section>","protected":false},"excerpt":{"rendered":"<p>[vc_row row_remove_top_margin=\u00a0\u00bbtrue\u00a0\u00bb row_remove_bottom_margin=\u00a0\u00bbtrue\u00a0\u00bb row_stretch=\u00a0\u00bbuk-container-expand uk-padding-remove-horizontal\u00a0\u00bb row_custom_media_type=\u00a0\u00bbimage\u00a0\u00bb row_background_image_size=\u00a0\u00bbuk-background-cover\u00a0\u00bb row_background_image_repeat=\u00a0\u00bbuk-background-norepeat\u00a0\u00bb row_background_image_position=\u00a0\u00bbuk-background-top-center\u00a0\u00bb row_bottom_shape_divider=\u00a0\u00bbmountains\u00a0\u00bb dahz_id=\u00a0\u00bb1543569849406-45d20337-98f8&Prime; row_background_image=\u00a0\u00bb362&Prime; row_bottom_shape_divider_color=\u00a0\u00bb#ffffff\u00a0\u00bb][vc_column dahz_id=\u00a0\u00bb1543569849411-3bfa66d9-8f52&Prime; css=\u00a0\u00bb.vc_custom_1543574748057{padding-top: 0px !important;}\u00a0\u00bb][vc_empty_space height=\u00a0\u00bb500px\u00a0\u00bb el_class=\u00a0\u00bbheadresp\u00a0\u00bb][\/vc_column][\/vc_row][vc_row row_remove_top_margin=\u00a0\u00bbtrue\u00a0\u00bb row_remove_bottom_margin=\u00a0\u00bbtrue\u00a0\u00bb dahz_id=\u00a0\u00bb1543571495470-ab3ef60f-7cd8&Prime; el_class=\u00a0\u00bbbread\u00a0\u00bb][vc_column dahz_id=\u00a0\u00bb1543571495478-9b6fdd06-3d02&Prime;][vc_column_text css=\u00a0\u00bb.vc_custom_1543586328980{margin-bottom: 0px !important;}\u00a0\u00bb][\/vc_column_text][\/vc_column][\/vc_row][vc_row dahz_id=\u00a0\u00bb1543576554481-4fd3ff22-10a7&Prime;][vc_column dahz_id=\u00a0\u00bb1543576554491-f3ce1922-d15b\u00a0\u00bb][vc_custom_heading text=\u00a0\u00bbBorgo dell&rsquo;Uccellaia\u00a0\u00bb font_container=\u00a0\u00bbtag:h3|text_align:left\u00a0\u00bb use_theme_fonts=\u00a0\u00bbyes\u00a0\u00bb dahz_id=\u00a0\u00bb1543576554500-a76558d7-37f4&Prime; margin_top=\u00a0\u00bb20&Prime;][vc_column_text]Les maisons r\u00e9cemment construites, entour\u00e9es de verdure et de tranquillit\u00e9, sont accessibles par une entr\u00e9e priv\u00e9e. En effet, chaque maison poss\u00e8de &hellip;<\/p>\n","protected":false},"author":5,"featured_media":3995,"parent":0,"menu_order":1,"comment_status":"closed","ping_status":"closed","template":"","meta":{"footnotes":""},"class_list":["post-3993","page","type-page","status-publish","has-post-thumbnail","hentry"],"yoast_head":"<!-- This site is optimized with the Yoast SEO plugin v27.4 - https:\/\/yoast.com\/product\/yoast-seo-wordpress\/ -->\n<title>Borgo dell&#039;Uccellaia - Borgo dell&#039;Uccellaia, Marciana Marina, Isola d&#039;Elba<\/title>\n<meta name=\"description\" content=\"Dal rigoglioso giardino attrezzato, dal terrazzo e dall&#039;ampio porticato si pu\u00f2 godere di scorci mozzafiato sul golfo di Marciana Marina.\" \/>\n<meta name=\"robots\" content=\"index, follow, max-snippet:-1, max-image-preview:large, max-video-preview:-1\" \/>\n<link rel=\"canonical\" href=\"https:\/\/borgodelluccellaia.it\/fr\/borgo-dell-uccellaia\/\" \/>\n<meta property=\"og:locale\" content=\"fr_FR\" \/>\n<meta property=\"og:type\" content=\"article\" \/>\n<meta property=\"og:title\" content=\"Borgo dell&#039;Uccellaia - Borgo dell&#039;Uccellaia, Marciana Marina, Isola d&#039;Elba\" \/>\n<meta property=\"og:description\" content=\"Dal rigoglioso giardino attrezzato, dal terrazzo e dall&#039;ampio porticato si pu\u00f2 godere di scorci mozzafiato sul golfo di Marciana Marina.\" \/>\n<meta property=\"og:url\" content=\"https:\/\/borgodelluccellaia.it\/fr\/borgo-dell-uccellaia\/\" \/>\n<meta property=\"og:site_name\" content=\"Borgo dell&#039;Uccellaia\" \/>\n<meta property=\"article:publisher\" content=\"https:\/\/www.facebook.com\/BorgoDelluccellaia\/\" \/>\n<meta property=\"article:modified_time\" content=\"2025-05-18T08:57:21+00:00\" \/>\n<meta property=\"og:image\" content=\"https:\/\/borgodelluccellaia.it\/wp-content\/uploads\/header_home_01.jpg\" \/>\n\t<meta property=\"og:image:width\" content=\"1920\" \/>\n\t<meta property=\"og:image:height\" content=\"1080\" \/>\n\t<meta property=\"og:image:type\" content=\"image\/jpeg\" \/>\n<meta name=\"twitter:card\" content=\"summary_large_image\" \/>\n<meta name=\"twitter:label1\" content=\"Dur\u00e9e de lecture estim\u00e9e\" \/>\n\t<meta name=\"twitter:data1\" content=\"3 minutes\" \/>\n<script type=\"application\/ld+json\" class=\"yoast-schema-graph\">{\"@context\":\"https:\\\/\\\/schema.org\",\"@graph\":[{\"@type\":\"WebPage\",\"@id\":\"https:\\\/\\\/borgodelluccellaia.it\\\/fr\\\/borgo-dell-uccellaia\\\/\",\"url\":\"https:\\\/\\\/borgodelluccellaia.it\\\/fr\\\/borgo-dell-uccellaia\\\/\",\"name\":\"Borgo dell'Uccellaia - Borgo dell&#039;Uccellaia, Marciana Marina, Isola d'Elba\",\"isPartOf\":{\"@id\":\"https:\\\/\\\/borgodelluccellaia.it\\\/#website\"},\"primaryImageOfPage\":{\"@id\":\"https:\\\/\\\/borgodelluccellaia.it\\\/fr\\\/borgo-dell-uccellaia\\\/#primaryimage\"},\"image\":{\"@id\":\"https:\\\/\\\/borgodelluccellaia.it\\\/fr\\\/borgo-dell-uccellaia\\\/#primaryimage\"},\"thumbnailUrl\":\"https:\\\/\\\/borgodelluccellaia.it\\\/wp-content\\\/uploads\\\/header_home_01.jpg\",\"datePublished\":\"2018-11-30T09:19:14+00:00\",\"dateModified\":\"2025-05-18T08:57:21+00:00\",\"description\":\"Dal rigoglioso giardino attrezzato, dal terrazzo e dall'ampio porticato si pu\u00f2 godere di scorci mozzafiato sul golfo di Marciana Marina.\",\"breadcrumb\":{\"@id\":\"https:\\\/\\\/borgodelluccellaia.it\\\/fr\\\/borgo-dell-uccellaia\\\/#breadcrumb\"},\"inLanguage\":\"fr-FR\",\"potentialAction\":[{\"@type\":\"ReadAction\",\"target\":[\"https:\\\/\\\/borgodelluccellaia.it\\\/fr\\\/borgo-dell-uccellaia\\\/\"]}]},{\"@type\":\"ImageObject\",\"inLanguage\":\"fr-FR\",\"@id\":\"https:\\\/\\\/borgodelluccellaia.it\\\/fr\\\/borgo-dell-uccellaia\\\/#primaryimage\",\"url\":\"https:\\\/\\\/borgodelluccellaia.it\\\/wp-content\\\/uploads\\\/header_home_01.jpg\",\"contentUrl\":\"https:\\\/\\\/borgodelluccellaia.it\\\/wp-content\\\/uploads\\\/header_home_01.jpg\",\"width\":1920,\"height\":1080},{\"@type\":\"BreadcrumbList\",\"@id\":\"https:\\\/\\\/borgodelluccellaia.it\\\/fr\\\/borgo-dell-uccellaia\\\/#breadcrumb\",\"itemListElement\":[{\"@type\":\"ListItem\",\"position\":1,\"name\":\"Home\",\"item\":\"https:\\\/\\\/borgodelluccellaia.it\\\/fr\\\/\"},{\"@type\":\"ListItem\",\"position\":2,\"name\":\"Borgo dell&#8217;Uccellaia\"}]},{\"@type\":\"WebSite\",\"@id\":\"https:\\\/\\\/borgodelluccellaia.it\\\/#website\",\"url\":\"https:\\\/\\\/borgodelluccellaia.it\\\/\",\"name\":\"Borgo dell'Uccellaia\",\"description\":\"Marciana Marina\",\"publisher\":{\"@id\":\"https:\\\/\\\/borgodelluccellaia.it\\\/#organization\"},\"potentialAction\":[{\"@type\":\"SearchAction\",\"target\":{\"@type\":\"EntryPoint\",\"urlTemplate\":\"https:\\\/\\\/borgodelluccellaia.it\\\/?s={search_term_string}\"},\"query-input\":{\"@type\":\"PropertyValueSpecification\",\"valueRequired\":true,\"valueName\":\"search_term_string\"}}],\"inLanguage\":\"fr-FR\"},{\"@type\":\"Organization\",\"@id\":\"https:\\\/\\\/borgodelluccellaia.it\\\/#organization\",\"name\":\"Borgo dell'Uccellaia\",\"url\":\"https:\\\/\\\/borgodelluccellaia.it\\\/\",\"logo\":{\"@type\":\"ImageObject\",\"inLanguage\":\"fr-FR\",\"@id\":\"https:\\\/\\\/borgodelluccellaia.it\\\/#\\\/schema\\\/logo\\\/image\\\/\",\"url\":\"https:\\\/\\\/borgodelluccellaia.it\\\/wp-content\\\/uploads\\\/icon_borgo_dell_uccellaia.png\",\"contentUrl\":\"https:\\\/\\\/borgodelluccellaia.it\\\/wp-content\\\/uploads\\\/icon_borgo_dell_uccellaia.png\",\"width\":512,\"height\":512,\"caption\":\"Borgo dell'Uccellaia\"},\"image\":{\"@id\":\"https:\\\/\\\/borgodelluccellaia.it\\\/#\\\/schema\\\/logo\\\/image\\\/\"},\"sameAs\":[\"https:\\\/\\\/www.facebook.com\\\/BorgoDelluccellaia\\\/\"]}]}<\/script>\n<!-- \/ Yoast SEO plugin. -->","yoast_head_json":{"title":"Borgo dell'Uccellaia - Borgo dell&#039;Uccellaia, Marciana Marina, Isola d'Elba","description":"Dal rigoglioso giardino attrezzato, dal terrazzo e dall'ampio porticato si pu\u00f2 godere di scorci mozzafiato sul golfo di Marciana Marina.","robots":{"index":"index","follow":"follow","max-snippet":"max-snippet:-1","max-image-preview":"max-image-preview:large","max-video-preview":"max-video-preview:-1"},"canonical":"https:\/\/borgodelluccellaia.it\/fr\/borgo-dell-uccellaia\/","og_locale":"fr_FR","og_type":"article","og_title":"Borgo dell'Uccellaia - Borgo dell&#039;Uccellaia, Marciana Marina, Isola d'Elba","og_description":"Dal rigoglioso giardino attrezzato, dal terrazzo e dall'ampio porticato si pu\u00f2 godere di scorci mozzafiato sul golfo di Marciana Marina.","og_url":"https:\/\/borgodelluccellaia.it\/fr\/borgo-dell-uccellaia\/","og_site_name":"Borgo dell&#039;Uccellaia","article_publisher":"https:\/\/www.facebook.com\/BorgoDelluccellaia\/","article_modified_time":"2025-05-18T08:57:21+00:00","og_image":[{"width":1920,"height":1080,"url":"https:\/\/borgodelluccellaia.it\/wp-content\/uploads\/header_home_01.jpg","type":"image\/jpeg"}],"twitter_card":"summary_large_image","twitter_misc":{"Dur\u00e9e de lecture estim\u00e9e":"3 minutes"},"schema":{"@context":"https:\/\/schema.org","@graph":[{"@type":"WebPage","@id":"https:\/\/borgodelluccellaia.it\/fr\/borgo-dell-uccellaia\/","url":"https:\/\/borgodelluccellaia.it\/fr\/borgo-dell-uccellaia\/","name":"Borgo dell'Uccellaia - Borgo dell&#039;Uccellaia, Marciana Marina, Isola d'Elba","isPartOf":{"@id":"https:\/\/borgodelluccellaia.it\/#website"},"primaryImageOfPage":{"@id":"https:\/\/borgodelluccellaia.it\/fr\/borgo-dell-uccellaia\/#primaryimage"},"image":{"@id":"https:\/\/borgodelluccellaia.it\/fr\/borgo-dell-uccellaia\/#primaryimage"},"thumbnailUrl":"https:\/\/borgodelluccellaia.it\/wp-content\/uploads\/header_home_01.jpg","datePublished":"2018-11-30T09:19:14+00:00","dateModified":"2025-05-18T08:57:21+00:00","description":"Dal rigoglioso giardino attrezzato, dal terrazzo e dall'ampio porticato si pu\u00f2 godere di scorci mozzafiato sul golfo di Marciana Marina.","breadcrumb":{"@id":"https:\/\/borgodelluccellaia.it\/fr\/borgo-dell-uccellaia\/#breadcrumb"},"inLanguage":"fr-FR","potentialAction":[{"@type":"ReadAction","target":["https:\/\/borgodelluccellaia.it\/fr\/borgo-dell-uccellaia\/"]}]},{"@type":"ImageObject","inLanguage":"fr-FR","@id":"https:\/\/borgodelluccellaia.it\/fr\/borgo-dell-uccellaia\/#primaryimage","url":"https:\/\/borgodelluccellaia.it\/wp-content\/uploads\/header_home_01.jpg","contentUrl":"https:\/\/borgodelluccellaia.it\/wp-content\/uploads\/header_home_01.jpg","width":1920,"height":1080},{"@type":"BreadcrumbList","@id":"https:\/\/borgodelluccellaia.it\/fr\/borgo-dell-uccellaia\/#breadcrumb","itemListElement":[{"@type":"ListItem","position":1,"name":"Home","item":"https:\/\/borgodelluccellaia.it\/fr\/"},{"@type":"ListItem","position":2,"name":"Borgo dell&#8217;Uccellaia"}]},{"@type":"WebSite","@id":"https:\/\/borgodelluccellaia.it\/#website","url":"https:\/\/borgodelluccellaia.it\/","name":"Borgo dell'Uccellaia","description":"Marciana Marina","publisher":{"@id":"https:\/\/borgodelluccellaia.it\/#organization"},"potentialAction":[{"@type":"SearchAction","target":{"@type":"EntryPoint","urlTemplate":"https:\/\/borgodelluccellaia.it\/?s={search_term_string}"},"query-input":{"@type":"PropertyValueSpecification","valueRequired":true,"valueName":"search_term_string"}}],"inLanguage":"fr-FR"},{"@type":"Organization","@id":"https:\/\/borgodelluccellaia.it\/#organization","name":"Borgo dell'Uccellaia","url":"https:\/\/borgodelluccellaia.it\/","logo":{"@type":"ImageObject","inLanguage":"fr-FR","@id":"https:\/\/borgodelluccellaia.it\/#\/schema\/logo\/image\/","url":"https:\/\/borgodelluccellaia.it\/wp-content\/uploads\/icon_borgo_dell_uccellaia.png","contentUrl":"https:\/\/borgodelluccellaia.it\/wp-content\/uploads\/icon_borgo_dell_uccellaia.png","width":512,"height":512,"caption":"Borgo dell'Uccellaia"},"image":{"@id":"https:\/\/borgodelluccellaia.it\/#\/schema\/logo\/image\/"},"sameAs":["https:\/\/www.facebook.com\/BorgoDelluccellaia\/"]}]}},"_links":{"self":[{"href":"https:\/\/borgodelluccellaia.it\/fr\/wp-json\/wp\/v2\/pages\/3993","targetHints":{"allow":["GET"]}}],"collection":[{"href":"https:\/\/borgodelluccellaia.it\/fr\/wp-json\/wp\/v2\/pages"}],"about":[{"href":"https:\/\/borgodelluccellaia.it\/fr\/wp-json\/wp\/v2\/types\/page"}],"author":[{"embeddable":true,"href":"https:\/\/borgodelluccellaia.it\/fr\/wp-json\/wp\/v2\/users\/5"}],"replies":[{"embeddable":true,"href":"https:\/\/borgodelluccellaia.it\/fr\/wp-json\/wp\/v2\/comments?post=3993"}],"version-history":[{"count":2,"href":"https:\/\/borgodelluccellaia.it\/fr\/wp-json\/wp\/v2\/pages\/3993\/revisions"}],"predecessor-version":[{"id":4071,"href":"https:\/\/borgodelluccellaia.it\/fr\/wp-json\/wp\/v2\/pages\/3993\/revisions\/4071"}],"wp:featuredmedia":[{"embeddable":true,"href":"https:\/\/borgodelluccellaia.it\/fr\/wp-json\/wp\/v2\/media\/3995"}],"wp:attachment":[{"href":"https:\/\/borgodelluccellaia.it\/fr\/wp-json\/wp\/v2\/media?parent=3993"}],"curies":[{"name":"wp","href":"https:\/\/api.w.org\/{rel}","templated":true}]}}