{"id":3990,"date":"2023-05-27T22:17:19","date_gmt":"2023-05-27T20:17:19","guid":{"rendered":"https:\/\/borgodelluccellaia.it\/dicono-di-noi\/"},"modified":"2025-10-02T16:11:11","modified_gmt":"2025-10-02T14:11:11","slug":"ils-disent-de-nous","status":"publish","type":"page","link":"https:\/\/borgodelluccellaia.it\/fr\/ils-disent-de-nous\/","title":{"rendered":"ils disent de nous"},"content":{"rendered":"<section class=\"wpb-content-wrapper\"><p>[vc_row row_margin=\u00a0\u00bbuk-margin-remove\u00a0\u00bb dahz_id=\u00a0\u00bb1685464368024-bd0530b6-1b0c\u00a0\u00bb css=\u00a0\u00bb.vc_custom_1706029601160{padding-right: 50px !important;padding-left: 0px !important;}\u00a0\u00bb][vc_column dahz_id=\u00a0\u00bb1687775508951-cb305678-b58a\u00a0\u00bb][vc_raw_html]JTVCZ3J3JTIwaWQlM0QzNDAwJTVE[\/vc_raw_html][vc_gallery shortcode_style=\u00a0\u00bbmasonry\u00a0\u00bb columns=\u00a0\u00bb1&Prime; on_click=\u00a0\u00bbcustom_link\u00a0\u00bb hover_effect=\u00a0\u00bbnone\u00a0\u00bb phone_potrait_column=\u00a0\u00bb1&Prime; phone_landscape_column=\u00a0\u00bb1&Prime; tablet_landscape_column=\u00a0\u00bb1&Prime; mobile_media_ratio=\u00a0\u00bb1-1&Prime; dahz_id=\u00a0\u00bb1729604455498-7d055d81-0777&Prime; images=\u00a0\u00bb%5B%7B%22image%22%3A%22946%22%2C%22url_link%22%3A%22https%3A%2F%2Fg.co%2Fkgs%2FsoiHxHP%22%2C%22open_new_tab%22%3A%22true%22%7D%5D\u00a0\u00bb][\/vc_column][\/vc_row][vc_row dahz_id=\u00a0\u00bb1685463246422-49a241e5-4193&Prime;][vc_column dahz_id=\u00a0\u00bb1685463246434-d110fd8a-bcd6&Prime;][vc_text_separator title=\u00a0\u00bbDivers liens\u00a0\u00bb tag=\u00a0\u00bbh2&Prime; style=\u00a0\u00bbsolid\u00a0\u00bb][\/vc_column][\/vc_row][vc_row dahz_id=\u00a0\u00bb1685463675275-c2357163-1eb3&Prime;][vc_column width=\u00a0\u00bb1\/2&Prime; dahz_id=\u00a0\u00bb1685463675308-3e0b55ad-8236&Prime;][vc_column_text row_custom_media_type=\u00a0\u00bbimage\u00a0\u00bb css_animation=\u00a0\u00bbuk-animation-fade\u00a0\u00bb css=\u00a0\u00bb.vc_custom_1720353492584{padding-top: 70px !important;padding-right: 50px !important;padding-bottom: 50px !important;padding-left: 50px !important;}\u00a0\u00bb]<\/p>\n<h1 style=\"text-align: center;\"><a href=\"https:\/\/www.elbaper2.it\/dove-dormire\/borgo-delluccellaia\/\" target=\"_blank\" rel=\"noopener\"><img loading=\"lazy\" decoding=\"async\" class=\"alignnone wp-image-3213\" src=\"http:\/\/borgodelluccellaia.it\/wp-content\/uploads\/immagine_2024-07-07_134432252-300x123.png\" alt=\"\" width=\"290\" height=\"119\" srcset=\"https:\/\/borgodelluccellaia.it\/wp-content\/uploads\/immagine_2024-07-07_134432252-300x123.png 300w, https:\/\/borgodelluccellaia.it\/wp-content\/uploads\/immagine_2024-07-07_134432252.png 343w\" sizes=\"auto, (max-width: 290px) 100vw, 290px\" \/><\/a><\/h1>\n<p>[\/vc_column_text][\/vc_column][vc_column width=\u00a0\u00bb1\/2&Prime; dahz_id=\u00a0\u00bb1685474564357-158e474b-f548&Prime;][vc_column_text row_custom_media_type=\u00a0\u00bbimage\u00a0\u00bb row_background_image_size=\u00a0\u00bbuk-background-contain\u00a0\u00bb css_animation=\u00a0\u00bbuk-animation-fade\u00a0\u00bb css=\u00a0\u00bb.vc_custom_1706028586529{padding-top: 50px !important;padding-right: 50px !important;padding-bottom: 50px !important;padding-left: 50px !important;}\u00a0\u00bb row_background_width=\u00a0\u00bb251&Prime; row_background_height=\u00a0\u00bb72&Prime;]<\/p>\n<h1 style=\"text-align: center;\"><a href=\"https:\/\/www.booking.com\/hotel\/it\/borgo-dell-39-uccellaia-smeraldo.it.html\" target=\"_blank\" rel=\"noopener\"><img loading=\"lazy\" decoding=\"async\" class=\"alignnone wp-image-2360\" src=\"http:\/\/borgodelluccellaia.it\/wp-content\/uploads\/62c82305f058e2b89bce43a7-300x292.png\" alt=\"\" width=\"202\" height=\"196\" srcset=\"https:\/\/borgodelluccellaia.it\/wp-content\/uploads\/62c82305f058e2b89bce43a7-300x292.png 300w, https:\/\/borgodelluccellaia.it\/wp-content\/uploads\/62c82305f058e2b89bce43a7.png 569w\" sizes=\"auto, (max-width: 202px) 100vw, 202px\" \/><\/a><\/h1>\n<p>[\/vc_column_text][\/vc_column][\/vc_row][vc_row row_margin=\u00a0\u00bbuk-margin-remove\u00a0\u00bb row_stretch=\u00a0\u00bbuk-container-small\u00a0\u00bb dahz_id=\u00a0\u00bb1685463250344-45c1d622-db06&Prime;][vc_column width=\u00a0\u00bb1\/2&Prime; dahz_id=\u00a0\u00bb1685463250354-77f00134-86c4&Prime;][vc_column_text row_custom_media_type=\u00a0\u00bbimage\u00a0\u00bb row_background_image_repeat=\u00a0\u00bbuk-background-norepeat\u00a0\u00bb css_animation=\u00a0\u00bbuk-animation-fade\u00a0\u00bb css=\u00a0\u00bb.vc_custom_1706028709314{padding-top: 50px !important;padding-right: 50px !important;padding-bottom: 50px !important;padding-left: 00px !important;}\u00a0\u00bb]<\/p>\n<h1 style=\"text-align: center;\"><a href=\"https:\/\/www.facebook.com\/borgodelluccellaiaofficial\" target=\"_blank\" rel=\"noopener\"><img loading=\"lazy\" decoding=\"async\" class=\"alignnone wp-image-2357\" src=\"http:\/\/borgodelluccellaia.it\/wp-content\/uploads\/vecteezy_facebook-logo-png-facebook-icona-trasparente-png_18930476-300x300.png\" alt=\"\" width=\"216\" height=\"216\" srcset=\"https:\/\/borgodelluccellaia.it\/wp-content\/uploads\/vecteezy_facebook-logo-png-facebook-icona-trasparente-png_18930476-300x300.png 300w, https:\/\/borgodelluccellaia.it\/wp-content\/uploads\/vecteezy_facebook-logo-png-facebook-icona-trasparente-png_18930476-1024x1024.png 1024w, https:\/\/borgodelluccellaia.it\/wp-content\/uploads\/vecteezy_facebook-logo-png-facebook-icona-trasparente-png_18930476-150x150.png 150w, https:\/\/borgodelluccellaia.it\/wp-content\/uploads\/vecteezy_facebook-logo-png-facebook-icona-trasparente-png_18930476-768x768.png 768w, https:\/\/borgodelluccellaia.it\/wp-content\/uploads\/vecteezy_facebook-logo-png-facebook-icona-trasparente-png_18930476-1536x1536.png 1536w, https:\/\/borgodelluccellaia.it\/wp-content\/uploads\/vecteezy_facebook-logo-png-facebook-icona-trasparente-png_18930476-2048x2048.png 2048w, https:\/\/borgodelluccellaia.it\/wp-content\/uploads\/vecteezy_facebook-logo-png-facebook-icona-trasparente-png_18930476-100x100.png 100w\" sizes=\"auto, (max-width: 216px) 100vw, 216px\" \/><\/a><\/h1>\n<p>[\/vc_column_text][\/vc_column][vc_column width=\u00a0\u00bb1\/2&Prime; dahz_id=\u00a0\u00bb1685474575123-ea1ec5a5-fa12&Prime;][vc_column_text row_custom_media_type=\u00a0\u00bbimage\u00a0\u00bb row_background_image_size=\u00a0\u00bbuk-background-contain\u00a0\u00bb row_background_image_repeat=\u00a0\u00bbuk-background-norepeat\u00a0\u00bb row_background_image_position=\u00a0\u00bbuk-background-top-center\u00a0\u00bb css_animation=\u00a0\u00bbuk-animation-fade\u00a0\u00bb css=\u00a0\u00bb.vc_custom_1706028622242{padding-top: 100px !important;padding-right: 0px !important;padding-bottom: 100px !important;padding-left: 160px !important;}\u00a0\u00bb]<\/p>\n<h1 style=\"text-align: center;\"><a href=\"https:\/\/italiarecensioni.com\/tuscany\/borgo-delluccellaia-820406\" target=\"_blank\" rel=\"noopener\"><img loading=\"lazy\" decoding=\"async\" class=\"wp-image-2625 alignright\" src=\"http:\/\/borgodelluccellaia.it\/wp-content\/uploads\/immagine_2024-01-23_172333670.png\" alt=\"\" width=\"433\" height=\"89\" \/><\/a><\/h1>\n<p>[\/vc_column_text][\/vc_column][\/vc_row][vc_row dahz_id=\u00a0\u00bb1685463354603-106fb9f9-d848&Prime;][vc_column width=\u00a0\u00bb1\/2&Prime; dahz_id=\u00a0\u00bb1685463354618-ff7878da-59b1&Prime;][vc_column_text row_custom_media_type=\u00a0\u00bbimage\u00a0\u00bb css_animation=\u00a0\u00bbuk-animation-fade\u00a0\u00bb css=\u00a0\u00bb.vc_custom_1706116012320{padding-top: 50px !important;padding-right: 00px !important;padding-bottom: 50px !important;padding-left: 60px !important;}\u00a0\u00bb]<\/p>\n<h1 style=\"text-align: center;\"><a href=\"https:\/\/www.airbnb.it\/rooms\/23518243?adults=1&amp;children=0&amp;infants=0&amp;check_in=2023-06-10&amp;check_out=2023-06-15&amp;federated_search_id=cd672b24-4482-48b8-9f05-6fb11ff722c2&amp;source_impression_id=p3_1685463420_xtkMEeu2APjm2bsV\" target=\"_blank\" rel=\"noopener\"><img loading=\"lazy\" decoding=\"async\" class=\"alignnone wp-image-2622\" src=\"http:\/\/borgodelluccellaia.it\/wp-content\/uploads\/logo-airbnb-300x126.jpg\" alt=\"\" width=\"286\" height=\"120\" srcset=\"https:\/\/borgodelluccellaia.it\/wp-content\/uploads\/logo-airbnb-300x126.jpg 300w, https:\/\/borgodelluccellaia.it\/wp-content\/uploads\/logo-airbnb-1024x431.jpg 1024w, https:\/\/borgodelluccellaia.it\/wp-content\/uploads\/logo-airbnb-768x323.jpg 768w, https:\/\/borgodelluccellaia.it\/wp-content\/uploads\/logo-airbnb.jpg 1098w\" sizes=\"auto, (max-width: 286px) 100vw, 286px\" \/><\/a><\/h1>\n<p>[\/vc_column_text][\/vc_column][vc_column width=\u00a0\u00bb1\/2&Prime; dahz_id=\u00a0\u00bb1685474582812-29b40ae2-d8f7&Prime;][vc_column_text row_custom_media_type=\u00a0\u00bbimage\u00a0\u00bb css_animation=\u00a0\u00bbuk-animation-fade\u00a0\u00bb css=\u00a0\u00bb.vc_custom_1706028643313{padding-top: 20px !important;padding-right: 50px !important;padding-bottom: 50px !important;padding-left: 50px !important;}\u00a0\u00bb]<\/p>\n<h1 style=\"text-align: center;\"><a href=\"https:\/\/www.gites.fr\/gites_borgo-dell-uccellaia---smeraldo_marciana-marina_h2302534_it.htm\" target=\"_blank\" rel=\"noopener\"><img loading=\"lazy\" decoding=\"async\" class=\"alignnone wp-image-2628\" src=\"http:\/\/borgodelluccellaia.it\/wp-content\/uploads\/gites-de-france-vector-logo-small.png\" alt=\"\" width=\"187\" height=\"187\" srcset=\"https:\/\/borgodelluccellaia.it\/wp-content\/uploads\/gites-de-france-vector-logo-small.png 280w, https:\/\/borgodelluccellaia.it\/wp-content\/uploads\/gites-de-france-vector-logo-small-150x150.png 150w, https:\/\/borgodelluccellaia.it\/wp-content\/uploads\/gites-de-france-vector-logo-small-100x100.png 100w\" sizes=\"auto, (max-width: 187px) 100vw, 187px\" \/><\/a><\/h1>\n<p>[\/vc_column_text][\/vc_column][\/vc_row][vc_row dahz_id=\u00a0\u00bb1685463430648-bb4c95a6-fed8&Prime;][vc_column width=\u00a0\u00bb1\/2&Prime; dahz_id=\u00a0\u00bb1685463430666-1c89ba70-f3bd\u00a0\u00bb][vc_column_text row_custom_media_type=\u00a0\u00bbimage\u00a0\u00bb css_animation=\u00a0\u00bbuk-animation-fade\u00a0\u00bb css=\u00a0\u00bb.vc_custom_1706028474516{padding-top: 50px !important;padding-right: 50px !important;padding-bottom: 50px !important;padding-left: 50px !important;}\u00a0\u00bb]<\/p>\n<h1 style=\"text-align: center;\"><a href=\"https:\/\/borgo-dell-uccellaia-smeraldo-marciana-marina-isola-d-elba.hotelmix.it\/\" target=\"_blank\" rel=\"noopener\"><img loading=\"lazy\" decoding=\"async\" class=\"alignnone wp-image-2631 size-medium\" src=\"http:\/\/borgodelluccellaia.it\/wp-content\/uploads\/logo-hotelmix-300x92.jpg\" alt=\"\" width=\"300\" height=\"92\" srcset=\"https:\/\/borgodelluccellaia.it\/wp-content\/uploads\/logo-hotelmix-300x92.jpg 300w, https:\/\/borgodelluccellaia.it\/wp-content\/uploads\/logo-hotelmix.jpg 351w\" sizes=\"auto, (max-width: 300px) 100vw, 300px\" \/><\/a><\/h1>\n<p>[\/vc_column_text][\/vc_column][vc_column width=\u00a0\u00bb1\/2&Prime; dahz_id=\u00a0\u00bb1720352636603-dcc29f8f-350e\u00a0\u00bb][vc_column_text row_custom_media_type=\u00a0\u00bbimage\u00a0\u00bb row_background_image_size=\u00a0\u00bbuk-background-contain\u00a0\u00bb row_background_image_repeat=\u00a0\u00bbuk-background-norepeat\u00a0\u00bb css_animation=\u00a0\u00bbuk-animation-fade\u00a0\u00bb css=\u00a0\u00bb.vc_custom_1720353442891{padding-top: 50px !important;padding-right: 00px !important;padding-bottom: 50px !important;padding-left: 60px !important;}\u00a0\u00bb row_background_width=\u00a0\u00bb251&Prime; row_background_height=\u00a0\u00bb72&Prime;]<\/p>\n<h1 style=\"text-align: center;\"><a href=\"https:\/\/www.trivago.it\/it\/oar\/intera-casa-appartamento-borgo-dell-uccellaia-turchese-marciana-marina?search=100-22737790\" target=\"_blank\" rel=\"noopener\"><img loading=\"lazy\" decoding=\"async\" class=\"alignnone wp-image-2379\" src=\"http:\/\/borgodelluccellaia.it\/wp-content\/uploads\/logo-Trivago-300x86.png\" alt=\"\" width=\"251\" height=\"72\" srcset=\"https:\/\/borgodelluccellaia.it\/wp-content\/uploads\/logo-Trivago-300x86.png 300w, https:\/\/borgodelluccellaia.it\/wp-content\/uploads\/logo-Trivago.png 420w\" sizes=\"auto, (max-width: 251px) 100vw, 251px\" \/><\/a><\/h1>\n<p>[\/vc_column_text][\/vc_column][\/vc_row][vc_row dahz_id=\u00a0\u00bb1698173923054-344961c2-f4af\u00a0\u00bb][vc_column dahz_id=\u00a0\u00bb1698173923054-2515e79c-ea91&Prime;][vc_raw_html]JTVCaW5zdGFncmFtLWZlZWQlMjBmZWVkJTNEMSU1RA==[\/vc_raw_html][\/vc_column][\/vc_row]<\/p>\n<\/section>","protected":false},"excerpt":{"rendered":"<p>[vc_row row_margin=\u00a0\u00bbuk-margin-remove\u00a0\u00bb dahz_id=\u00a0\u00bb1685464368024-bd0530b6-1b0c\u00a0\u00bb css=\u00a0\u00bb.vc_custom_1706029601160{padding-right: 50px !important;padding-left: 0px !important;}\u00a0\u00bb][vc_column dahz_id=\u00a0\u00bb1687775508951-cb305678-b58a\u00a0\u00bb][vc_raw_html]JTVCZ3J3JTIwaWQlM0QzNDAwJTVE[\/vc_raw_html][vc_gallery shortcode_style=\u00a0\u00bbmasonry\u00a0\u00bb columns=\u00a0\u00bb1&Prime; on_click=\u00a0\u00bbcustom_link\u00a0\u00bb hover_effect=\u00a0\u00bbnone\u00a0\u00bb phone_potrait_column=\u00a0\u00bb1&Prime; phone_landscape_column=\u00a0\u00bb1&Prime; tablet_landscape_column=\u00a0\u00bb1&Prime; mobile_media_ratio=\u00a0\u00bb1-1&Prime; dahz_id=\u00a0\u00bb1729604455498-7d055d81-0777&Prime; images=\u00a0\u00bb%5B%7B%22image%22%3A%22946%22%2C%22url_link%22%3A%22https%3A%2F%2Fg.co%2Fkgs%2FsoiHxHP%22%2C%22open_new_tab%22%3A%22true%22%7D%5D\u00a0\u00bb][\/vc_column][\/vc_row][vc_row dahz_id=\u00a0\u00bb1685463246422-49a241e5-4193&Prime;][vc_column dahz_id=\u00a0\u00bb1685463246434-d110fd8a-bcd6&Prime;][vc_text_separator title=\u00a0\u00bbDivers liens\u00a0\u00bb tag=\u00a0\u00bbh2&Prime; style=\u00a0\u00bbsolid\u00a0\u00bb][\/vc_column][\/vc_row][vc_row dahz_id=\u00a0\u00bb1685463675275-c2357163-1eb3&Prime;][vc_column width=\u00a0\u00bb1\/2&Prime; dahz_id=\u00a0\u00bb1685463675308-3e0b55ad-8236&Prime;][vc_column_text row_custom_media_type=\u00a0\u00bbimage\u00a0\u00bb css_animation=\u00a0\u00bbuk-animation-fade\u00a0\u00bb css=\u00a0\u00bb.vc_custom_1720353492584{padding-top: 70px !important;padding-right: 50px !important;padding-bottom: 50px !important;padding-left: 50px !important;}\u00a0\u00bb] [\/vc_column_text][\/vc_column][vc_column width=\u00a0\u00bb1\/2&Prime; dahz_id=\u00a0\u00bb1685474564357-158e474b-f548&Prime;][vc_column_text row_custom_media_type=\u00a0\u00bbimage\u00a0\u00bb row_background_image_size=\u00a0\u00bbuk-background-contain\u00a0\u00bb css_animation=\u00a0\u00bbuk-animation-fade\u00a0\u00bb css=\u00a0\u00bb.vc_custom_1706028586529{padding-top: 50px !important;padding-right: 50px !important;padding-bottom: 50px !important;padding-left: 50px !important;}\u00a0\u00bb row_background_width=\u00a0\u00bb251&Prime; &hellip;<\/p>\n","protected":false},"author":5,"featured_media":3992,"parent":0,"menu_order":0,"comment_status":"closed","ping_status":"closed","template":"","meta":{"footnotes":""},"class_list":["post-3990","page","type-page","status-publish","has-post-thumbnail","hentry"],"yoast_head":"<!-- This site is optimized with the Yoast SEO plugin v27.4 - https:\/\/yoast.com\/product\/yoast-seo-wordpress\/ -->\n<title>ils disent de nous - Borgo dell&#039;Uccellaia<\/title>\n<meta name=\"description\" content=\"Cette page est d\u00e9di\u00e9e \u00e0 tous nos Partenaires et Collaborateurs qui nous permettent d&#039;offrir \u00e0 nos Clients la meilleure exp\u00e9rience de d\u00e9tente possible.\" \/>\n<meta name=\"robots\" content=\"index, follow, max-snippet:-1, max-image-preview:large, max-video-preview:-1\" \/>\n<link rel=\"canonical\" href=\"https:\/\/borgodelluccellaia.it\/fr\/ils-disent-de-nous\/\" \/>\n<meta property=\"og:locale\" content=\"fr_FR\" \/>\n<meta property=\"og:type\" content=\"article\" \/>\n<meta property=\"og:title\" content=\"ils disent de nous - Borgo dell&#039;Uccellaia\" \/>\n<meta property=\"og:description\" content=\"Cette page est d\u00e9di\u00e9e \u00e0 tous nos Partenaires et Collaborateurs qui nous permettent d&#039;offrir \u00e0 nos Clients la meilleure exp\u00e9rience de d\u00e9tente possible.\" \/>\n<meta property=\"og:url\" content=\"https:\/\/borgodelluccellaia.it\/fr\/ils-disent-de-nous\/\" \/>\n<meta property=\"og:site_name\" content=\"Borgo dell&#039;Uccellaia\" \/>\n<meta property=\"article:publisher\" content=\"https:\/\/www.facebook.com\/BorgoDelluccellaia\/\" \/>\n<meta property=\"article:modified_time\" content=\"2025-10-02T14:11:11+00:00\" \/>\n<meta property=\"og:image\" content=\"https:\/\/borgodelluccellaia.it\/wp-content\/uploads\/gallery_11.jpg\" \/>\n\t<meta property=\"og:image:width\" content=\"1920\" \/>\n\t<meta property=\"og:image:height\" content=\"1280\" \/>\n\t<meta property=\"og:image:type\" content=\"image\/jpeg\" \/>\n<meta name=\"twitter:card\" content=\"summary_large_image\" \/>\n<meta name=\"twitter:label1\" content=\"Dur\u00e9e de lecture estim\u00e9e\" \/>\n\t<meta name=\"twitter:data1\" content=\"3 minutes\" \/>\n<script type=\"application\/ld+json\" class=\"yoast-schema-graph\">{\"@context\":\"https:\\\/\\\/schema.org\",\"@graph\":[{\"@type\":\"WebPage\",\"@id\":\"https:\\\/\\\/borgodelluccellaia.it\\\/fr\\\/ils-disent-de-nous\\\/\",\"url\":\"https:\\\/\\\/borgodelluccellaia.it\\\/fr\\\/ils-disent-de-nous\\\/\",\"name\":\"ils disent de nous - Borgo dell&#039;Uccellaia\",\"isPartOf\":{\"@id\":\"https:\\\/\\\/borgodelluccellaia.it\\\/#website\"},\"primaryImageOfPage\":{\"@id\":\"https:\\\/\\\/borgodelluccellaia.it\\\/fr\\\/ils-disent-de-nous\\\/#primaryimage\"},\"image\":{\"@id\":\"https:\\\/\\\/borgodelluccellaia.it\\\/fr\\\/ils-disent-de-nous\\\/#primaryimage\"},\"thumbnailUrl\":\"https:\\\/\\\/borgodelluccellaia.it\\\/wp-content\\\/uploads\\\/gallery_11.jpg\",\"datePublished\":\"2023-05-27T20:17:19+00:00\",\"dateModified\":\"2025-10-02T14:11:11+00:00\",\"description\":\"Cette page est d\u00e9di\u00e9e \u00e0 tous nos Partenaires et Collaborateurs qui nous permettent d'offrir \u00e0 nos Clients la meilleure exp\u00e9rience de d\u00e9tente possible.\",\"breadcrumb\":{\"@id\":\"https:\\\/\\\/borgodelluccellaia.it\\\/fr\\\/ils-disent-de-nous\\\/#breadcrumb\"},\"inLanguage\":\"fr-FR\",\"potentialAction\":[{\"@type\":\"ReadAction\",\"target\":[\"https:\\\/\\\/borgodelluccellaia.it\\\/fr\\\/ils-disent-de-nous\\\/\"]}]},{\"@type\":\"ImageObject\",\"inLanguage\":\"fr-FR\",\"@id\":\"https:\\\/\\\/borgodelluccellaia.it\\\/fr\\\/ils-disent-de-nous\\\/#primaryimage\",\"url\":\"https:\\\/\\\/borgodelluccellaia.it\\\/wp-content\\\/uploads\\\/gallery_11.jpg\",\"contentUrl\":\"https:\\\/\\\/borgodelluccellaia.it\\\/wp-content\\\/uploads\\\/gallery_11.jpg\",\"width\":1920,\"height\":1280},{\"@type\":\"BreadcrumbList\",\"@id\":\"https:\\\/\\\/borgodelluccellaia.it\\\/fr\\\/ils-disent-de-nous\\\/#breadcrumb\",\"itemListElement\":[{\"@type\":\"ListItem\",\"position\":1,\"name\":\"Home\",\"item\":\"https:\\\/\\\/borgodelluccellaia.it\\\/fr\\\/\"},{\"@type\":\"ListItem\",\"position\":2,\"name\":\"ils disent de nous\"}]},{\"@type\":\"WebSite\",\"@id\":\"https:\\\/\\\/borgodelluccellaia.it\\\/#website\",\"url\":\"https:\\\/\\\/borgodelluccellaia.it\\\/\",\"name\":\"Borgo dell'Uccellaia\",\"description\":\"Marciana Marina\",\"publisher\":{\"@id\":\"https:\\\/\\\/borgodelluccellaia.it\\\/#organization\"},\"potentialAction\":[{\"@type\":\"SearchAction\",\"target\":{\"@type\":\"EntryPoint\",\"urlTemplate\":\"https:\\\/\\\/borgodelluccellaia.it\\\/?s={search_term_string}\"},\"query-input\":{\"@type\":\"PropertyValueSpecification\",\"valueRequired\":true,\"valueName\":\"search_term_string\"}}],\"inLanguage\":\"fr-FR\"},{\"@type\":\"Organization\",\"@id\":\"https:\\\/\\\/borgodelluccellaia.it\\\/#organization\",\"name\":\"Borgo dell'Uccellaia\",\"url\":\"https:\\\/\\\/borgodelluccellaia.it\\\/\",\"logo\":{\"@type\":\"ImageObject\",\"inLanguage\":\"fr-FR\",\"@id\":\"https:\\\/\\\/borgodelluccellaia.it\\\/#\\\/schema\\\/logo\\\/image\\\/\",\"url\":\"https:\\\/\\\/borgodelluccellaia.it\\\/wp-content\\\/uploads\\\/icon_borgo_dell_uccellaia.png\",\"contentUrl\":\"https:\\\/\\\/borgodelluccellaia.it\\\/wp-content\\\/uploads\\\/icon_borgo_dell_uccellaia.png\",\"width\":512,\"height\":512,\"caption\":\"Borgo dell'Uccellaia\"},\"image\":{\"@id\":\"https:\\\/\\\/borgodelluccellaia.it\\\/#\\\/schema\\\/logo\\\/image\\\/\"},\"sameAs\":[\"https:\\\/\\\/www.facebook.com\\\/BorgoDelluccellaia\\\/\"]}]}<\/script>\n<!-- \/ Yoast SEO plugin. -->","yoast_head_json":{"title":"ils disent de nous - Borgo dell&#039;Uccellaia","description":"Cette page est d\u00e9di\u00e9e \u00e0 tous nos Partenaires et Collaborateurs qui nous permettent d'offrir \u00e0 nos Clients la meilleure exp\u00e9rience de d\u00e9tente possible.","robots":{"index":"index","follow":"follow","max-snippet":"max-snippet:-1","max-image-preview":"max-image-preview:large","max-video-preview":"max-video-preview:-1"},"canonical":"https:\/\/borgodelluccellaia.it\/fr\/ils-disent-de-nous\/","og_locale":"fr_FR","og_type":"article","og_title":"ils disent de nous - Borgo dell&#039;Uccellaia","og_description":"Cette page est d\u00e9di\u00e9e \u00e0 tous nos Partenaires et Collaborateurs qui nous permettent d'offrir \u00e0 nos Clients la meilleure exp\u00e9rience de d\u00e9tente possible.","og_url":"https:\/\/borgodelluccellaia.it\/fr\/ils-disent-de-nous\/","og_site_name":"Borgo dell&#039;Uccellaia","article_publisher":"https:\/\/www.facebook.com\/BorgoDelluccellaia\/","article_modified_time":"2025-10-02T14:11:11+00:00","og_image":[{"width":1920,"height":1280,"url":"https:\/\/borgodelluccellaia.it\/wp-content\/uploads\/gallery_11.jpg","type":"image\/jpeg"}],"twitter_card":"summary_large_image","twitter_misc":{"Dur\u00e9e de lecture estim\u00e9e":"3 minutes"},"schema":{"@context":"https:\/\/schema.org","@graph":[{"@type":"WebPage","@id":"https:\/\/borgodelluccellaia.it\/fr\/ils-disent-de-nous\/","url":"https:\/\/borgodelluccellaia.it\/fr\/ils-disent-de-nous\/","name":"ils disent de nous - Borgo dell&#039;Uccellaia","isPartOf":{"@id":"https:\/\/borgodelluccellaia.it\/#website"},"primaryImageOfPage":{"@id":"https:\/\/borgodelluccellaia.it\/fr\/ils-disent-de-nous\/#primaryimage"},"image":{"@id":"https:\/\/borgodelluccellaia.it\/fr\/ils-disent-de-nous\/#primaryimage"},"thumbnailUrl":"https:\/\/borgodelluccellaia.it\/wp-content\/uploads\/gallery_11.jpg","datePublished":"2023-05-27T20:17:19+00:00","dateModified":"2025-10-02T14:11:11+00:00","description":"Cette page est d\u00e9di\u00e9e \u00e0 tous nos Partenaires et Collaborateurs qui nous permettent d'offrir \u00e0 nos Clients la meilleure exp\u00e9rience de d\u00e9tente possible.","breadcrumb":{"@id":"https:\/\/borgodelluccellaia.it\/fr\/ils-disent-de-nous\/#breadcrumb"},"inLanguage":"fr-FR","potentialAction":[{"@type":"ReadAction","target":["https:\/\/borgodelluccellaia.it\/fr\/ils-disent-de-nous\/"]}]},{"@type":"ImageObject","inLanguage":"fr-FR","@id":"https:\/\/borgodelluccellaia.it\/fr\/ils-disent-de-nous\/#primaryimage","url":"https:\/\/borgodelluccellaia.it\/wp-content\/uploads\/gallery_11.jpg","contentUrl":"https:\/\/borgodelluccellaia.it\/wp-content\/uploads\/gallery_11.jpg","width":1920,"height":1280},{"@type":"BreadcrumbList","@id":"https:\/\/borgodelluccellaia.it\/fr\/ils-disent-de-nous\/#breadcrumb","itemListElement":[{"@type":"ListItem","position":1,"name":"Home","item":"https:\/\/borgodelluccellaia.it\/fr\/"},{"@type":"ListItem","position":2,"name":"ils disent de nous"}]},{"@type":"WebSite","@id":"https:\/\/borgodelluccellaia.it\/#website","url":"https:\/\/borgodelluccellaia.it\/","name":"Borgo dell'Uccellaia","description":"Marciana Marina","publisher":{"@id":"https:\/\/borgodelluccellaia.it\/#organization"},"potentialAction":[{"@type":"SearchAction","target":{"@type":"EntryPoint","urlTemplate":"https:\/\/borgodelluccellaia.it\/?s={search_term_string}"},"query-input":{"@type":"PropertyValueSpecification","valueRequired":true,"valueName":"search_term_string"}}],"inLanguage":"fr-FR"},{"@type":"Organization","@id":"https:\/\/borgodelluccellaia.it\/#organization","name":"Borgo dell'Uccellaia","url":"https:\/\/borgodelluccellaia.it\/","logo":{"@type":"ImageObject","inLanguage":"fr-FR","@id":"https:\/\/borgodelluccellaia.it\/#\/schema\/logo\/image\/","url":"https:\/\/borgodelluccellaia.it\/wp-content\/uploads\/icon_borgo_dell_uccellaia.png","contentUrl":"https:\/\/borgodelluccellaia.it\/wp-content\/uploads\/icon_borgo_dell_uccellaia.png","width":512,"height":512,"caption":"Borgo dell'Uccellaia"},"image":{"@id":"https:\/\/borgodelluccellaia.it\/#\/schema\/logo\/image\/"},"sameAs":["https:\/\/www.facebook.com\/BorgoDelluccellaia\/"]}]}},"_links":{"self":[{"href":"https:\/\/borgodelluccellaia.it\/fr\/wp-json\/wp\/v2\/pages\/3990","targetHints":{"allow":["GET"]}}],"collection":[{"href":"https:\/\/borgodelluccellaia.it\/fr\/wp-json\/wp\/v2\/pages"}],"about":[{"href":"https:\/\/borgodelluccellaia.it\/fr\/wp-json\/wp\/v2\/types\/page"}],"author":[{"embeddable":true,"href":"https:\/\/borgodelluccellaia.it\/fr\/wp-json\/wp\/v2\/users\/5"}],"replies":[{"embeddable":true,"href":"https:\/\/borgodelluccellaia.it\/fr\/wp-json\/wp\/v2\/comments?post=3990"}],"version-history":[{"count":5,"href":"https:\/\/borgodelluccellaia.it\/fr\/wp-json\/wp\/v2\/pages\/3990\/revisions"}],"predecessor-version":[{"id":4789,"href":"https:\/\/borgodelluccellaia.it\/fr\/wp-json\/wp\/v2\/pages\/3990\/revisions\/4789"}],"wp:featuredmedia":[{"embeddable":true,"href":"https:\/\/borgodelluccellaia.it\/fr\/wp-json\/wp\/v2\/media\/3992"}],"wp:attachment":[{"href":"https:\/\/borgodelluccellaia.it\/fr\/wp-json\/wp\/v2\/media?parent=3990"}],"curies":[{"name":"wp","href":"https:\/\/api.w.org\/{rel}","templated":true}]}}