{"id":3875,"date":"2025-04-14T11:53:42","date_gmt":"2025-04-14T09:53:42","guid":{"rendered":"https:\/\/borgodelluccellaia.it\/die-unterkunft\/last-minute-2\/"},"modified":"2026-01-05T20:31:31","modified_gmt":"2026-01-05T19:31:31","slug":"last-minute","status":"publish","type":"page","link":"https:\/\/borgodelluccellaia.it\/de\/die-unterkunft\/last-minute\/","title":{"rendered":"Last minute"},"content":{"rendered":"<section class=\"wpb-content-wrapper\"><p>[vc_row row_margin=&#8220;uk-margin-large&#8220; row_stretch=&#8220;uk-container-expand uk-padding-remove-horizontal&#8220; row_custom_media_type=&#8220;image&#8220; row_background_image_size=&#8220;uk-background-cover&#8220; row_background_image_repeat=&#8220;uk-background-norepeat&#8220; row_background_image_position=&#8220;uk-background-top-center&#8220; row_top_shape_divider=&#8220;mountains&#8220; row_bottom_shape_divider=&#8220;waves_opacity&#8220; dahz_id=&#8220;1543569849406-45d20337-98f8&#8243; row_background_image=&#8220;1504&#8243; row_bottom_shape_divider_color=&#8220;#ffffff&#8220; css=&#8220;.vc_custom_1745692569959{margin-top: -280px !important;}&#8220;][vc_column dahz_id=&#8220;1543569849411-3bfa66d9-8f52&#8243;][vc_empty_space height=&#8220;800px&#8220;][\/vc_column][\/vc_row][vc_row row_margin=&#8220;uk-margin-small&#8220; row_remove_top_margin=&#8220;true&#8220; dahz_id=&#8220;1543571495470-ab3ef60f-7cd8&#8243; el_class=&#8220;bread&#8220; css=&#8220;.vc_custom_1745692846267{margin-top: -45px !important;}&#8220;][vc_column dahz_id=&#8220;1543571495478-9b6fdd06-3d02&#8243;][vc_column_text css=&#8220;.vc_custom_1543586328980{margin-bottom: 0px !important;}&#8220;]<span><span><a href=\"https:\/\/borgodelluccellaia.it\/de\/\">Home<\/a><\/span><\/span>[\/vc_column_text][\/vc_column][\/vc_row][vc_row row_margin=&#8220;uk-margin-large&#8220; row_stretch=&#8220;uk-container-expand uk-padding-remove-horizontal&#8220; row_column_enable_equal_height=&#8220;true&#8220; row_custom_media_type=&#8220;image&#8220; row_background_image_size=&#8220;uk-background-cover&#8220; row_background_image_position=&#8220;uk-background-center-center&#8220; row_background_image_effect=&#8220;uk-background-fixed&#8220; row_background_blend_mode=&#8220;uk-background-blend-color&#8220; dahz_id=&#8220;1543576554481-4fd3ff22-10a7&#8243; row_background_image=&#8220;2570&#8243;][vc_column dahz_id=&#8220;1543576554491-f3ce1922-d15b&#8220;]<div class=\"uk-position-relative de-shortcode__wrapper de-shortcode__wrapper--animated_text uk-margin\" data-uk-parallax=\"x:0,0;y:0,0;scale:1,1;rotate:0,0;opacity:1,1;easing:0;viewport:0;\" data-dahz-shortcode-key=\"1742837781516-d40c3923-8eab\" style=\"\">\r\n\t\r\n<div class=\"uk-overflow-hidden de-sc-animated-text\" data-animate-style=\"default\">\r\n\t<div class=\"de-sc-animated-text__box\" style=\"max-width: 1240px;\">\r\n\t\t\t\t\t<span class=\"de-sc-animated-text__text inner\" style=\"font-family:Abril Fatface; font-weight:400; font-style:normal; font-size:40px; animation-duration:70s; color:#ffffff;\">\r\n\t\t\t\t<span>Last Minute --- Dimora Smeraldo --- Last Minute --- Dimora Smeraldo --- Last Minute --- Dimora Smeraldo --- Last Minute --- Dimora Smeraldo --- <\/span>\r\n\t\t\t\t<span>Last Minute --- Dimora Smeraldo --- Last Minute --- Dimora Smeraldo --- Last Minute --- Dimora Smeraldo --- Last Minute --- Dimora Smeraldo --- <\/span>\r\n\t\t\t<\/span>\r\n\t\t\t\t\t<\/div>\r\n\t<\/div>\r\n<\/div>\r\n[vc_custom_heading text=&#8220;Dimora Smeraldo &#8211; Valentinstag -14%&#8220; font_container=&#8220;tag:h2|text_align:left|color:%23ffffff&#8220; use_theme_fonts=&#8220;yes&#8220; dahz_id=&#8220;1543576554500-a76558d7-37f4&#8243; margin_top=&#8220;20&#8243; button_link=&#8220;https:\/\/borgodelluccellaia.it\/de\/die-unterkunft\/ambra\/&#8220; margin_right=&#8220;20&#8243;][vc_column_text]<span style=\"color: #ffffff;\"><strong>70 m2 &#8211; 2 Schlafzimmer &#8211; 2 Badezimmer &#8211; gro\u00dfes Wohnzimmer &#8211; K\u00fcche mit Backofen und Geschirrsp\u00fcler ausgestattet &#8211; Veranda mit Loungetisch und St\u00fchlen- kostenlose Parkpl\u00e4tze &#8211; privater umz\u00e4unter Garten &#8211; Solariumterrasse mit Meerblick und Sonnenliegen &#8211; Wellnesspfad mit Yogabereich.<\/strong><\/span>[\/vc_column_text][\/vc_column][\/vc_row][vc_row row_margin=&#8220;uk-margin-large&#8220; row_stretch=&#8220;uk-container-expand uk-padding-remove-horizontal&#8220; row_custom_media_type=&#8220;image&#8220; row_background_image_size=&#8220;uk-background-cover&#8220; row_background_image_position=&#8220;uk-background-center-center&#8220; row_background_image_effect=&#8220;uk-background-fixed&#8220; dahz_id=&#8220;1756563424573-68279a01-05a6&#8243; row_background_image=&#8220;2577&#8243;][vc_column dahz_id=&#8220;1756563424609-116cdc64-afaf&#8220;]<div class=\"uk-position-relative de-shortcode__wrapper de-shortcode__wrapper--animated_text uk-margin\" data-uk-parallax=\"x:0,0;y:0,0;scale:1,1;rotate:0,0;opacity:1,1;easing:0;viewport:0;\" data-dahz-shortcode-key=\"1756563424624-72a1010d-fa82\" style=\"\">\r\n\t\r\n<div class=\"uk-overflow-hidden de-sc-animated-text\" data-animate-style=\"default\">\r\n\t<div class=\"de-sc-animated-text__box\" style=\"max-width: 1240px;\">\r\n\t\t\t\t\t<span class=\"de-sc-animated-text__text inner\" style=\"font-family:Abril Fatface; font-weight:400; font-style:normal; font-size:40px; animation-duration:70s; color:#be21f2;\">\r\n\t\t\t\t<span>Last Minute --- Dimora Turchese --- Last Minute --- Dimora Turchese --- Last Minute --- Dimora Turchese --- Last Minute --- Dimora Turchese --- <\/span>\r\n\t\t\t\t<span>Last Minute --- Dimora Turchese --- Last Minute --- Dimora Turchese --- Last Minute --- Dimora Turchese --- Last Minute --- Dimora Turchese --- <\/span>\r\n\t\t\t<\/span>\r\n\t\t\t\t\t<\/div>\r\n\t<\/div>\r\n<\/div>\r\n[vc_custom_heading text=&#8220;Dimora Turchese &#8211; Valentinstag -14%&#8220; font_container=&#8220;tag:h2|text_align:left|color:%23ffffff&#8220; use_theme_fonts=&#8220;yes&#8220; dahz_id=&#8220;1756563424646-e2d2e6d4-5554&#8243; margin_top=&#8220;20&#8243; button_link=&#8220;https:\/\/borgodelluccellaia.it\/de\/die-unterkunft\/giada\/&#8220;][vc_column_text]<span style=\"color: #ffffff;\"><strong>70 m2 &#8211; 2 Schlafzimmer &#8211; 2 Badezimmer &#8211; gro\u00dfes Wohnzimmer &#8211; K\u00fcche mit Backofen und Geschirrsp\u00fcler ausgestattet &#8211; Veranda mit Loungetisch und St\u00fchlen- kostenlose Parkpl\u00e4tze &#8211; privater umz\u00e4unter Garten &#8211; Solariumterrasse mit Meerblick und Sonnenliegen &#8211; Wellnesspfad mit Yogabereich.<\/strong><\/span>[\/vc_column_text][\/vc_column][\/vc_row]<\/p>\n<\/section>","protected":false},"excerpt":{"rendered":"<p>[vc_row row_margin=&#8220;uk-margin-large&#8220; row_stretch=&#8220;uk-container-expand uk-padding-remove-horizontal&#8220; row_custom_media_type=&#8220;image&#8220; row_background_image_size=&#8220;uk-background-cover&#8220; row_background_image_repeat=&#8220;uk-background-norepeat&#8220; row_background_image_position=&#8220;uk-background-top-center&#8220; row_top_shape_divider=&#8220;mountains&#8220; row_bottom_shape_divider=&#8220;waves_opacity&#8220; dahz_id=&#8220;1543569849406-45d20337-98f8&#8243; row_background_image=&#8220;1504&#8243; row_bottom_shape_divider_color=&#8220;#ffffff&#8220; css=&#8220;.vc_custom_1745692569959{margin-top: -280px !important;}&#8220;][vc_column dahz_id=&#8220;1543569849411-3bfa66d9-8f52&#8243;][vc_empty_space height=&#8220;800px&#8220;][\/vc_column][\/vc_row][vc_row row_margin=&#8220;uk-margin-small&#8220; row_remove_top_margin=&#8220;true&#8220; dahz_id=&#8220;1543571495470-ab3ef60f-7cd8&#8243; el_class=&#8220;bread&#8220; css=&#8220;.vc_custom_1745692846267{margin-top: -45px !important;}&#8220;][vc_column dahz_id=&#8220;1543571495478-9b6fdd06-3d02&#8243;][vc_column_text css=&#8220;.vc_custom_1543586328980{margin-bottom: 0px !important;}&#8220;][\/vc_column_text][\/vc_column][\/vc_row][vc_row row_margin=&#8220;uk-margin-large&#8220; row_stretch=&#8220;uk-container-expand uk-padding-remove-horizontal&#8220; row_column_enable_equal_height=&#8220;true&#8220; row_custom_media_type=&#8220;image&#8220; row_background_image_size=&#8220;uk-background-cover&#8220; row_background_image_position=&#8220;uk-background-center-center&#8220; row_background_image_effect=&#8220;uk-background-fixed&#8220; row_background_blend_mode=&#8220;uk-background-blend-color&#8220; dahz_id=&#8220;1543576554481-4fd3ff22-10a7&#8243; row_background_image=&#8220;2570&#8243;][vc_column dahz_id=&#8220;1543576554491-f3ce1922-d15b&#8220;][vc_custom_heading text=&#8220;Dimora Smeraldo &#8211; Valentinstag -14%&#8220; font_container=&#8220;tag:h2|text_align:left|color:%23ffffff&#8220; use_theme_fonts=&#8220;yes&#8220; dahz_id=&#8220;1543576554500-a76558d7-37f4&#8243; margin_top=&#8220;20&#8243; button_link=&#8220;https:\/\/borgodelluccellaia.it\/de\/die-unterkunft\/ambra\/&#8220; margin_right=&#8220;20&#8243;][vc_column_text]70 m2 &#8211; 2 &hellip;<\/p>\n","protected":false},"author":5,"featured_media":2642,"parent":1639,"menu_order":2,"comment_status":"closed","ping_status":"closed","template":"","meta":{"footnotes":""},"class_list":["post-3875","page","type-page","status-publish","has-post-thumbnail","hentry"],"yoast_head":"<!-- This site is optimized with the Yoast SEO plugin v27.4 - https:\/\/yoast.com\/product\/yoast-seo-wordpress\/ -->\n<title>Last minute - Borgo dell&#039;Uccellaia, Marciana Marina, Isola d&#039;Elba<\/title>\n<meta name=\"description\" content=\"La dimora ha accesso privato con giardino, \u00e8 composta da 2 camere da letto di cui una camera matrimoniale dotata di bagno indipendente e una camera doppia o matrimoniale, cucina completa di lavastoviglie e soggiorno con smart tv e divano 3 posti\" \/>\n<meta name=\"robots\" content=\"index, follow, max-snippet:-1, max-image-preview:large, max-video-preview:-1\" \/>\n<link rel=\"canonical\" href=\"https:\/\/borgodelluccellaia.it\/de\/die-unterkunft\/last-minute\/\" \/>\n<meta property=\"og:locale\" content=\"de_DE\" \/>\n<meta property=\"og:type\" content=\"article\" \/>\n<meta property=\"og:title\" content=\"Last minute - Borgo dell&#039;Uccellaia, Marciana Marina, Isola d&#039;Elba\" \/>\n<meta property=\"og:description\" content=\"La dimora ha accesso privato con giardino, \u00e8 composta da 2 camere da letto di cui una camera matrimoniale dotata di bagno indipendente e una camera doppia o matrimoniale, cucina completa di lavastoviglie e soggiorno con smart tv e divano 3 posti\" \/>\n<meta property=\"og:url\" content=\"https:\/\/borgodelluccellaia.it\/de\/die-unterkunft\/last-minute\/\" \/>\n<meta property=\"og:site_name\" content=\"Borgo dell&#039;Uccellaia\" \/>\n<meta property=\"article:publisher\" content=\"https:\/\/www.facebook.com\/BorgoDelluccellaia\/\" \/>\n<meta property=\"article:modified_time\" content=\"2026-01-05T19:31:31+00:00\" \/>\n<meta property=\"og:image\" content=\"https:\/\/borgodelluccellaia.it\/wp-content\/uploads\/MAX_4419-1024x683.jpg\" \/>\n\t<meta property=\"og:image:width\" content=\"1024\" \/>\n\t<meta property=\"og:image:height\" content=\"683\" \/>\n\t<meta property=\"og:image:type\" content=\"image\/jpeg\" \/>\n<meta name=\"twitter:card\" content=\"summary_large_image\" \/>\n<meta name=\"twitter:label1\" content=\"Gesch\u00e4tzte Lesezeit\" \/>\n\t<meta name=\"twitter:data1\" content=\"2\u00a0Minuten\" \/>\n<script type=\"application\/ld+json\" class=\"yoast-schema-graph\">{\"@context\":\"https:\\\/\\\/schema.org\",\"@graph\":[{\"@type\":\"WebPage\",\"@id\":\"https:\\\/\\\/borgodelluccellaia.it\\\/de\\\/die-unterkunft\\\/last-minute\\\/\",\"url\":\"https:\\\/\\\/borgodelluccellaia.it\\\/de\\\/die-unterkunft\\\/last-minute\\\/\",\"name\":\"Last minute - Borgo dell&#039;Uccellaia, Marciana Marina, Isola d'Elba\",\"isPartOf\":{\"@id\":\"https:\\\/\\\/borgodelluccellaia.it\\\/#website\"},\"primaryImageOfPage\":{\"@id\":\"https:\\\/\\\/borgodelluccellaia.it\\\/de\\\/die-unterkunft\\\/last-minute\\\/#primaryimage\"},\"image\":{\"@id\":\"https:\\\/\\\/borgodelluccellaia.it\\\/de\\\/die-unterkunft\\\/last-minute\\\/#primaryimage\"},\"thumbnailUrl\":\"https:\\\/\\\/borgodelluccellaia.it\\\/wp-content\\\/uploads\\\/MAX_4419.jpg\",\"datePublished\":\"2025-04-14T09:53:42+00:00\",\"dateModified\":\"2026-01-05T19:31:31+00:00\",\"description\":\"La dimora ha accesso privato con giardino, \u00e8 composta da 2 camere da letto di cui una camera matrimoniale dotata di bagno indipendente e una camera doppia o matrimoniale, cucina completa di lavastoviglie e soggiorno con smart tv e divano 3 posti\",\"breadcrumb\":{\"@id\":\"https:\\\/\\\/borgodelluccellaia.it\\\/de\\\/die-unterkunft\\\/last-minute\\\/#breadcrumb\"},\"inLanguage\":\"de\",\"potentialAction\":[{\"@type\":\"ReadAction\",\"target\":[\"https:\\\/\\\/borgodelluccellaia.it\\\/de\\\/die-unterkunft\\\/last-minute\\\/\"]}]},{\"@type\":\"ImageObject\",\"inLanguage\":\"de\",\"@id\":\"https:\\\/\\\/borgodelluccellaia.it\\\/de\\\/die-unterkunft\\\/last-minute\\\/#primaryimage\",\"url\":\"https:\\\/\\\/borgodelluccellaia.it\\\/wp-content\\\/uploads\\\/MAX_4419.jpg\",\"contentUrl\":\"https:\\\/\\\/borgodelluccellaia.it\\\/wp-content\\\/uploads\\\/MAX_4419.jpg\",\"width\":1920,\"height\":1280},{\"@type\":\"BreadcrumbList\",\"@id\":\"https:\\\/\\\/borgodelluccellaia.it\\\/de\\\/die-unterkunft\\\/last-minute\\\/#breadcrumb\",\"itemListElement\":[{\"@type\":\"ListItem\",\"position\":1,\"name\":\"Home\",\"item\":\"https:\\\/\\\/borgodelluccellaia.it\\\/de\\\/\"},{\"@type\":\"ListItem\",\"position\":2,\"name\":\"Die Unterkunft\",\"item\":\"https:\\\/\\\/borgodelluccellaia.it\\\/de\\\/die-unterkunft\\\/\"},{\"@type\":\"ListItem\",\"position\":3,\"name\":\"Last minute\"}]},{\"@type\":\"WebSite\",\"@id\":\"https:\\\/\\\/borgodelluccellaia.it\\\/#website\",\"url\":\"https:\\\/\\\/borgodelluccellaia.it\\\/\",\"name\":\"Borgo dell'Uccellaia\",\"description\":\"Marciana Marina\",\"publisher\":{\"@id\":\"https:\\\/\\\/borgodelluccellaia.it\\\/#organization\"},\"potentialAction\":[{\"@type\":\"SearchAction\",\"target\":{\"@type\":\"EntryPoint\",\"urlTemplate\":\"https:\\\/\\\/borgodelluccellaia.it\\\/?s={search_term_string}\"},\"query-input\":{\"@type\":\"PropertyValueSpecification\",\"valueRequired\":true,\"valueName\":\"search_term_string\"}}],\"inLanguage\":\"de\"},{\"@type\":\"Organization\",\"@id\":\"https:\\\/\\\/borgodelluccellaia.it\\\/#organization\",\"name\":\"Borgo dell'Uccellaia\",\"url\":\"https:\\\/\\\/borgodelluccellaia.it\\\/\",\"logo\":{\"@type\":\"ImageObject\",\"inLanguage\":\"de\",\"@id\":\"https:\\\/\\\/borgodelluccellaia.it\\\/#\\\/schema\\\/logo\\\/image\\\/\",\"url\":\"https:\\\/\\\/borgodelluccellaia.it\\\/wp-content\\\/uploads\\\/icon_borgo_dell_uccellaia.png\",\"contentUrl\":\"https:\\\/\\\/borgodelluccellaia.it\\\/wp-content\\\/uploads\\\/icon_borgo_dell_uccellaia.png\",\"width\":512,\"height\":512,\"caption\":\"Borgo dell'Uccellaia\"},\"image\":{\"@id\":\"https:\\\/\\\/borgodelluccellaia.it\\\/#\\\/schema\\\/logo\\\/image\\\/\"},\"sameAs\":[\"https:\\\/\\\/www.facebook.com\\\/BorgoDelluccellaia\\\/\"]}]}<\/script>\n<!-- \/ Yoast SEO plugin. -->","yoast_head_json":{"title":"Last minute - Borgo dell&#039;Uccellaia, Marciana Marina, Isola d'Elba","description":"La dimora ha accesso privato con giardino, \u00e8 composta da 2 camere da letto di cui una camera matrimoniale dotata di bagno indipendente e una camera doppia o matrimoniale, cucina completa di lavastoviglie e soggiorno con smart tv e divano 3 posti","robots":{"index":"index","follow":"follow","max-snippet":"max-snippet:-1","max-image-preview":"max-image-preview:large","max-video-preview":"max-video-preview:-1"},"canonical":"https:\/\/borgodelluccellaia.it\/de\/die-unterkunft\/last-minute\/","og_locale":"de_DE","og_type":"article","og_title":"Last minute - Borgo dell&#039;Uccellaia, Marciana Marina, Isola d'Elba","og_description":"La dimora ha accesso privato con giardino, \u00e8 composta da 2 camere da letto di cui una camera matrimoniale dotata di bagno indipendente e una camera doppia o matrimoniale, cucina completa di lavastoviglie e soggiorno con smart tv e divano 3 posti","og_url":"https:\/\/borgodelluccellaia.it\/de\/die-unterkunft\/last-minute\/","og_site_name":"Borgo dell&#039;Uccellaia","article_publisher":"https:\/\/www.facebook.com\/BorgoDelluccellaia\/","article_modified_time":"2026-01-05T19:31:31+00:00","og_image":[{"width":1024,"height":683,"url":"https:\/\/borgodelluccellaia.it\/wp-content\/uploads\/MAX_4419-1024x683.jpg","type":"image\/jpeg"}],"twitter_card":"summary_large_image","twitter_misc":{"Gesch\u00e4tzte Lesezeit":"2\u00a0Minuten"},"schema":{"@context":"https:\/\/schema.org","@graph":[{"@type":"WebPage","@id":"https:\/\/borgodelluccellaia.it\/de\/die-unterkunft\/last-minute\/","url":"https:\/\/borgodelluccellaia.it\/de\/die-unterkunft\/last-minute\/","name":"Last minute - Borgo dell&#039;Uccellaia, Marciana Marina, Isola d'Elba","isPartOf":{"@id":"https:\/\/borgodelluccellaia.it\/#website"},"primaryImageOfPage":{"@id":"https:\/\/borgodelluccellaia.it\/de\/die-unterkunft\/last-minute\/#primaryimage"},"image":{"@id":"https:\/\/borgodelluccellaia.it\/de\/die-unterkunft\/last-minute\/#primaryimage"},"thumbnailUrl":"https:\/\/borgodelluccellaia.it\/wp-content\/uploads\/MAX_4419.jpg","datePublished":"2025-04-14T09:53:42+00:00","dateModified":"2026-01-05T19:31:31+00:00","description":"La dimora ha accesso privato con giardino, \u00e8 composta da 2 camere da letto di cui una camera matrimoniale dotata di bagno indipendente e una camera doppia o matrimoniale, cucina completa di lavastoviglie e soggiorno con smart tv e divano 3 posti","breadcrumb":{"@id":"https:\/\/borgodelluccellaia.it\/de\/die-unterkunft\/last-minute\/#breadcrumb"},"inLanguage":"de","potentialAction":[{"@type":"ReadAction","target":["https:\/\/borgodelluccellaia.it\/de\/die-unterkunft\/last-minute\/"]}]},{"@type":"ImageObject","inLanguage":"de","@id":"https:\/\/borgodelluccellaia.it\/de\/die-unterkunft\/last-minute\/#primaryimage","url":"https:\/\/borgodelluccellaia.it\/wp-content\/uploads\/MAX_4419.jpg","contentUrl":"https:\/\/borgodelluccellaia.it\/wp-content\/uploads\/MAX_4419.jpg","width":1920,"height":1280},{"@type":"BreadcrumbList","@id":"https:\/\/borgodelluccellaia.it\/de\/die-unterkunft\/last-minute\/#breadcrumb","itemListElement":[{"@type":"ListItem","position":1,"name":"Home","item":"https:\/\/borgodelluccellaia.it\/de\/"},{"@type":"ListItem","position":2,"name":"Die Unterkunft","item":"https:\/\/borgodelluccellaia.it\/de\/die-unterkunft\/"},{"@type":"ListItem","position":3,"name":"Last minute"}]},{"@type":"WebSite","@id":"https:\/\/borgodelluccellaia.it\/#website","url":"https:\/\/borgodelluccellaia.it\/","name":"Borgo dell'Uccellaia","description":"Marciana Marina","publisher":{"@id":"https:\/\/borgodelluccellaia.it\/#organization"},"potentialAction":[{"@type":"SearchAction","target":{"@type":"EntryPoint","urlTemplate":"https:\/\/borgodelluccellaia.it\/?s={search_term_string}"},"query-input":{"@type":"PropertyValueSpecification","valueRequired":true,"valueName":"search_term_string"}}],"inLanguage":"de"},{"@type":"Organization","@id":"https:\/\/borgodelluccellaia.it\/#organization","name":"Borgo dell'Uccellaia","url":"https:\/\/borgodelluccellaia.it\/","logo":{"@type":"ImageObject","inLanguage":"de","@id":"https:\/\/borgodelluccellaia.it\/#\/schema\/logo\/image\/","url":"https:\/\/borgodelluccellaia.it\/wp-content\/uploads\/icon_borgo_dell_uccellaia.png","contentUrl":"https:\/\/borgodelluccellaia.it\/wp-content\/uploads\/icon_borgo_dell_uccellaia.png","width":512,"height":512,"caption":"Borgo dell'Uccellaia"},"image":{"@id":"https:\/\/borgodelluccellaia.it\/#\/schema\/logo\/image\/"},"sameAs":["https:\/\/www.facebook.com\/BorgoDelluccellaia\/"]}]}},"_links":{"self":[{"href":"https:\/\/borgodelluccellaia.it\/de\/wp-json\/wp\/v2\/pages\/3875","targetHints":{"allow":["GET"]}}],"collection":[{"href":"https:\/\/borgodelluccellaia.it\/de\/wp-json\/wp\/v2\/pages"}],"about":[{"href":"https:\/\/borgodelluccellaia.it\/de\/wp-json\/wp\/v2\/types\/page"}],"author":[{"embeddable":true,"href":"https:\/\/borgodelluccellaia.it\/de\/wp-json\/wp\/v2\/users\/5"}],"replies":[{"embeddable":true,"href":"https:\/\/borgodelluccellaia.it\/de\/wp-json\/wp\/v2\/comments?post=3875"}],"version-history":[{"count":53,"href":"https:\/\/borgodelluccellaia.it\/de\/wp-json\/wp\/v2\/pages\/3875\/revisions"}],"predecessor-version":[{"id":4865,"href":"https:\/\/borgodelluccellaia.it\/de\/wp-json\/wp\/v2\/pages\/3875\/revisions\/4865"}],"up":[{"embeddable":true,"href":"https:\/\/borgodelluccellaia.it\/de\/wp-json\/wp\/v2\/pages\/1639"}],"wp:featuredmedia":[{"embeddable":true,"href":"https:\/\/borgodelluccellaia.it\/de\/wp-json\/wp\/v2\/media\/2642"}],"wp:attachment":[{"href":"https:\/\/borgodelluccellaia.it\/de\/wp-json\/wp\/v2\/media?parent=3875"}],"curies":[{"name":"wp","href":"https:\/\/api.w.org\/{rel}","templated":true}]}}