{"id":3698,"date":"2025-03-19T19:04:29","date_gmt":"2025-03-19T18:04:29","guid":{"rendered":"https:\/\/borgodelluccellaia.it\/?page_id=3698"},"modified":"2025-03-19T20:23:22","modified_gmt":"2025-03-19T19:23:22","slug":"kontakt","status":"publish","type":"page","link":"https:\/\/borgodelluccellaia.it\/de\/kontakt\/","title":{"rendered":"Kontakt"},"content":{"rendered":"<section class=\"wpb-content-wrapper\"><p>[vc_row row_margin=&#8220;uk-margin-large&#8220; row_remove_top_margin=&#8220;true&#8220; row_remove_bottom_margin=&#8220;true&#8220; row_stretch=&#8220;uk-container-large&#8220; row_enable_full_height=&#8220;true&#8220; row_column_enable_equal_height=&#8220;true&#8220; row_custom_media_type=&#8220;image&#8220; row_background_image_size=&#8220;uk-background-cover&#8220; row_background_image_repeat=&#8220;uk-background-norepeat&#8220; row_background_image_position=&#8220;uk-background-top-center&#8220; row_background_image_effect=&#8220;parallax&#8220; row_bottom_shape_divider=&#8220;mountains&#8220; row_bottom_shape_divider_enable_bring_to_front=&#8220;true&#8220; dahz_id=&#8220;1543569849406-45d20337-98f8&#8243; row_bottom_shape_divider_color=&#8220;#ffffff&#8220; row_bottom_shape_divider_height=&#8220;200&#8243; row_background_image=&#8220;728&#8243;][vc_column dahz_id=&#8220;1543569849411-3bfa66d9-8f52&#8243; css=&#8220;.vc_custom_1543574748057{padding-top: 0px !important;}&#8220;][\/vc_column][\/vc_row][vc_row row_remove_top_margin=&#8220;true&#8220; row_remove_bottom_margin=&#8220;true&#8220; dahz_id=&#8220;1543571495470-ab3ef60f-7cd8&#8243; el_class=&#8220;bread&#8220;][vc_column dahz_id=&#8220;1543571495478-9b6fdd06-3d02&#8243;][vc_column_text css=&#8220;.vc_custom_1543586328980{margin-bottom: 0px !important;}&#8220;]<span><span><a href=\"https:\/\/borgodelluccellaia.it\/de\/\">Home<\/a><\/span><\/span>[\/vc_column_text][\/vc_column][\/vc_row][vc_row dahz_id=&#8220;1543576554481-4fd3ff22-10a7&#8243;][vc_column dahz_id=&#8220;1543576554491-f3ce1922-d15b&#8220;][vc_custom_heading text=&#8220;Kontakt&#8220; font_container=&#8220;tag:h3|text_align:left&#8220; use_theme_fonts=&#8220;yes&#8220; dahz_id=&#8220;1543576554500-a76558d7-37f4&#8243; margin_top=&#8220;20&#8243;][vc_column_text]<\/p>\n<h5>\u00fcr die Anfragen oder Reservierungen, f\u00fcllen Sie bitte das unten stehende<\/h5>\n<h5>Formular aus und dr\u00fccken Sie die Schaltfl\u00e4che &#8222;Anfrage senden&#8220;.<\/h5>\n<h5>F\u00fcr alle weiteren Informationen kontaktieren Sie uns per E-Mail oder Telefon.<\/h5>\n<p>[\/vc_column_text][vc_empty_space height=&#8220;20px&#8220;][vc_row_inner dahz_id=&#8220;1547029722317-ddfa9d05-9036&#8243;][vc_column_inner width=&#8220;2\/3&#8243; dahz_id=&#8220;1547029722320-d76ac502-9e67&#8243;]\n<div class=\"wpcf7 no-js\" id=\"wpcf7-f3713-o1\" lang=\"it-IT\" dir=\"ltr\" data-wpcf7-id=\"3713\">\n<div class=\"screen-reader-response\"><p role=\"status\" aria-live=\"polite\" aria-atomic=\"true\"><\/p> <ul><\/ul><\/div>\n<form action=\"\/de\/wp-json\/wp\/v2\/pages\/3698#wpcf7-f3713-o1\" method=\"post\" class=\"wpcf7-form init\" aria-label=\"Modulo di contatto\" novalidate=\"novalidate\" data-status=\"init\">\n<fieldset class=\"hidden-fields-container\"><input type=\"hidden\" name=\"_wpcf7\" value=\"3713\" \/><input type=\"hidden\" name=\"_wpcf7_version\" value=\"6.1.5\" \/><input type=\"hidden\" name=\"_wpcf7_locale\" value=\"it_IT\" \/><input type=\"hidden\" name=\"_wpcf7_unit_tag\" value=\"wpcf7-f3713-o1\" \/><input type=\"hidden\" name=\"_wpcf7_container_post\" value=\"0\" \/><input type=\"hidden\" name=\"_wpcf7_posted_data_hash\" value=\"\" \/>\n<\/fieldset>\n<div class=\"uk-grid uk-flex-1 uk-c-position-z-index-0\" style=\"margin-top:20px;\">\n\t<div class=\"de-column de-column--inner uk-position-relative uk-width-1-2@m uk-first-column\">\n\t\t<p><label> Name *<br \/>\n<span class=\"wpcf7-form-control-wrap\" data-name=\"nome\"><input size=\"40\" maxlength=\"400\" class=\"wpcf7-form-control wpcf7-text wpcf7-validates-as-required\" aria-required=\"true\" aria-invalid=\"false\" value=\"\" type=\"text\" name=\"nome\" \/><\/span> <\/label>\n\t\t<\/p>\n\t<\/div>\n\t<div class=\"de-column de-column--inner uk-position-relative uk-width-1-2@m uk-first-column\">\n\t\t<p><label> Nachname *<br \/>\n<span class=\"wpcf7-form-control-wrap\" data-name=\"cognome\"><input size=\"40\" maxlength=\"400\" class=\"wpcf7-form-control wpcf7-text wpcf7-validates-as-required\" aria-required=\"true\" aria-invalid=\"false\" value=\"\" type=\"text\" name=\"cognome\" \/><\/span> <\/label>\n\t\t<\/p>\n\t<\/div>\n<\/div>\n<div class=\"uk-grid uk-flex-1 uk-c-position-z-index-0\" style=\"margin-top:20px;\">\n\t<div class=\"de-column de-column--inner uk-position-relative uk-width-1-2@m uk-first-column\">\n\t\t<p><label> Email *<br \/>\n<span class=\"wpcf7-form-control-wrap\" data-name=\"mail\"><input size=\"40\" maxlength=\"400\" class=\"wpcf7-form-control wpcf7-email wpcf7-validates-as-required wpcf7-text wpcf7-validates-as-email\" aria-required=\"true\" aria-invalid=\"false\" value=\"\" type=\"email\" name=\"mail\" \/><\/span> <\/label>\n\t\t<\/p>\n\t<\/div>\n\t<div class=\"de-column de-column--inner uk-position-relative uk-width-1-2@m uk-first-column\">\n\t\t<p><label> Telefone *<br \/>\n<span class=\"wpcf7-form-control-wrap\" data-name=\"telefono\"><input size=\"40\" maxlength=\"400\" class=\"wpcf7-form-control wpcf7-text wpcf7-validates-as-required\" aria-required=\"true\" aria-invalid=\"false\" value=\"\" type=\"text\" name=\"telefono\" \/><\/span> <\/label>\n\t\t<\/p>\n\t<\/div>\n<\/div>\n<div class=\"uk-grid uk-flex-1 uk-c-position-z-index-0\" style=\"margin-top:50px;\">\n\t<div class=\"de-column de-column--inner uk-position-relative uk-width-1-2@m uk-first-column\">\n\t\t<p><label> Check in *<br \/>\n<span class=\"wpcf7-form-control-wrap\" data-name=\"arrivo\"><input class=\"wpcf7-form-control wpcf7-date wpcf7-validates-as-required wpcf7-validates-as-date\" aria-required=\"true\" aria-invalid=\"false\" value=\"\" type=\"date\" name=\"arrivo\" \/><\/span> <\/label>\n\t\t<\/p>\n\t<\/div>\n\t<div class=\"de-column de-column--inner uk-position-relative uk-width-1-2@m uk-first-column\">\n\t\t<p><label> Check out *<br \/>\n<span class=\"wpcf7-form-control-wrap\" data-name=\"partenza\"><input class=\"wpcf7-form-control wpcf7-date wpcf7-validates-as-required wpcf7-validates-as-date\" aria-required=\"true\" aria-invalid=\"false\" value=\"\" type=\"date\" name=\"partenza\" \/><\/span> <\/label>\n\t\t<\/p>\n\t<\/div>\n<\/div>\n<div class=\"uk-grid uk-flex-1 uk-c-position-z-index-0\" style=\"margin-top:20px;\">\n\t<div class=\"de-column de-column--inner uk-position-relative uk-width-1-3@m uk-first-column\">\n\t\t<p><label> Erwachsene *<br \/>\n<span class=\"wpcf7-form-control-wrap\" data-name=\"adulti\"><input class=\"wpcf7-form-control wpcf7-number wpcf7-validates-as-required wpcf7-validates-as-number\" aria-required=\"true\" aria-invalid=\"false\" value=\"\" type=\"number\" name=\"adulti\" \/><\/span> <\/label>\n\t\t<\/p>\n\t<\/div>\n\t<div class=\"de-column de-column--inner uk-position-relative uk-width-1-3@m uk-first-column\">\n\t\t<p><label> Kinder<br \/>\n<span class=\"wpcf7-form-control-wrap\" data-name=\"bambini\"><input class=\"wpcf7-form-control wpcf7-number wpcf7-validates-as-number\" aria-invalid=\"false\" value=\"\" type=\"number\" name=\"bambini\" \/><\/span> <\/label>\n\t\t<\/p>\n\t<\/div>\n\t<div class=\"de-column de-column--inner uk-position-relative uk-width-1-3@m uk-first-column\">\n\t\t<p><label> Alter der Kinder<br \/>\n<span class=\"wpcf7-form-control-wrap\" data-name=\"eta\"><input size=\"40\" maxlength=\"400\" class=\"wpcf7-form-control wpcf7-text\" aria-invalid=\"false\" value=\"\" type=\"text\" name=\"eta\" \/><\/span> <\/label>\n\t\t<\/p>\n\t<\/div>\n\t<div class=\"de-column de-column--inner uk-position-relative uk-width-1-3@m uk-first-column\">\n\t\t<p><label> Haustiere (Hunde)<br \/>\n<span class=\"wpcf7-form-control-wrap\" data-name=\"Cani\"><input size=\"40\" maxlength=\"400\" class=\"wpcf7-form-control wpcf7-text\" aria-invalid=\"false\" value=\"\" type=\"text\" name=\"Cani\" \/><\/span> <\/label>\n\t\t<\/p>\n\t<\/div>\n<\/div>\n<p><label> Note<br \/>\n<span class=\"wpcf7-form-control-wrap\" data-name=\"note\"><textarea cols=\"40\" rows=\"10\" maxlength=\"2000\" class=\"wpcf7-form-control wpcf7-textarea\" aria-invalid=\"false\" name=\"note\"><\/textarea><\/span> <\/label><br \/>\n<input class=\"wpcf7-form-control wpcf7-submit has-spinner uk-button uk-button-primary\" type=\"submit\" value=\"Anfrage senden\" \/>\n<\/p><div class=\"wpcf7-response-output\" aria-hidden=\"true\"><\/div>\n<\/form>\n<\/div>\n[\/vc_column_inner][vc_column_inner column_padding=&#8220;default&#8220; width=&#8220;1\/3&#8243; dahz_id=&#8220;1547029729761-53ef880e-cef3&#8243; css=&#8220;.vc_custom_1547031168102{background-color: #eaeaea !important;}&#8220;][vc_raw_html]JTNDaDYlMjBjbGFzcyUzRCUyMndpZGdldC10aXRsZSUyMHdpZGdldHRpdGxlJTIyJTNFQ29udGFjdHMlM0MlMkZoNiUzRSUwQSUzQ3NwYW4lMjBkYXRhLXVrLWljb24lM0QlMjJsb2NhdGlvbiUyMiUyMGNsYXNzJTNEJTIydWstaWNvbiUyMiUzRSUzQyUyRnNwYW4lM0UlMjBJbnNlbCUyMEVsYmElM0NiciUyMCUyRiUzRSUwQSUzQ3NwYW4lMjBkYXRhLXVrLWljb24lM0QlMjJsb2NhdGlvbiUyMiUyMGNsYXNzJTNEJTIydWstaWNvbiUyMiUzRSUzQyUyRnNwYW4lM0UlMjBMb2NhbGl0JUMzJUEwJTIwVWNjZWxsYWlhJTNDYnIlMjAlMkYlM0UlMEElM0NzcGFuJTIwZGF0YS11ay1pY29uJTNEJTIybG9jYXRpb24lMjIlMjBjbGFzcyUzRCUyMnVrLWljb24lMjIlM0UlM0MlMkZzcGFuJTNFJTIwTWFyY2lhbmElMjBNYXJpbmElMjAlMjhMSSUyOSUyMEl0YWxpYSUzQ2JyJTIwJTJGJTNFJTNDYnIlMjAlMkYlM0UlMEElM0NzcGFuJTIwZGF0YS11ay1pY29uJTNEJTIybWFpbCUyMiUyMGNsYXNzJTNEJTIydWstaWNvbiUyMiUzRSUzQyUyRnNwYW4lM0UlMjBpbmZvJTQwYm9yZ29kZWxsdWNjZWxsYWlhLml0JTNDYnIlMjAlMkYlM0UlM0NiciUyMCUyRiUzRSUwQSUzQ3NwYW4lMjBkYXRhLXVrLWljb24lM0QlMjJyZWNlaXZlciUyMiUyMGNsYXNzJTNEJTIydWstaWNvbiUyMiUzRSUzQyUyRnNwYW4lM0UlMjAlMjglMkIzOSUyOSUyMDM3OSUyMDE4MjEyMTglM0NiciUyMCUyRiUzRQ==[\/vc_raw_html][\/vc_column_inner][\/vc_row_inner][\/vc_column][\/vc_row]<\/p>\n<\/section>","protected":false},"excerpt":{"rendered":"<p>[vc_row row_margin=&#8220;uk-margin-large&#8220; row_remove_top_margin=&#8220;true&#8220; row_remove_bottom_margin=&#8220;true&#8220; row_stretch=&#8220;uk-container-large&#8220; row_enable_full_height=&#8220;true&#8220; row_column_enable_equal_height=&#8220;true&#8220; row_custom_media_type=&#8220;image&#8220; row_background_image_size=&#8220;uk-background-cover&#8220; row_background_image_repeat=&#8220;uk-background-norepeat&#8220; row_background_image_position=&#8220;uk-background-top-center&#8220; row_background_image_effect=&#8220;parallax&#8220; row_bottom_shape_divider=&#8220;mountains&#8220; row_bottom_shape_divider_enable_bring_to_front=&#8220;true&#8220; dahz_id=&#8220;1543569849406-45d20337-98f8&#8243; row_bottom_shape_divider_color=&#8220;#ffffff&#8220; row_bottom_shape_divider_height=&#8220;200&#8243; row_background_image=&#8220;728&#8243;][vc_column dahz_id=&#8220;1543569849411-3bfa66d9-8f52&#8243; css=&#8220;.vc_custom_1543574748057{padding-top: 0px !important;}&#8220;][\/vc_column][\/vc_row][vc_row row_remove_top_margin=&#8220;true&#8220; row_remove_bottom_margin=&#8220;true&#8220; dahz_id=&#8220;1543571495470-ab3ef60f-7cd8&#8243; el_class=&#8220;bread&#8220;][vc_column dahz_id=&#8220;1543571495478-9b6fdd06-3d02&#8243;][vc_column_text css=&#8220;.vc_custom_1543586328980{margin-bottom: 0px !important;}&#8220;][\/vc_column_text][\/vc_column][\/vc_row][vc_row dahz_id=&#8220;1543576554481-4fd3ff22-10a7&#8243;][vc_column dahz_id=&#8220;1543576554491-f3ce1922-d15b&#8220;][vc_custom_heading text=&#8220;Kontakt&#8220; font_container=&#8220;tag:h3|text_align:left&#8220; use_theme_fonts=&#8220;yes&#8220; dahz_id=&#8220;1543576554500-a76558d7-37f4&#8243; margin_top=&#8220;20&#8243;][vc_column_text] \u00fcr die Anfragen oder Reservierungen, f\u00fcllen Sie bitte das unten stehende Formular aus und dr\u00fccken Sie die Schaltfl\u00e4che &hellip;<\/p>\n","protected":false},"author":5,"featured_media":1266,"parent":0,"menu_order":4,"comment_status":"closed","ping_status":"closed","template":"","meta":{"footnotes":""},"class_list":["post-3698","page","type-page","status-publish","has-post-thumbnail","hentry"],"yoast_head":"<!-- This site is optimized with the Yoast SEO plugin v27.4 - https:\/\/yoast.com\/product\/yoast-seo-wordpress\/ -->\n<title>Kontakt - Borgo dell&#039;Uccellaia, Marciana Marina, Isola d&#039;Elba<\/title>\n<meta name=\"description\" content=\"\u00fcr die Anfragen oder Reservierungen, f\u00fcllen Sie bitte das unten stehendeFormular aus und dr\u00fccken Sie die Schaltfl\u00e4che &quot;Anfrage senden&quot;.F\u00fcr alle weiteren Informationen kontaktieren Sie uns per E-Mail oder Telefon.\" \/>\n<meta name=\"robots\" content=\"index, follow, max-snippet:-1, max-image-preview:large, max-video-preview:-1\" \/>\n<link rel=\"canonical\" href=\"https:\/\/borgodelluccellaia.it\/de\/kontakt\/\" \/>\n<meta property=\"og:locale\" content=\"de_DE\" \/>\n<meta property=\"og:type\" content=\"article\" \/>\n<meta property=\"og:title\" content=\"Kontakt - Borgo dell&#039;Uccellaia, Marciana Marina, Isola d&#039;Elba\" \/>\n<meta property=\"og:description\" content=\"\u00fcr die Anfragen oder Reservierungen, f\u00fcllen Sie bitte das unten stehendeFormular aus und dr\u00fccken Sie die Schaltfl\u00e4che &quot;Anfrage senden&quot;.F\u00fcr alle weiteren Informationen kontaktieren Sie uns per E-Mail oder Telefon.\" \/>\n<meta property=\"og:url\" content=\"https:\/\/borgodelluccellaia.it\/de\/kontakt\/\" \/>\n<meta property=\"og:site_name\" content=\"Borgo dell&#039;Uccellaia\" \/>\n<meta property=\"article:publisher\" content=\"https:\/\/www.facebook.com\/BorgoDelluccellaia\/\" \/>\n<meta property=\"article:modified_time\" content=\"2025-03-19T19:23:22+00:00\" \/>\n<meta property=\"og:image\" content=\"https:\/\/borgodelluccellaia.it\/wp-content\/uploads\/cropped-icon_borgo_dell_uccellaia.png\" \/>\n\t<meta property=\"og:image:width\" content=\"512\" \/>\n\t<meta property=\"og:image:height\" content=\"512\" \/>\n\t<meta property=\"og:image:type\" content=\"image\/png\" \/>\n<meta name=\"twitter:card\" content=\"summary_large_image\" \/>\n<meta name=\"twitter:label1\" content=\"Gesch\u00e4tzte Lesezeit\" \/>\n\t<meta name=\"twitter:data1\" content=\"1\u00a0Minute\" \/>\n<script type=\"application\/ld+json\" class=\"yoast-schema-graph\">{\"@context\":\"https:\\\/\\\/schema.org\",\"@graph\":[{\"@type\":\"WebPage\",\"@id\":\"https:\\\/\\\/borgodelluccellaia.it\\\/de\\\/kontakt\\\/\",\"url\":\"https:\\\/\\\/borgodelluccellaia.it\\\/de\\\/kontakt\\\/\",\"name\":\"Kontakt - Borgo dell&#039;Uccellaia, Marciana Marina, Isola d'Elba\",\"isPartOf\":{\"@id\":\"https:\\\/\\\/borgodelluccellaia.it\\\/#website\"},\"primaryImageOfPage\":{\"@id\":\"https:\\\/\\\/borgodelluccellaia.it\\\/de\\\/kontakt\\\/#primaryimage\"},\"image\":{\"@id\":\"https:\\\/\\\/borgodelluccellaia.it\\\/de\\\/kontakt\\\/#primaryimage\"},\"thumbnailUrl\":\"https:\\\/\\\/borgodelluccellaia.it\\\/wp-content\\\/uploads\\\/cropped-icon_borgo_dell_uccellaia.png\",\"datePublished\":\"2025-03-19T18:04:29+00:00\",\"dateModified\":\"2025-03-19T19:23:22+00:00\",\"description\":\"\u00fcr die Anfragen oder Reservierungen, f\u00fcllen Sie bitte das unten stehendeFormular aus und dr\u00fccken Sie die Schaltfl\u00e4che \\\"Anfrage senden\\\".F\u00fcr alle weiteren Informationen kontaktieren Sie uns per E-Mail oder Telefon.\",\"breadcrumb\":{\"@id\":\"https:\\\/\\\/borgodelluccellaia.it\\\/de\\\/kontakt\\\/#breadcrumb\"},\"inLanguage\":\"de\",\"potentialAction\":[{\"@type\":\"ReadAction\",\"target\":[\"https:\\\/\\\/borgodelluccellaia.it\\\/de\\\/kontakt\\\/\"]}]},{\"@type\":\"ImageObject\",\"inLanguage\":\"de\",\"@id\":\"https:\\\/\\\/borgodelluccellaia.it\\\/de\\\/kontakt\\\/#primaryimage\",\"url\":\"https:\\\/\\\/borgodelluccellaia.it\\\/wp-content\\\/uploads\\\/cropped-icon_borgo_dell_uccellaia.png\",\"contentUrl\":\"https:\\\/\\\/borgodelluccellaia.it\\\/wp-content\\\/uploads\\\/cropped-icon_borgo_dell_uccellaia.png\",\"width\":512,\"height\":512},{\"@type\":\"BreadcrumbList\",\"@id\":\"https:\\\/\\\/borgodelluccellaia.it\\\/de\\\/kontakt\\\/#breadcrumb\",\"itemListElement\":[{\"@type\":\"ListItem\",\"position\":1,\"name\":\"Home\",\"item\":\"https:\\\/\\\/borgodelluccellaia.it\\\/de\\\/\"},{\"@type\":\"ListItem\",\"position\":2,\"name\":\"Kontakt\"}]},{\"@type\":\"WebSite\",\"@id\":\"https:\\\/\\\/borgodelluccellaia.it\\\/#website\",\"url\":\"https:\\\/\\\/borgodelluccellaia.it\\\/\",\"name\":\"Borgo dell'Uccellaia\",\"description\":\"Marciana Marina\",\"publisher\":{\"@id\":\"https:\\\/\\\/borgodelluccellaia.it\\\/#organization\"},\"potentialAction\":[{\"@type\":\"SearchAction\",\"target\":{\"@type\":\"EntryPoint\",\"urlTemplate\":\"https:\\\/\\\/borgodelluccellaia.it\\\/?s={search_term_string}\"},\"query-input\":{\"@type\":\"PropertyValueSpecification\",\"valueRequired\":true,\"valueName\":\"search_term_string\"}}],\"inLanguage\":\"de\"},{\"@type\":\"Organization\",\"@id\":\"https:\\\/\\\/borgodelluccellaia.it\\\/#organization\",\"name\":\"Borgo dell'Uccellaia\",\"url\":\"https:\\\/\\\/borgodelluccellaia.it\\\/\",\"logo\":{\"@type\":\"ImageObject\",\"inLanguage\":\"de\",\"@id\":\"https:\\\/\\\/borgodelluccellaia.it\\\/#\\\/schema\\\/logo\\\/image\\\/\",\"url\":\"https:\\\/\\\/borgodelluccellaia.it\\\/wp-content\\\/uploads\\\/icon_borgo_dell_uccellaia.png\",\"contentUrl\":\"https:\\\/\\\/borgodelluccellaia.it\\\/wp-content\\\/uploads\\\/icon_borgo_dell_uccellaia.png\",\"width\":512,\"height\":512,\"caption\":\"Borgo dell'Uccellaia\"},\"image\":{\"@id\":\"https:\\\/\\\/borgodelluccellaia.it\\\/#\\\/schema\\\/logo\\\/image\\\/\"},\"sameAs\":[\"https:\\\/\\\/www.facebook.com\\\/BorgoDelluccellaia\\\/\"]}]}<\/script>\n<!-- \/ Yoast SEO plugin. -->","yoast_head_json":{"title":"Kontakt - Borgo dell&#039;Uccellaia, Marciana Marina, Isola d'Elba","description":"\u00fcr die Anfragen oder Reservierungen, f\u00fcllen Sie bitte das unten stehendeFormular aus und dr\u00fccken Sie die Schaltfl\u00e4che \"Anfrage senden\".F\u00fcr alle weiteren Informationen kontaktieren Sie uns per E-Mail oder Telefon.","robots":{"index":"index","follow":"follow","max-snippet":"max-snippet:-1","max-image-preview":"max-image-preview:large","max-video-preview":"max-video-preview:-1"},"canonical":"https:\/\/borgodelluccellaia.it\/de\/kontakt\/","og_locale":"de_DE","og_type":"article","og_title":"Kontakt - Borgo dell&#039;Uccellaia, Marciana Marina, Isola d'Elba","og_description":"\u00fcr die Anfragen oder Reservierungen, f\u00fcllen Sie bitte das unten stehendeFormular aus und dr\u00fccken Sie die Schaltfl\u00e4che \"Anfrage senden\".F\u00fcr alle weiteren Informationen kontaktieren Sie uns per E-Mail oder Telefon.","og_url":"https:\/\/borgodelluccellaia.it\/de\/kontakt\/","og_site_name":"Borgo dell&#039;Uccellaia","article_publisher":"https:\/\/www.facebook.com\/BorgoDelluccellaia\/","article_modified_time":"2025-03-19T19:23:22+00:00","og_image":[{"width":512,"height":512,"url":"https:\/\/borgodelluccellaia.it\/wp-content\/uploads\/cropped-icon_borgo_dell_uccellaia.png","type":"image\/png"}],"twitter_card":"summary_large_image","twitter_misc":{"Gesch\u00e4tzte Lesezeit":"1\u00a0Minute"},"schema":{"@context":"https:\/\/schema.org","@graph":[{"@type":"WebPage","@id":"https:\/\/borgodelluccellaia.it\/de\/kontakt\/","url":"https:\/\/borgodelluccellaia.it\/de\/kontakt\/","name":"Kontakt - Borgo dell&#039;Uccellaia, Marciana Marina, Isola d'Elba","isPartOf":{"@id":"https:\/\/borgodelluccellaia.it\/#website"},"primaryImageOfPage":{"@id":"https:\/\/borgodelluccellaia.it\/de\/kontakt\/#primaryimage"},"image":{"@id":"https:\/\/borgodelluccellaia.it\/de\/kontakt\/#primaryimage"},"thumbnailUrl":"https:\/\/borgodelluccellaia.it\/wp-content\/uploads\/cropped-icon_borgo_dell_uccellaia.png","datePublished":"2025-03-19T18:04:29+00:00","dateModified":"2025-03-19T19:23:22+00:00","description":"\u00fcr die Anfragen oder Reservierungen, f\u00fcllen Sie bitte das unten stehendeFormular aus und dr\u00fccken Sie die Schaltfl\u00e4che \"Anfrage senden\".F\u00fcr alle weiteren Informationen kontaktieren Sie uns per E-Mail oder Telefon.","breadcrumb":{"@id":"https:\/\/borgodelluccellaia.it\/de\/kontakt\/#breadcrumb"},"inLanguage":"de","potentialAction":[{"@type":"ReadAction","target":["https:\/\/borgodelluccellaia.it\/de\/kontakt\/"]}]},{"@type":"ImageObject","inLanguage":"de","@id":"https:\/\/borgodelluccellaia.it\/de\/kontakt\/#primaryimage","url":"https:\/\/borgodelluccellaia.it\/wp-content\/uploads\/cropped-icon_borgo_dell_uccellaia.png","contentUrl":"https:\/\/borgodelluccellaia.it\/wp-content\/uploads\/cropped-icon_borgo_dell_uccellaia.png","width":512,"height":512},{"@type":"BreadcrumbList","@id":"https:\/\/borgodelluccellaia.it\/de\/kontakt\/#breadcrumb","itemListElement":[{"@type":"ListItem","position":1,"name":"Home","item":"https:\/\/borgodelluccellaia.it\/de\/"},{"@type":"ListItem","position":2,"name":"Kontakt"}]},{"@type":"WebSite","@id":"https:\/\/borgodelluccellaia.it\/#website","url":"https:\/\/borgodelluccellaia.it\/","name":"Borgo dell'Uccellaia","description":"Marciana Marina","publisher":{"@id":"https:\/\/borgodelluccellaia.it\/#organization"},"potentialAction":[{"@type":"SearchAction","target":{"@type":"EntryPoint","urlTemplate":"https:\/\/borgodelluccellaia.it\/?s={search_term_string}"},"query-input":{"@type":"PropertyValueSpecification","valueRequired":true,"valueName":"search_term_string"}}],"inLanguage":"de"},{"@type":"Organization","@id":"https:\/\/borgodelluccellaia.it\/#organization","name":"Borgo dell'Uccellaia","url":"https:\/\/borgodelluccellaia.it\/","logo":{"@type":"ImageObject","inLanguage":"de","@id":"https:\/\/borgodelluccellaia.it\/#\/schema\/logo\/image\/","url":"https:\/\/borgodelluccellaia.it\/wp-content\/uploads\/icon_borgo_dell_uccellaia.png","contentUrl":"https:\/\/borgodelluccellaia.it\/wp-content\/uploads\/icon_borgo_dell_uccellaia.png","width":512,"height":512,"caption":"Borgo dell'Uccellaia"},"image":{"@id":"https:\/\/borgodelluccellaia.it\/#\/schema\/logo\/image\/"},"sameAs":["https:\/\/www.facebook.com\/BorgoDelluccellaia\/"]}]}},"_links":{"self":[{"href":"https:\/\/borgodelluccellaia.it\/de\/wp-json\/wp\/v2\/pages\/3698","targetHints":{"allow":["GET"]}}],"collection":[{"href":"https:\/\/borgodelluccellaia.it\/de\/wp-json\/wp\/v2\/pages"}],"about":[{"href":"https:\/\/borgodelluccellaia.it\/de\/wp-json\/wp\/v2\/types\/page"}],"author":[{"embeddable":true,"href":"https:\/\/borgodelluccellaia.it\/de\/wp-json\/wp\/v2\/users\/5"}],"replies":[{"embeddable":true,"href":"https:\/\/borgodelluccellaia.it\/de\/wp-json\/wp\/v2\/comments?post=3698"}],"version-history":[{"count":11,"href":"https:\/\/borgodelluccellaia.it\/de\/wp-json\/wp\/v2\/pages\/3698\/revisions"}],"predecessor-version":[{"id":3722,"href":"https:\/\/borgodelluccellaia.it\/de\/wp-json\/wp\/v2\/pages\/3698\/revisions\/3722"}],"wp:featuredmedia":[{"embeddable":true,"href":"https:\/\/borgodelluccellaia.it\/de\/wp-json\/wp\/v2\/media\/1266"}],"wp:attachment":[{"href":"https:\/\/borgodelluccellaia.it\/de\/wp-json\/wp\/v2\/media?parent=3698"}],"curies":[{"name":"wp","href":"https:\/\/api.w.org\/{rel}","templated":true}]}}