{"id":1897,"date":"2022-03-31T11:53:02","date_gmt":"2022-03-31T09:53:02","guid":{"rendered":"http:\/\/borgodelluccellaia.it\/?page_id=1897"},"modified":"2025-12-10T18:49:16","modified_gmt":"2025-12-10T17:49:16","slug":"faehrbuchung","status":"publish","type":"page","link":"https:\/\/borgodelluccellaia.it\/de\/faehrbuchung\/","title":{"rendered":"Faehrbuchung"},"content":{"rendered":"<section class=\"wpb-content-wrapper\"><p>[vc_row row_remove_top_margin=&#8220;true&#8220; row_remove_bottom_margin=&#8220;true&#8220; row_stretch=&#8220;uk-container-expand uk-padding-remove-horizontal&#8220; row_custom_media_type=&#8220;image&#8220; row_background_image_size=&#8220;uk-background-cover&#8220; row_background_image_repeat=&#8220;uk-background-norepeat&#8220; row_background_image_position=&#8220;uk-background-center-center&#8220; row_bottom_shape_divider=&#8220;mountains&#8220; dahz_id=&#8220;1543569849406-45d20337-98f8&#8243; row_background_image=&#8220;4834&#8243; row_bottom_shape_divider_color=&#8220;#ffffff&#8220;][vc_column dahz_id=&#8220;1543569849411-3bfa66d9-8f52&#8243; css=&#8220;.vc_custom_1543574748057{padding-top: 0px !important;}&#8220;][vc_empty_space height=&#8220;500 px&#8220; el_class=&#8220;headresp&#8220;][\/vc_column][\/vc_row][vc_row row_remove_top_margin=&#8220;true&#8220; row_remove_bottom_margin=&#8220;true&#8220; dahz_id=&#8220;1543571495470-ab3ef60f-7cd8&#8243; el_class=&#8220;bread&#8220;][vc_column dahz_id=&#8220;1543571495478-9b6fdd06-3d02&#8243;][vc_column_text css=&#8220;.vc_custom_1543586328980{margin-bottom: 0px !important;}&#8220;]<span><span><a href=\"https:\/\/borgodelluccellaia.it\/de\/\">Home<\/a><\/span><\/span>[\/vc_column_text][\/vc_column][\/vc_row][vc_row dahz_id=&#8220;1543576554481-4fd3ff22-10a7&#8243;][vc_column dahz_id=&#8220;1543576554491-f3ce1922-d15b&#8220;][vc_custom_heading text=&#8220;Buchung der F\u00e4hre zur Insel Elba&#8220; font_container=&#8220;tag:h3|text_align:center&#8220; use_theme_fonts=&#8220;yes&#8220; dahz_id=&#8220;1543576554500-a76558d7-37f4&#8243; margin_top=&#8220;20&#8243;][vc_row_inner row_custom_media_type=&#8220;none&#8220; dahz_id=&#8220;1681375550443-ba84c888-c9de&#8220; css=&#8220;.vc_custom_1739209451246{border-right-width: 0px !important;border-left-width: 0px !important;padding-top: 0px !important;padding-right: 0px !important;padding-bottom: 0px !important;padding-left: 0px !important;}&#8220;][vc_column_inner column_custom_media_type=&#8220;image&#8220; dahz_id=&#8220;1681375550446-4930cfad-4826&#8243;]<div class=\"uk-position-relative de-shortcode__wrapper de-shortcode__wrapper--animated_text uk-margin\" data-dahz-shortcode-key=\"1747851406257-c6211016-f262\" style=\"\">\r\n\t\r\n<div class=\"uk-overflow-hidden de-sc-animated-text\" data-animate-style=\"default\">\r\n\t<div class=\"de-sc-animated-text__box\" style=\"max-width: 1240px;\">\r\n\t\t\t\t\t<span class=\"de-sc-animated-text__text inner\" style=\"font-family:Abril Fatface; font-weight:400; font-style:normal; font-size:55px; animation-duration:134s; line-height:1.4; color:#1e73be;\">\r\n\t\t\t\t<span>Fragen Sie uns nach einem 20% Rabatt-Code f\u00fcr Moby-Toremar F\u00e4hren Fragen Sie uns nach einem 20% Rabatt-Code f\u00fcr Moby-Toremar F\u00e4hren Fragen Sie uns nach einem 20% Rabatt-Code f\u00fcr Moby-Toremar F\u00e4hren Fragen Sie uns nach einem 20% Rabatt-Code f\u00fcr Moby-Toremar F\u00e4hren <\/span>\r\n\t\t\t\t<span>Fragen Sie uns nach einem 20% Rabatt-Code f\u00fcr Moby-Toremar F\u00e4hren Fragen Sie uns nach einem 20% Rabatt-Code f\u00fcr Moby-Toremar F\u00e4hren Fragen Sie uns nach einem 20% Rabatt-Code f\u00fcr Moby-Toremar F\u00e4hren Fragen Sie uns nach einem 20% Rabatt-Code f\u00fcr Moby-Toremar F\u00e4hren <\/span>\r\n\t\t\t<\/span>\r\n\t\t\t\t\t<\/div>\r\n\t<\/div>\r\n<\/div>\r\n[vc_empty_space height=&#8220;10 px&#8220; el_class=&#8220;headresp&#8220;][vc_raw_html]JTNDZGl2JTIwc3R5bGUlM0QlMjJtYXJnaW4lM0ElMjAwJTIwYXV0byUzQiUyMiUzRSUzQ2lmcmFtZSUyMHN0eWxlJTNEJTIyYm9yZGVyJTNBJTIwbm9uZSUzQiUyMGZpbHRlciUzQWRyb3Atc2hhZG93JTI4MHB4JTIwM3B4JTIwMTBweCUyMHJnYmElMjgwJTJDMCUyQzAlMkMuMiUyOSUyOSUzQiUyMiUyMHNyYyUzRCUyMmh0dHBzJTNBJTJGJTJGYmx1bmF2eXRyYWdoZXR0aS5jb20lMkZkZSUyRmhvdGVsJTJGYm9yZ28tZGVsbC11Y2NlbGxhaWElMkYlMkYlM0ZpZnJhbWUlM0RiYW5uZXIlMjIlMjB3aWR0aCUzRCUyMjkwJTI1JTIyJTIwaGVpZ2h0JTNEJTIyMTAwJTI1JTIyJTIwYWxsb3d0cmFuc3BhcmVuY3klM0QlMjJ0cnVlJTIyJTIwY2xhc3MlM0QlMjJibHVuYXZ5ZW1iZWQlMjIlM0UlM0MlMkZpZnJhbWUlM0UlM0NzY3JpcHQlMjBzcmMlM0QlMjJodHRwcyUzQSUyRiUyRmJsdW5hdnl0cmFnaGV0dGkuY29tJTJGd3AtY29udGVudCUyRnRoZW1lcyUyRmNvc21vJTJGYXNzZXRzJTJGanMlMkZpZnJhbWUlMkZlbWJlZC5qcyUyMiUzRSUzQyUyRnNjcmlwdCUzRSUzQ3NwYW4lMjBzdHlsZSUzRCUyMiUyMGZvbnQtZmFtaWx5JTNBJTIwc2Fucy1zZXJpZiUzQiUyMGNvbG9yJTNBJTIwJTIzMjkyQzdFJTNCJTIwZm9udC1zaXplJTNBJTIwMTRweCUzQiUyMHBhZGRpbmctdG9wJTNBJTIwMTBweCUzQmRpc3BsYXklM0ElMjBmbGV4JTNCJTIwYWxpZ24taXRlbXMlM0FjZW50ZXIlM0IlMjBqdXN0aWZ5LWNvbnRlbnQlM0FjZW50ZXIlM0IlMjBmbGV4LXdyYXAlM0ElMjB3cmFwJTNCJTIwZ2FwJTNBJTIwMTBweCUzQiUyMHZlcnRpY2FsLWdhcCUzQSUyMDEwcHglM0IlMjAlMjIlM0VFaW4lMjBGJUMzJUE0aHJkaWVuc3QlMjB6dXIlMjBJbnNlbCUyMEVsYmElMkMlMjBhbmdlYm90ZW4lMjB2b24lMjAlM0NhJTIwc3R5bGUlM0QlMjJmb250LWZhbWlseSUzQSUyMHNhbnMtc2VyaWYlM0IlMjBjb2xvciUzQSUyMCUyMzI5MkM3RSUzQiUyMGZvbnQtc2l6ZSUzQSUyMDE0cHglM0IlMjB0ZXh0LWRlY29yYXRpb24lM0ElMjBub25lJTNCJTIyJTIwaHJlZiUzRCUyMmh0dHBzJTNBJTJGJTJGYmx1bmF2eXRyYWdoZXR0aS5jb20lMkZkZSUyRiUzRnV0bV9zb3VyY2UlM0RzbmlwcGV0LWVtYmVkJTIyJTNFQmx1bmF2eXRyYWdoZXR0aS5jb20lM0MlMkZhJTNFJTIwJTNDYSUyMGhyZWYlM0QlMjJodHRwcyUzQSUyRiUyRmJsdW5hdnl0cmFnaGV0dGkuY29tJTJGZGUlMkYlM0Z1dG1fc291cmNlJTNEc25pcHBldC1lbWJlZCUyMiUzRSUzQ2ltZyUyMHN0eWxlJTNEJTIyd2lkdGglM0ElMjA4MHB4JTNCJTIyJTIwc3JjJTNEJTIyaHR0cHMlM0ElMkYlMkZibHVuYXZ5dHJhZ2hldHRpLmNvbSUyRndwLWNvbnRlbnQlMkZ0aGVtZXMlMkZjb3NtbyUyRmFzc2V0cyUyRmltYWdlcyUyRmxvZ28tYmx1bmF2eS10cmFnaGV0dGkucG5nJTIyJTIwYWx0JTNEJTIyTG9nbyUyMEJsdU5hdnklMjB0cmFnaGV0dGklMjBFbGJhJTIyJTJGJTNFJTNDJTJGYSUzRSUzQyUyRnNwYW4lM0UlM0MlMkZkaXYlM0U=[\/vc_raw_html][\/vc_column_inner][\/vc_row_inner][vc_empty_space height=&#8220;&#8220; el_class=&#8220;headresp&#8220;][vc_column_text]<\/p>\n<p style=\"text-align: center;\"><iframe loading=\"lazy\" id=\"traghettiper\" style=\"padding-bottom: 30px;\" src=\"https:\/\/responsive.traghettiper.it\/Borgo-dell-Uccellaia-de\/?marea=E&amp;portal=720&amp;affiliate=TP1594&amp;locale=it\" width=\"100%\" height=\"1350\" frameborder=\"0\" align=\"center\"><\/iframe><br \/>\n<script src=\"https:\/\/responsive.traghettiper.it\/Borgo-dell-Uccellaia-de\/js\/resizer.js\"><\/script><\/p>\n<p>[\/vc_column_text][vc_column_text visibility=&#8220;de-hidden@l de-hidden@m de-hidden@s&#8220;]<\/p>\n<div style=\"margin-left: auto; margin-right: auto; max-width: 1240px;\"><iframe id=\"tlines\" class=\"tlines_frame\" style=\"border: 0px; width: 100%;\" src=\"https:\/\/www.traghettilines.it\/it\/traghetti-isola-d-elba.aspx?UAID=588419&amp;bkcolor=FFFFFF&amp;txtcolor=2B2B2B&amp;bkbtncolor=0038BE&amp;txtbtncolor=FFFFFF&amp;bktitolo=3399CC&amp;txttitolo=FFFFFF&amp;language=it&amp;iframe_booking=true&amp;v2=true\" scrolling=\"no\"><\/iframe><br \/>\n<script type=\"text\/javascript\" src=\"https:\/\/www.traghettilines.it\/Ajax\/tlines_resp_v2.js\"><\/script><\/div>\n<p>[\/vc_column_text][\/vc_column][\/vc_row]<\/p>\n<\/section>","protected":false},"excerpt":{"rendered":"<p>[vc_row row_remove_top_margin=&#8220;true&#8220; row_remove_bottom_margin=&#8220;true&#8220; row_stretch=&#8220;uk-container-expand uk-padding-remove-horizontal&#8220; row_custom_media_type=&#8220;image&#8220; row_background_image_size=&#8220;uk-background-cover&#8220; row_background_image_repeat=&#8220;uk-background-norepeat&#8220; row_background_image_position=&#8220;uk-background-center-center&#8220; row_bottom_shape_divider=&#8220;mountains&#8220; dahz_id=&#8220;1543569849406-45d20337-98f8&#8243; row_background_image=&#8220;4834&#8243; row_bottom_shape_divider_color=&#8220;#ffffff&#8220;][vc_column dahz_id=&#8220;1543569849411-3bfa66d9-8f52&#8243; css=&#8220;.vc_custom_1543574748057{padding-top: 0px !important;}&#8220;][vc_empty_space height=&#8220;500 px&#8220; el_class=&#8220;headresp&#8220;][\/vc_column][\/vc_row][vc_row row_remove_top_margin=&#8220;true&#8220; row_remove_bottom_margin=&#8220;true&#8220; dahz_id=&#8220;1543571495470-ab3ef60f-7cd8&#8243; el_class=&#8220;bread&#8220;][vc_column dahz_id=&#8220;1543571495478-9b6fdd06-3d02&#8243;][vc_column_text css=&#8220;.vc_custom_1543586328980{margin-bottom: 0px !important;}&#8220;][\/vc_column_text][\/vc_column][\/vc_row][vc_row dahz_id=&#8220;1543576554481-4fd3ff22-10a7&#8243;][vc_column dahz_id=&#8220;1543576554491-f3ce1922-d15b&#8220;][vc_custom_heading text=&#8220;Buchung der F\u00e4hre zur Insel Elba&#8220; font_container=&#8220;tag:h3|text_align:center&#8220; use_theme_fonts=&#8220;yes&#8220; dahz_id=&#8220;1543576554500-a76558d7-37f4&#8243; margin_top=&#8220;20&#8243;][vc_row_inner row_custom_media_type=&#8220;none&#8220; dahz_id=&#8220;1681375550443-ba84c888-c9de&#8220; css=&#8220;.vc_custom_1739209451246{border-right-width: 0px !important;border-left-width: 0px !important;padding-top: 0px !important;padding-right: 0px !important;padding-bottom: 0px !important;padding-left: 0px !important;}&#8220;][vc_column_inner &hellip;<\/p>\n","protected":false},"author":5,"featured_media":4834,"parent":0,"menu_order":6,"comment_status":"closed","ping_status":"closed","template":"","meta":{"footnotes":""},"class_list":["post-1897","page","type-page","status-publish","has-post-thumbnail","hentry"],"yoast_head":"<!-- This site is optimized with the Yoast SEO plugin v27.4 - https:\/\/yoast.com\/product\/yoast-seo-wordpress\/ -->\n<title>Faehrbuchung Isola d&#039;Elba - Borgo dell&#039;Uccellaia, Marciana Marina, Isola d&#039;Elba<\/title>\n<meta name=\"description\" content=\"Borgo Dell&#039;Uccellaia aderisce alla promozione tariffaria Moby\/Toremar\/Blu Navy per l&#039;isola d&#039;Elba: contestualmente alla prenotazione del soggiorno, chiedici come accedere alle tariffe speciali per il traghetto!\" \/>\n<meta name=\"robots\" content=\"index, follow, max-snippet:-1, max-image-preview:large, max-video-preview:-1\" \/>\n<link rel=\"canonical\" href=\"https:\/\/borgodelluccellaia.it\/de\/faehrbuchung\/\" \/>\n<meta property=\"og:locale\" content=\"de_DE\" \/>\n<meta property=\"og:type\" content=\"article\" \/>\n<meta property=\"og:title\" content=\"Faehrbuchung Isola d&#039;Elba - Borgo dell&#039;Uccellaia, Marciana Marina, Isola d&#039;Elba\" \/>\n<meta property=\"og:description\" content=\"Borgo Dell&#039;Uccellaia aderisce alla promozione tariffaria Moby\/Toremar\/Blu Navy per l&#039;isola d&#039;Elba: contestualmente alla prenotazione del soggiorno, chiedici come accedere alle tariffe speciali per il traghetto!\" \/>\n<meta property=\"og:url\" content=\"https:\/\/borgodelluccellaia.it\/de\/faehrbuchung\/\" \/>\n<meta property=\"og:site_name\" content=\"Borgo dell&#039;Uccellaia\" \/>\n<meta property=\"article:publisher\" content=\"https:\/\/www.facebook.com\/BorgoDelluccellaia\/\" \/>\n<meta property=\"article:modified_time\" content=\"2025-12-10T17:49:16+00:00\" \/>\n<meta property=\"og:image\" content=\"https:\/\/borgodelluccellaia.it\/wp-content\/uploads\/Moby.jpg\" \/>\n\t<meta property=\"og:image:width\" content=\"1697\" \/>\n\t<meta property=\"og:image:height\" content=\"1077\" \/>\n\t<meta property=\"og:image:type\" content=\"image\/jpeg\" \/>\n<meta name=\"twitter:card\" content=\"summary_large_image\" \/>\n<meta name=\"twitter:label1\" content=\"Gesch\u00e4tzte Lesezeit\" \/>\n\t<meta name=\"twitter:data1\" content=\"1\u00a0Minute\" \/>\n<script type=\"application\/ld+json\" class=\"yoast-schema-graph\">{\"@context\":\"https:\\\/\\\/schema.org\",\"@graph\":[{\"@type\":\"WebPage\",\"@id\":\"https:\\\/\\\/borgodelluccellaia.it\\\/de\\\/faehrbuchung\\\/\",\"url\":\"https:\\\/\\\/borgodelluccellaia.it\\\/de\\\/faehrbuchung\\\/\",\"name\":\"Faehrbuchung Isola d'Elba - Borgo dell&#039;Uccellaia, Marciana Marina, Isola d'Elba\",\"isPartOf\":{\"@id\":\"https:\\\/\\\/borgodelluccellaia.it\\\/#website\"},\"primaryImageOfPage\":{\"@id\":\"https:\\\/\\\/borgodelluccellaia.it\\\/de\\\/faehrbuchung\\\/#primaryimage\"},\"image\":{\"@id\":\"https:\\\/\\\/borgodelluccellaia.it\\\/de\\\/faehrbuchung\\\/#primaryimage\"},\"thumbnailUrl\":\"https:\\\/\\\/borgodelluccellaia.it\\\/wp-content\\\/uploads\\\/Moby.jpg\",\"datePublished\":\"2022-03-31T09:53:02+00:00\",\"dateModified\":\"2025-12-10T17:49:16+00:00\",\"description\":\"Borgo Dell'Uccellaia aderisce alla promozione tariffaria Moby\\\/Toremar\\\/Blu Navy per l'isola d'Elba: contestualmente alla prenotazione del soggiorno, chiedici come accedere alle tariffe speciali per il traghetto!\",\"breadcrumb\":{\"@id\":\"https:\\\/\\\/borgodelluccellaia.it\\\/de\\\/faehrbuchung\\\/#breadcrumb\"},\"inLanguage\":\"de\",\"potentialAction\":[{\"@type\":\"ReadAction\",\"target\":[\"https:\\\/\\\/borgodelluccellaia.it\\\/de\\\/faehrbuchung\\\/\"]}]},{\"@type\":\"ImageObject\",\"inLanguage\":\"de\",\"@id\":\"https:\\\/\\\/borgodelluccellaia.it\\\/de\\\/faehrbuchung\\\/#primaryimage\",\"url\":\"https:\\\/\\\/borgodelluccellaia.it\\\/wp-content\\\/uploads\\\/Moby.jpg\",\"contentUrl\":\"https:\\\/\\\/borgodelluccellaia.it\\\/wp-content\\\/uploads\\\/Moby.jpg\",\"width\":1697,\"height\":1077},{\"@type\":\"BreadcrumbList\",\"@id\":\"https:\\\/\\\/borgodelluccellaia.it\\\/de\\\/faehrbuchung\\\/#breadcrumb\",\"itemListElement\":[{\"@type\":\"ListItem\",\"position\":1,\"name\":\"Home\",\"item\":\"https:\\\/\\\/borgodelluccellaia.it\\\/de\\\/\"},{\"@type\":\"ListItem\",\"position\":2,\"name\":\"Faehrbuchung\"}]},{\"@type\":\"WebSite\",\"@id\":\"https:\\\/\\\/borgodelluccellaia.it\\\/#website\",\"url\":\"https:\\\/\\\/borgodelluccellaia.it\\\/\",\"name\":\"Borgo dell'Uccellaia\",\"description\":\"Marciana Marina\",\"publisher\":{\"@id\":\"https:\\\/\\\/borgodelluccellaia.it\\\/#organization\"},\"potentialAction\":[{\"@type\":\"SearchAction\",\"target\":{\"@type\":\"EntryPoint\",\"urlTemplate\":\"https:\\\/\\\/borgodelluccellaia.it\\\/?s={search_term_string}\"},\"query-input\":{\"@type\":\"PropertyValueSpecification\",\"valueRequired\":true,\"valueName\":\"search_term_string\"}}],\"inLanguage\":\"de\"},{\"@type\":\"Organization\",\"@id\":\"https:\\\/\\\/borgodelluccellaia.it\\\/#organization\",\"name\":\"Borgo dell'Uccellaia\",\"url\":\"https:\\\/\\\/borgodelluccellaia.it\\\/\",\"logo\":{\"@type\":\"ImageObject\",\"inLanguage\":\"de\",\"@id\":\"https:\\\/\\\/borgodelluccellaia.it\\\/#\\\/schema\\\/logo\\\/image\\\/\",\"url\":\"https:\\\/\\\/borgodelluccellaia.it\\\/wp-content\\\/uploads\\\/icon_borgo_dell_uccellaia.png\",\"contentUrl\":\"https:\\\/\\\/borgodelluccellaia.it\\\/wp-content\\\/uploads\\\/icon_borgo_dell_uccellaia.png\",\"width\":512,\"height\":512,\"caption\":\"Borgo dell'Uccellaia\"},\"image\":{\"@id\":\"https:\\\/\\\/borgodelluccellaia.it\\\/#\\\/schema\\\/logo\\\/image\\\/\"},\"sameAs\":[\"https:\\\/\\\/www.facebook.com\\\/BorgoDelluccellaia\\\/\"]}]}<\/script>\n<!-- \/ Yoast SEO plugin. -->","yoast_head_json":{"title":"Faehrbuchung Isola d'Elba - Borgo dell&#039;Uccellaia, Marciana Marina, Isola d'Elba","description":"Borgo Dell'Uccellaia aderisce alla promozione tariffaria Moby\/Toremar\/Blu Navy per l'isola d'Elba: contestualmente alla prenotazione del soggiorno, chiedici come accedere alle tariffe speciali per il traghetto!","robots":{"index":"index","follow":"follow","max-snippet":"max-snippet:-1","max-image-preview":"max-image-preview:large","max-video-preview":"max-video-preview:-1"},"canonical":"https:\/\/borgodelluccellaia.it\/de\/faehrbuchung\/","og_locale":"de_DE","og_type":"article","og_title":"Faehrbuchung Isola d'Elba - Borgo dell&#039;Uccellaia, Marciana Marina, Isola d'Elba","og_description":"Borgo Dell'Uccellaia aderisce alla promozione tariffaria Moby\/Toremar\/Blu Navy per l'isola d'Elba: contestualmente alla prenotazione del soggiorno, chiedici come accedere alle tariffe speciali per il traghetto!","og_url":"https:\/\/borgodelluccellaia.it\/de\/faehrbuchung\/","og_site_name":"Borgo dell&#039;Uccellaia","article_publisher":"https:\/\/www.facebook.com\/BorgoDelluccellaia\/","article_modified_time":"2025-12-10T17:49:16+00:00","og_image":[{"width":1697,"height":1077,"url":"https:\/\/borgodelluccellaia.it\/wp-content\/uploads\/Moby.jpg","type":"image\/jpeg"}],"twitter_card":"summary_large_image","twitter_misc":{"Gesch\u00e4tzte Lesezeit":"1\u00a0Minute"},"schema":{"@context":"https:\/\/schema.org","@graph":[{"@type":"WebPage","@id":"https:\/\/borgodelluccellaia.it\/de\/faehrbuchung\/","url":"https:\/\/borgodelluccellaia.it\/de\/faehrbuchung\/","name":"Faehrbuchung Isola d'Elba - Borgo dell&#039;Uccellaia, Marciana Marina, Isola d'Elba","isPartOf":{"@id":"https:\/\/borgodelluccellaia.it\/#website"},"primaryImageOfPage":{"@id":"https:\/\/borgodelluccellaia.it\/de\/faehrbuchung\/#primaryimage"},"image":{"@id":"https:\/\/borgodelluccellaia.it\/de\/faehrbuchung\/#primaryimage"},"thumbnailUrl":"https:\/\/borgodelluccellaia.it\/wp-content\/uploads\/Moby.jpg","datePublished":"2022-03-31T09:53:02+00:00","dateModified":"2025-12-10T17:49:16+00:00","description":"Borgo Dell'Uccellaia aderisce alla promozione tariffaria Moby\/Toremar\/Blu Navy per l'isola d'Elba: contestualmente alla prenotazione del soggiorno, chiedici come accedere alle tariffe speciali per il traghetto!","breadcrumb":{"@id":"https:\/\/borgodelluccellaia.it\/de\/faehrbuchung\/#breadcrumb"},"inLanguage":"de","potentialAction":[{"@type":"ReadAction","target":["https:\/\/borgodelluccellaia.it\/de\/faehrbuchung\/"]}]},{"@type":"ImageObject","inLanguage":"de","@id":"https:\/\/borgodelluccellaia.it\/de\/faehrbuchung\/#primaryimage","url":"https:\/\/borgodelluccellaia.it\/wp-content\/uploads\/Moby.jpg","contentUrl":"https:\/\/borgodelluccellaia.it\/wp-content\/uploads\/Moby.jpg","width":1697,"height":1077},{"@type":"BreadcrumbList","@id":"https:\/\/borgodelluccellaia.it\/de\/faehrbuchung\/#breadcrumb","itemListElement":[{"@type":"ListItem","position":1,"name":"Home","item":"https:\/\/borgodelluccellaia.it\/de\/"},{"@type":"ListItem","position":2,"name":"Faehrbuchung"}]},{"@type":"WebSite","@id":"https:\/\/borgodelluccellaia.it\/#website","url":"https:\/\/borgodelluccellaia.it\/","name":"Borgo dell'Uccellaia","description":"Marciana Marina","publisher":{"@id":"https:\/\/borgodelluccellaia.it\/#organization"},"potentialAction":[{"@type":"SearchAction","target":{"@type":"EntryPoint","urlTemplate":"https:\/\/borgodelluccellaia.it\/?s={search_term_string}"},"query-input":{"@type":"PropertyValueSpecification","valueRequired":true,"valueName":"search_term_string"}}],"inLanguage":"de"},{"@type":"Organization","@id":"https:\/\/borgodelluccellaia.it\/#organization","name":"Borgo dell'Uccellaia","url":"https:\/\/borgodelluccellaia.it\/","logo":{"@type":"ImageObject","inLanguage":"de","@id":"https:\/\/borgodelluccellaia.it\/#\/schema\/logo\/image\/","url":"https:\/\/borgodelluccellaia.it\/wp-content\/uploads\/icon_borgo_dell_uccellaia.png","contentUrl":"https:\/\/borgodelluccellaia.it\/wp-content\/uploads\/icon_borgo_dell_uccellaia.png","width":512,"height":512,"caption":"Borgo dell'Uccellaia"},"image":{"@id":"https:\/\/borgodelluccellaia.it\/#\/schema\/logo\/image\/"},"sameAs":["https:\/\/www.facebook.com\/BorgoDelluccellaia\/"]}]}},"_links":{"self":[{"href":"https:\/\/borgodelluccellaia.it\/de\/wp-json\/wp\/v2\/pages\/1897","targetHints":{"allow":["GET"]}}],"collection":[{"href":"https:\/\/borgodelluccellaia.it\/de\/wp-json\/wp\/v2\/pages"}],"about":[{"href":"https:\/\/borgodelluccellaia.it\/de\/wp-json\/wp\/v2\/types\/page"}],"author":[{"embeddable":true,"href":"https:\/\/borgodelluccellaia.it\/de\/wp-json\/wp\/v2\/users\/5"}],"replies":[{"embeddable":true,"href":"https:\/\/borgodelluccellaia.it\/de\/wp-json\/wp\/v2\/comments?post=1897"}],"version-history":[{"count":24,"href":"https:\/\/borgodelluccellaia.it\/de\/wp-json\/wp\/v2\/pages\/1897\/revisions"}],"predecessor-version":[{"id":4841,"href":"https:\/\/borgodelluccellaia.it\/de\/wp-json\/wp\/v2\/pages\/1897\/revisions\/4841"}],"wp:featuredmedia":[{"embeddable":true,"href":"https:\/\/borgodelluccellaia.it\/de\/wp-json\/wp\/v2\/media\/4834"}],"wp:attachment":[{"href":"https:\/\/borgodelluccellaia.it\/de\/wp-json\/wp\/v2\/media?parent=1897"}],"curies":[{"name":"wp","href":"https:\/\/api.w.org\/{rel}","templated":true}]}}