{"id":1710,"date":"2018-12-03T10:12:45","date_gmt":"2018-12-03T09:12:45","guid":{"rendered":"http:\/\/borgodelluccellaia.it\/lage\/isola-d-elba\/"},"modified":"2020-02-07T17:56:29","modified_gmt":"2020-02-07T16:56:29","slug":"insel-elba","status":"publish","type":"page","link":"https:\/\/borgodelluccellaia.it\/de\/lage\/insel-elba\/","title":{"rendered":"Insel Elba"},"content":{"rendered":"<section class=\"wpb-content-wrapper\"><p>[vc_row row_remove_top_margin=&#8220;true&#8220; row_remove_bottom_margin=&#8220;true&#8220; row_stretch=&#8220;uk-container-expand uk-padding-remove-horizontal&#8220; row_custom_media_type=&#8220;image&#8220; row_background_image_size=&#8220;uk-background-cover&#8220; row_background_image_repeat=&#8220;uk-background-norepeat&#8220; row_background_image_position=&#8220;uk-background-top-center&#8220; row_bottom_shape_divider=&#8220;mountains&#8220; dahz_id=&#8220;1543569849406-45d20337-98f8&#8243; row_background_image=&#8220;732&#8243; row_bottom_shape_divider_color=&#8220;#ffffff&#8220;][vc_column dahz_id=&#8220;1543569849411-3bfa66d9-8f52&#8243; css=&#8220;.vc_custom_1543574748057{padding-top: 0px !important;}&#8220;][vc_empty_space height=&#8220;500px&#8220; el_class=&#8220;headresp&#8220;][\/vc_column][\/vc_row][vc_row row_remove_top_margin=&#8220;true&#8220; row_remove_bottom_margin=&#8220;true&#8220; dahz_id=&#8220;1543571495470-ab3ef60f-7cd8&#8243; el_class=&#8220;bread&#8220;][vc_column dahz_id=&#8220;1543571495478-9b6fdd06-3d02&#8243;][vc_column_text css=&#8220;.vc_custom_1543586328980{margin-bottom: 0px !important;}&#8220;]<span><span><a href=\"https:\/\/borgodelluccellaia.it\/de\/\">Home<\/a><\/span><\/span>[\/vc_column_text][\/vc_column][\/vc_row][vc_row dahz_id=&#8220;1543576554481-4fd3ff22-10a7&#8243;][vc_column dahz_id=&#8220;1543576554491-f3ce1922-d15b&#8220;][vc_custom_heading text=&#8220;Insel Elba&#8220; font_container=&#8220;tag:h3|text_align:left&#8220; use_theme_fonts=&#8220;yes&#8220; dahz_id=&#8220;1543576554500-a76558d7-37f4&#8243; margin_top=&#8220;20&#8243;][vc_column_text]Elba ist die gr\u00f6\u00dfte der sieben Inseln des <strong>toskanischen Archipels<\/strong>. Sie ist in ca. einer Stunde mit der F\u00e4hre vom Hafen von Piombino entfernt, von wo aus Sie Portoferraio, die Hauptstadt der Insel, erreichen k\u00f6nnen. Die Insel ist in sieben Gemeinden unterteilt: Portoferraio, Campo nell&#8217;Elba, Marciana, Marciana Marina, Capoliveri, Porto Azzurro und Rio und bietet \u00fcber 150 km K\u00fcstenlinie, entlang derer es mehr als einhundert <strong>wundervolle Str\u00e4nde<\/strong> mit klarem und dunklem Sand hat, ausserdem gibt es Kieselstr\u00e4nde und Buchten mit Granitfelsen.<\/p>\n<p>Es ist eine \u00fcberwiegend bergige und \u00fcppige Insel. Bedeckt von der typischen <strong>mediterranen Vegetation<\/strong> und W\u00e4ldern mit Steineichen, Korkeichen und Kiefern, treffen wir beim Klettern auch auf die Kastanienw\u00e4lder, die sich rund um das Massiv des <strong>Monte Capanne<\/strong> (1019 H\u00f6henmeter), des h\u00f6chsten Gipfels von Elba und dem gesamten Archipel befinden.<\/p>\n<p>Zahlreiche <strong>Wanderwege und Pfade<\/strong> kreuzen sich, viele davon sind uralte Saumpfade, die einst von einheimischen Bauern benutzt wurden, um das Nachbardorf zu erreichen. Heute ist es ein einzigartiger Reichtum f\u00fcr diejenigen, die gerne in der Natur spazieren gehen, wandern, klettern und Nordic Walking aus\u00fcben.<\/p>\n<p>Die bewohnten <strong>D\u00f6rfer<\/strong> sind sehr ruhig, vor allem die \u00e4ltesten, die alle in gro\u00dfen H\u00f6hen gelegen sind, um sich vor Piraten\u00fcberf\u00e4llen zu sch\u00fctzen, mit Ausnahme der Festung Portoferraio. Capoliveri, Marciana, San Piero, Sant&#8217;Ilario und Rio Nell&#8217;Elba verdienen sicherlich einen Besuch: Alle D\u00f6rfer liegen an den H\u00e4ngen und sind gr\u00f6\u00dftenteils aus dem lokalem Gestein gebaut.<\/p>\n<p>Die beliebtesten <strong>K\u00fcstend\u00f6rfer<\/strong> sind die von Marciana Marina mit ihrer herrlichen K\u00fcste und dem ausgestatteten Touristenhafen und Porto Azzurro mit seinem sch\u00f6nen Platz, der sich vor dem kleinen Touristenhafen befindet. F\u00fcr diejenigen, die Geschichte lieben, darf der Besuch vom historischen Zentrum in Portoferraio mit seiner Festung Medici und den <strong>napoleonischen Villen<\/strong> nicht fehlen.<\/p>\n<p><strong>Marina di Campo<\/strong> ist stattdessen das Dorf, das den gr\u00f6\u00dften Sandstrand Elbas bietet, dessen Strand sich \u00fcber 1,5 km lang erstreckt, hier gibt es Badeanstalten und auch freie Bereiche zum Baden.<\/p>\n<p>Diejenigen, die glauben, sie h\u00e4tten die Insel Elba in sieben Tagen oder zwei Wochen gesehen, werden feststellen, dass <strong>Elba<\/strong> jedes Mal neue Dinge anbietet und Sie nie aufh\u00f6ren neues zu entdecken. Scheinbar klein, f\u00e4hrt man von Ost nach West in etwa 1,5 Stunden mit dem Auto, also von Sant&#8217;Andrea bis Cavo. Elba geschichtstr\u00e4chtige Insel, ein strategischer Punkt im <strong>Mittelmeerraum<\/strong>, hat eine Reihe von verschiedenen Bev\u00f6lkerungen gesehen, welchen den Charakter der Insel gepr\u00e4gt haben, auch in der lokalen Gastronomie und Weintradition ist dieser Charakter vorhanden.<\/p>\n<p>Ausgezeichnete <strong>Weine<\/strong>, die in den letzten Jahren auch wichtige Auszeichnungen erhalten haben, darunter der liebenswerte Aleatico DOCG dell&#8217;Elba, welcher gut zu der traditionellen Schiaccia Briaca (typischer Nachtisch von Rio Marina) passt.[\/vc_column_text][\/vc_column][\/vc_row]<\/p>\n<\/section>","protected":false},"excerpt":{"rendered":"<p>[vc_row row_remove_top_margin=&#8220;true&#8220; row_remove_bottom_margin=&#8220;true&#8220; row_stretch=&#8220;uk-container-expand uk-padding-remove-horizontal&#8220; row_custom_media_type=&#8220;image&#8220; row_background_image_size=&#8220;uk-background-cover&#8220; row_background_image_repeat=&#8220;uk-background-norepeat&#8220; row_background_image_position=&#8220;uk-background-top-center&#8220; row_bottom_shape_divider=&#8220;mountains&#8220; dahz_id=&#8220;1543569849406-45d20337-98f8&#8243; row_background_image=&#8220;732&#8243; row_bottom_shape_divider_color=&#8220;#ffffff&#8220;][vc_column dahz_id=&#8220;1543569849411-3bfa66d9-8f52&#8243; css=&#8220;.vc_custom_1543574748057{padding-top: 0px !important;}&#8220;][vc_empty_space height=&#8220;500px&#8220; el_class=&#8220;headresp&#8220;][\/vc_column][\/vc_row][vc_row row_remove_top_margin=&#8220;true&#8220; row_remove_bottom_margin=&#8220;true&#8220; dahz_id=&#8220;1543571495470-ab3ef60f-7cd8&#8243; el_class=&#8220;bread&#8220;][vc_column dahz_id=&#8220;1543571495478-9b6fdd06-3d02&#8243;][vc_column_text css=&#8220;.vc_custom_1543586328980{margin-bottom: 0px !important;}&#8220;][\/vc_column_text][\/vc_column][\/vc_row][vc_row dahz_id=&#8220;1543576554481-4fd3ff22-10a7&#8243;][vc_column dahz_id=&#8220;1543576554491-f3ce1922-d15b&#8220;][vc_custom_heading text=&#8220;Insel Elba&#8220; font_container=&#8220;tag:h3|text_align:left&#8220; use_theme_fonts=&#8220;yes&#8220; dahz_id=&#8220;1543576554500-a76558d7-37f4&#8243; margin_top=&#8220;20&#8243;][vc_column_text]Elba ist die gr\u00f6\u00dfte der sieben Inseln des toskanischen Archipels. Sie ist in ca. einer Stunde mit der F\u00e4hre vom Hafen &hellip;<\/p>\n","protected":false},"author":5,"featured_media":1314,"parent":1690,"menu_order":2,"comment_status":"closed","ping_status":"closed","template":"","meta":{"footnotes":""},"class_list":["post-1710","page","type-page","status-publish","has-post-thumbnail","hentry"],"yoast_head":"<!-- This site is optimized with the Yoast SEO plugin v27.3 - https:\/\/yoast.com\/product\/yoast-seo-wordpress\/ -->\n<title>Insel Elba - Borgo dell&#039;Uccellaia, Marciana Marina<\/title>\n<meta name=\"description\" content=\"Elba ist die gr\u00f6\u00dfte der sieben Inseln des toskanischen Archipels. Sie ist in ca. einer Stunde mit der F\u00e4hre vom Hafen von Piombino entfernt.\" \/>\n<meta name=\"robots\" content=\"index, follow, max-snippet:-1, max-image-preview:large, max-video-preview:-1\" \/>\n<link rel=\"canonical\" href=\"https:\/\/borgodelluccellaia.it\/de\/lage\/insel-elba\/\" \/>\n<meta property=\"og:locale\" content=\"de_DE\" \/>\n<meta property=\"og:type\" content=\"article\" \/>\n<meta property=\"og:title\" content=\"Insel Elba - Borgo dell&#039;Uccellaia, Marciana Marina\" \/>\n<meta property=\"og:description\" content=\"Elba ist die gr\u00f6\u00dfte der sieben Inseln des toskanischen Archipels. Sie ist in ca. einer Stunde mit der F\u00e4hre vom Hafen von Piombino entfernt.\" \/>\n<meta property=\"og:url\" content=\"https:\/\/borgodelluccellaia.it\/de\/lage\/insel-elba\/\" \/>\n<meta property=\"og:site_name\" content=\"Borgo dell&#039;Uccellaia\" \/>\n<meta property=\"article:publisher\" content=\"https:\/\/www.facebook.com\/BorgoDelluccellaia\/\" \/>\n<meta property=\"article:modified_time\" content=\"2020-02-07T16:56:29+00:00\" \/>\n<meta property=\"og:image\" content=\"https:\/\/borgodelluccellaia.it\/wp-content\/uploads\/header_pag_08.jpg\" \/>\n\t<meta property=\"og:image:width\" content=\"1920\" \/>\n\t<meta property=\"og:image:height\" content=\"1080\" \/>\n\t<meta property=\"og:image:type\" content=\"image\/jpeg\" \/>\n<meta name=\"twitter:card\" content=\"summary_large_image\" \/>\n<meta name=\"twitter:label1\" content=\"Gesch\u00e4tzte Lesezeit\" \/>\n\t<meta name=\"twitter:data1\" content=\"3\u00a0Minuten\" \/>\n<script type=\"application\/ld+json\" class=\"yoast-schema-graph\">{\"@context\":\"https:\\\/\\\/schema.org\",\"@graph\":[{\"@type\":\"WebPage\",\"@id\":\"https:\\\/\\\/borgodelluccellaia.it\\\/de\\\/lage\\\/insel-elba\\\/\",\"url\":\"https:\\\/\\\/borgodelluccellaia.it\\\/de\\\/lage\\\/insel-elba\\\/\",\"name\":\"Insel Elba - Borgo dell&#039;Uccellaia, Marciana Marina\",\"isPartOf\":{\"@id\":\"https:\\\/\\\/borgodelluccellaia.it\\\/#website\"},\"primaryImageOfPage\":{\"@id\":\"https:\\\/\\\/borgodelluccellaia.it\\\/de\\\/lage\\\/insel-elba\\\/#primaryimage\"},\"image\":{\"@id\":\"https:\\\/\\\/borgodelluccellaia.it\\\/de\\\/lage\\\/insel-elba\\\/#primaryimage\"},\"thumbnailUrl\":\"https:\\\/\\\/borgodelluccellaia.it\\\/wp-content\\\/uploads\\\/header_pag_08.jpg\",\"datePublished\":\"2018-12-03T09:12:45+00:00\",\"dateModified\":\"2020-02-07T16:56:29+00:00\",\"description\":\"Elba ist die gr\u00f6\u00dfte der sieben Inseln des toskanischen Archipels. Sie ist in ca. einer Stunde mit der F\u00e4hre vom Hafen von Piombino entfernt.\",\"breadcrumb\":{\"@id\":\"https:\\\/\\\/borgodelluccellaia.it\\\/de\\\/lage\\\/insel-elba\\\/#breadcrumb\"},\"inLanguage\":\"de\",\"potentialAction\":[{\"@type\":\"ReadAction\",\"target\":[\"https:\\\/\\\/borgodelluccellaia.it\\\/de\\\/lage\\\/insel-elba\\\/\"]}]},{\"@type\":\"ImageObject\",\"inLanguage\":\"de\",\"@id\":\"https:\\\/\\\/borgodelluccellaia.it\\\/de\\\/lage\\\/insel-elba\\\/#primaryimage\",\"url\":\"https:\\\/\\\/borgodelluccellaia.it\\\/wp-content\\\/uploads\\\/header_pag_08.jpg\",\"contentUrl\":\"https:\\\/\\\/borgodelluccellaia.it\\\/wp-content\\\/uploads\\\/header_pag_08.jpg\",\"width\":1920,\"height\":1080},{\"@type\":\"BreadcrumbList\",\"@id\":\"https:\\\/\\\/borgodelluccellaia.it\\\/de\\\/lage\\\/insel-elba\\\/#breadcrumb\",\"itemListElement\":[{\"@type\":\"ListItem\",\"position\":1,\"name\":\"Home\",\"item\":\"https:\\\/\\\/borgodelluccellaia.it\\\/de\\\/\"},{\"@type\":\"ListItem\",\"position\":2,\"name\":\"Lage\",\"item\":\"https:\\\/\\\/borgodelluccellaia.it\\\/de\\\/lage\\\/\"},{\"@type\":\"ListItem\",\"position\":3,\"name\":\"Insel Elba\"}]},{\"@type\":\"WebSite\",\"@id\":\"https:\\\/\\\/borgodelluccellaia.it\\\/#website\",\"url\":\"https:\\\/\\\/borgodelluccellaia.it\\\/\",\"name\":\"Borgo dell'Uccellaia\",\"description\":\"Marciana Marina\",\"publisher\":{\"@id\":\"https:\\\/\\\/borgodelluccellaia.it\\\/#organization\"},\"potentialAction\":[{\"@type\":\"SearchAction\",\"target\":{\"@type\":\"EntryPoint\",\"urlTemplate\":\"https:\\\/\\\/borgodelluccellaia.it\\\/?s={search_term_string}\"},\"query-input\":{\"@type\":\"PropertyValueSpecification\",\"valueRequired\":true,\"valueName\":\"search_term_string\"}}],\"inLanguage\":\"de\"},{\"@type\":\"Organization\",\"@id\":\"https:\\\/\\\/borgodelluccellaia.it\\\/#organization\",\"name\":\"Borgo dell'Uccellaia\",\"url\":\"https:\\\/\\\/borgodelluccellaia.it\\\/\",\"logo\":{\"@type\":\"ImageObject\",\"inLanguage\":\"de\",\"@id\":\"https:\\\/\\\/borgodelluccellaia.it\\\/#\\\/schema\\\/logo\\\/image\\\/\",\"url\":\"https:\\\/\\\/borgodelluccellaia.it\\\/wp-content\\\/uploads\\\/icon_borgo_dell_uccellaia.png\",\"contentUrl\":\"https:\\\/\\\/borgodelluccellaia.it\\\/wp-content\\\/uploads\\\/icon_borgo_dell_uccellaia.png\",\"width\":512,\"height\":512,\"caption\":\"Borgo dell'Uccellaia\"},\"image\":{\"@id\":\"https:\\\/\\\/borgodelluccellaia.it\\\/#\\\/schema\\\/logo\\\/image\\\/\"},\"sameAs\":[\"https:\\\/\\\/www.facebook.com\\\/BorgoDelluccellaia\\\/\"]}]}<\/script>\n<!-- \/ Yoast SEO plugin. -->","yoast_head_json":{"title":"Insel Elba - Borgo dell&#039;Uccellaia, Marciana Marina","description":"Elba ist die gr\u00f6\u00dfte der sieben Inseln des toskanischen Archipels. Sie ist in ca. einer Stunde mit der F\u00e4hre vom Hafen von Piombino entfernt.","robots":{"index":"index","follow":"follow","max-snippet":"max-snippet:-1","max-image-preview":"max-image-preview:large","max-video-preview":"max-video-preview:-1"},"canonical":"https:\/\/borgodelluccellaia.it\/de\/lage\/insel-elba\/","og_locale":"de_DE","og_type":"article","og_title":"Insel Elba - Borgo dell&#039;Uccellaia, Marciana Marina","og_description":"Elba ist die gr\u00f6\u00dfte der sieben Inseln des toskanischen Archipels. Sie ist in ca. einer Stunde mit der F\u00e4hre vom Hafen von Piombino entfernt.","og_url":"https:\/\/borgodelluccellaia.it\/de\/lage\/insel-elba\/","og_site_name":"Borgo dell&#039;Uccellaia","article_publisher":"https:\/\/www.facebook.com\/BorgoDelluccellaia\/","article_modified_time":"2020-02-07T16:56:29+00:00","og_image":[{"width":1920,"height":1080,"url":"https:\/\/borgodelluccellaia.it\/wp-content\/uploads\/header_pag_08.jpg","type":"image\/jpeg"}],"twitter_card":"summary_large_image","twitter_misc":{"Gesch\u00e4tzte Lesezeit":"3\u00a0Minuten"},"schema":{"@context":"https:\/\/schema.org","@graph":[{"@type":"WebPage","@id":"https:\/\/borgodelluccellaia.it\/de\/lage\/insel-elba\/","url":"https:\/\/borgodelluccellaia.it\/de\/lage\/insel-elba\/","name":"Insel Elba - Borgo dell&#039;Uccellaia, Marciana Marina","isPartOf":{"@id":"https:\/\/borgodelluccellaia.it\/#website"},"primaryImageOfPage":{"@id":"https:\/\/borgodelluccellaia.it\/de\/lage\/insel-elba\/#primaryimage"},"image":{"@id":"https:\/\/borgodelluccellaia.it\/de\/lage\/insel-elba\/#primaryimage"},"thumbnailUrl":"https:\/\/borgodelluccellaia.it\/wp-content\/uploads\/header_pag_08.jpg","datePublished":"2018-12-03T09:12:45+00:00","dateModified":"2020-02-07T16:56:29+00:00","description":"Elba ist die gr\u00f6\u00dfte der sieben Inseln des toskanischen Archipels. Sie ist in ca. einer Stunde mit der F\u00e4hre vom Hafen von Piombino entfernt.","breadcrumb":{"@id":"https:\/\/borgodelluccellaia.it\/de\/lage\/insel-elba\/#breadcrumb"},"inLanguage":"de","potentialAction":[{"@type":"ReadAction","target":["https:\/\/borgodelluccellaia.it\/de\/lage\/insel-elba\/"]}]},{"@type":"ImageObject","inLanguage":"de","@id":"https:\/\/borgodelluccellaia.it\/de\/lage\/insel-elba\/#primaryimage","url":"https:\/\/borgodelluccellaia.it\/wp-content\/uploads\/header_pag_08.jpg","contentUrl":"https:\/\/borgodelluccellaia.it\/wp-content\/uploads\/header_pag_08.jpg","width":1920,"height":1080},{"@type":"BreadcrumbList","@id":"https:\/\/borgodelluccellaia.it\/de\/lage\/insel-elba\/#breadcrumb","itemListElement":[{"@type":"ListItem","position":1,"name":"Home","item":"https:\/\/borgodelluccellaia.it\/de\/"},{"@type":"ListItem","position":2,"name":"Lage","item":"https:\/\/borgodelluccellaia.it\/de\/lage\/"},{"@type":"ListItem","position":3,"name":"Insel Elba"}]},{"@type":"WebSite","@id":"https:\/\/borgodelluccellaia.it\/#website","url":"https:\/\/borgodelluccellaia.it\/","name":"Borgo dell'Uccellaia","description":"Marciana Marina","publisher":{"@id":"https:\/\/borgodelluccellaia.it\/#organization"},"potentialAction":[{"@type":"SearchAction","target":{"@type":"EntryPoint","urlTemplate":"https:\/\/borgodelluccellaia.it\/?s={search_term_string}"},"query-input":{"@type":"PropertyValueSpecification","valueRequired":true,"valueName":"search_term_string"}}],"inLanguage":"de"},{"@type":"Organization","@id":"https:\/\/borgodelluccellaia.it\/#organization","name":"Borgo dell'Uccellaia","url":"https:\/\/borgodelluccellaia.it\/","logo":{"@type":"ImageObject","inLanguage":"de","@id":"https:\/\/borgodelluccellaia.it\/#\/schema\/logo\/image\/","url":"https:\/\/borgodelluccellaia.it\/wp-content\/uploads\/icon_borgo_dell_uccellaia.png","contentUrl":"https:\/\/borgodelluccellaia.it\/wp-content\/uploads\/icon_borgo_dell_uccellaia.png","width":512,"height":512,"caption":"Borgo dell'Uccellaia"},"image":{"@id":"https:\/\/borgodelluccellaia.it\/#\/schema\/logo\/image\/"},"sameAs":["https:\/\/www.facebook.com\/BorgoDelluccellaia\/"]}]}},"_links":{"self":[{"href":"https:\/\/borgodelluccellaia.it\/de\/wp-json\/wp\/v2\/pages\/1710","targetHints":{"allow":["GET"]}}],"collection":[{"href":"https:\/\/borgodelluccellaia.it\/de\/wp-json\/wp\/v2\/pages"}],"about":[{"href":"https:\/\/borgodelluccellaia.it\/de\/wp-json\/wp\/v2\/types\/page"}],"author":[{"embeddable":true,"href":"https:\/\/borgodelluccellaia.it\/de\/wp-json\/wp\/v2\/users\/5"}],"replies":[{"embeddable":true,"href":"https:\/\/borgodelluccellaia.it\/de\/wp-json\/wp\/v2\/comments?post=1710"}],"version-history":[{"count":2,"href":"https:\/\/borgodelluccellaia.it\/de\/wp-json\/wp\/v2\/pages\/1710\/revisions"}],"predecessor-version":[{"id":1712,"href":"https:\/\/borgodelluccellaia.it\/de\/wp-json\/wp\/v2\/pages\/1710\/revisions\/1712"}],"up":[{"embeddable":true,"href":"https:\/\/borgodelluccellaia.it\/de\/wp-json\/wp\/v2\/pages\/1690"}],"wp:featuredmedia":[{"embeddable":true,"href":"https:\/\/borgodelluccellaia.it\/de\/wp-json\/wp\/v2\/media\/1314"}],"wp:attachment":[{"href":"https:\/\/borgodelluccellaia.it\/de\/wp-json\/wp\/v2\/media?parent=1710"}],"curies":[{"name":"wp","href":"https:\/\/api.w.org\/{rel}","templated":true}]}}