{"id":1690,"date":"2018-11-30T17:06:22","date_gmt":"2018-11-30T16:06:22","guid":{"rendered":"http:\/\/borgodelluccellaia.it\/dove-siamo\/"},"modified":"2026-01-23T15:59:37","modified_gmt":"2026-01-23T14:59:37","slug":"lage","status":"publish","type":"page","link":"https:\/\/borgodelluccellaia.it\/de\/lage\/","title":{"rendered":"Lage"},"content":{"rendered":"<section class=\"wpb-content-wrapper\"><p>[vc_row row_remove_top_margin=&#8220;true&#8220; row_remove_bottom_margin=&#8220;true&#8220; row_stretch=&#8220;uk-container-expand uk-padding-remove-horizontal&#8220; row_custom_media_type=&#8220;image&#8220; row_background_image_size=&#8220;uk-background-cover&#8220; row_background_image_repeat=&#8220;uk-background-norepeat&#8220; row_background_image_position=&#8220;uk-background-top-center&#8220; row_bottom_shape_divider=&#8220;mountains&#8220; dahz_id=&#8220;1543569849406-45d20337-98f8&#8243; row_background_image=&#8220;1167&#8243; row_bottom_shape_divider_color=&#8220;#ffffff&#8220;][vc_column dahz_id=&#8220;1543569849411-3bfa66d9-8f52&#8243; css=&#8220;.vc_custom_1543574748057{padding-top: 0px !important;}&#8220;][vc_empty_space height=&#8220;500px&#8220; el_class=&#8220;headresp&#8220;][\/vc_column][\/vc_row][vc_row row_remove_top_margin=&#8220;true&#8220; row_remove_bottom_margin=&#8220;true&#8220; dahz_id=&#8220;1543571495470-ab3ef60f-7cd8&#8243; el_class=&#8220;bread&#8220;][vc_column dahz_id=&#8220;1543571495478-9b6fdd06-3d02&#8243;][vc_column_text css=&#8220;.vc_custom_1543586328980{margin-bottom: 0px !important;}&#8220;]<span><span><a href=\"https:\/\/borgodelluccellaia.it\/de\/\">Home<\/a><\/span><\/span>[\/vc_column_text][\/vc_column][\/vc_row][vc_row dahz_id=&#8220;1543576554481-4fd3ff22-10a7&#8243;][vc_column dahz_id=&#8220;1543576554491-f3ce1922-d15b&#8220;][vc_custom_heading text=&#8220;Lage&#8220; font_container=&#8220;tag:h3|text_align:left&#8220; use_theme_fonts=&#8220;yes&#8220; dahz_id=&#8220;1543576554500-a76558d7-37f4&#8243; margin_top=&#8220;20&#8243;][\/vc_column][\/vc_row][vc_row row_column_enable_equal_height=&#8220;true&#8220; dahz_id=&#8220;1543826394787-cb5ba3f3-172e&#8220;][vc_column width=&#8220;2\/3&#8243; dahz_id=&#8220;1543826394818-3f09e8c2-89f5&#8243;][vc_raw_js]JTNDc2NyaXB0JTIwdHlwZSUzRCUyMnRleHQlMkZqYXZhc2NyaXB0JTIyJTIwY2hhcnNldCUzRCUyMnV0Zi04JTIyJTIwYXN5bmMlMjBzcmMlM0QlMjJodHRwcyUzQSUyRiUyRmFwaS1tYXBzLnlhbmRleC5ydSUyRnNlcnZpY2VzJTJGY29uc3RydWN0b3IlMkYxLjAlMkZqcyUyRiUzRnVtJTNEY29uc3RydWN0b3IlMjUzQWUwMWJiZTZiYTliY2JlOWZmMDhhOGUyMTY4OTUzMDU2ODNjMDAyODhmZTQ5Njg2YWQ3YjEzYTQ1OGJlNzQ1YjElMjZhbXAlM0J3aWR0aCUzRDc5MSUyNmFtcCUzQmhlaWdodCUzRDM5OSUyNmFtcCUzQmxhbmclM0Rlbl9GUiUyNmFtcCUzQnNjcm9sbCUzRHRydWUlMjIlM0UlM0MlMkZzY3JpcHQlM0U=[\/vc_raw_js][vc_widget_sidebar sidebar_id=&#8220;de-footer-area-4&#8243;][\/vc_column][vc_column width=&#8220;1\/3&#8243; dahz_id=&#8220;1543826446582-03293e02-2775&#8243; css=&#8220;.vc_custom_1543827826388{padding-top: 20px !important;padding-right: 20px !important;padding-bottom: 0px !important;padding-left: 20px !important;background-color: #f5f5f5 !important;}&#8220; el_class=&#8220;bbbox&#8220;][vc_column_text]<strong>Adresse<\/strong><br \/>\nLocalit\u00e0 Uccellaia,<br \/>\n57033 Marciana Marina (LI)<\/p>\n<p style=\"margin-bottom: 5px;\"><strong>Geografische Koordinaten<\/strong><\/p>\n<ul style=\"margin-top: 0;\">\n<li style=\"margin-bottom: 15px;\">DG (Dezimalgrad)<br \/>\nBreitengrad: 42.802336<br \/>\nL\u00e4ngengrad: 10.188575<\/li>\n<li>GMS (grad, minuten, sekunden)<br \/>\nBreitengrad: N \u2013 42\u00b048\u20198,41\u2019\u2019<br \/>\nL\u00e4ngengrad: O \u2013 10\u00b0 11\u2019 18.869\u2019\u2019<\/li>\n<\/ul>\n<p>[\/vc_column_text][\/vc_column][\/vc_row][vc_row dahz_id=&#8220;1543826415137-0191febc-24e7&#8243; css=&#8220;.vc_custom_1543827999285{padding-top: 10px !important;}&#8220;][vc_column dahz_id=&#8220;1543826415166-0a7a9eb6-7dae&#8220;][vc_column_text]Um <strong>Borgo dell&#8217;Uccellaia zu erreichen<\/strong>, fahren Sie nach der Ankunft in Portoferraio, nach <strong>Marciana Marina<\/strong> (ca. 16 km). Der erste touristische Ort, welchen Sie nach etwa 9 km mit dem Auto erreichen, ist Procchio, von dort aus fahren Sie weiter Richtung Marciana Marina. Die kurvige Stra\u00dfe f\u00fchrt entlang der K\u00fcste bis zum charmanten Hafen und dem Dorf Marciana Marina. Wenn Sie das Dorf erreicht haben, fahren Sie geradeaus bis zu den Grundschulen (Scuole Elementari). Folgen Sie dann der <strong>Beschilderung nach Borgo dell&#8217;Uccellaia<\/strong>.<\/p>\n<p>Die <strong>Localit\u00e0 Uccellaia<\/strong> kann \u00fcber eine asphaltierte und beleuchtete Stra\u00dfe erreicht werden, die an der Spitze des H\u00fcgels endet. Die Gegend ist ruhig und umgeben von W\u00e4ldern mit Blick auf den Golf von Marciana Marina. <strong>Ausserdem ist sie ein Katzensprung vom Dorf und dem Meer entfernt<\/strong>. In weniger als 10 Gehminuten ist der Strand von Fenicia erreichbar, der sich links vom Dorf Marciana Marina neben dem Torre degli Appiani befindet.<\/p>\n<p>In unmittelbarer N\u00e4he befinden sich die Tennispl\u00e4tze, das st\u00e4dtische Schwimmbad, Restaurants und Gesch\u00e4fte. Ein idealer Ort f\u00fcr Naturliebhaber: Zu Fu\u00df k\u00f6nnen Sie beschilderte Wege beschreiten, die durch die W\u00e4lder und Sie an spektakul\u00e4re Orte der Insel f\u00fchren.<\/p>\n<p>Borgo dell&#8217;Uccellaia befindet sich 2,6 km von der sehr beliebten Bergseilbahn Monte Capanne entfernt, von der Sie auf 1019 Metern H\u00f6he gelangen und die morphologische Silhouette von Elba bewundern und einen herrlichen Blick \u00fcber den gesamten toskanischen Archipel genie\u00dfen k\u00f6nnen. Wenn die Tage besonders klar sind, ist es auch m\u00f6glich, einen Abschnitt der italienischen K\u00fcste und Korsika zu sehen.[\/vc_column_text][\/vc_column][\/vc_row]<\/p>\n<\/section>","protected":false},"excerpt":{"rendered":"<p>[vc_row row_remove_top_margin=&#8220;true&#8220; row_remove_bottom_margin=&#8220;true&#8220; row_stretch=&#8220;uk-container-expand uk-padding-remove-horizontal&#8220; row_custom_media_type=&#8220;image&#8220; row_background_image_size=&#8220;uk-background-cover&#8220; row_background_image_repeat=&#8220;uk-background-norepeat&#8220; row_background_image_position=&#8220;uk-background-top-center&#8220; row_bottom_shape_divider=&#8220;mountains&#8220; dahz_id=&#8220;1543569849406-45d20337-98f8&#8243; row_background_image=&#8220;1167&#8243; row_bottom_shape_divider_color=&#8220;#ffffff&#8220;][vc_column dahz_id=&#8220;1543569849411-3bfa66d9-8f52&#8243; css=&#8220;.vc_custom_1543574748057{padding-top: 0px !important;}&#8220;][vc_empty_space height=&#8220;500px&#8220; el_class=&#8220;headresp&#8220;][\/vc_column][\/vc_row][vc_row row_remove_top_margin=&#8220;true&#8220; row_remove_bottom_margin=&#8220;true&#8220; dahz_id=&#8220;1543571495470-ab3ef60f-7cd8&#8243; el_class=&#8220;bread&#8220;][vc_column dahz_id=&#8220;1543571495478-9b6fdd06-3d02&#8243;][vc_column_text css=&#8220;.vc_custom_1543586328980{margin-bottom: 0px !important;}&#8220;][\/vc_column_text][\/vc_column][\/vc_row][vc_row dahz_id=&#8220;1543576554481-4fd3ff22-10a7&#8243;][vc_column dahz_id=&#8220;1543576554491-f3ce1922-d15b&#8220;][vc_custom_heading text=&#8220;Lage&#8220; font_container=&#8220;tag:h3|text_align:left&#8220; use_theme_fonts=&#8220;yes&#8220; dahz_id=&#8220;1543576554500-a76558d7-37f4&#8243; margin_top=&#8220;20&#8243;][\/vc_column][\/vc_row][vc_row row_column_enable_equal_height=&#8220;true&#8220; dahz_id=&#8220;1543826394787-cb5ba3f3-172e&#8220;][vc_column width=&#8220;2\/3&#8243; dahz_id=&#8220;1543826394818-3f09e8c2-89f5&#8243;][vc_raw_js]JTNDc2NyaXB0JTIwdHlwZSUzRCUyMnRleHQlMkZqYXZhc2NyaXB0JTIyJTIwY2hhcnNldCUzRCUyMnV0Zi04JTIyJTIwYXN5bmMlMjBzcmMlM0QlMjJodHRwcyUzQSUyRiUyRmFwaS1tYXBzLnlhbmRleC5ydSUyRnNlcnZpY2VzJTJGY29uc3RydWN0b3IlMkYxLjAlMkZqcyUyRiUzRnVtJTNEY29uc3RydWN0b3IlMjUzQWUwMWJiZTZiYTliY2JlOWZmMDhhOGUyMTY4OTUzMDU2ODNjMDAyODhmZTQ5Njg2YWQ3YjEzYTQ1OGJlNzQ1YjElMjZhbXAlM0J3aWR0aCUzRDc5MSUyNmFtcCUzQmhlaWdodCUzRDM5OSUyNmFtcCUzQmxhbmclM0Rlbl9GUiUyNmFtcCUzQnNjcm9sbCUzRHRydWUlMjIlM0UlM0MlMkZzY3JpcHQlM0U=[\/vc_raw_js][vc_widget_sidebar sidebar_id=&#8220;de-footer-area-4&#8243;][\/vc_column][vc_column width=&#8220;1\/3&#8243; dahz_id=&#8220;1543826446582-03293e02-2775&#8243; css=&#8220;.vc_custom_1543827826388{padding-top: 20px !important;padding-right: 20px !important;padding-bottom: 0px !important;padding-left: 20px !important;background-color: #f5f5f5 !important;}&#8220; el_class=&#8220;bbbox&#8220;][vc_column_text]Adresse Localit\u00e0 Uccellaia, &hellip;<\/p>\n","protected":false},"author":5,"featured_media":1554,"parent":0,"menu_order":3,"comment_status":"closed","ping_status":"closed","template":"","meta":{"footnotes":""},"class_list":["post-1690","page","type-page","status-publish","has-post-thumbnail","hentry"],"yoast_head":"<!-- This site is optimized with the Yoast SEO plugin v27.3 - https:\/\/yoast.com\/product\/yoast-seo-wordpress\/ -->\n<title>Lage - Borgo dell&#039;Uccellaia, Marciana Marina, Insel Elba<\/title>\n<meta name=\"description\" content=\"Um uns zu erreichen, fahren Sie nach der Ankunft in Portoferraio, nach Marciana Marina. Wenn Sie das Dorf erreicht haben, folgen Sie dann der Beschilderung nach Borgo dell&#039;Uccellaia.\" \/>\n<meta name=\"robots\" content=\"index, follow, max-snippet:-1, max-image-preview:large, max-video-preview:-1\" \/>\n<link rel=\"canonical\" href=\"https:\/\/borgodelluccellaia.it\/de\/lage\/\" \/>\n<meta property=\"og:locale\" content=\"de_DE\" \/>\n<meta property=\"og:type\" content=\"article\" \/>\n<meta property=\"og:title\" content=\"Lage - Borgo dell&#039;Uccellaia, Marciana Marina, Insel Elba\" \/>\n<meta property=\"og:description\" content=\"Um uns zu erreichen, fahren Sie nach der Ankunft in Portoferraio, nach Marciana Marina. Wenn Sie das Dorf erreicht haben, folgen Sie dann der Beschilderung nach Borgo dell&#039;Uccellaia.\" \/>\n<meta property=\"og:url\" content=\"https:\/\/borgodelluccellaia.it\/de\/lage\/\" \/>\n<meta property=\"og:site_name\" content=\"Borgo dell&#039;Uccellaia\" \/>\n<meta property=\"article:publisher\" content=\"https:\/\/www.facebook.com\/BorgoDelluccellaia\/\" \/>\n<meta property=\"article:modified_time\" content=\"2026-01-23T14:59:37+00:00\" \/>\n<meta property=\"og:image\" content=\"https:\/\/borgodelluccellaia.it\/wp-content\/uploads\/header_pag_dove_siamo_new.jpg\" \/>\n\t<meta property=\"og:image:width\" content=\"1920\" \/>\n\t<meta property=\"og:image:height\" content=\"1080\" \/>\n\t<meta property=\"og:image:type\" content=\"image\/jpeg\" \/>\n<meta name=\"twitter:card\" content=\"summary_large_image\" \/>\n<meta name=\"twitter:label1\" content=\"Gesch\u00e4tzte Lesezeit\" \/>\n\t<meta name=\"twitter:data1\" content=\"3\u00a0Minuten\" \/>\n<script type=\"application\/ld+json\" class=\"yoast-schema-graph\">{\"@context\":\"https:\\\/\\\/schema.org\",\"@graph\":[{\"@type\":\"WebPage\",\"@id\":\"https:\\\/\\\/borgodelluccellaia.it\\\/de\\\/lage\\\/\",\"url\":\"https:\\\/\\\/borgodelluccellaia.it\\\/de\\\/lage\\\/\",\"name\":\"Lage - Borgo dell&#039;Uccellaia, Marciana Marina, Insel Elba\",\"isPartOf\":{\"@id\":\"https:\\\/\\\/borgodelluccellaia.it\\\/#website\"},\"primaryImageOfPage\":{\"@id\":\"https:\\\/\\\/borgodelluccellaia.it\\\/de\\\/lage\\\/#primaryimage\"},\"image\":{\"@id\":\"https:\\\/\\\/borgodelluccellaia.it\\\/de\\\/lage\\\/#primaryimage\"},\"thumbnailUrl\":\"https:\\\/\\\/borgodelluccellaia.it\\\/wp-content\\\/uploads\\\/header_pag_dove_siamo_new.jpg\",\"datePublished\":\"2018-11-30T16:06:22+00:00\",\"dateModified\":\"2026-01-23T14:59:37+00:00\",\"description\":\"Um uns zu erreichen, fahren Sie nach der Ankunft in Portoferraio, nach Marciana Marina. Wenn Sie das Dorf erreicht haben, folgen Sie dann der Beschilderung nach Borgo dell'Uccellaia.\",\"breadcrumb\":{\"@id\":\"https:\\\/\\\/borgodelluccellaia.it\\\/de\\\/lage\\\/#breadcrumb\"},\"inLanguage\":\"de\",\"potentialAction\":[{\"@type\":\"ReadAction\",\"target\":[\"https:\\\/\\\/borgodelluccellaia.it\\\/de\\\/lage\\\/\"]}]},{\"@type\":\"ImageObject\",\"inLanguage\":\"de\",\"@id\":\"https:\\\/\\\/borgodelluccellaia.it\\\/de\\\/lage\\\/#primaryimage\",\"url\":\"https:\\\/\\\/borgodelluccellaia.it\\\/wp-content\\\/uploads\\\/header_pag_dove_siamo_new.jpg\",\"contentUrl\":\"https:\\\/\\\/borgodelluccellaia.it\\\/wp-content\\\/uploads\\\/header_pag_dove_siamo_new.jpg\",\"width\":1920,\"height\":1080},{\"@type\":\"BreadcrumbList\",\"@id\":\"https:\\\/\\\/borgodelluccellaia.it\\\/de\\\/lage\\\/#breadcrumb\",\"itemListElement\":[{\"@type\":\"ListItem\",\"position\":1,\"name\":\"Home\",\"item\":\"https:\\\/\\\/borgodelluccellaia.it\\\/de\\\/\"},{\"@type\":\"ListItem\",\"position\":2,\"name\":\"Lage\"}]},{\"@type\":\"WebSite\",\"@id\":\"https:\\\/\\\/borgodelluccellaia.it\\\/#website\",\"url\":\"https:\\\/\\\/borgodelluccellaia.it\\\/\",\"name\":\"Borgo dell'Uccellaia\",\"description\":\"Marciana Marina\",\"publisher\":{\"@id\":\"https:\\\/\\\/borgodelluccellaia.it\\\/#organization\"},\"potentialAction\":[{\"@type\":\"SearchAction\",\"target\":{\"@type\":\"EntryPoint\",\"urlTemplate\":\"https:\\\/\\\/borgodelluccellaia.it\\\/?s={search_term_string}\"},\"query-input\":{\"@type\":\"PropertyValueSpecification\",\"valueRequired\":true,\"valueName\":\"search_term_string\"}}],\"inLanguage\":\"de\"},{\"@type\":\"Organization\",\"@id\":\"https:\\\/\\\/borgodelluccellaia.it\\\/#organization\",\"name\":\"Borgo dell'Uccellaia\",\"url\":\"https:\\\/\\\/borgodelluccellaia.it\\\/\",\"logo\":{\"@type\":\"ImageObject\",\"inLanguage\":\"de\",\"@id\":\"https:\\\/\\\/borgodelluccellaia.it\\\/#\\\/schema\\\/logo\\\/image\\\/\",\"url\":\"https:\\\/\\\/borgodelluccellaia.it\\\/wp-content\\\/uploads\\\/icon_borgo_dell_uccellaia.png\",\"contentUrl\":\"https:\\\/\\\/borgodelluccellaia.it\\\/wp-content\\\/uploads\\\/icon_borgo_dell_uccellaia.png\",\"width\":512,\"height\":512,\"caption\":\"Borgo dell'Uccellaia\"},\"image\":{\"@id\":\"https:\\\/\\\/borgodelluccellaia.it\\\/#\\\/schema\\\/logo\\\/image\\\/\"},\"sameAs\":[\"https:\\\/\\\/www.facebook.com\\\/BorgoDelluccellaia\\\/\"]}]}<\/script>\n<!-- \/ Yoast SEO plugin. -->","yoast_head_json":{"title":"Lage - Borgo dell&#039;Uccellaia, Marciana Marina, Insel Elba","description":"Um uns zu erreichen, fahren Sie nach der Ankunft in Portoferraio, nach Marciana Marina. Wenn Sie das Dorf erreicht haben, folgen Sie dann der Beschilderung nach Borgo dell'Uccellaia.","robots":{"index":"index","follow":"follow","max-snippet":"max-snippet:-1","max-image-preview":"max-image-preview:large","max-video-preview":"max-video-preview:-1"},"canonical":"https:\/\/borgodelluccellaia.it\/de\/lage\/","og_locale":"de_DE","og_type":"article","og_title":"Lage - Borgo dell&#039;Uccellaia, Marciana Marina, Insel Elba","og_description":"Um uns zu erreichen, fahren Sie nach der Ankunft in Portoferraio, nach Marciana Marina. Wenn Sie das Dorf erreicht haben, folgen Sie dann der Beschilderung nach Borgo dell'Uccellaia.","og_url":"https:\/\/borgodelluccellaia.it\/de\/lage\/","og_site_name":"Borgo dell&#039;Uccellaia","article_publisher":"https:\/\/www.facebook.com\/BorgoDelluccellaia\/","article_modified_time":"2026-01-23T14:59:37+00:00","og_image":[{"width":1920,"height":1080,"url":"https:\/\/borgodelluccellaia.it\/wp-content\/uploads\/header_pag_dove_siamo_new.jpg","type":"image\/jpeg"}],"twitter_card":"summary_large_image","twitter_misc":{"Gesch\u00e4tzte Lesezeit":"3\u00a0Minuten"},"schema":{"@context":"https:\/\/schema.org","@graph":[{"@type":"WebPage","@id":"https:\/\/borgodelluccellaia.it\/de\/lage\/","url":"https:\/\/borgodelluccellaia.it\/de\/lage\/","name":"Lage - Borgo dell&#039;Uccellaia, Marciana Marina, Insel Elba","isPartOf":{"@id":"https:\/\/borgodelluccellaia.it\/#website"},"primaryImageOfPage":{"@id":"https:\/\/borgodelluccellaia.it\/de\/lage\/#primaryimage"},"image":{"@id":"https:\/\/borgodelluccellaia.it\/de\/lage\/#primaryimage"},"thumbnailUrl":"https:\/\/borgodelluccellaia.it\/wp-content\/uploads\/header_pag_dove_siamo_new.jpg","datePublished":"2018-11-30T16:06:22+00:00","dateModified":"2026-01-23T14:59:37+00:00","description":"Um uns zu erreichen, fahren Sie nach der Ankunft in Portoferraio, nach Marciana Marina. Wenn Sie das Dorf erreicht haben, folgen Sie dann der Beschilderung nach Borgo dell'Uccellaia.","breadcrumb":{"@id":"https:\/\/borgodelluccellaia.it\/de\/lage\/#breadcrumb"},"inLanguage":"de","potentialAction":[{"@type":"ReadAction","target":["https:\/\/borgodelluccellaia.it\/de\/lage\/"]}]},{"@type":"ImageObject","inLanguage":"de","@id":"https:\/\/borgodelluccellaia.it\/de\/lage\/#primaryimage","url":"https:\/\/borgodelluccellaia.it\/wp-content\/uploads\/header_pag_dove_siamo_new.jpg","contentUrl":"https:\/\/borgodelluccellaia.it\/wp-content\/uploads\/header_pag_dove_siamo_new.jpg","width":1920,"height":1080},{"@type":"BreadcrumbList","@id":"https:\/\/borgodelluccellaia.it\/de\/lage\/#breadcrumb","itemListElement":[{"@type":"ListItem","position":1,"name":"Home","item":"https:\/\/borgodelluccellaia.it\/de\/"},{"@type":"ListItem","position":2,"name":"Lage"}]},{"@type":"WebSite","@id":"https:\/\/borgodelluccellaia.it\/#website","url":"https:\/\/borgodelluccellaia.it\/","name":"Borgo dell'Uccellaia","description":"Marciana Marina","publisher":{"@id":"https:\/\/borgodelluccellaia.it\/#organization"},"potentialAction":[{"@type":"SearchAction","target":{"@type":"EntryPoint","urlTemplate":"https:\/\/borgodelluccellaia.it\/?s={search_term_string}"},"query-input":{"@type":"PropertyValueSpecification","valueRequired":true,"valueName":"search_term_string"}}],"inLanguage":"de"},{"@type":"Organization","@id":"https:\/\/borgodelluccellaia.it\/#organization","name":"Borgo dell'Uccellaia","url":"https:\/\/borgodelluccellaia.it\/","logo":{"@type":"ImageObject","inLanguage":"de","@id":"https:\/\/borgodelluccellaia.it\/#\/schema\/logo\/image\/","url":"https:\/\/borgodelluccellaia.it\/wp-content\/uploads\/icon_borgo_dell_uccellaia.png","contentUrl":"https:\/\/borgodelluccellaia.it\/wp-content\/uploads\/icon_borgo_dell_uccellaia.png","width":512,"height":512,"caption":"Borgo dell'Uccellaia"},"image":{"@id":"https:\/\/borgodelluccellaia.it\/#\/schema\/logo\/image\/"},"sameAs":["https:\/\/www.facebook.com\/BorgoDelluccellaia\/"]}]}},"_links":{"self":[{"href":"https:\/\/borgodelluccellaia.it\/de\/wp-json\/wp\/v2\/pages\/1690","targetHints":{"allow":["GET"]}}],"collection":[{"href":"https:\/\/borgodelluccellaia.it\/de\/wp-json\/wp\/v2\/pages"}],"about":[{"href":"https:\/\/borgodelluccellaia.it\/de\/wp-json\/wp\/v2\/types\/page"}],"author":[{"embeddable":true,"href":"https:\/\/borgodelluccellaia.it\/de\/wp-json\/wp\/v2\/users\/5"}],"replies":[{"embeddable":true,"href":"https:\/\/borgodelluccellaia.it\/de\/wp-json\/wp\/v2\/comments?post=1690"}],"version-history":[{"count":21,"href":"https:\/\/borgodelluccellaia.it\/de\/wp-json\/wp\/v2\/pages\/1690\/revisions"}],"predecessor-version":[{"id":4871,"href":"https:\/\/borgodelluccellaia.it\/de\/wp-json\/wp\/v2\/pages\/1690\/revisions\/4871"}],"wp:featuredmedia":[{"embeddable":true,"href":"https:\/\/borgodelluccellaia.it\/de\/wp-json\/wp\/v2\/media\/1554"}],"wp:attachment":[{"href":"https:\/\/borgodelluccellaia.it\/de\/wp-json\/wp\/v2\/media?parent=1690"}],"curies":[{"name":"wp","href":"https:\/\/api.w.org\/{rel}","templated":true}]}}