{"id":1639,"date":"2018-12-03T15:41:16","date_gmt":"2018-12-03T14:41:16","guid":{"rendered":"http:\/\/borgodelluccellaia.it\/le-dimore\/"},"modified":"2025-04-30T17:10:44","modified_gmt":"2025-04-30T15:10:44","slug":"die-unterkunft","status":"publish","type":"page","link":"https:\/\/borgodelluccellaia.it\/de\/die-unterkunft\/","title":{"rendered":"Die Unterkunft"},"content":{"rendered":"<section class=\"wpb-content-wrapper\"><p>[vc_row row_remove_top_margin=&#8220;true&#8220; row_remove_bottom_margin=&#8220;true&#8220; row_stretch=&#8220;uk-container-expand uk-padding-remove-horizontal&#8220; row_custom_media_type=&#8220;image&#8220; row_background_image_size=&#8220;uk-background-cover&#8220; row_background_image_repeat=&#8220;uk-background-norepeat&#8220; row_background_image_position=&#8220;uk-background-top-center&#8220; row_bottom_shape_divider=&#8220;mountains&#8220; dahz_id=&#8220;1543569849406-45d20337-98f8&#8243; row_background_image=&#8220;864&#8243; row_bottom_shape_divider_color=&#8220;#ffffff&#8220;][vc_column dahz_id=&#8220;1543569849411-3bfa66d9-8f52&#8243; css=&#8220;.vc_custom_1543574748057{padding-top: 0px !important;}&#8220;][vc_empty_space height=&#8220;500px&#8220; el_class=&#8220;headresp&#8220;][\/vc_column][\/vc_row][vc_row row_remove_top_margin=&#8220;true&#8220; row_remove_bottom_margin=&#8220;true&#8220; dahz_id=&#8220;1543571495470-ab3ef60f-7cd8&#8243; el_class=&#8220;bread&#8220;][vc_column dahz_id=&#8220;1543571495478-9b6fdd06-3d02&#8243;][vc_column_text css=&#8220;.vc_custom_1543586328980{margin-bottom: 0px !important;}&#8220;]<span><span><a href=\"https:\/\/borgodelluccellaia.it\/de\/\">Home<\/a><\/span><\/span>[\/vc_column_text][\/vc_column][\/vc_row][vc_row dahz_id=&#8220;1543576554481-4fd3ff22-10a7&#8243;][vc_column dahz_id=&#8220;1543576554491-f3ce1922-d15b&#8220;][vc_custom_heading text=&#8220;Die Unterkunft&#8220; font_container=&#8220;tag:h3|text_align:left&#8220; use_theme_fonts=&#8220;yes&#8220; dahz_id=&#8220;1543576554500-a76558d7-37f4&#8243; margin_top=&#8220;20&#8243;][vc_column_text]Die Wohnungen des Borgo dell&#8217;Uccellaia sind <strong>neu gebaut<\/strong> auf einem H\u00fcgel gegen\u00fcber dem Dorf Marciana Marina in der Localit\u00e0 Uccellaia.<\/p>\n<p>Sie befinden sich in einer <strong>panoramischen Position<\/strong> zwischen Terrassen, die mit der alten Technik der lokalen Trockenmauer gemacht wurden, wo sich jetzt ein schattiger und gepflegter Garten befindet.<\/p>\n<p>Jede Wohnung bietet <strong>gut organisierte R\u00e4ume<\/strong>, eine harmonische Umgebung mit viel Liebe zum Detail. \u00c4u\u00dferlich, zus\u00e4tzlich zu einem unabh\u00e4ngigen Eingang, verf\u00fcgen sie \u00fcber Veranden und G\u00e4rten.<\/p>\n<p><strong>Zu den angebotenen Dienstleistungen<\/strong>: Klimaanlage, bewachter Parkplatz, kostenloses WLAN, Grill, Heizung, Haustiere auf Anfrage erlaubt. Viele andere Dienstleistungen sind im technischen Datenblatt jeder Wohnung angegeben.[\/vc_column_text][\/vc_column][\/vc_row][vc_row dahz_id=&#8220;1543848664797-4c3a2e0d-609d&#8220;][vc_column width=&#8220;1\/3&#8243; dahz_id=&#8220;1543848664829-f1c4ef84-9e52&#8243;]<div class=\"uk-position-relative de-shortcode__wrapper de-shortcode__wrapper--dahz_banner_image uk-margin\" data-dahz-shortcode-key=\"1543854981843-26aa5e42-6219\" style=\"\">\r\n\t<div data-hover-effect=\"zoom-glare\" class=\"de-sc-banner-image uk-position-relative uk-box-shadow-hover-small\" style=\"padding-bottom: 62.5%;\">\r\n\t<a href=\"https:\/\/borgodelluccellaia.it\/de\/die-unterkunft\/ambra\/\" target=\"_self\">\r\n\t\t\t\t\t<div class=\"de-sc-banner-image__image\" style=\"background-image: url(https:\/\/borgodelluccellaia.it\/wp-content\/uploads\/dimora_ambra_00.jpg);\"><\/div>\r\n\t\t\t\t\t\t<div class=\"de-sc-banner-image__overlay\" style=\"background-color: rgba(0,0,0,0.5)\"><\/div>\r\n\t\t<div class=\"uk-width-1-1 de-sc-banner-image__content-wrap uk-visible-toggle  uk-padding-remove\">\r\n\t\t\t<div class=\"uk-text-center uk-position-center uk-position\">\r\n\t\t\t\t\t\t\t\t\t<h2 class=\"uk-margin-small\" style=\"color: #ffffff;\">AMBRA<\/h2>\r\n\t\t\t\t\t\t\t\t<div class=\"de-sc-banner-image__description uk-width-1-1\" style=\"color: #dddddd;\">\r\n\t\t\t\t\t\t\t\t<\/div>\r\n\t\t\t\t\t\t\t<\/div>\r\n\t\t<\/div>\r\n\t<\/a>\r\n<\/div><\/div>\r\n[\/vc_column][vc_column width=&#8220;1\/3&#8243; dahz_id=&#8220;1543848671341-5f24b69b-1916&#8243;]<div class=\"uk-position-relative de-shortcode__wrapper de-shortcode__wrapper--dahz_banner_image uk-margin\" data-dahz-shortcode-key=\"1543854981898-c3e4ae5e-d849\" style=\"\">\r\n\t<div data-hover-effect=\"zoom-glare\" class=\"de-sc-banner-image uk-position-relative uk-box-shadow-hover-small\" style=\"padding-bottom: 62.5%;\">\r\n\t<a href=\"https:\/\/borgodelluccellaia.it\/de\/die-unterkunft\/ametista\/\" target=\"_self\">\r\n\t\t\t\t\t<div class=\"de-sc-banner-image__image\" style=\"background-image: url(https:\/\/borgodelluccellaia.it\/wp-content\/uploads\/dimora_ametista_00.jpg);\"><\/div>\r\n\t\t\t\t\t\t<div class=\"de-sc-banner-image__overlay\" style=\"background-color: rgba(0,0,0,0.5)\"><\/div>\r\n\t\t<div class=\"uk-width-1-1 de-sc-banner-image__content-wrap uk-visible-toggle  uk-padding-remove\">\r\n\t\t\t<div class=\"uk-text-center uk-position-center uk-position\">\r\n\t\t\t\t\t\t\t\t\t<h2 class=\"uk-margin-small\" style=\"color: #ffffff;\">AMETISTA<\/h2>\r\n\t\t\t\t\t\t\t\t<div class=\"de-sc-banner-image__description uk-width-1-1\" style=\"color: #dddddd;\">\r\n\t\t\t\t\t\t\t\t<\/div>\r\n\t\t\t\t\t\t\t<\/div>\r\n\t\t<\/div>\r\n\t<\/a>\r\n<\/div><\/div>\r\n[\/vc_column][vc_column width=&#8220;1\/3&#8243; dahz_id=&#8220;1543848671346-ec9e1514-ef37&#8243;]<div class=\"uk-position-relative de-shortcode__wrapper de-shortcode__wrapper--dahz_banner_image uk-margin\" data-dahz-shortcode-key=\"1543848717329-f1b44f41-291b\" style=\"\">\r\n\t<div data-hover-effect=\"zoom-glare\" class=\"de-sc-banner-image uk-position-relative uk-box-shadow-hover-small\" style=\"padding-bottom: 62.5%;\">\r\n\t<a href=\"https:\/\/borgodelluccellaia.it\/de\/die-unterkunft\/giada\/\" target=\"_self\">\r\n\t\t\t\t\t<div class=\"de-sc-banner-image__image\" style=\"background-image: url(https:\/\/borgodelluccellaia.it\/wp-content\/uploads\/dimora_giada_00.jpg);\"><\/div>\r\n\t\t\t\t\t\t<div class=\"de-sc-banner-image__overlay\" style=\"background-color: rgba(0,0,0,0.5)\"><\/div>\r\n\t\t<div class=\"uk-width-1-1 de-sc-banner-image__content-wrap uk-visible-toggle  uk-padding-remove\">\r\n\t\t\t<div class=\"uk-text-center uk-position-center uk-position\">\r\n\t\t\t\t\t\t\t\t\t<h2 class=\"uk-margin-small\" style=\"color: #ffffff;\">GIADA<\/h2>\r\n\t\t\t\t\t\t\t\t<div class=\"de-sc-banner-image__description uk-width-1-1\">\r\n\t\t\t\t\t\t\t\t<\/div>\r\n\t\t\t\t\t\t\t<\/div>\r\n\t\t<\/div>\r\n\t<\/a>\r\n<\/div><\/div>\r\n[\/vc_column][\/vc_row][vc_row dahz_id=&#8220;1543854981785-a1094e49-a7c8&#8243;][vc_column width=&#8220;1\/3&#8243; dahz_id=&#8220;1543854981820-10136472-3670&#8243;]<div class=\"uk-position-relative de-shortcode__wrapper de-shortcode__wrapper--dahz_banner_image uk-margin\" data-dahz-shortcode-key=\"1717671885405-7e00e897-0210\" style=\"\">\r\n\t<div data-hover-effect=\"zoom-glare\" class=\"de-sc-banner-image uk-position-relative uk-box-shadow-hover-small\" style=\"padding-bottom: 63%;\">\r\n\t<a href=\"https:\/\/borgodelluccellaia.it\/de\/die-unterkunft\/quarzo\/\" target=\"_self\">\r\n\t\t\t\t\t<div class=\"de-sc-banner-image__image\" style=\"background-image: url(https:\/\/borgodelluccellaia.it\/wp-content\/uploads\/1744297171684-scaled-200x126.jpg);\"><\/div>\r\n\t\t\t\t\t\t<div class=\"de-sc-banner-image__overlay\" style=\"background-color: rgba(0,0,0,0.5)\"><\/div>\r\n\t\t<div class=\"uk-width-1-1 de-sc-banner-image__content-wrap uk-visible-toggle  uk-padding-remove\">\r\n\t\t\t<div class=\"uk-text-center uk-position-center uk-position\">\r\n\t\t\t\t\t\t\t\t\t<h2 class=\"uk-margin-small\" style=\"color: #ffffff;\">QUARZO<\/h2>\r\n\t\t\t\t\t\t\t\t<div class=\"de-sc-banner-image__description uk-width-1-1\">\r\n\t\t\t\t\t\t\t\t<\/div>\r\n\t\t\t\t\t\t\t<\/div>\r\n\t\t<\/div>\r\n\t<\/a>\r\n<\/div><\/div>\r\n[\/vc_column][vc_column width=&#8220;1\/3&#8243; dahz_id=&#8220;1543854981868-46199dca-4f25&#8243;]<div class=\"uk-position-relative de-shortcode__wrapper de-shortcode__wrapper--dahz_banner_image uk-margin\" data-dahz-shortcode-key=\"1543851530470-88c21548-6131\" style=\"\">\r\n\t<div data-hover-effect=\"zoom-glare\" class=\"de-sc-banner-image uk-position-relative uk-box-shadow-hover-small\" style=\"padding-bottom: 62.5%;\">\r\n\t<a href=\"https:\/\/borgodelluccellaia.it\/de\/die-unterkunft\/turchese\/\" target=\"_self\">\r\n\t\t\t\t\t<div class=\"de-sc-banner-image__image\" style=\"background-image: url(https:\/\/borgodelluccellaia.it\/wp-content\/uploads\/dimora_turchese_00.jpg);\"><\/div>\r\n\t\t\t\t\t\t<div class=\"de-sc-banner-image__overlay\" style=\"background-color: rgba(0,0,0,0.5)\"><\/div>\r\n\t\t<div class=\"uk-width-1-1 de-sc-banner-image__content-wrap uk-visible-toggle  uk-padding-remove\">\r\n\t\t\t<div class=\"uk-text-center uk-position-center uk-position\">\r\n\t\t\t\t\t\t\t\t\t<h2 class=\"uk-margin-small\" style=\"color: #ffffff;\">TURCHESE<\/h2>\r\n\t\t\t\t\t\t\t\t<div class=\"de-sc-banner-image__description uk-width-1-1\">\r\n\t\t\t\t\t\t\t\t<\/div>\r\n\t\t\t\t\t\t\t<\/div>\r\n\t\t<\/div>\r\n\t<\/a>\r\n<\/div><\/div>\r\n[\/vc_column][vc_column width=&#8220;1\/3&#8243; dahz_id=&#8220;1543854981920-36ca032d-5c7c&#8220;]<div class=\"uk-position-relative de-shortcode__wrapper de-shortcode__wrapper--dahz_banner_image uk-margin\" data-dahz-shortcode-key=\"1543851526468-c5eb106e-f74f\" style=\"\">\r\n\t<div data-hover-effect=\"zoom-glare\" class=\"de-sc-banner-image uk-position-relative uk-box-shadow-hover-small\" style=\"padding-bottom: 62.5%;\">\r\n\t<a href=\"https:\/\/borgodelluccellaia.it\/de\/die-unterkunft\/smeraldo\/\" target=\"_self\">\r\n\t\t\t\t\t<div class=\"de-sc-banner-image__image\" style=\"background-image: url(https:\/\/borgodelluccellaia.it\/wp-content\/uploads\/dimora_smeraldo_00.jpg);\"><\/div>\r\n\t\t\t\t\t\t<div class=\"de-sc-banner-image__overlay\" style=\"background-color: rgba(0,0,0,0.5)\"><\/div>\r\n\t\t<div class=\"uk-width-1-1 de-sc-banner-image__content-wrap uk-visible-toggle  uk-padding-remove\">\r\n\t\t\t<div class=\"uk-text-center uk-position-center uk-position\">\r\n\t\t\t\t\t\t\t\t\t<h2 class=\"uk-margin-small\" style=\"color: #ffffff;\">SMERALDO<\/h2>\r\n\t\t\t\t\t\t\t\t<div class=\"de-sc-banner-image__description uk-width-1-1\">\r\n\t\t\t\t\t\t\t\t<\/div>\r\n\t\t\t\t\t\t\t<\/div>\r\n\t\t<\/div>\r\n\t<\/a>\r\n<\/div><\/div>\r\n[\/vc_column][\/vc_row][vc_row dahz_id=&#8220;1717671864328-d8c67b71-4c2d&#8220;][vc_column width=&#8220;1\/3&#8243; dahz_id=&#8220;1717671864422-170c3ceb-1e1b&#8220;]<div class=\"uk-position-relative de-shortcode__wrapper de-shortcode__wrapper--dahz_banner_image uk-margin\" data-dahz-shortcode-key=\"1717671864438-47c0491c-4814\" style=\"\">\r\n\t<div data-hover-effect=\"zoom-glare\" class=\"de-sc-banner-image uk-position-relative uk-box-shadow-hover-small\" style=\"padding-bottom: 62.5%;\">\r\n\t<a href=\"https:\/\/borgodelluccellaia.it\/de\/die-unterkunft\/rubino\/\" target=\"_self\">\r\n\t\t\t\t\t<div class=\"de-sc-banner-image__image\" style=\"background-image: url(https:\/\/borgodelluccellaia.it\/wp-content\/uploads\/dimora_rubino_00.jpg);\"><\/div>\r\n\t\t\t\t\t\t<div class=\"de-sc-banner-image__overlay\" style=\"background-color: rgba(0,0,0,0.5)\"><\/div>\r\n\t\t<div class=\"uk-width-1-1 de-sc-banner-image__content-wrap uk-visible-toggle  uk-padding-remove\">\r\n\t\t\t<div class=\"uk-text-center uk-position-center uk-position\">\r\n\t\t\t\t\t\t\t\t\t<h2 class=\"uk-margin-small\" style=\"color: #ffffff;\">RUBINO<\/h2>\r\n\t\t\t\t\t\t\t\t<div class=\"de-sc-banner-image__description uk-width-1-1\" style=\"color: #dddddd;\">\r\n\t\t\t\t\t\t\t\t\t<p>F\u00fcr das Eigentum reserviert<\/p>\n\t\t\t\t\t\t\t\t<\/div>\r\n\t\t\t\t\t\t\t<\/div>\r\n\t\t<\/div>\r\n\t<\/a>\r\n<\/div><\/div>\r\n[\/vc_column][\/vc_row]<\/p>\n<\/section>","protected":false},"excerpt":{"rendered":"<p>[vc_row row_remove_top_margin=&#8220;true&#8220; row_remove_bottom_margin=&#8220;true&#8220; row_stretch=&#8220;uk-container-expand uk-padding-remove-horizontal&#8220; row_custom_media_type=&#8220;image&#8220; row_background_image_size=&#8220;uk-background-cover&#8220; row_background_image_repeat=&#8220;uk-background-norepeat&#8220; row_background_image_position=&#8220;uk-background-top-center&#8220; row_bottom_shape_divider=&#8220;mountains&#8220; dahz_id=&#8220;1543569849406-45d20337-98f8&#8243; row_background_image=&#8220;864&#8243; row_bottom_shape_divider_color=&#8220;#ffffff&#8220;][vc_column dahz_id=&#8220;1543569849411-3bfa66d9-8f52&#8243; css=&#8220;.vc_custom_1543574748057{padding-top: 0px !important;}&#8220;][vc_empty_space height=&#8220;500px&#8220; el_class=&#8220;headresp&#8220;][\/vc_column][\/vc_row][vc_row row_remove_top_margin=&#8220;true&#8220; row_remove_bottom_margin=&#8220;true&#8220; dahz_id=&#8220;1543571495470-ab3ef60f-7cd8&#8243; el_class=&#8220;bread&#8220;][vc_column dahz_id=&#8220;1543571495478-9b6fdd06-3d02&#8243;][vc_column_text css=&#8220;.vc_custom_1543586328980{margin-bottom: 0px !important;}&#8220;][\/vc_column_text][\/vc_column][\/vc_row][vc_row dahz_id=&#8220;1543576554481-4fd3ff22-10a7&#8243;][vc_column dahz_id=&#8220;1543576554491-f3ce1922-d15b&#8220;][vc_custom_heading text=&#8220;Die Unterkunft&#8220; font_container=&#8220;tag:h3|text_align:left&#8220; use_theme_fonts=&#8220;yes&#8220; dahz_id=&#8220;1543576554500-a76558d7-37f4&#8243; margin_top=&#8220;20&#8243;][vc_column_text]Die Wohnungen des Borgo dell&#8217;Uccellaia sind neu gebaut auf einem H\u00fcgel gegen\u00fcber dem Dorf Marciana Marina in der Localit\u00e0 Uccellaia. Sie &hellip;<\/p>\n","protected":false},"author":5,"featured_media":1390,"parent":0,"menu_order":2,"comment_status":"closed","ping_status":"closed","template":"","meta":{"footnotes":""},"class_list":["post-1639","page","type-page","status-publish","has-post-thumbnail","hentry"],"yoast_head":"<!-- This site is optimized with the Yoast SEO plugin v27.4 - https:\/\/yoast.com\/product\/yoast-seo-wordpress\/ -->\n<title>Die Unterkunft - Borgo dell&#039;Uccellaia,Marciana Marina, Insel Elba<\/title>\n<meta name=\"description\" content=\"Die Wohnungen des Borgo dell&#039;Uccellaia sind neu gebaut auf einem H\u00fcgel gegen\u00fcber dem Dorf Marciana Marina in der Localit\u00e0 Uccellaia.\" \/>\n<meta name=\"robots\" content=\"index, follow, max-snippet:-1, max-image-preview:large, max-video-preview:-1\" \/>\n<link rel=\"canonical\" href=\"https:\/\/borgodelluccellaia.it\/de\/die-unterkunft\/\" \/>\n<meta property=\"og:locale\" content=\"de_DE\" \/>\n<meta property=\"og:type\" content=\"article\" \/>\n<meta property=\"og:title\" content=\"Die Unterkunft - Borgo dell&#039;Uccellaia,Marciana Marina, Insel Elba\" \/>\n<meta property=\"og:description\" content=\"Die Wohnungen des Borgo dell&#039;Uccellaia sind neu gebaut auf einem H\u00fcgel gegen\u00fcber dem Dorf Marciana Marina in der Localit\u00e0 Uccellaia.\" \/>\n<meta property=\"og:url\" content=\"https:\/\/borgodelluccellaia.it\/de\/die-unterkunft\/\" \/>\n<meta property=\"og:site_name\" content=\"Borgo dell&#039;Uccellaia\" \/>\n<meta property=\"article:publisher\" content=\"https:\/\/www.facebook.com\/BorgoDelluccellaia\/\" \/>\n<meta property=\"article:modified_time\" content=\"2025-04-30T15:10:44+00:00\" \/>\n<meta property=\"og:image\" content=\"https:\/\/borgodelluccellaia.it\/wp-content\/uploads\/header_pag_03.jpg\" \/>\n\t<meta property=\"og:image:width\" content=\"1920\" \/>\n\t<meta property=\"og:image:height\" content=\"1080\" \/>\n\t<meta property=\"og:image:type\" content=\"image\/jpeg\" \/>\n<meta name=\"twitter:card\" content=\"summary_large_image\" \/>\n<meta name=\"twitter:label1\" content=\"Gesch\u00e4tzte Lesezeit\" \/>\n\t<meta name=\"twitter:data1\" content=\"2\u00a0Minuten\" \/>\n<script type=\"application\/ld+json\" class=\"yoast-schema-graph\">{\"@context\":\"https:\\\/\\\/schema.org\",\"@graph\":[{\"@type\":\"WebPage\",\"@id\":\"https:\\\/\\\/borgodelluccellaia.it\\\/de\\\/die-unterkunft\\\/\",\"url\":\"https:\\\/\\\/borgodelluccellaia.it\\\/de\\\/die-unterkunft\\\/\",\"name\":\"Die Unterkunft - Borgo dell&#039;Uccellaia,Marciana Marina, Insel Elba\",\"isPartOf\":{\"@id\":\"https:\\\/\\\/borgodelluccellaia.it\\\/#website\"},\"primaryImageOfPage\":{\"@id\":\"https:\\\/\\\/borgodelluccellaia.it\\\/de\\\/die-unterkunft\\\/#primaryimage\"},\"image\":{\"@id\":\"https:\\\/\\\/borgodelluccellaia.it\\\/de\\\/die-unterkunft\\\/#primaryimage\"},\"thumbnailUrl\":\"https:\\\/\\\/borgodelluccellaia.it\\\/wp-content\\\/uploads\\\/header_pag_03.jpg\",\"datePublished\":\"2018-12-03T14:41:16+00:00\",\"dateModified\":\"2025-04-30T15:10:44+00:00\",\"description\":\"Die Wohnungen des Borgo dell'Uccellaia sind neu gebaut auf einem H\u00fcgel gegen\u00fcber dem Dorf Marciana Marina in der Localit\u00e0 Uccellaia.\",\"breadcrumb\":{\"@id\":\"https:\\\/\\\/borgodelluccellaia.it\\\/de\\\/die-unterkunft\\\/#breadcrumb\"},\"inLanguage\":\"de\",\"potentialAction\":[{\"@type\":\"ReadAction\",\"target\":[\"https:\\\/\\\/borgodelluccellaia.it\\\/de\\\/die-unterkunft\\\/\"]}]},{\"@type\":\"ImageObject\",\"inLanguage\":\"de\",\"@id\":\"https:\\\/\\\/borgodelluccellaia.it\\\/de\\\/die-unterkunft\\\/#primaryimage\",\"url\":\"https:\\\/\\\/borgodelluccellaia.it\\\/wp-content\\\/uploads\\\/header_pag_03.jpg\",\"contentUrl\":\"https:\\\/\\\/borgodelluccellaia.it\\\/wp-content\\\/uploads\\\/header_pag_03.jpg\",\"width\":1920,\"height\":1080},{\"@type\":\"BreadcrumbList\",\"@id\":\"https:\\\/\\\/borgodelluccellaia.it\\\/de\\\/die-unterkunft\\\/#breadcrumb\",\"itemListElement\":[{\"@type\":\"ListItem\",\"position\":1,\"name\":\"Home\",\"item\":\"https:\\\/\\\/borgodelluccellaia.it\\\/de\\\/\"},{\"@type\":\"ListItem\",\"position\":2,\"name\":\"Die Unterkunft\"}]},{\"@type\":\"WebSite\",\"@id\":\"https:\\\/\\\/borgodelluccellaia.it\\\/#website\",\"url\":\"https:\\\/\\\/borgodelluccellaia.it\\\/\",\"name\":\"Borgo dell'Uccellaia\",\"description\":\"Marciana Marina\",\"publisher\":{\"@id\":\"https:\\\/\\\/borgodelluccellaia.it\\\/#organization\"},\"potentialAction\":[{\"@type\":\"SearchAction\",\"target\":{\"@type\":\"EntryPoint\",\"urlTemplate\":\"https:\\\/\\\/borgodelluccellaia.it\\\/?s={search_term_string}\"},\"query-input\":{\"@type\":\"PropertyValueSpecification\",\"valueRequired\":true,\"valueName\":\"search_term_string\"}}],\"inLanguage\":\"de\"},{\"@type\":\"Organization\",\"@id\":\"https:\\\/\\\/borgodelluccellaia.it\\\/#organization\",\"name\":\"Borgo dell'Uccellaia\",\"url\":\"https:\\\/\\\/borgodelluccellaia.it\\\/\",\"logo\":{\"@type\":\"ImageObject\",\"inLanguage\":\"de\",\"@id\":\"https:\\\/\\\/borgodelluccellaia.it\\\/#\\\/schema\\\/logo\\\/image\\\/\",\"url\":\"https:\\\/\\\/borgodelluccellaia.it\\\/wp-content\\\/uploads\\\/icon_borgo_dell_uccellaia.png\",\"contentUrl\":\"https:\\\/\\\/borgodelluccellaia.it\\\/wp-content\\\/uploads\\\/icon_borgo_dell_uccellaia.png\",\"width\":512,\"height\":512,\"caption\":\"Borgo dell'Uccellaia\"},\"image\":{\"@id\":\"https:\\\/\\\/borgodelluccellaia.it\\\/#\\\/schema\\\/logo\\\/image\\\/\"},\"sameAs\":[\"https:\\\/\\\/www.facebook.com\\\/BorgoDelluccellaia\\\/\"]}]}<\/script>\n<!-- \/ Yoast SEO plugin. -->","yoast_head_json":{"title":"Die Unterkunft - Borgo dell&#039;Uccellaia,Marciana Marina, Insel Elba","description":"Die Wohnungen des Borgo dell'Uccellaia sind neu gebaut auf einem H\u00fcgel gegen\u00fcber dem Dorf Marciana Marina in der Localit\u00e0 Uccellaia.","robots":{"index":"index","follow":"follow","max-snippet":"max-snippet:-1","max-image-preview":"max-image-preview:large","max-video-preview":"max-video-preview:-1"},"canonical":"https:\/\/borgodelluccellaia.it\/de\/die-unterkunft\/","og_locale":"de_DE","og_type":"article","og_title":"Die Unterkunft - Borgo dell&#039;Uccellaia,Marciana Marina, Insel Elba","og_description":"Die Wohnungen des Borgo dell'Uccellaia sind neu gebaut auf einem H\u00fcgel gegen\u00fcber dem Dorf Marciana Marina in der Localit\u00e0 Uccellaia.","og_url":"https:\/\/borgodelluccellaia.it\/de\/die-unterkunft\/","og_site_name":"Borgo dell&#039;Uccellaia","article_publisher":"https:\/\/www.facebook.com\/BorgoDelluccellaia\/","article_modified_time":"2025-04-30T15:10:44+00:00","og_image":[{"width":1920,"height":1080,"url":"https:\/\/borgodelluccellaia.it\/wp-content\/uploads\/header_pag_03.jpg","type":"image\/jpeg"}],"twitter_card":"summary_large_image","twitter_misc":{"Gesch\u00e4tzte Lesezeit":"2\u00a0Minuten"},"schema":{"@context":"https:\/\/schema.org","@graph":[{"@type":"WebPage","@id":"https:\/\/borgodelluccellaia.it\/de\/die-unterkunft\/","url":"https:\/\/borgodelluccellaia.it\/de\/die-unterkunft\/","name":"Die Unterkunft - Borgo dell&#039;Uccellaia,Marciana Marina, Insel Elba","isPartOf":{"@id":"https:\/\/borgodelluccellaia.it\/#website"},"primaryImageOfPage":{"@id":"https:\/\/borgodelluccellaia.it\/de\/die-unterkunft\/#primaryimage"},"image":{"@id":"https:\/\/borgodelluccellaia.it\/de\/die-unterkunft\/#primaryimage"},"thumbnailUrl":"https:\/\/borgodelluccellaia.it\/wp-content\/uploads\/header_pag_03.jpg","datePublished":"2018-12-03T14:41:16+00:00","dateModified":"2025-04-30T15:10:44+00:00","description":"Die Wohnungen des Borgo dell'Uccellaia sind neu gebaut auf einem H\u00fcgel gegen\u00fcber dem Dorf Marciana Marina in der Localit\u00e0 Uccellaia.","breadcrumb":{"@id":"https:\/\/borgodelluccellaia.it\/de\/die-unterkunft\/#breadcrumb"},"inLanguage":"de","potentialAction":[{"@type":"ReadAction","target":["https:\/\/borgodelluccellaia.it\/de\/die-unterkunft\/"]}]},{"@type":"ImageObject","inLanguage":"de","@id":"https:\/\/borgodelluccellaia.it\/de\/die-unterkunft\/#primaryimage","url":"https:\/\/borgodelluccellaia.it\/wp-content\/uploads\/header_pag_03.jpg","contentUrl":"https:\/\/borgodelluccellaia.it\/wp-content\/uploads\/header_pag_03.jpg","width":1920,"height":1080},{"@type":"BreadcrumbList","@id":"https:\/\/borgodelluccellaia.it\/de\/die-unterkunft\/#breadcrumb","itemListElement":[{"@type":"ListItem","position":1,"name":"Home","item":"https:\/\/borgodelluccellaia.it\/de\/"},{"@type":"ListItem","position":2,"name":"Die Unterkunft"}]},{"@type":"WebSite","@id":"https:\/\/borgodelluccellaia.it\/#website","url":"https:\/\/borgodelluccellaia.it\/","name":"Borgo dell'Uccellaia","description":"Marciana Marina","publisher":{"@id":"https:\/\/borgodelluccellaia.it\/#organization"},"potentialAction":[{"@type":"SearchAction","target":{"@type":"EntryPoint","urlTemplate":"https:\/\/borgodelluccellaia.it\/?s={search_term_string}"},"query-input":{"@type":"PropertyValueSpecification","valueRequired":true,"valueName":"search_term_string"}}],"inLanguage":"de"},{"@type":"Organization","@id":"https:\/\/borgodelluccellaia.it\/#organization","name":"Borgo dell'Uccellaia","url":"https:\/\/borgodelluccellaia.it\/","logo":{"@type":"ImageObject","inLanguage":"de","@id":"https:\/\/borgodelluccellaia.it\/#\/schema\/logo\/image\/","url":"https:\/\/borgodelluccellaia.it\/wp-content\/uploads\/icon_borgo_dell_uccellaia.png","contentUrl":"https:\/\/borgodelluccellaia.it\/wp-content\/uploads\/icon_borgo_dell_uccellaia.png","width":512,"height":512,"caption":"Borgo dell'Uccellaia"},"image":{"@id":"https:\/\/borgodelluccellaia.it\/#\/schema\/logo\/image\/"},"sameAs":["https:\/\/www.facebook.com\/BorgoDelluccellaia\/"]}]}},"_links":{"self":[{"href":"https:\/\/borgodelluccellaia.it\/de\/wp-json\/wp\/v2\/pages\/1639","targetHints":{"allow":["GET"]}}],"collection":[{"href":"https:\/\/borgodelluccellaia.it\/de\/wp-json\/wp\/v2\/pages"}],"about":[{"href":"https:\/\/borgodelluccellaia.it\/de\/wp-json\/wp\/v2\/types\/page"}],"author":[{"embeddable":true,"href":"https:\/\/borgodelluccellaia.it\/de\/wp-json\/wp\/v2\/users\/5"}],"replies":[{"embeddable":true,"href":"https:\/\/borgodelluccellaia.it\/de\/wp-json\/wp\/v2\/comments?post=1639"}],"version-history":[{"count":15,"href":"https:\/\/borgodelluccellaia.it\/de\/wp-json\/wp\/v2\/pages\/1639\/revisions"}],"predecessor-version":[{"id":1640,"href":"https:\/\/borgodelluccellaia.it\/de\/wp-json\/wp\/v2\/pages\/1639\/revisions\/1640"}],"wp:featuredmedia":[{"embeddable":true,"href":"https:\/\/borgodelluccellaia.it\/de\/wp-json\/wp\/v2\/media\/1390"}],"wp:attachment":[{"href":"https:\/\/borgodelluccellaia.it\/de\/wp-json\/wp\/v2\/media?parent=1639"}],"curies":[{"name":"wp","href":"https:\/\/api.w.org\/{rel}","templated":true}]}}