{"id":1616,"date":"2019-01-03T09:03:46","date_gmt":"2019-01-03T08:03:46","guid":{"rendered":"http:\/\/borgodelluccellaia.it\/borgo-dell-uccellaia\/regolamento\/"},"modified":"2025-05-11T13:31:27","modified_gmt":"2025-05-11T11:31:27","slug":"regulierung","status":"publish","type":"page","link":"https:\/\/borgodelluccellaia.it\/de\/borgo-dell-uccellaia\/regulierung\/","title":{"rendered":"Regulierung"},"content":{"rendered":"<section class=\"wpb-content-wrapper\"><p>[vc_row row_remove_top_margin=&#8220;true&#8220; row_remove_bottom_margin=&#8220;true&#8220; row_stretch=&#8220;uk-container-expand uk-padding-remove-horizontal&#8220; row_custom_media_type=&#8220;image&#8220; row_background_image_size=&#8220;uk-background-cover&#8220; row_background_image_repeat=&#8220;uk-background-norepeat&#8220; row_background_image_position=&#8220;uk-background-top-center&#8220; row_bottom_shape_divider=&#8220;mountains&#8220; dahz_id=&#8220;1543569849406-45d20337-98f8&#8243; row_background_image=&#8220;713&#8243; row_bottom_shape_divider_color=&#8220;#ffffff&#8220;][vc_column dahz_id=&#8220;1543569849411-3bfa66d9-8f52&#8243; css=&#8220;.vc_custom_1543574748057{padding-top: 0px !important;}&#8220;][vc_empty_space height=&#8220;500px&#8220; el_class=&#8220;headresp&#8220;][\/vc_column][\/vc_row][vc_row row_remove_top_margin=&#8220;true&#8220; row_remove_bottom_margin=&#8220;true&#8220; dahz_id=&#8220;1543571495470-ab3ef60f-7cd8&#8243; el_class=&#8220;bread&#8220;][vc_column dahz_id=&#8220;1543571495478-9b6fdd06-3d02&#8243;][vc_column_text css=&#8220;.vc_custom_1543586328980{margin-bottom: 0px !important;}&#8220;]<span><span><a href=\"https:\/\/borgodelluccellaia.it\/de\/\">Home<\/a><\/span><\/span>[\/vc_column_text][\/vc_column][\/vc_row][vc_row dahz_id=&#8220;1543576554481-4fd3ff22-10a7&#8243;][vc_column dahz_id=&#8220;1543576554491-f3ce1922-d15b&#8220;][vc_custom_heading text=&#8220;Regulierung&#8220; font_container=&#8220;tag:h3|text_align:left&#8220; use_theme_fonts=&#8220;yes&#8220; dahz_id=&#8220;1543576554500-a76558d7-37f4&#8243; margin_top=&#8220;20&#8243;][vc_column_text]<\/p>\n<h4>Verhaltensregeln<\/h4>\n<ul>\n<li>Anreise Check-In von 16:00 bis 20:00 Uhr<\/li>\n<li>Abreise Check-out von 08:00 bis 10:00 Uhr<\/li>\n<\/ul>\n<p>Bitte teilen Sie der Unterkunft Borgo dell&#8217;Uccellaia Ihre voraussichtliche Ankunftszeit im Voraus mit. Nutzen Sie hierf\u00fcr bei der Buchung das Feld f\u00fcr besondere Anfragen oder kontaktieren Sie die Unterkunft direkt. Die Kontaktdaten entnehmen Sie Ihrer Buchungsbest\u00e4tigung.<\/p>\n<h4>Vorauszahlung<\/h4>\n<ul>\n<li>Die Anzahlung ist innerhalb von drei Tagen nach der Buchung zu leisten<\/li>\n<li>Kostenlose Stornierung innerhalb von 30 Tagen vor dem Check-in<\/li>\n<li>Der Restbetrag muss vor dem Check-out bezahlt werden<\/li>\n<\/ul>\n<h4>Andere Informationen<\/h4>\n<ul>\n<li>Die Unterkunft ist f\u00fcr Junggesellenabschiede oder \u00e4hnliches nicht verf\u00fcgbar.<\/li>\n<li>Keine Nacht geschlossen. Sie k\u00f6nnen die Unterkunft jederzeit betreten und verlassen.<\/li>\n<li>Kinder und Zustellbetten. Kinder sind herzlich willkommen. In dem Zimmer ist kein Platz f\u00fcr Zustellbetten.<\/li>\n<li>Haustier. Haustiere erlaubt auf Anfrage.<\/li>\n<li>Feste. Es ist nicht erlaubt Partys \/ Events zu organisieren.<\/li>\n<li>Ruhezeit. Kunden m\u00fcssen die Ruhezeit zwischen 22:00 und 08:00 respektieren.<\/li>\n<\/ul>\n<p>[\/vc_column_text][\/vc_column][\/vc_row]<\/p>\n<\/section>","protected":false},"excerpt":{"rendered":"<p>[vc_row row_remove_top_margin=&#8220;true&#8220; row_remove_bottom_margin=&#8220;true&#8220; row_stretch=&#8220;uk-container-expand uk-padding-remove-horizontal&#8220; row_custom_media_type=&#8220;image&#8220; row_background_image_size=&#8220;uk-background-cover&#8220; row_background_image_repeat=&#8220;uk-background-norepeat&#8220; row_background_image_position=&#8220;uk-background-top-center&#8220; row_bottom_shape_divider=&#8220;mountains&#8220; dahz_id=&#8220;1543569849406-45d20337-98f8&#8243; row_background_image=&#8220;713&#8243; row_bottom_shape_divider_color=&#8220;#ffffff&#8220;][vc_column dahz_id=&#8220;1543569849411-3bfa66d9-8f52&#8243; css=&#8220;.vc_custom_1543574748057{padding-top: 0px !important;}&#8220;][vc_empty_space height=&#8220;500px&#8220; el_class=&#8220;headresp&#8220;][\/vc_column][\/vc_row][vc_row row_remove_top_margin=&#8220;true&#8220; row_remove_bottom_margin=&#8220;true&#8220; dahz_id=&#8220;1543571495470-ab3ef60f-7cd8&#8243; el_class=&#8220;bread&#8220;][vc_column dahz_id=&#8220;1543571495478-9b6fdd06-3d02&#8243;][vc_column_text css=&#8220;.vc_custom_1543586328980{margin-bottom: 0px !important;}&#8220;][\/vc_column_text][\/vc_column][\/vc_row][vc_row dahz_id=&#8220;1543576554481-4fd3ff22-10a7&#8243;][vc_column dahz_id=&#8220;1543576554491-f3ce1922-d15b&#8220;][vc_custom_heading text=&#8220;Regulierung&#8220; font_container=&#8220;tag:h3|text_align:left&#8220; use_theme_fonts=&#8220;yes&#8220; dahz_id=&#8220;1543576554500-a76558d7-37f4&#8243; margin_top=&#8220;20&#8243;][vc_column_text] Verhaltensregeln Anreise Check-In von 16:00 bis 20:00 Uhr Abreise Check-out von 08:00 bis 10:00 Uhr Bitte teilen Sie der Unterkunft Borgo &hellip;<\/p>\n","protected":false},"author":5,"featured_media":1304,"parent":1587,"menu_order":2,"comment_status":"closed","ping_status":"closed","template":"","meta":{"footnotes":""},"class_list":["post-1616","page","type-page","status-publish","has-post-thumbnail","hentry"],"yoast_head":"<!-- This site is optimized with the Yoast SEO plugin v27.3 - https:\/\/yoast.com\/product\/yoast-seo-wordpress\/ -->\n<title>Regulierung - Borgo dell&#039;Uccellaia, Marciana Marina, Insel Elba<\/title>\n<meta name=\"description\" content=\"Anreise Check-In von 16:00 bis 20:00 Uhr, Abreise Check-out von 08:00 bis 10:00 Uhr.\" \/>\n<meta name=\"robots\" content=\"index, follow, max-snippet:-1, max-image-preview:large, max-video-preview:-1\" \/>\n<link rel=\"canonical\" href=\"https:\/\/borgodelluccellaia.it\/de\/borgo-dell-uccellaia\/regulierung\/\" \/>\n<meta property=\"og:locale\" content=\"de_DE\" \/>\n<meta property=\"og:type\" content=\"article\" \/>\n<meta property=\"og:title\" content=\"Regulierung - Borgo dell&#039;Uccellaia, Marciana Marina, Insel Elba\" \/>\n<meta property=\"og:description\" content=\"Anreise Check-In von 16:00 bis 20:00 Uhr, Abreise Check-out von 08:00 bis 10:00 Uhr.\" \/>\n<meta property=\"og:url\" content=\"https:\/\/borgodelluccellaia.it\/de\/borgo-dell-uccellaia\/regulierung\/\" \/>\n<meta property=\"og:site_name\" content=\"Borgo dell&#039;Uccellaia\" \/>\n<meta property=\"article:publisher\" content=\"https:\/\/www.facebook.com\/BorgoDelluccellaia\/\" \/>\n<meta property=\"article:modified_time\" content=\"2025-05-11T11:31:27+00:00\" \/>\n<meta property=\"og:image\" content=\"https:\/\/borgodelluccellaia.it\/wp-content\/uploads\/header_pag_02.jpg\" \/>\n\t<meta property=\"og:image:width\" content=\"1920\" \/>\n\t<meta property=\"og:image:height\" content=\"1080\" \/>\n\t<meta property=\"og:image:type\" content=\"image\/jpeg\" \/>\n<meta name=\"twitter:card\" content=\"summary_large_image\" \/>\n<meta name=\"twitter:label1\" content=\"Gesch\u00e4tzte Lesezeit\" \/>\n\t<meta name=\"twitter:data1\" content=\"2\u00a0Minuten\" \/>\n<script type=\"application\/ld+json\" class=\"yoast-schema-graph\">{\"@context\":\"https:\\\/\\\/schema.org\",\"@graph\":[{\"@type\":\"WebPage\",\"@id\":\"https:\\\/\\\/borgodelluccellaia.it\\\/de\\\/borgo-dell-uccellaia\\\/regulierung\\\/\",\"url\":\"https:\\\/\\\/borgodelluccellaia.it\\\/de\\\/borgo-dell-uccellaia\\\/regulierung\\\/\",\"name\":\"Regulierung - Borgo dell&#039;Uccellaia, Marciana Marina, Insel Elba\",\"isPartOf\":{\"@id\":\"https:\\\/\\\/borgodelluccellaia.it\\\/#website\"},\"primaryImageOfPage\":{\"@id\":\"https:\\\/\\\/borgodelluccellaia.it\\\/de\\\/borgo-dell-uccellaia\\\/regulierung\\\/#primaryimage\"},\"image\":{\"@id\":\"https:\\\/\\\/borgodelluccellaia.it\\\/de\\\/borgo-dell-uccellaia\\\/regulierung\\\/#primaryimage\"},\"thumbnailUrl\":\"https:\\\/\\\/borgodelluccellaia.it\\\/wp-content\\\/uploads\\\/header_pag_02.jpg\",\"datePublished\":\"2019-01-03T08:03:46+00:00\",\"dateModified\":\"2025-05-11T11:31:27+00:00\",\"description\":\"Anreise Check-In von 16:00 bis 20:00 Uhr, Abreise Check-out von 08:00 bis 10:00 Uhr.\",\"breadcrumb\":{\"@id\":\"https:\\\/\\\/borgodelluccellaia.it\\\/de\\\/borgo-dell-uccellaia\\\/regulierung\\\/#breadcrumb\"},\"inLanguage\":\"de\",\"potentialAction\":[{\"@type\":\"ReadAction\",\"target\":[\"https:\\\/\\\/borgodelluccellaia.it\\\/de\\\/borgo-dell-uccellaia\\\/regulierung\\\/\"]}]},{\"@type\":\"ImageObject\",\"inLanguage\":\"de\",\"@id\":\"https:\\\/\\\/borgodelluccellaia.it\\\/de\\\/borgo-dell-uccellaia\\\/regulierung\\\/#primaryimage\",\"url\":\"https:\\\/\\\/borgodelluccellaia.it\\\/wp-content\\\/uploads\\\/header_pag_02.jpg\",\"contentUrl\":\"https:\\\/\\\/borgodelluccellaia.it\\\/wp-content\\\/uploads\\\/header_pag_02.jpg\",\"width\":1920,\"height\":1080},{\"@type\":\"BreadcrumbList\",\"@id\":\"https:\\\/\\\/borgodelluccellaia.it\\\/de\\\/borgo-dell-uccellaia\\\/regulierung\\\/#breadcrumb\",\"itemListElement\":[{\"@type\":\"ListItem\",\"position\":1,\"name\":\"Home\",\"item\":\"https:\\\/\\\/borgodelluccellaia.it\\\/de\\\/\"},{\"@type\":\"ListItem\",\"position\":2,\"name\":\"Borgo dell&#8217;Uccellaia\",\"item\":\"https:\\\/\\\/borgodelluccellaia.it\\\/de\\\/borgo-dell-uccellaia\\\/\"},{\"@type\":\"ListItem\",\"position\":3,\"name\":\"Regulierung\"}]},{\"@type\":\"WebSite\",\"@id\":\"https:\\\/\\\/borgodelluccellaia.it\\\/#website\",\"url\":\"https:\\\/\\\/borgodelluccellaia.it\\\/\",\"name\":\"Borgo dell'Uccellaia\",\"description\":\"Marciana Marina\",\"publisher\":{\"@id\":\"https:\\\/\\\/borgodelluccellaia.it\\\/#organization\"},\"potentialAction\":[{\"@type\":\"SearchAction\",\"target\":{\"@type\":\"EntryPoint\",\"urlTemplate\":\"https:\\\/\\\/borgodelluccellaia.it\\\/?s={search_term_string}\"},\"query-input\":{\"@type\":\"PropertyValueSpecification\",\"valueRequired\":true,\"valueName\":\"search_term_string\"}}],\"inLanguage\":\"de\"},{\"@type\":\"Organization\",\"@id\":\"https:\\\/\\\/borgodelluccellaia.it\\\/#organization\",\"name\":\"Borgo dell'Uccellaia\",\"url\":\"https:\\\/\\\/borgodelluccellaia.it\\\/\",\"logo\":{\"@type\":\"ImageObject\",\"inLanguage\":\"de\",\"@id\":\"https:\\\/\\\/borgodelluccellaia.it\\\/#\\\/schema\\\/logo\\\/image\\\/\",\"url\":\"https:\\\/\\\/borgodelluccellaia.it\\\/wp-content\\\/uploads\\\/icon_borgo_dell_uccellaia.png\",\"contentUrl\":\"https:\\\/\\\/borgodelluccellaia.it\\\/wp-content\\\/uploads\\\/icon_borgo_dell_uccellaia.png\",\"width\":512,\"height\":512,\"caption\":\"Borgo dell'Uccellaia\"},\"image\":{\"@id\":\"https:\\\/\\\/borgodelluccellaia.it\\\/#\\\/schema\\\/logo\\\/image\\\/\"},\"sameAs\":[\"https:\\\/\\\/www.facebook.com\\\/BorgoDelluccellaia\\\/\"]}]}<\/script>\n<!-- \/ Yoast SEO plugin. -->","yoast_head_json":{"title":"Regulierung - Borgo dell&#039;Uccellaia, Marciana Marina, Insel Elba","description":"Anreise Check-In von 16:00 bis 20:00 Uhr, Abreise Check-out von 08:00 bis 10:00 Uhr.","robots":{"index":"index","follow":"follow","max-snippet":"max-snippet:-1","max-image-preview":"max-image-preview:large","max-video-preview":"max-video-preview:-1"},"canonical":"https:\/\/borgodelluccellaia.it\/de\/borgo-dell-uccellaia\/regulierung\/","og_locale":"de_DE","og_type":"article","og_title":"Regulierung - Borgo dell&#039;Uccellaia, Marciana Marina, Insel Elba","og_description":"Anreise Check-In von 16:00 bis 20:00 Uhr, Abreise Check-out von 08:00 bis 10:00 Uhr.","og_url":"https:\/\/borgodelluccellaia.it\/de\/borgo-dell-uccellaia\/regulierung\/","og_site_name":"Borgo dell&#039;Uccellaia","article_publisher":"https:\/\/www.facebook.com\/BorgoDelluccellaia\/","article_modified_time":"2025-05-11T11:31:27+00:00","og_image":[{"width":1920,"height":1080,"url":"https:\/\/borgodelluccellaia.it\/wp-content\/uploads\/header_pag_02.jpg","type":"image\/jpeg"}],"twitter_card":"summary_large_image","twitter_misc":{"Gesch\u00e4tzte Lesezeit":"2\u00a0Minuten"},"schema":{"@context":"https:\/\/schema.org","@graph":[{"@type":"WebPage","@id":"https:\/\/borgodelluccellaia.it\/de\/borgo-dell-uccellaia\/regulierung\/","url":"https:\/\/borgodelluccellaia.it\/de\/borgo-dell-uccellaia\/regulierung\/","name":"Regulierung - Borgo dell&#039;Uccellaia, Marciana Marina, Insel Elba","isPartOf":{"@id":"https:\/\/borgodelluccellaia.it\/#website"},"primaryImageOfPage":{"@id":"https:\/\/borgodelluccellaia.it\/de\/borgo-dell-uccellaia\/regulierung\/#primaryimage"},"image":{"@id":"https:\/\/borgodelluccellaia.it\/de\/borgo-dell-uccellaia\/regulierung\/#primaryimage"},"thumbnailUrl":"https:\/\/borgodelluccellaia.it\/wp-content\/uploads\/header_pag_02.jpg","datePublished":"2019-01-03T08:03:46+00:00","dateModified":"2025-05-11T11:31:27+00:00","description":"Anreise Check-In von 16:00 bis 20:00 Uhr, Abreise Check-out von 08:00 bis 10:00 Uhr.","breadcrumb":{"@id":"https:\/\/borgodelluccellaia.it\/de\/borgo-dell-uccellaia\/regulierung\/#breadcrumb"},"inLanguage":"de","potentialAction":[{"@type":"ReadAction","target":["https:\/\/borgodelluccellaia.it\/de\/borgo-dell-uccellaia\/regulierung\/"]}]},{"@type":"ImageObject","inLanguage":"de","@id":"https:\/\/borgodelluccellaia.it\/de\/borgo-dell-uccellaia\/regulierung\/#primaryimage","url":"https:\/\/borgodelluccellaia.it\/wp-content\/uploads\/header_pag_02.jpg","contentUrl":"https:\/\/borgodelluccellaia.it\/wp-content\/uploads\/header_pag_02.jpg","width":1920,"height":1080},{"@type":"BreadcrumbList","@id":"https:\/\/borgodelluccellaia.it\/de\/borgo-dell-uccellaia\/regulierung\/#breadcrumb","itemListElement":[{"@type":"ListItem","position":1,"name":"Home","item":"https:\/\/borgodelluccellaia.it\/de\/"},{"@type":"ListItem","position":2,"name":"Borgo dell&#8217;Uccellaia","item":"https:\/\/borgodelluccellaia.it\/de\/borgo-dell-uccellaia\/"},{"@type":"ListItem","position":3,"name":"Regulierung"}]},{"@type":"WebSite","@id":"https:\/\/borgodelluccellaia.it\/#website","url":"https:\/\/borgodelluccellaia.it\/","name":"Borgo dell'Uccellaia","description":"Marciana Marina","publisher":{"@id":"https:\/\/borgodelluccellaia.it\/#organization"},"potentialAction":[{"@type":"SearchAction","target":{"@type":"EntryPoint","urlTemplate":"https:\/\/borgodelluccellaia.it\/?s={search_term_string}"},"query-input":{"@type":"PropertyValueSpecification","valueRequired":true,"valueName":"search_term_string"}}],"inLanguage":"de"},{"@type":"Organization","@id":"https:\/\/borgodelluccellaia.it\/#organization","name":"Borgo dell'Uccellaia","url":"https:\/\/borgodelluccellaia.it\/","logo":{"@type":"ImageObject","inLanguage":"de","@id":"https:\/\/borgodelluccellaia.it\/#\/schema\/logo\/image\/","url":"https:\/\/borgodelluccellaia.it\/wp-content\/uploads\/icon_borgo_dell_uccellaia.png","contentUrl":"https:\/\/borgodelluccellaia.it\/wp-content\/uploads\/icon_borgo_dell_uccellaia.png","width":512,"height":512,"caption":"Borgo dell'Uccellaia"},"image":{"@id":"https:\/\/borgodelluccellaia.it\/#\/schema\/logo\/image\/"},"sameAs":["https:\/\/www.facebook.com\/BorgoDelluccellaia\/"]}]}},"_links":{"self":[{"href":"https:\/\/borgodelluccellaia.it\/de\/wp-json\/wp\/v2\/pages\/1616","targetHints":{"allow":["GET"]}}],"collection":[{"href":"https:\/\/borgodelluccellaia.it\/de\/wp-json\/wp\/v2\/pages"}],"about":[{"href":"https:\/\/borgodelluccellaia.it\/de\/wp-json\/wp\/v2\/types\/page"}],"author":[{"embeddable":true,"href":"https:\/\/borgodelluccellaia.it\/de\/wp-json\/wp\/v2\/users\/5"}],"replies":[{"embeddable":true,"href":"https:\/\/borgodelluccellaia.it\/de\/wp-json\/wp\/v2\/comments?post=1616"}],"version-history":[{"count":7,"href":"https:\/\/borgodelluccellaia.it\/de\/wp-json\/wp\/v2\/pages\/1616\/revisions"}],"predecessor-version":[{"id":4092,"href":"https:\/\/borgodelluccellaia.it\/de\/wp-json\/wp\/v2\/pages\/1616\/revisions\/4092"}],"up":[{"embeddable":true,"href":"https:\/\/borgodelluccellaia.it\/de\/wp-json\/wp\/v2\/pages\/1587"}],"wp:featuredmedia":[{"embeddable":true,"href":"https:\/\/borgodelluccellaia.it\/de\/wp-json\/wp\/v2\/media\/1304"}],"wp:attachment":[{"href":"https:\/\/borgodelluccellaia.it\/de\/wp-json\/wp\/v2\/media?parent=1616"}],"curies":[{"name":"wp","href":"https:\/\/api.w.org\/{rel}","templated":true}]}}