{"id":1604,"date":"2018-11-30T15:17:50","date_gmt":"2018-11-30T14:17:50","guid":{"rendered":"http:\/\/borgodelluccellaia.it\/borgo-dell-uccellaia\/sempre-aperti\/"},"modified":"2020-02-07T17:47:15","modified_gmt":"2020-02-07T16:47:15","slug":"immer-geoeffnet","status":"publish","type":"page","link":"https:\/\/borgodelluccellaia.it\/de\/borgo-dell-uccellaia\/immer-geoeffnet\/","title":{"rendered":"Immer Ge\u00f6ffnet"},"content":{"rendered":"<section class=\"wpb-content-wrapper\"><p>[vc_row row_remove_top_margin=&#8220;true&#8220; row_remove_bottom_margin=&#8220;true&#8220; row_stretch=&#8220;uk-container-expand uk-padding-remove-horizontal&#8220; row_custom_media_type=&#8220;image&#8220; row_background_image_size=&#8220;uk-background-cover&#8220; row_background_image_repeat=&#8220;uk-background-norepeat&#8220; row_background_image_position=&#8220;uk-background-top-center&#8220; row_bottom_shape_divider=&#8220;mountains&#8220; dahz_id=&#8220;1543569849406-45d20337-98f8&#8243; row_background_image=&#8220;711&#8243; row_bottom_shape_divider_color=&#8220;#ffffff&#8220;][vc_column dahz_id=&#8220;1543569849411-3bfa66d9-8f52&#8243; css=&#8220;.vc_custom_1543574748057{padding-top: 0px !important;}&#8220;][vc_empty_space height=&#8220;500 px&#8220; el_class=&#8220;headresp&#8220;][\/vc_column][\/vc_row][vc_row row_remove_top_margin=&#8220;true&#8220; row_remove_bottom_margin=&#8220;true&#8220; dahz_id=&#8220;1543571495470-ab3ef60f-7cd8&#8243; el_class=&#8220;bread&#8220;][vc_column dahz_id=&#8220;1543571495478-9b6fdd06-3d02&#8243;][vc_column_text css=&#8220;.vc_custom_1543586328980{margin-bottom: 0px !important;}&#8220;]<span><span><a href=\"https:\/\/borgodelluccellaia.it\/de\/\">Home<\/a><\/span><\/span>[\/vc_column_text][\/vc_column][\/vc_row][vc_row dahz_id=&#8220;1543576554481-4fd3ff22-10a7&#8243;][vc_column dahz_id=&#8220;1543576554491-f3ce1922-d15b&#8220;][vc_custom_heading text=&#8220;Immer Ge\u00f6ffnet&#8220; font_container=&#8220;tag:h3|text_align:left&#8220; use_theme_fonts=&#8220;yes&#8220; dahz_id=&#8220;1543576554500-a76558d7-37f4&#8243; margin_top=&#8220;20&#8243;][vc_column_text]Die Insel Elba und ihre Natur verwandeln sich im Wechsel der Jahreszeiten. Jede Phase des Jahres verdient es, mit seinen Farben und D\u00fcften immer wieder besucht zu werden, denn sie sind unvergesslich und vermitteln starke Emotionen. <strong>Jede Jahreszeit hat etwas Einzigartiges und Besonderes<\/strong> zu bieten, und Sie entscheiden, in welcher Jahreszeit Sie uns besuchen m\u00f6chten, unabh\u00e4ngig von Saison und tourismus.<\/p>\n<p>Sie k\u00f6nnen Ihren <strong>Urlaub zu jeder Jahreszeit in unseren Einrichtungen verbringen<\/strong>.<\/p>\n<p>Der <strong>Fr\u00fchling<\/strong> voller Bl\u00fcten und tausend hellen Farben, die Wiesen und W\u00e4lder bedecken, ist die ideale Zeit f\u00fcr diejenigen, die gerne im Freien wandern, sich regenerieren und einen engen Kontakt mit der Natur suchen. Sie wird sehr gesch\u00e4tzt und auch oft von Sportlern besucht.<\/p>\n<p>Der <strong>Sommer<\/strong> ist die am dichtesten besetzte Zeit, haupts\u00e4chlich f\u00fcr den Strandurlaub mit seinen vielen Angeboten an Str\u00e4nden und Traumbuchten, die alle Bed\u00fcrfnisse der Touristen befriedigen k\u00f6nnen.<\/p>\n<p>Der <strong>Herbst<\/strong> auf Elba hat etwas Magisches, das Klima und die immer noch milden Gew\u00e4sser erlauben es Ihnen immer noch, im Meer zu schwimmen, aber ohne das Sommerchaos. Faszinierend sind die Kastanienw\u00e4lder, die f\u00fcr den Berg Monte Capanne typisch sind, wo sich zahlreiche Wanderwege f\u00fcr Trekkingliebhaber und Nordic-Walking-Sportler befinden.<\/p>\n<p>Der <strong>Winter<\/strong> ist die ruhigste Zeit des Jahres, die Tage sind kurz und das Klima ist strenger. Sport ist auch im Winter praktikabel, mit dem Fahrrad, von einfachen Rennr\u00e4dern, Mountainbikes bis hin zu neuen Freeride- und Cross Country mit Pfaden, die diesen neuen Sportarten gewidmet sind. Der Winter, Fr\u00fchling und Herbst sind auch ideale Jahreszeiten, um den kulturellen und historischen Sehensw\u00fcrdigkeiten von Elba n\u00e4her zu kommen, einer Insel voller Sehensw\u00fcrdigkeiten und Zeugnisse, die von der etruskischen Zeit bis zu den letzten \u00dcberresten reichen zum j\u00fcngsten Weltkrieg.[\/vc_column_text][\/vc_column][\/vc_row]<\/p>\n<\/section>","protected":false},"excerpt":{"rendered":"<p>[vc_row row_remove_top_margin=&#8220;true&#8220; row_remove_bottom_margin=&#8220;true&#8220; row_stretch=&#8220;uk-container-expand uk-padding-remove-horizontal&#8220; row_custom_media_type=&#8220;image&#8220; row_background_image_size=&#8220;uk-background-cover&#8220; row_background_image_repeat=&#8220;uk-background-norepeat&#8220; row_background_image_position=&#8220;uk-background-top-center&#8220; row_bottom_shape_divider=&#8220;mountains&#8220; dahz_id=&#8220;1543569849406-45d20337-98f8&#8243; row_background_image=&#8220;711&#8243; row_bottom_shape_divider_color=&#8220;#ffffff&#8220;][vc_column dahz_id=&#8220;1543569849411-3bfa66d9-8f52&#8243; css=&#8220;.vc_custom_1543574748057{padding-top: 0px !important;}&#8220;][vc_empty_space height=&#8220;500 px&#8220; el_class=&#8220;headresp&#8220;][\/vc_column][\/vc_row][vc_row row_remove_top_margin=&#8220;true&#8220; row_remove_bottom_margin=&#8220;true&#8220; dahz_id=&#8220;1543571495470-ab3ef60f-7cd8&#8243; el_class=&#8220;bread&#8220;][vc_column dahz_id=&#8220;1543571495478-9b6fdd06-3d02&#8243;][vc_column_text css=&#8220;.vc_custom_1543586328980{margin-bottom: 0px !important;}&#8220;][\/vc_column_text][\/vc_column][\/vc_row][vc_row dahz_id=&#8220;1543576554481-4fd3ff22-10a7&#8243;][vc_column dahz_id=&#8220;1543576554491-f3ce1922-d15b&#8220;][vc_custom_heading text=&#8220;Immer Ge\u00f6ffnet&#8220; font_container=&#8220;tag:h3|text_align:left&#8220; use_theme_fonts=&#8220;yes&#8220; dahz_id=&#8220;1543576554500-a76558d7-37f4&#8243; margin_top=&#8220;20&#8243;][vc_column_text]Die Insel Elba und ihre Natur verwandeln sich im Wechsel der Jahreszeiten. Jede Phase des Jahres verdient es, mit seinen &hellip;<\/p>\n","protected":false},"author":5,"featured_media":1302,"parent":1587,"menu_order":1,"comment_status":"closed","ping_status":"closed","template":"","meta":{"footnotes":""},"class_list":["post-1604","page","type-page","status-publish","has-post-thumbnail","hentry"],"yoast_head":"<!-- This site is optimized with the Yoast SEO plugin v27.4 - https:\/\/yoast.com\/product\/yoast-seo-wordpress\/ -->\n<title>Immer Ge\u00f6ffnet - Borgo dell&#039;Uccellaia, Marciana Marina, Insel Elba<\/title>\n<meta name=\"description\" content=\"Sie k\u00f6nnen Ihren Urlaub zu jeder Jahreszeit in unseren Einrichtungen verbringen.\" \/>\n<meta name=\"robots\" content=\"index, follow, max-snippet:-1, max-image-preview:large, max-video-preview:-1\" \/>\n<link rel=\"canonical\" href=\"https:\/\/borgodelluccellaia.it\/de\/borgo-dell-uccellaia\/immer-geoeffnet\/\" \/>\n<meta property=\"og:locale\" content=\"de_DE\" \/>\n<meta property=\"og:type\" content=\"article\" \/>\n<meta property=\"og:title\" content=\"Immer Ge\u00f6ffnet - Borgo dell&#039;Uccellaia, Marciana Marina, Insel Elba\" \/>\n<meta property=\"og:description\" content=\"Sie k\u00f6nnen Ihren Urlaub zu jeder Jahreszeit in unseren Einrichtungen verbringen.\" \/>\n<meta property=\"og:url\" content=\"https:\/\/borgodelluccellaia.it\/de\/borgo-dell-uccellaia\/immer-geoeffnet\/\" \/>\n<meta property=\"og:site_name\" content=\"Borgo dell&#039;Uccellaia\" \/>\n<meta property=\"article:publisher\" content=\"https:\/\/www.facebook.com\/BorgoDelluccellaia\/\" \/>\n<meta property=\"article:modified_time\" content=\"2020-02-07T16:47:15+00:00\" \/>\n<meta property=\"og:image\" content=\"https:\/\/borgodelluccellaia.it\/wp-content\/uploads\/header_pag_01.jpg\" \/>\n\t<meta property=\"og:image:width\" content=\"1920\" \/>\n\t<meta property=\"og:image:height\" content=\"1080\" \/>\n\t<meta property=\"og:image:type\" content=\"image\/jpeg\" \/>\n<meta name=\"twitter:card\" content=\"summary_large_image\" \/>\n<meta name=\"twitter:label1\" content=\"Gesch\u00e4tzte Lesezeit\" \/>\n\t<meta name=\"twitter:data1\" content=\"2\u00a0Minuten\" \/>\n<script type=\"application\/ld+json\" class=\"yoast-schema-graph\">{\"@context\":\"https:\\\/\\\/schema.org\",\"@graph\":[{\"@type\":\"WebPage\",\"@id\":\"https:\\\/\\\/borgodelluccellaia.it\\\/de\\\/borgo-dell-uccellaia\\\/immer-geoeffnet\\\/\",\"url\":\"https:\\\/\\\/borgodelluccellaia.it\\\/de\\\/borgo-dell-uccellaia\\\/immer-geoeffnet\\\/\",\"name\":\"Immer Ge\u00f6ffnet - Borgo dell&#039;Uccellaia, Marciana Marina, Insel Elba\",\"isPartOf\":{\"@id\":\"https:\\\/\\\/borgodelluccellaia.it\\\/#website\"},\"primaryImageOfPage\":{\"@id\":\"https:\\\/\\\/borgodelluccellaia.it\\\/de\\\/borgo-dell-uccellaia\\\/immer-geoeffnet\\\/#primaryimage\"},\"image\":{\"@id\":\"https:\\\/\\\/borgodelluccellaia.it\\\/de\\\/borgo-dell-uccellaia\\\/immer-geoeffnet\\\/#primaryimage\"},\"thumbnailUrl\":\"https:\\\/\\\/borgodelluccellaia.it\\\/wp-content\\\/uploads\\\/header_pag_01.jpg\",\"datePublished\":\"2018-11-30T14:17:50+00:00\",\"dateModified\":\"2020-02-07T16:47:15+00:00\",\"description\":\"Sie k\u00f6nnen Ihren Urlaub zu jeder Jahreszeit in unseren Einrichtungen verbringen.\",\"breadcrumb\":{\"@id\":\"https:\\\/\\\/borgodelluccellaia.it\\\/de\\\/borgo-dell-uccellaia\\\/immer-geoeffnet\\\/#breadcrumb\"},\"inLanguage\":\"de\",\"potentialAction\":[{\"@type\":\"ReadAction\",\"target\":[\"https:\\\/\\\/borgodelluccellaia.it\\\/de\\\/borgo-dell-uccellaia\\\/immer-geoeffnet\\\/\"]}]},{\"@type\":\"ImageObject\",\"inLanguage\":\"de\",\"@id\":\"https:\\\/\\\/borgodelluccellaia.it\\\/de\\\/borgo-dell-uccellaia\\\/immer-geoeffnet\\\/#primaryimage\",\"url\":\"https:\\\/\\\/borgodelluccellaia.it\\\/wp-content\\\/uploads\\\/header_pag_01.jpg\",\"contentUrl\":\"https:\\\/\\\/borgodelluccellaia.it\\\/wp-content\\\/uploads\\\/header_pag_01.jpg\",\"width\":1920,\"height\":1080},{\"@type\":\"BreadcrumbList\",\"@id\":\"https:\\\/\\\/borgodelluccellaia.it\\\/de\\\/borgo-dell-uccellaia\\\/immer-geoeffnet\\\/#breadcrumb\",\"itemListElement\":[{\"@type\":\"ListItem\",\"position\":1,\"name\":\"Home\",\"item\":\"https:\\\/\\\/borgodelluccellaia.it\\\/de\\\/\"},{\"@type\":\"ListItem\",\"position\":2,\"name\":\"Borgo dell&#8217;Uccellaia\",\"item\":\"https:\\\/\\\/borgodelluccellaia.it\\\/de\\\/borgo-dell-uccellaia\\\/\"},{\"@type\":\"ListItem\",\"position\":3,\"name\":\"Immer Ge\u00f6ffnet\"}]},{\"@type\":\"WebSite\",\"@id\":\"https:\\\/\\\/borgodelluccellaia.it\\\/#website\",\"url\":\"https:\\\/\\\/borgodelluccellaia.it\\\/\",\"name\":\"Borgo dell'Uccellaia\",\"description\":\"Marciana Marina\",\"publisher\":{\"@id\":\"https:\\\/\\\/borgodelluccellaia.it\\\/#organization\"},\"potentialAction\":[{\"@type\":\"SearchAction\",\"target\":{\"@type\":\"EntryPoint\",\"urlTemplate\":\"https:\\\/\\\/borgodelluccellaia.it\\\/?s={search_term_string}\"},\"query-input\":{\"@type\":\"PropertyValueSpecification\",\"valueRequired\":true,\"valueName\":\"search_term_string\"}}],\"inLanguage\":\"de\"},{\"@type\":\"Organization\",\"@id\":\"https:\\\/\\\/borgodelluccellaia.it\\\/#organization\",\"name\":\"Borgo dell'Uccellaia\",\"url\":\"https:\\\/\\\/borgodelluccellaia.it\\\/\",\"logo\":{\"@type\":\"ImageObject\",\"inLanguage\":\"de\",\"@id\":\"https:\\\/\\\/borgodelluccellaia.it\\\/#\\\/schema\\\/logo\\\/image\\\/\",\"url\":\"https:\\\/\\\/borgodelluccellaia.it\\\/wp-content\\\/uploads\\\/icon_borgo_dell_uccellaia.png\",\"contentUrl\":\"https:\\\/\\\/borgodelluccellaia.it\\\/wp-content\\\/uploads\\\/icon_borgo_dell_uccellaia.png\",\"width\":512,\"height\":512,\"caption\":\"Borgo dell'Uccellaia\"},\"image\":{\"@id\":\"https:\\\/\\\/borgodelluccellaia.it\\\/#\\\/schema\\\/logo\\\/image\\\/\"},\"sameAs\":[\"https:\\\/\\\/www.facebook.com\\\/BorgoDelluccellaia\\\/\"]}]}<\/script>\n<!-- \/ Yoast SEO plugin. -->","yoast_head_json":{"title":"Immer Ge\u00f6ffnet - Borgo dell&#039;Uccellaia, Marciana Marina, Insel Elba","description":"Sie k\u00f6nnen Ihren Urlaub zu jeder Jahreszeit in unseren Einrichtungen verbringen.","robots":{"index":"index","follow":"follow","max-snippet":"max-snippet:-1","max-image-preview":"max-image-preview:large","max-video-preview":"max-video-preview:-1"},"canonical":"https:\/\/borgodelluccellaia.it\/de\/borgo-dell-uccellaia\/immer-geoeffnet\/","og_locale":"de_DE","og_type":"article","og_title":"Immer Ge\u00f6ffnet - Borgo dell&#039;Uccellaia, Marciana Marina, Insel Elba","og_description":"Sie k\u00f6nnen Ihren Urlaub zu jeder Jahreszeit in unseren Einrichtungen verbringen.","og_url":"https:\/\/borgodelluccellaia.it\/de\/borgo-dell-uccellaia\/immer-geoeffnet\/","og_site_name":"Borgo dell&#039;Uccellaia","article_publisher":"https:\/\/www.facebook.com\/BorgoDelluccellaia\/","article_modified_time":"2020-02-07T16:47:15+00:00","og_image":[{"width":1920,"height":1080,"url":"https:\/\/borgodelluccellaia.it\/wp-content\/uploads\/header_pag_01.jpg","type":"image\/jpeg"}],"twitter_card":"summary_large_image","twitter_misc":{"Gesch\u00e4tzte Lesezeit":"2\u00a0Minuten"},"schema":{"@context":"https:\/\/schema.org","@graph":[{"@type":"WebPage","@id":"https:\/\/borgodelluccellaia.it\/de\/borgo-dell-uccellaia\/immer-geoeffnet\/","url":"https:\/\/borgodelluccellaia.it\/de\/borgo-dell-uccellaia\/immer-geoeffnet\/","name":"Immer Ge\u00f6ffnet - Borgo dell&#039;Uccellaia, Marciana Marina, Insel Elba","isPartOf":{"@id":"https:\/\/borgodelluccellaia.it\/#website"},"primaryImageOfPage":{"@id":"https:\/\/borgodelluccellaia.it\/de\/borgo-dell-uccellaia\/immer-geoeffnet\/#primaryimage"},"image":{"@id":"https:\/\/borgodelluccellaia.it\/de\/borgo-dell-uccellaia\/immer-geoeffnet\/#primaryimage"},"thumbnailUrl":"https:\/\/borgodelluccellaia.it\/wp-content\/uploads\/header_pag_01.jpg","datePublished":"2018-11-30T14:17:50+00:00","dateModified":"2020-02-07T16:47:15+00:00","description":"Sie k\u00f6nnen Ihren Urlaub zu jeder Jahreszeit in unseren Einrichtungen verbringen.","breadcrumb":{"@id":"https:\/\/borgodelluccellaia.it\/de\/borgo-dell-uccellaia\/immer-geoeffnet\/#breadcrumb"},"inLanguage":"de","potentialAction":[{"@type":"ReadAction","target":["https:\/\/borgodelluccellaia.it\/de\/borgo-dell-uccellaia\/immer-geoeffnet\/"]}]},{"@type":"ImageObject","inLanguage":"de","@id":"https:\/\/borgodelluccellaia.it\/de\/borgo-dell-uccellaia\/immer-geoeffnet\/#primaryimage","url":"https:\/\/borgodelluccellaia.it\/wp-content\/uploads\/header_pag_01.jpg","contentUrl":"https:\/\/borgodelluccellaia.it\/wp-content\/uploads\/header_pag_01.jpg","width":1920,"height":1080},{"@type":"BreadcrumbList","@id":"https:\/\/borgodelluccellaia.it\/de\/borgo-dell-uccellaia\/immer-geoeffnet\/#breadcrumb","itemListElement":[{"@type":"ListItem","position":1,"name":"Home","item":"https:\/\/borgodelluccellaia.it\/de\/"},{"@type":"ListItem","position":2,"name":"Borgo dell&#8217;Uccellaia","item":"https:\/\/borgodelluccellaia.it\/de\/borgo-dell-uccellaia\/"},{"@type":"ListItem","position":3,"name":"Immer Ge\u00f6ffnet"}]},{"@type":"WebSite","@id":"https:\/\/borgodelluccellaia.it\/#website","url":"https:\/\/borgodelluccellaia.it\/","name":"Borgo dell'Uccellaia","description":"Marciana Marina","publisher":{"@id":"https:\/\/borgodelluccellaia.it\/#organization"},"potentialAction":[{"@type":"SearchAction","target":{"@type":"EntryPoint","urlTemplate":"https:\/\/borgodelluccellaia.it\/?s={search_term_string}"},"query-input":{"@type":"PropertyValueSpecification","valueRequired":true,"valueName":"search_term_string"}}],"inLanguage":"de"},{"@type":"Organization","@id":"https:\/\/borgodelluccellaia.it\/#organization","name":"Borgo dell'Uccellaia","url":"https:\/\/borgodelluccellaia.it\/","logo":{"@type":"ImageObject","inLanguage":"de","@id":"https:\/\/borgodelluccellaia.it\/#\/schema\/logo\/image\/","url":"https:\/\/borgodelluccellaia.it\/wp-content\/uploads\/icon_borgo_dell_uccellaia.png","contentUrl":"https:\/\/borgodelluccellaia.it\/wp-content\/uploads\/icon_borgo_dell_uccellaia.png","width":512,"height":512,"caption":"Borgo dell'Uccellaia"},"image":{"@id":"https:\/\/borgodelluccellaia.it\/#\/schema\/logo\/image\/"},"sameAs":["https:\/\/www.facebook.com\/BorgoDelluccellaia\/"]}]}},"_links":{"self":[{"href":"https:\/\/borgodelluccellaia.it\/de\/wp-json\/wp\/v2\/pages\/1604","targetHints":{"allow":["GET"]}}],"collection":[{"href":"https:\/\/borgodelluccellaia.it\/de\/wp-json\/wp\/v2\/pages"}],"about":[{"href":"https:\/\/borgodelluccellaia.it\/de\/wp-json\/wp\/v2\/types\/page"}],"author":[{"embeddable":true,"href":"https:\/\/borgodelluccellaia.it\/de\/wp-json\/wp\/v2\/users\/5"}],"replies":[{"embeddable":true,"href":"https:\/\/borgodelluccellaia.it\/de\/wp-json\/wp\/v2\/comments?post=1604"}],"version-history":[{"count":2,"href":"https:\/\/borgodelluccellaia.it\/de\/wp-json\/wp\/v2\/pages\/1604\/revisions"}],"predecessor-version":[{"id":1606,"href":"https:\/\/borgodelluccellaia.it\/de\/wp-json\/wp\/v2\/pages\/1604\/revisions\/1606"}],"up":[{"embeddable":true,"href":"https:\/\/borgodelluccellaia.it\/de\/wp-json\/wp\/v2\/pages\/1587"}],"wp:featuredmedia":[{"embeddable":true,"href":"https:\/\/borgodelluccellaia.it\/de\/wp-json\/wp\/v2\/media\/1302"}],"wp:attachment":[{"href":"https:\/\/borgodelluccellaia.it\/de\/wp-json\/wp\/v2\/media?parent=1604"}],"curies":[{"name":"wp","href":"https:\/\/api.w.org\/{rel}","templated":true}]}}