{"id":1587,"date":"2018-11-30T10:19:14","date_gmt":"2018-11-30T09:19:14","guid":{"rendered":"http:\/\/borgodelluccellaia.it\/borgo-dell-uccellaia\/"},"modified":"2025-09-02T16:37:50","modified_gmt":"2025-09-02T14:37:50","slug":"borgo-dell-uccellaia","status":"publish","type":"page","link":"https:\/\/borgodelluccellaia.it\/de\/borgo-dell-uccellaia\/","title":{"rendered":"Borgo dell&#8217;Uccellaia"},"content":{"rendered":"<section class=\"wpb-content-wrapper\"><p>[vc_row row_remove_top_margin=&#8220;true&#8220; row_remove_bottom_margin=&#8220;true&#8220; dahz_id=&#8220;1543571495470-ab3ef60f-7cd8&#8243; el_class=&#8220;bread&#8220;][vc_column dahz_id=&#8220;1543571495478-9b6fdd06-3d02&#8243;][vc_column_text css=&#8220;.vc_custom_1543586328980{margin-bottom: 0px !important;}&#8220;]<span><span><a href=\"https:\/\/borgodelluccellaia.it\/de\/\">Home<\/a><\/span><\/span>[\/vc_column_text][\/vc_column][\/vc_row][vc_row dahz_id=&#8220;1543576554481-4fd3ff22-10a7&#8243;][vc_column dahz_id=&#8220;1543576554491-f3ce1922-d15b&#8220;][vc_custom_heading text=&#8220;Borgo dell&#8217;Uccellaia&#8220; font_container=&#8220;tag:h3|text_align:left&#8220; use_theme_fonts=&#8220;yes&#8220; dahz_id=&#8220;1543576554500-a76558d7-37f4&#8243; margin_top=&#8220;20&#8243;][vc_column_text]Die k\u00fcrzlich gebaute Anlage, umgeben von viel Gr\u00fcn und Ruhe, sind \u00fcber einen eigenen Eingang erreichbar. Jede Wohnung ist mit einem eigenen <strong>Eingang ausgestattet<\/strong>, welcher durch ein automatisiertes Tor gesch\u00fctzt wird.<\/p>\n<p>Das Dorf und das Meer erreichen Sie in wenigen Minuten zu Fu\u00df. Vom <strong>\u00fcppigen Garten<\/strong>, von der Terrasse und der gro\u00dfen Veranda aus genie\u00dfen Sie einen atemberaubenden Blick auf den Golf von Marciana Marina. Die Wohnungen bieten <strong>rationell angeordnete R\u00e4ume in einer harmonischen Umgebung, die bis ins kleinste Detail gepflegt werden<\/strong>. Sie sind umgeben von einem gro\u00dfen und \u00fcppigen, beleuchteten Garten, von dem aus Sie die Terrassen bewundern k\u00f6nnen, die durch Mauern und Gassen aus dem charakteristischen gelben Stein von Elba gebildet werden. Borgo dell&#8217;Uccellaia ist der <strong>ideale Ort f\u00fcr einen erholsamen Urlaub<\/strong>.<\/p>\n<p>Nach vielen Jahren Arbeit gelang es uns 2016, unseren Traum zu verwirklichen: Der Umzug auf unsere geliebte Insel. Der Traum begann im Jahr 2001, als wir nach dem Kauf eines Grundst\u00fccks begonnen hatten, die alten Mauern zu reparieren, die mit der Trockensteintechnik erbaut wurden und die Terrassen bildeten, auf denen sich vor hundert Jahren wundersch\u00f6ne Weinberge befanden.<\/p>\n<p>Im Laufe der Jahre haben wir einige kleine Wohnungen gebaut, die <strong>mit allem Komfort ausgestattet<\/strong> sind, umgeben von viel Gr\u00fcn, dahinter W\u00e4lder und das Meer. Neben Eichen und Korkb\u00e4umen haben wir hunderte B\u00fcsche und B\u00e4ume gepflanzt und ein kleines Paradies auf dem Land geschaffen. Nach und nach ist mit so viel Leidenschaft und Liebe der &#8222;<strong>Borgo dell&#8217;Uccellaia<\/strong>&#8220; lebendig geworden.[\/vc_column_text][vc_row_inner dahz_id=&#8220;1599469755041-7cf7ce33-6807&#8243; css=&#8220;.vc_custom_1599469810326{border-top-width: 2px !important;border-right-width: 2px !important;border-bottom-width: 2px !important;border-left-width: 2px !important;background-color: rgba(161,214,124,0.3) !important;*background-color: rgb(161,214,124) !important;border-left-color: #a1d67c !important;border-left-style: solid !important;border-right-color: #a1d67c !important;border-right-style: solid !important;border-top-color: #a1d67c !important;border-top-style: solid !important;border-bottom-color: #a1d67c !important;border-bottom-style: solid !important;border-radius: 5px !important;}&#8220;][vc_column_inner width=&#8220;1\/6&#8243; dahz_id=&#8220;1599469755046-96c62f2a-d3be&#8220; css=&#8220;.vc_custom_1599469935631{border-top-width: 0px !important;border-bottom-width: 0px !important;padding-top: 15px !important;padding-bottom: 15px !important;}&#8220;]<div class=\"uk-position-relative de-shortcode__wrapper de-shortcode__wrapper--dahz_single_image uk-margin-remove\" data-dahz-shortcode-key=\"1599469820405-c5f2113c-3f02\" style=\"\">\r\n\t<a class=\"de-single-image__wrapper uk-flex uk-flex-center\">\r\n\t<div>\r\n\t\t<img loading=\"lazy\" decoding=\"async\" class=\"   \" src=\"https:\/\/borgodelluccellaia.it\/wp-content\/uploads\/freezanz-70x70.png\" width=\"70\" height=\"70\" alt=\"Freezanz\" title=\"freezanz\" \/>\t<\/div>\r\n<\/a>\r\n<\/div>\r\n[\/vc_column_inner][vc_column_inner width=&#8220;2\/3&#8243; dahz_id=&#8220;1599469767867-b0bee7ac-e2ed&#8220;][vc_column_text css=&#8220;.vc_custom_1756823868074{padding-top: 20px !important;padding-right: 20px !important;padding-left: 20px !important;}&#8220;]<\/p>\n<p style=\"text-align: center;\">Die G\u00e4rten des Borgo dell&#8217;Uccellaia sind mit einem zentralen -M\u00fcckenschutzsystem ausgestattet, um den G\u00e4sten, die dort \u00fcbernachten, mehr Komfort zu bieten.<\/p>\n<p>[\/vc_column_text][\/vc_column_inner][vc_column_inner width=&#8220;1\/6&#8243; dahz_id=&#8220;1599469767872-78d4e99b-ddb6&#8243; css=&#8220;.vc_custom_1599469965917{border-top-width: 0px !important;border-bottom-width: 0px !important;padding-top: 15px !important;padding-bottom: 15px !important;}&#8220;]<div class=\"uk-position-relative de-shortcode__wrapper de-shortcode__wrapper--dahz_single_image uk-margin-remove\" data-dahz-shortcode-key=\"1599469881319-48b63948-24f6\" style=\"\">\r\n\t<a class=\"de-single-image__wrapper uk-flex uk-flex-center\">\r\n\t<div>\r\n\t\t<img loading=\"lazy\" decoding=\"async\" class=\"   \" src=\"https:\/\/borgodelluccellaia.it\/wp-content\/uploads\/freezanz-70x70.png\" width=\"70\" height=\"70\" alt=\"Freezanz\" title=\"freezanz\" \/>\t<\/div>\r\n<\/a>\r\n<\/div>\r\n[\/vc_column_inner][\/vc_row_inner][\/vc_column][\/vc_row]<\/p>\n<\/section>","protected":false},"excerpt":{"rendered":"<p>[vc_row row_remove_top_margin=&#8220;true&#8220; row_remove_bottom_margin=&#8220;true&#8220; dahz_id=&#8220;1543571495470-ab3ef60f-7cd8&#8243; el_class=&#8220;bread&#8220;][vc_column dahz_id=&#8220;1543571495478-9b6fdd06-3d02&#8243;][vc_column_text css=&#8220;.vc_custom_1543586328980{margin-bottom: 0px !important;}&#8220;][\/vc_column_text][\/vc_column][\/vc_row][vc_row dahz_id=&#8220;1543576554481-4fd3ff22-10a7&#8243;][vc_column dahz_id=&#8220;1543576554491-f3ce1922-d15b&#8220;][vc_custom_heading text=&#8220;Borgo dell&#8217;Uccellaia&#8220; font_container=&#8220;tag:h3|text_align:left&#8220; use_theme_fonts=&#8220;yes&#8220; dahz_id=&#8220;1543576554500-a76558d7-37f4&#8243; margin_top=&#8220;20&#8243;][vc_column_text]Die k\u00fcrzlich gebaute Anlage, umgeben von viel Gr\u00fcn und Ruhe, sind \u00fcber einen eigenen Eingang erreichbar. Jede Wohnung ist mit einem eigenen Eingang ausgestattet, welcher durch ein automatisiertes Tor gesch\u00fctzt wird. Das Dorf und das Meer erreichen Sie in &hellip;<\/p>\n","protected":false},"author":5,"featured_media":1272,"parent":0,"menu_order":1,"comment_status":"closed","ping_status":"closed","template":"","meta":{"footnotes":""},"class_list":["post-1587","page","type-page","status-publish","has-post-thumbnail","hentry"],"yoast_head":"<!-- This site is optimized with the Yoast SEO plugin v27.4 - https:\/\/yoast.com\/product\/yoast-seo-wordpress\/ -->\n<title>Borgo dell&#039;Uccellaia - Borgo dell&#039;Uccellaia, Marciana Marina, Insel Elba<\/title>\n<meta name=\"description\" content=\"Vom \u00fcppigen Garten, von der Terrasse und der gro\u00dfen Veranda aus genie\u00dfen Sie einen atemberaubenden Blick auf den Golf von Marciana Marina.\" \/>\n<meta name=\"robots\" content=\"index, follow, max-snippet:-1, max-image-preview:large, max-video-preview:-1\" \/>\n<link rel=\"canonical\" href=\"https:\/\/borgodelluccellaia.it\/de\/borgo-dell-uccellaia\/\" \/>\n<meta property=\"og:locale\" content=\"de_DE\" \/>\n<meta property=\"og:type\" content=\"article\" \/>\n<meta property=\"og:title\" content=\"Borgo dell&#039;Uccellaia - Borgo dell&#039;Uccellaia, Marciana Marina, Insel Elba\" \/>\n<meta property=\"og:description\" content=\"Vom \u00fcppigen Garten, von der Terrasse und der gro\u00dfen Veranda aus genie\u00dfen Sie einen atemberaubenden Blick auf den Golf von Marciana Marina.\" \/>\n<meta property=\"og:url\" content=\"https:\/\/borgodelluccellaia.it\/de\/borgo-dell-uccellaia\/\" \/>\n<meta property=\"og:site_name\" content=\"Borgo dell&#039;Uccellaia\" \/>\n<meta property=\"article:publisher\" content=\"https:\/\/www.facebook.com\/BorgoDelluccellaia\/\" \/>\n<meta property=\"article:modified_time\" content=\"2025-09-02T14:37:50+00:00\" \/>\n<meta property=\"og:image\" content=\"https:\/\/borgodelluccellaia.it\/wp-content\/uploads\/header_home_01.jpg\" \/>\n\t<meta property=\"og:image:width\" content=\"1920\" \/>\n\t<meta property=\"og:image:height\" content=\"1080\" \/>\n\t<meta property=\"og:image:type\" content=\"image\/jpeg\" \/>\n<meta name=\"twitter:card\" content=\"summary_large_image\" \/>\n<meta name=\"twitter:label1\" content=\"Gesch\u00e4tzte Lesezeit\" \/>\n\t<meta name=\"twitter:data1\" content=\"3\u00a0Minuten\" \/>\n<script type=\"application\/ld+json\" class=\"yoast-schema-graph\">{\"@context\":\"https:\\\/\\\/schema.org\",\"@graph\":[{\"@type\":\"WebPage\",\"@id\":\"https:\\\/\\\/borgodelluccellaia.it\\\/de\\\/borgo-dell-uccellaia\\\/\",\"url\":\"https:\\\/\\\/borgodelluccellaia.it\\\/de\\\/borgo-dell-uccellaia\\\/\",\"name\":\"Borgo dell'Uccellaia - Borgo dell&#039;Uccellaia, Marciana Marina, Insel Elba\",\"isPartOf\":{\"@id\":\"https:\\\/\\\/borgodelluccellaia.it\\\/#website\"},\"primaryImageOfPage\":{\"@id\":\"https:\\\/\\\/borgodelluccellaia.it\\\/de\\\/borgo-dell-uccellaia\\\/#primaryimage\"},\"image\":{\"@id\":\"https:\\\/\\\/borgodelluccellaia.it\\\/de\\\/borgo-dell-uccellaia\\\/#primaryimage\"},\"thumbnailUrl\":\"https:\\\/\\\/borgodelluccellaia.it\\\/wp-content\\\/uploads\\\/header_home_01.jpg\",\"datePublished\":\"2018-11-30T09:19:14+00:00\",\"dateModified\":\"2025-09-02T14:37:50+00:00\",\"description\":\"Vom \u00fcppigen Garten, von der Terrasse und der gro\u00dfen Veranda aus genie\u00dfen Sie einen atemberaubenden Blick auf den Golf von Marciana Marina.\",\"breadcrumb\":{\"@id\":\"https:\\\/\\\/borgodelluccellaia.it\\\/de\\\/borgo-dell-uccellaia\\\/#breadcrumb\"},\"inLanguage\":\"de\",\"potentialAction\":[{\"@type\":\"ReadAction\",\"target\":[\"https:\\\/\\\/borgodelluccellaia.it\\\/de\\\/borgo-dell-uccellaia\\\/\"]}]},{\"@type\":\"ImageObject\",\"inLanguage\":\"de\",\"@id\":\"https:\\\/\\\/borgodelluccellaia.it\\\/de\\\/borgo-dell-uccellaia\\\/#primaryimage\",\"url\":\"https:\\\/\\\/borgodelluccellaia.it\\\/wp-content\\\/uploads\\\/header_home_01.jpg\",\"contentUrl\":\"https:\\\/\\\/borgodelluccellaia.it\\\/wp-content\\\/uploads\\\/header_home_01.jpg\",\"width\":1920,\"height\":1080},{\"@type\":\"BreadcrumbList\",\"@id\":\"https:\\\/\\\/borgodelluccellaia.it\\\/de\\\/borgo-dell-uccellaia\\\/#breadcrumb\",\"itemListElement\":[{\"@type\":\"ListItem\",\"position\":1,\"name\":\"Home\",\"item\":\"https:\\\/\\\/borgodelluccellaia.it\\\/de\\\/\"},{\"@type\":\"ListItem\",\"position\":2,\"name\":\"Borgo dell&#8217;Uccellaia\"}]},{\"@type\":\"WebSite\",\"@id\":\"https:\\\/\\\/borgodelluccellaia.it\\\/#website\",\"url\":\"https:\\\/\\\/borgodelluccellaia.it\\\/\",\"name\":\"Borgo dell'Uccellaia\",\"description\":\"Marciana Marina\",\"publisher\":{\"@id\":\"https:\\\/\\\/borgodelluccellaia.it\\\/#organization\"},\"potentialAction\":[{\"@type\":\"SearchAction\",\"target\":{\"@type\":\"EntryPoint\",\"urlTemplate\":\"https:\\\/\\\/borgodelluccellaia.it\\\/?s={search_term_string}\"},\"query-input\":{\"@type\":\"PropertyValueSpecification\",\"valueRequired\":true,\"valueName\":\"search_term_string\"}}],\"inLanguage\":\"de\"},{\"@type\":\"Organization\",\"@id\":\"https:\\\/\\\/borgodelluccellaia.it\\\/#organization\",\"name\":\"Borgo dell'Uccellaia\",\"url\":\"https:\\\/\\\/borgodelluccellaia.it\\\/\",\"logo\":{\"@type\":\"ImageObject\",\"inLanguage\":\"de\",\"@id\":\"https:\\\/\\\/borgodelluccellaia.it\\\/#\\\/schema\\\/logo\\\/image\\\/\",\"url\":\"https:\\\/\\\/borgodelluccellaia.it\\\/wp-content\\\/uploads\\\/icon_borgo_dell_uccellaia.png\",\"contentUrl\":\"https:\\\/\\\/borgodelluccellaia.it\\\/wp-content\\\/uploads\\\/icon_borgo_dell_uccellaia.png\",\"width\":512,\"height\":512,\"caption\":\"Borgo dell'Uccellaia\"},\"image\":{\"@id\":\"https:\\\/\\\/borgodelluccellaia.it\\\/#\\\/schema\\\/logo\\\/image\\\/\"},\"sameAs\":[\"https:\\\/\\\/www.facebook.com\\\/BorgoDelluccellaia\\\/\"]}]}<\/script>\n<!-- \/ Yoast SEO plugin. -->","yoast_head_json":{"title":"Borgo dell'Uccellaia - Borgo dell&#039;Uccellaia, Marciana Marina, Insel Elba","description":"Vom \u00fcppigen Garten, von der Terrasse und der gro\u00dfen Veranda aus genie\u00dfen Sie einen atemberaubenden Blick auf den Golf von Marciana Marina.","robots":{"index":"index","follow":"follow","max-snippet":"max-snippet:-1","max-image-preview":"max-image-preview:large","max-video-preview":"max-video-preview:-1"},"canonical":"https:\/\/borgodelluccellaia.it\/de\/borgo-dell-uccellaia\/","og_locale":"de_DE","og_type":"article","og_title":"Borgo dell'Uccellaia - Borgo dell&#039;Uccellaia, Marciana Marina, Insel Elba","og_description":"Vom \u00fcppigen Garten, von der Terrasse und der gro\u00dfen Veranda aus genie\u00dfen Sie einen atemberaubenden Blick auf den Golf von Marciana Marina.","og_url":"https:\/\/borgodelluccellaia.it\/de\/borgo-dell-uccellaia\/","og_site_name":"Borgo dell&#039;Uccellaia","article_publisher":"https:\/\/www.facebook.com\/BorgoDelluccellaia\/","article_modified_time":"2025-09-02T14:37:50+00:00","og_image":[{"width":1920,"height":1080,"url":"https:\/\/borgodelluccellaia.it\/wp-content\/uploads\/header_home_01.jpg","type":"image\/jpeg"}],"twitter_card":"summary_large_image","twitter_misc":{"Gesch\u00e4tzte Lesezeit":"3\u00a0Minuten"},"schema":{"@context":"https:\/\/schema.org","@graph":[{"@type":"WebPage","@id":"https:\/\/borgodelluccellaia.it\/de\/borgo-dell-uccellaia\/","url":"https:\/\/borgodelluccellaia.it\/de\/borgo-dell-uccellaia\/","name":"Borgo dell'Uccellaia - Borgo dell&#039;Uccellaia, Marciana Marina, Insel Elba","isPartOf":{"@id":"https:\/\/borgodelluccellaia.it\/#website"},"primaryImageOfPage":{"@id":"https:\/\/borgodelluccellaia.it\/de\/borgo-dell-uccellaia\/#primaryimage"},"image":{"@id":"https:\/\/borgodelluccellaia.it\/de\/borgo-dell-uccellaia\/#primaryimage"},"thumbnailUrl":"https:\/\/borgodelluccellaia.it\/wp-content\/uploads\/header_home_01.jpg","datePublished":"2018-11-30T09:19:14+00:00","dateModified":"2025-09-02T14:37:50+00:00","description":"Vom \u00fcppigen Garten, von der Terrasse und der gro\u00dfen Veranda aus genie\u00dfen Sie einen atemberaubenden Blick auf den Golf von Marciana Marina.","breadcrumb":{"@id":"https:\/\/borgodelluccellaia.it\/de\/borgo-dell-uccellaia\/#breadcrumb"},"inLanguage":"de","potentialAction":[{"@type":"ReadAction","target":["https:\/\/borgodelluccellaia.it\/de\/borgo-dell-uccellaia\/"]}]},{"@type":"ImageObject","inLanguage":"de","@id":"https:\/\/borgodelluccellaia.it\/de\/borgo-dell-uccellaia\/#primaryimage","url":"https:\/\/borgodelluccellaia.it\/wp-content\/uploads\/header_home_01.jpg","contentUrl":"https:\/\/borgodelluccellaia.it\/wp-content\/uploads\/header_home_01.jpg","width":1920,"height":1080},{"@type":"BreadcrumbList","@id":"https:\/\/borgodelluccellaia.it\/de\/borgo-dell-uccellaia\/#breadcrumb","itemListElement":[{"@type":"ListItem","position":1,"name":"Home","item":"https:\/\/borgodelluccellaia.it\/de\/"},{"@type":"ListItem","position":2,"name":"Borgo dell&#8217;Uccellaia"}]},{"@type":"WebSite","@id":"https:\/\/borgodelluccellaia.it\/#website","url":"https:\/\/borgodelluccellaia.it\/","name":"Borgo dell'Uccellaia","description":"Marciana Marina","publisher":{"@id":"https:\/\/borgodelluccellaia.it\/#organization"},"potentialAction":[{"@type":"SearchAction","target":{"@type":"EntryPoint","urlTemplate":"https:\/\/borgodelluccellaia.it\/?s={search_term_string}"},"query-input":{"@type":"PropertyValueSpecification","valueRequired":true,"valueName":"search_term_string"}}],"inLanguage":"de"},{"@type":"Organization","@id":"https:\/\/borgodelluccellaia.it\/#organization","name":"Borgo dell'Uccellaia","url":"https:\/\/borgodelluccellaia.it\/","logo":{"@type":"ImageObject","inLanguage":"de","@id":"https:\/\/borgodelluccellaia.it\/#\/schema\/logo\/image\/","url":"https:\/\/borgodelluccellaia.it\/wp-content\/uploads\/icon_borgo_dell_uccellaia.png","contentUrl":"https:\/\/borgodelluccellaia.it\/wp-content\/uploads\/icon_borgo_dell_uccellaia.png","width":512,"height":512,"caption":"Borgo dell'Uccellaia"},"image":{"@id":"https:\/\/borgodelluccellaia.it\/#\/schema\/logo\/image\/"},"sameAs":["https:\/\/www.facebook.com\/BorgoDelluccellaia\/"]}]}},"_links":{"self":[{"href":"https:\/\/borgodelluccellaia.it\/de\/wp-json\/wp\/v2\/pages\/1587","targetHints":{"allow":["GET"]}}],"collection":[{"href":"https:\/\/borgodelluccellaia.it\/de\/wp-json\/wp\/v2\/pages"}],"about":[{"href":"https:\/\/borgodelluccellaia.it\/de\/wp-json\/wp\/v2\/types\/page"}],"author":[{"embeddable":true,"href":"https:\/\/borgodelluccellaia.it\/de\/wp-json\/wp\/v2\/users\/5"}],"replies":[{"embeddable":true,"href":"https:\/\/borgodelluccellaia.it\/de\/wp-json\/wp\/v2\/comments?post=1587"}],"version-history":[{"count":7,"href":"https:\/\/borgodelluccellaia.it\/de\/wp-json\/wp\/v2\/pages\/1587\/revisions"}],"predecessor-version":[{"id":4758,"href":"https:\/\/borgodelluccellaia.it\/de\/wp-json\/wp\/v2\/pages\/1587\/revisions\/4758"}],"wp:featuredmedia":[{"embeddable":true,"href":"https:\/\/borgodelluccellaia.it\/de\/wp-json\/wp\/v2\/media\/1272"}],"wp:attachment":[{"href":"https:\/\/borgodelluccellaia.it\/de\/wp-json\/wp\/v2\/media?parent=1587"}],"curies":[{"name":"wp","href":"https:\/\/api.w.org\/{rel}","templated":true}]}}